{"id":22213,"date":"2021-11-24T11:05:59","date_gmt":"2021-11-24T03:05:59","guid":{"rendered":"https:\/\/www.honecable.com\/des-produits\/cable-fibre-optique-special\/cst-fibre-cable\/"},"modified":"2021-11-24T11:06:00","modified_gmt":"2021-11-24T03:06:00","slug":"cst-fibre-cable","status":"publish","type":"page","link":"https:\/\/www.honecable.com\/ca-fr\/cables-a-fibres-optiques\/cable-fibre-optique-special\/cst-fibre-cable\/","title":{"rendered":"C\u00e2ble fibre CST"},"content":{"rendered":"<p><div class=\"fusion-fullwidth fullwidth-box fusion-builder-row-1 fusion-flex-container nonhundred-percent-fullwidth non-hundred-percent-height-scrolling\" style=\"--awb-border-radius-top-left:0px;--awb-border-radius-top-right:0px;--awb-border-radius-bottom-right:0px;--awb-border-radius-bottom-left:0px;--awb-flex-wrap:wrap;\" ><div class=\"fusion-builder-row fusion-row fusion-flex-align-items-flex-start fusion-flex-content-wrap\" style=\"max-width:1300px;margin-left: calc(-4% \/ 2 );margin-right: calc(-4% \/ 2 );\"><div class=\"fusion-layout-column fusion_builder_column fusion-builder-column-0 fusion_builder_column_1_1 1_1 fusion-flex-column\" style=\"--awb-bg-size:cover;--awb-width-large:100%;--awb-margin-top-large:0px;--awb-spacing-right-large:1.92%;--awb-margin-bottom-large:20px;--awb-spacing-left-large:1.92%;--awb-width-medium:100%;--awb-order-medium:0;--awb-spacing-right-medium:1.92%;--awb-spacing-left-medium:1.92%;--awb-width-small:100%;--awb-order-small:0;--awb-spacing-right-small:1.92%;--awb-spacing-left-small:1.92%;\"><div class=\"fusion-column-wrapper fusion-column-has-shadow fusion-flex-justify-content-flex-start fusion-content-layout-column\"><div class=\"fusion-text fusion-text-1\">\t\t\t<!-- Flexy Breadcrumb -->\r\n\t\t\t<div class=\"fbc fbc-page\">\r\n\r\n\t\t\t\t<!-- Breadcrumb wrapper -->\r\n\t\t\t\t<div class=\"fbc-wrap\">\r\n\r\n\t\t\t\t\t<!-- Ordered list-->\r\n\t\t\t\t\t<ol class=\"fbc-items\" itemscope itemtype=\"https:\/\/schema.org\/BreadcrumbList\">\r\n\t\t\t\t\t\t            <li itemprop=\"itemListElement\" itemscope itemtype=\"https:\/\/schema.org\/ListItem\">\r\n                <span itemprop=\"name\">\r\n                    <!-- Home Link -->\r\n                    <a itemprop=\"item\" href=\"https:\/\/www.honecable.com\">\r\n                    \r\n                                                    <i class=\"fa fa-home\" aria-hidden=\"true\"><\/i>Home                    <\/a>\r\n                <\/span>\r\n                <meta itemprop=\"position\" content=\"1\" \/><!-- Meta Position-->\r\n             <\/li><li><span class=\"fbc-separator\">\/<\/span><\/li><li class=\"active\" itemprop=\"itemListElement\" itemscope itemtype=\"https:\/\/schema.org\/ListItem\"><span itemprop=\"name\" title=\"Centre de connaissances\">Centre de connaissances<\/span><meta itemprop=\"position\" content=\"2\" \/><\/li>\t\t\t\t\t<\/ol>\r\n\t\t\t\t\t<div class=\"clearfix\"><\/div>\r\n\t\t\t\t<\/div>\r\n\t\t\t<\/div>\r\n\t\t\t\n<\/div><\/div><\/div><\/div><\/div><div class=\"fusion-fullwidth fullwidth-box fusion-builder-row-2 fusion-flex-container nonhundred-percent-fullwidth non-hundred-percent-height-scrolling\" style=\"--awb-border-radius-top-left:0px;--awb-border-radius-top-right:0px;--awb-border-radius-bottom-right:0px;--awb-border-radius-bottom-left:0px;--awb-padding-top:22px;--awb-flex-wrap:wrap;\" ><div class=\"fusion-builder-row fusion-row fusion-flex-align-items-flex-start fusion-flex-content-wrap\" style=\"max-width:1300px;margin-left: calc(-4% \/ 2 );margin-right: calc(-4% \/ 2 );\"><div class=\"fusion-layout-column fusion_builder_column fusion-builder-column-1 fusion_builder_column_1_1 1_1 fusion-flex-column\" style=\"--awb-bg-size:cover;--awb-width-large:100%;--awb-margin-top-large:0px;--awb-spacing-right-large:0%;--awb-margin-bottom-large:20px;--awb-spacing-left-large:1.92%;--awb-width-medium:100%;--awb-order-medium:0;--awb-spacing-right-medium:0%;--awb-spacing-left-medium:1.92%;--awb-width-small:100%;--awb-order-small:0;--awb-spacing-right-small:1.92%;--awb-spacing-left-small:1.92%;\"><div class=\"fusion-column-wrapper fusion-column-has-shadow fusion-flex-justify-content-flex-start fusion-content-layout-column\"><style type=\"text\/css\">.fusion-portfolio-wrapper#fusion-portfolio-1 .fusion-portfolio-content{ padding: 20px 5px 15px 15px; text-align: left; }<\/style><div class=\"fusion-recent-works fusion-portfolio-element fusion-portfolio fusion-portfolio-1 fusion-portfolio-grid fusion-portfolio-paging-pagination fusion-portfolio-four fusion-portfolio-boxed fusion-portfolio-text fusion-portfolio-equal-heights portfolio_products\" data-id=\"-rw-1\" data-columns=\"four\"><style type=\"text\/css\">.fusion-portfolio-1 .fusion-portfolio-wrapper .fusion-col-spacing{padding:15px;}<\/style><div class=\"fusion-portfolio-wrapper\" id=\"fusion-portfolio-1\" data-picturesize=\"auto\" data-pages=\"1\" style=\"margin:-15px;\"><article id=\"portfolio-1-post-22745\" class=\"fusion-portfolio-post cable-a-fibre-optique-blinde-ca-fr cst-cable-ca-fr special-fiber-optic-cable-ca-fr fusion-col-spacing post-22745\"><div class=\"fusion-portfolio-content-wrapper\" style=\"border:1px solid rgba(242,243,245,0.8);border-bottom-width:3px;background-color:rgba(255,255,255,0);\"><span class=\"vcard rich-snippet-hidden\"><span class=\"fn\"><a href=\"https:\/\/www.honecable.com\/ca-fr\/author\/783015227qq-com\/\" title=\"Articles par HOC\" rel=\"author\">HOC<\/a><\/span><\/span><span class=\"updated rich-snippet-hidden\">2022-06-10T15:59:56+08:00<\/span><div  class=\"fusion-image-wrapper\" aria-haspopup=\"true\">\n\t\t\t\t\t\t\t<a href=\"https:\/\/www.honecable.com\/ca-fr\/product\/cst-fibre-optique-cable-uni-tube-arme-4-core-to-24-core\/\" aria-label=\"CST Fiber Uni-Tube 12 C\u00e2ble \u00e0 fibres optiques arm\u00e9 \u00e0 torons\">\n\t\t\t\t\t\t\t<img width=\"750\" height=\"750\" src=\"https:\/\/www.honecable.com\/wp-content\/uploads\/2021\/09\/CST-cable-unitube-armoured-fiber-opitc-cable.jpg\" class=\"attachment-full size-full wp-post-image\" alt=\"\" decoding=\"async\" srcset=\"https:\/\/www.honecable.com\/wp-content\/uploads\/2021\/09\/CST-cable-unitube-armoured-fiber-opitc-cable-200x200.jpg 200w, https:\/\/www.honecable.com\/wp-content\/uploads\/2021\/09\/CST-cable-unitube-armoured-fiber-opitc-cable-400x400.jpg 400w, https:\/\/www.honecable.com\/wp-content\/uploads\/2021\/09\/CST-cable-unitube-armoured-fiber-opitc-cable-600x600.jpg 600w, https:\/\/www.honecable.com\/wp-content\/uploads\/2021\/09\/CST-cable-unitube-armoured-fiber-opitc-cable.jpg 750w\" sizes=\"(min-width: 2200px) 100vw, (min-width: 1006px) 290px, (min-width: 884px) 387px, (min-width: 762px) 580px, (min-width: 640px) 762px, \" \/>\t\t\t<\/a>\n\t\t\t\t\t\t\t<\/div>\n<div class=\"fusion-portfolio-content\" style=\"background-color:rgba(255,255,255,0);\"><h2 class=\"entry-title fusion-post-title\"><a href=\"https:\/\/www.honecable.com\/ca-fr\/product\/cst-fibre-optique-cable-uni-tube-arme-4-core-to-24-core\/\">CST Fiber Uni-Tube 12 C\u00e2ble \u00e0 fibres optiques arm\u00e9 \u00e0 torons<\/a><\/h2><div class=\"fusion-post-content\"><\/div><\/div><\/div><\/article><article id=\"portfolio-1-post-22748\" class=\"fusion-portfolio-post cst-cable-ca-fr special-fiber-optic-cable-ca-fr fusion-col-spacing post-22748\"><div class=\"fusion-portfolio-content-wrapper\" style=\"border:1px solid rgba(242,243,245,0.8);border-bottom-width:3px;background-color:rgba(255,255,255,0);\"><span class=\"vcard rich-snippet-hidden\"><span class=\"fn\"><a href=\"https:\/\/www.honecable.com\/ca-fr\/author\/783015227qq-com\/\" title=\"Articles par HOC\" rel=\"author\">HOC<\/a><\/span><\/span><span class=\"updated rich-snippet-hidden\">2022-06-10T14:12:02+08:00<\/span><div  class=\"fusion-image-wrapper\" aria-haspopup=\"true\">\n\t\t\t\t\t\t\t<a href=\"https:\/\/www.honecable.com\/ca-fr\/product\/cable-cst-cable-a-fibre-optique-a-tube-libre-blinde-a-12-conducteurs\/\" aria-label=\"C\u00e2ble CST C\u00e2ble fibre optique \u00e0 tube l\u00e2che blind\u00e9 \u00e0 12 noyaux\">\n\t\t\t\t\t\t\t<img width=\"750\" height=\"750\" src=\"https:\/\/www.honecable.com\/wp-content\/uploads\/2021\/09\/12-fibre-corrugated-steel-tape-armoured-fiber-optic-cable.jpg\" class=\"attachment-full size-full wp-post-image\" alt=\"\" decoding=\"async\" srcset=\"https:\/\/www.honecable.com\/wp-content\/uploads\/2021\/09\/12-fibre-corrugated-steel-tape-armoured-fiber-optic-cable-200x200.jpg 200w, https:\/\/www.honecable.com\/wp-content\/uploads\/2021\/09\/12-fibre-corrugated-steel-tape-armoured-fiber-optic-cable-400x400.jpg 400w, https:\/\/www.honecable.com\/wp-content\/uploads\/2021\/09\/12-fibre-corrugated-steel-tape-armoured-fiber-optic-cable-600x600.jpg 600w, https:\/\/www.honecable.com\/wp-content\/uploads\/2021\/09\/12-fibre-corrugated-steel-tape-armoured-fiber-optic-cable.jpg 750w\" sizes=\"(min-width: 2200px) 100vw, (min-width: 1006px) 290px, (min-width: 884px) 387px, (min-width: 762px) 580px, (min-width: 640px) 762px, \" \/>\t\t\t<\/a>\n\t\t\t\t\t\t\t<\/div>\n<div class=\"fusion-portfolio-content\" style=\"background-color:rgba(255,255,255,0);\"><h2 class=\"entry-title fusion-post-title\"><a href=\"https:\/\/www.honecable.com\/ca-fr\/product\/cable-cst-cable-a-fibre-optique-a-tube-libre-blinde-a-12-conducteurs\/\">C\u00e2ble CST C\u00e2ble fibre optique \u00e0 tube l\u00e2che blind\u00e9 \u00e0 12 noyaux<\/a><\/h2><div class=\"fusion-post-content\"><\/div><\/div><\/div><\/article><article id=\"portfolio-1-post-22757\" class=\"fusion-portfolio-post cst-cable-ca-fr special-fiber-optic-cable-ca-fr fusion-col-spacing post-22757\"><div class=\"fusion-portfolio-content-wrapper\" style=\"border:1px solid rgba(242,243,245,0.8);border-bottom-width:3px;background-color:rgba(255,255,255,0);\"><span class=\"vcard rich-snippet-hidden\"><span class=\"fn\"><a href=\"https:\/\/www.honecable.com\/ca-fr\/author\/783015227qq-com\/\" title=\"Articles par HOC\" rel=\"author\">HOC<\/a><\/span><\/span><span class=\"updated rich-snippet-hidden\">2022-06-10T14:12:03+08:00<\/span><div  class=\"fusion-image-wrapper\" aria-haspopup=\"true\">\n\t\t\t\t\t\t\t<a href=\"https:\/\/www.honecable.com\/ca-fr\/product\/cable-a-fibre-optique-blinde-a-tube-lache-cst-48-core-cable\/\" aria-label=\"C\u00e2ble \u00e0 fibre optique blind\u00e9 \u00e0 tube l\u00e2che CST 48 Core Cable\">\n\t\t\t\t\t\t\t<img width=\"750\" height=\"750\" src=\"https:\/\/www.honecable.com\/wp-content\/uploads\/2021\/09\/48-fibre-cst-cable-steel-armoured-cable.jpg\" class=\"attachment-full size-full wp-post-image\" alt=\"\" decoding=\"async\" srcset=\"https:\/\/www.honecable.com\/wp-content\/uploads\/2021\/09\/48-fibre-cst-cable-steel-armoured-cable-200x200.jpg 200w, https:\/\/www.honecable.com\/wp-content\/uploads\/2021\/09\/48-fibre-cst-cable-steel-armoured-cable-400x400.jpg 400w, https:\/\/www.honecable.com\/wp-content\/uploads\/2021\/09\/48-fibre-cst-cable-steel-armoured-cable-600x600.jpg 600w, https:\/\/www.honecable.com\/wp-content\/uploads\/2021\/09\/48-fibre-cst-cable-steel-armoured-cable.jpg 750w\" sizes=\"(min-width: 2200px) 100vw, (min-width: 1006px) 290px, (min-width: 884px) 387px, (min-width: 762px) 580px, (min-width: 640px) 762px, \" \/>\t\t\t<\/a>\n\t\t\t\t\t\t\t<\/div>\n<div class=\"fusion-portfolio-content\" style=\"background-color:rgba(255,255,255,0);\"><h2 class=\"entry-title fusion-post-title\"><a href=\"https:\/\/www.honecable.com\/ca-fr\/product\/cable-a-fibre-optique-blinde-a-tube-lache-cst-48-core-cable\/\">C\u00e2ble \u00e0 fibre optique blind\u00e9 \u00e0 tube l\u00e2che CST 48 Core Cable<\/a><\/h2><div class=\"fusion-post-content\"><\/div><\/div><\/div><\/article><article id=\"portfolio-1-post-22760\" class=\"fusion-portfolio-post cst-cable-ca-fr special-fiber-optic-cable-ca-fr fusion-col-spacing post-22760\"><div class=\"fusion-portfolio-content-wrapper\" style=\"border:1px solid rgba(242,243,245,0.8);border-bottom-width:3px;background-color:rgba(255,255,255,0);\"><span class=\"vcard rich-snippet-hidden\"><span class=\"fn\"><a href=\"https:\/\/www.honecable.com\/ca-fr\/author\/783015227qq-com\/\" title=\"Articles par HOC\" rel=\"author\">HOC<\/a><\/span><\/span><span class=\"updated rich-snippet-hidden\">2022-06-10T14:12:04+08:00<\/span><div  class=\"fusion-image-wrapper\" aria-haspopup=\"true\">\n\t\t\t\t\t\t\t<a href=\"https:\/\/www.honecable.com\/ca-fr\/product\/cable-fibre-optique-multi-lache-tube-cst-arme-96-core\/\" aria-label=\"C\u00e2ble fibre optique multi-tubes CST blind\u00e9 \u00e0 96 noyaux\">\n\t\t\t\t\t\t\t<img width=\"750\" height=\"750\" src=\"https:\/\/www.honecable.com\/wp-content\/uploads\/2021\/09\/96-core-loose-tube-CST-cable-amoured-fiber-optic-cable.jpg\" class=\"attachment-full size-full wp-post-image\" alt=\"\" decoding=\"async\" srcset=\"https:\/\/www.honecable.com\/wp-content\/uploads\/2021\/09\/96-core-loose-tube-CST-cable-amoured-fiber-optic-cable-200x200.jpg 200w, https:\/\/www.honecable.com\/wp-content\/uploads\/2021\/09\/96-core-loose-tube-CST-cable-amoured-fiber-optic-cable-400x400.jpg 400w, https:\/\/www.honecable.com\/wp-content\/uploads\/2021\/09\/96-core-loose-tube-CST-cable-amoured-fiber-optic-cable-600x600.jpg 600w, https:\/\/www.honecable.com\/wp-content\/uploads\/2021\/09\/96-core-loose-tube-CST-cable-amoured-fiber-optic-cable.jpg 750w\" sizes=\"(min-width: 2200px) 100vw, (min-width: 1006px) 290px, (min-width: 884px) 387px, (min-width: 762px) 580px, (min-width: 640px) 762px, \" \/>\t\t\t<\/a>\n\t\t\t\t\t\t\t<\/div>\n<div class=\"fusion-portfolio-content\" style=\"background-color:rgba(255,255,255,0);\"><h2 class=\"entry-title fusion-post-title\"><a href=\"https:\/\/www.honecable.com\/ca-fr\/product\/cable-fibre-optique-multi-lache-tube-cst-arme-96-core\/\">C\u00e2ble fibre optique multi-tubes CST blind\u00e9 \u00e0 96 noyaux<\/a><\/h2><div class=\"fusion-post-content\"><\/div><\/div><\/div><\/article><article id=\"portfolio-1-post-22766\" class=\"fusion-portfolio-post cst-cable-ca-fr special-fiber-optic-cable-ca-fr fusion-col-spacing post-22766\"><div class=\"fusion-portfolio-content-wrapper\" style=\"border:1px solid rgba(242,243,245,0.8);border-bottom-width:3px;background-color:rgba(255,255,255,0);\"><span class=\"vcard rich-snippet-hidden\"><span class=\"fn\"><a href=\"https:\/\/www.honecable.com\/ca-fr\/author\/783015227qq-com\/\" title=\"Articles par HOC\" rel=\"author\">HOC<\/a><\/span><\/span><span class=\"updated rich-snippet-hidden\">2022-06-10T14:12:05+08:00<\/span><div  class=\"fusion-image-wrapper\" aria-haspopup=\"true\">\n\t\t\t\t\t\t\t<a href=\"https:\/\/www.honecable.com\/ca-fr\/product\/144-core-cst-cable-fibre-optique-cable-fibre-arme-ignifuge\/\" aria-label=\"C\u00e2ble de fibre blind\u00e9 ignifuge de c\u00e2ble optique de fibre de CST de 144 noyaux\">\n\t\t\t\t\t\t\t<img width=\"750\" height=\"750\" src=\"https:\/\/www.honecable.com\/wp-content\/uploads\/2021\/09\/144-core-multi-loose-tube-armoured-cst-cable-1.jpg\" class=\"attachment-full size-full wp-post-image\" alt=\"\" decoding=\"async\" srcset=\"https:\/\/www.honecable.com\/wp-content\/uploads\/2021\/09\/144-core-multi-loose-tube-armoured-cst-cable-1-200x200.jpg 200w, https:\/\/www.honecable.com\/wp-content\/uploads\/2021\/09\/144-core-multi-loose-tube-armoured-cst-cable-1-400x400.jpg 400w, https:\/\/www.honecable.com\/wp-content\/uploads\/2021\/09\/144-core-multi-loose-tube-armoured-cst-cable-1-600x600.jpg 600w, https:\/\/www.honecable.com\/wp-content\/uploads\/2021\/09\/144-core-multi-loose-tube-armoured-cst-cable-1.jpg 750w\" sizes=\"(min-width: 2200px) 100vw, (min-width: 1006px) 290px, (min-width: 884px) 387px, (min-width: 762px) 580px, (min-width: 640px) 762px, \" \/>\t\t\t<\/a>\n\t\t\t\t\t\t\t<\/div>\n<div class=\"fusion-portfolio-content\" style=\"background-color:rgba(255,255,255,0);\"><h2 class=\"entry-title fusion-post-title\"><a href=\"https:\/\/www.honecable.com\/ca-fr\/product\/144-core-cst-cable-fibre-optique-cable-fibre-arme-ignifuge\/\">C\u00e2ble de fibre blind\u00e9 ignifuge de c\u00e2ble optique de fibre de CST de 144 noyaux<\/a><\/h2><div class=\"fusion-post-content\"><\/div><\/div><\/div><\/article><article id=\"portfolio-1-post-22772\" class=\"fusion-portfolio-post cst-cable-ca-fr special-fiber-optic-cable-ca-fr fusion-col-spacing post-22772\"><div class=\"fusion-portfolio-content-wrapper\" style=\"border:1px solid rgba(242,243,245,0.8);border-bottom-width:3px;background-color:rgba(255,255,255,0);\"><span class=\"vcard rich-snippet-hidden\"><span class=\"fn\"><a href=\"https:\/\/www.honecable.com\/ca-fr\/author\/783015227qq-com\/\" title=\"Articles par HOC\" rel=\"author\">HOC<\/a><\/span><\/span><span class=\"updated rich-snippet-hidden\">2022-06-10T14:11:44+08:00<\/span><div  class=\"fusion-image-wrapper\" aria-haspopup=\"true\">\n\t\t\t\t\t\t\t<a href=\"https:\/\/www.honecable.com\/ca-fr\/product\/cable-blinde-multi-de-tube-lache-de-cable-de-fibre-de-cst-de-288-noyaux\/\" aria-label=\"C\u00e2ble blind\u00e9 multi de tube l\u00e2che de c\u00e2ble de fibre de CST de 288 noyaux\">\n\t\t\t\t\t\t\t<img width=\"750\" height=\"750\" src=\"https:\/\/www.honecable.com\/wp-content\/uploads\/2021\/09\/288-core-multi-loose-tube-corrugated-steel-tape-amoured-cable-cst-1.jpg\" class=\"attachment-full size-full wp-post-image\" alt=\"\" decoding=\"async\" srcset=\"https:\/\/www.honecable.com\/wp-content\/uploads\/2021\/09\/288-core-multi-loose-tube-corrugated-steel-tape-amoured-cable-cst-1-200x200.jpg 200w, https:\/\/www.honecable.com\/wp-content\/uploads\/2021\/09\/288-core-multi-loose-tube-corrugated-steel-tape-amoured-cable-cst-1-400x400.jpg 400w, https:\/\/www.honecable.com\/wp-content\/uploads\/2021\/09\/288-core-multi-loose-tube-corrugated-steel-tape-amoured-cable-cst-1-600x600.jpg 600w, https:\/\/www.honecable.com\/wp-content\/uploads\/2021\/09\/288-core-multi-loose-tube-corrugated-steel-tape-amoured-cable-cst-1.jpg 750w\" sizes=\"(min-width: 2200px) 100vw, (min-width: 1006px) 290px, (min-width: 884px) 387px, (min-width: 762px) 580px, (min-width: 640px) 762px, \" \/>\t\t\t<\/a>\n\t\t\t\t\t\t\t<\/div>\n<div class=\"fusion-portfolio-content\" style=\"background-color:rgba(255,255,255,0);\"><h2 class=\"entry-title fusion-post-title\"><a href=\"https:\/\/www.honecable.com\/ca-fr\/product\/cable-blinde-multi-de-tube-lache-de-cable-de-fibre-de-cst-de-288-noyaux\/\">C\u00e2ble blind\u00e9 multi de tube l\u00e2che de c\u00e2ble de fibre de CST de 288 noyaux<\/a><\/h2><div class=\"fusion-post-content\"><\/div><\/div><\/div><\/article><article id=\"portfolio-1-post-22754\" class=\"fusion-portfolio-post cst-cable-ca-fr special-fiber-optic-cable-ca-fr fusion-col-spacing post-22754\"><div class=\"fusion-portfolio-content-wrapper\" style=\"border:1px solid rgba(242,243,245,0.8);border-bottom-width:3px;background-color:rgba(255,255,255,0);\"><span class=\"vcard rich-snippet-hidden\"><span class=\"fn\"><a href=\"https:\/\/www.honecable.com\/ca-fr\/author\/783015227qq-com\/\" title=\"Articles par HOC\" rel=\"author\">HOC<\/a><\/span><\/span><span class=\"updated rich-snippet-hidden\">2022-06-10T14:12:03+08:00<\/span><div  class=\"fusion-image-wrapper\" aria-haspopup=\"true\">\n\t\t\t\t\t\t\t<a href=\"https:\/\/www.honecable.com\/ca-fr\/product\/tube-multiple-multi-de-cable-de-fibre-de-cst-blinde-de-ruban-dacier-ondule-de-noyau\/\" aria-label=\"Tube l\u00e2che multi de c\u00e2ble de fibre de CST blind\u00e9 par bande d&#8217;acier ondul\u00e9e de 144 noyau\">\n\t\t\t\t\t\t\t<img width=\"750\" height=\"750\" src=\"https:\/\/www.honecable.com\/wp-content\/uploads\/2021\/09\/multi-loose-tube-cst-armoured-fiber-optic-cable-PE-sheath.jpg\" class=\"attachment-full size-full wp-post-image\" alt=\"\" decoding=\"async\" srcset=\"https:\/\/www.honecable.com\/wp-content\/uploads\/2021\/09\/multi-loose-tube-cst-armoured-fiber-optic-cable-PE-sheath-200x200.jpg 200w, https:\/\/www.honecable.com\/wp-content\/uploads\/2021\/09\/multi-loose-tube-cst-armoured-fiber-optic-cable-PE-sheath-400x400.jpg 400w, https:\/\/www.honecable.com\/wp-content\/uploads\/2021\/09\/multi-loose-tube-cst-armoured-fiber-optic-cable-PE-sheath-600x600.jpg 600w, https:\/\/www.honecable.com\/wp-content\/uploads\/2021\/09\/multi-loose-tube-cst-armoured-fiber-optic-cable-PE-sheath.jpg 750w\" sizes=\"(min-width: 2200px) 100vw, (min-width: 1006px) 290px, (min-width: 884px) 387px, (min-width: 762px) 580px, (min-width: 640px) 762px, \" \/>\t\t\t<\/a>\n\t\t\t\t\t\t\t<\/div>\n<div class=\"fusion-portfolio-content\" style=\"background-color:rgba(255,255,255,0);\"><h2 class=\"entry-title fusion-post-title\"><a href=\"https:\/\/www.honecable.com\/ca-fr\/product\/tube-multiple-multi-de-cable-de-fibre-de-cst-blinde-de-ruban-dacier-ondule-de-noyau\/\">Tube l\u00e2che multi de c\u00e2ble de fibre de CST blind\u00e9 par bande d&#8217;acier ondul\u00e9e de 144 noyau<\/a><\/h2><div class=\"fusion-post-content\"><\/div><\/div><\/div><\/article><article id=\"portfolio-1-post-20376\" class=\"fusion-portfolio-post cable-de-fibre-oem-ca-fr fusion-col-spacing post-20376\"><div class=\"fusion-portfolio-content-wrapper\" style=\"border:1px solid rgba(242,243,245,0.8);border-bottom-width:3px;background-color:rgba(255,255,255,0);\"><span class=\"vcard rich-snippet-hidden\"><span class=\"fn\"><a href=\"https:\/\/www.honecable.com\/ca-fr\/author\/783015227qq-com\/\" title=\"Articles par HOC\" rel=\"author\">HOC<\/a><\/span><\/span><span class=\"updated rich-snippet-hidden\">2022-06-10T15:49:16+08:00<\/span><div  class=\"fusion-image-wrapper\" aria-haspopup=\"true\">\n\t\t\t\t\t\t\t<a href=\"https:\/\/www.honecable.com\/ca-fr\/product\/oem-custom-fibre-optique-cables\/\" aria-label=\"C\u00e2bles \u00e0 fibre optique personnalis\u00e9s\">\n\t\t\t\t\t\t\t<img width=\"750\" height=\"750\" src=\"https:\/\/www.honecable.com\/wp-content\/uploads\/2021\/11\/OEM-custom-fiber-optic-cable.jpg\" class=\"attachment-full size-full wp-post-image\" alt=\"oem custom fiber optic cables\" decoding=\"async\" srcset=\"https:\/\/www.honecable.com\/wp-content\/uploads\/2021\/11\/OEM-custom-fiber-optic-cable-200x200.jpg 200w, https:\/\/www.honecable.com\/wp-content\/uploads\/2021\/11\/OEM-custom-fiber-optic-cable-400x400.jpg 400w, https:\/\/www.honecable.com\/wp-content\/uploads\/2021\/11\/OEM-custom-fiber-optic-cable-600x600.jpg 600w, https:\/\/www.honecable.com\/wp-content\/uploads\/2021\/11\/OEM-custom-fiber-optic-cable.jpg 750w\" sizes=\"(min-width: 2200px) 100vw, (min-width: 1006px) 290px, (min-width: 884px) 387px, (min-width: 762px) 580px, (min-width: 640px) 762px, \" \/>\t\t\t<\/a>\n\t\t\t\t\t\t\t<\/div>\n<div class=\"fusion-portfolio-content\" style=\"background-color:rgba(255,255,255,0);\"><h2 class=\"entry-title fusion-post-title\"><a href=\"https:\/\/www.honecable.com\/ca-fr\/product\/oem-custom-fibre-optique-cables\/\">C\u00e2bles \u00e0 fibre optique personnalis\u00e9s<\/a><\/h2><div class=\"fusion-post-content\"><\/div><\/div><\/div><\/article><\/div><\/div><\/div><\/div><\/div><\/div><\/p>\n","protected":false},"excerpt":{"rendered":"","protected":false},"author":1,"featured_media":0,"parent":22207,"menu_order":1,"comment_status":"closed","ping_status":"closed","template":"","meta":{"_seopress_robots_primary_cat":"","_seopress_titles_title":"","_seopress_titles_desc":"","_seopress_robots_index":"","footnotes":"","_vp_format_video_url":"","_vp_image_focal_point":[]},"_links":{"self":[{"href":"https:\/\/www.honecable.com\/ca-fr\/wp-json\/wp\/v2\/pages\/22213"}],"collection":[{"href":"https:\/\/www.honecable.com\/ca-fr\/wp-json\/wp\/v2\/pages"}],"about":[{"href":"https:\/\/www.honecable.com\/ca-fr\/wp-json\/wp\/v2\/types\/page"}],"author":[{"embeddable":true,"href":"https:\/\/www.honecable.com\/ca-fr\/wp-json\/wp\/v2\/users\/1"}],"replies":[{"embeddable":true,"href":"https:\/\/www.honecable.com\/ca-fr\/wp-json\/wp\/v2\/comments?post=22213"}],"version-history":[{"count":0,"href":"https:\/\/www.honecable.com\/ca-fr\/wp-json\/wp\/v2\/pages\/22213\/revisions"}],"up":[{"embeddable":true,"href":"https:\/\/www.honecable.com\/ca-fr\/wp-json\/wp\/v2\/pages\/22207"}],"wp:attachment":[{"href":"https:\/\/www.honecable.com\/ca-fr\/wp-json\/wp\/v2\/media?parent=22213"}],"curies":[{"name":"wp","href":"https:\/\/api.w.org\/{rel}","templated":true}]}}