{"id":22266,"date":"2021-11-24T11:26:52","date_gmt":"2021-11-24T03:26:52","guid":{"rendered":"https:\/\/www.honecable.com\/des-produits\/fttx-solutions\/boite-de-terminaison-de-fibre\/"},"modified":"2021-11-24T11:26:53","modified_gmt":"2021-11-24T03:26:53","slug":"boite-de-terminaison-de-fibre","status":"publish","type":"page","link":"https:\/\/www.honecable.com\/ca-fr\/fttx-solutions\/boite-de-terminaison-de-fibre\/","title":{"rendered":"Bo\u00eete de terminaison de fibre"},"content":{"rendered":"<p><div class=\"fusion-fullwidth fullwidth-box fusion-builder-row-1 fusion-flex-container nonhundred-percent-fullwidth non-hundred-percent-height-scrolling\" style=\"--awb-border-radius-top-left:0px;--awb-border-radius-top-right:0px;--awb-border-radius-bottom-right:0px;--awb-border-radius-bottom-left:0px;--awb-flex-wrap:wrap;\" ><div class=\"fusion-builder-row fusion-row fusion-flex-align-items-flex-start fusion-flex-content-wrap\" style=\"max-width:1300px;margin-left: calc(-4% \/ 2 );margin-right: calc(-4% \/ 2 );\"><div class=\"fusion-layout-column fusion_builder_column fusion-builder-column-0 fusion_builder_column_1_1 1_1 fusion-flex-column\" style=\"--awb-bg-size:cover;--awb-width-large:100%;--awb-margin-top-large:0px;--awb-spacing-right-large:1.92%;--awb-margin-bottom-large:20px;--awb-spacing-left-large:1.92%;--awb-width-medium:100%;--awb-order-medium:0;--awb-spacing-right-medium:1.92%;--awb-spacing-left-medium:1.92%;--awb-width-small:100%;--awb-order-small:0;--awb-spacing-right-small:1.92%;--awb-spacing-left-small:1.92%;\"><div class=\"fusion-column-wrapper fusion-column-has-shadow fusion-flex-justify-content-flex-start fusion-content-layout-column\"><div class=\"fusion-text fusion-text-1\">\t\t\t<!-- Flexy Breadcrumb -->\r\n\t\t\t<div class=\"fbc fbc-page\">\r\n\r\n\t\t\t\t<!-- Breadcrumb wrapper -->\r\n\t\t\t\t<div class=\"fbc-wrap\">\r\n\r\n\t\t\t\t\t<!-- Ordered list-->\r\n\t\t\t\t\t<ol class=\"fbc-items\" itemscope itemtype=\"https:\/\/schema.org\/BreadcrumbList\">\r\n\t\t\t\t\t\t            <li itemprop=\"itemListElement\" itemscope itemtype=\"https:\/\/schema.org\/ListItem\">\r\n                <span itemprop=\"name\">\r\n                    <!-- Home Link -->\r\n                    <a itemprop=\"item\" href=\"https:\/\/www.honecable.com\">\r\n                    \r\n                                                    <i class=\"fa fa-home\" aria-hidden=\"true\"><\/i>Home                    <\/a>\r\n                <\/span>\r\n                <meta itemprop=\"position\" content=\"1\" \/><!-- Meta Position-->\r\n             <\/li><li><span class=\"fbc-separator\">\/<\/span><\/li><li class=\"active\" itemprop=\"itemListElement\" itemscope itemtype=\"https:\/\/schema.org\/ListItem\"><span itemprop=\"name\" title=\"Centre de connaissances\">Centre de connaissances<\/span><meta itemprop=\"position\" content=\"2\" \/><\/li>\t\t\t\t\t<\/ol>\r\n\t\t\t\t\t<div class=\"clearfix\"><\/div>\r\n\t\t\t\t<\/div>\r\n\t\t\t<\/div>\r\n\t\t\t\n<\/div><\/div><\/div><\/div><\/div><div class=\"fusion-fullwidth fullwidth-box fusion-builder-row-2 fusion-flex-container nonhundred-percent-fullwidth non-hundred-percent-height-scrolling\" style=\"--awb-border-radius-top-left:0px;--awb-border-radius-top-right:0px;--awb-border-radius-bottom-right:0px;--awb-border-radius-bottom-left:0px;--awb-padding-top:22px;--awb-flex-wrap:wrap;\" ><div class=\"fusion-builder-row fusion-row fusion-flex-align-items-flex-start fusion-flex-content-wrap\" style=\"max-width:1300px;margin-left: calc(-4% \/ 2 );margin-right: calc(-4% \/ 2 );\"><div class=\"fusion-layout-column fusion_builder_column fusion-builder-column-1 fusion_builder_column_1_1 1_1 fusion-flex-column\" style=\"--awb-bg-size:cover;--awb-width-large:100%;--awb-margin-top-large:0px;--awb-spacing-right-large:0%;--awb-margin-bottom-large:20px;--awb-spacing-left-large:1.92%;--awb-width-medium:100%;--awb-order-medium:0;--awb-spacing-right-medium:0%;--awb-spacing-left-medium:1.92%;--awb-width-small:100%;--awb-order-small:0;--awb-spacing-right-small:1.92%;--awb-spacing-left-small:1.92%;\"><div class=\"fusion-column-wrapper fusion-column-has-shadow fusion-flex-justify-content-flex-start fusion-content-layout-column\"><style type=\"text\/css\">.fusion-portfolio-wrapper#fusion-portfolio-1 .fusion-portfolio-content{ padding: 20px 5px 15px 15px; text-align: left; }<\/style><div class=\"fusion-recent-works fusion-portfolio-element fusion-portfolio fusion-portfolio-1 fusion-portfolio-grid fusion-portfolio-paging-pagination fusion-portfolio-four fusion-portfolio-boxed fusion-portfolio-text fusion-portfolio-equal-heights portfolio_products\" data-id=\"-rw-1\" data-columns=\"four\"><style type=\"text\/css\">.fusion-portfolio-1 .fusion-portfolio-wrapper .fusion-col-spacing{padding:15px;}<\/style><div class=\"fusion-portfolio-wrapper\" id=\"fusion-portfolio-1\" data-picturesize=\"auto\" data-pages=\"1\" style=\"margin:-15px;\"><article id=\"portfolio-1-post-18307\" class=\"fusion-portfolio-post boite-de-terminaison-de-fibre-ca-fr solutions-fttx-ca-fr fusion-col-spacing post-18307\"><div class=\"fusion-portfolio-content-wrapper\" style=\"border:1px solid rgba(242,243,245,0.8);border-bottom-width:3px;background-color:rgba(255,255,255,0);\"><span class=\"vcard rich-snippet-hidden\"><span class=\"fn\"><a href=\"https:\/\/www.honecable.com\/ca-fr\/author\/783015227qq-com\/\" title=\"Articles par HOC\" rel=\"author\">HOC<\/a><\/span><\/span><span class=\"updated rich-snippet-hidden\">2022-06-10T14:12:09+08:00<\/span><div  class=\"fusion-image-wrapper\" aria-haspopup=\"true\">\n\t\t\t\t\t\t\t<a href=\"https:\/\/www.honecable.com\/ca-fr\/product\/boitier-de-terminaison-fibre-4-coeurs-ftb-boitier-client-pour-solutions-ftth\/\" aria-label=\"Fiber Termination Box 4 Cores FTB Customer Box pour FTTH Solutions\">\n\t\t\t\t\t\t\t<img width=\"750\" height=\"750\" src=\"https:\/\/www.honecable.com\/wp-content\/uploads\/2021\/04\/FTB-customer-box.jpg\" class=\"attachment-full size-full wp-post-image\" alt=\"\" decoding=\"async\" srcset=\"https:\/\/www.honecable.com\/wp-content\/uploads\/2021\/04\/FTB-customer-box-200x200.jpg 200w, https:\/\/www.honecable.com\/wp-content\/uploads\/2021\/04\/FTB-customer-box-400x400.jpg 400w, https:\/\/www.honecable.com\/wp-content\/uploads\/2021\/04\/FTB-customer-box-600x600.jpg 600w, https:\/\/www.honecable.com\/wp-content\/uploads\/2021\/04\/FTB-customer-box.jpg 750w\" sizes=\"(min-width: 2200px) 100vw, (min-width: 1006px) 290px, (min-width: 884px) 387px, (min-width: 762px) 580px, (min-width: 640px) 762px, \" \/>\t\t\t<\/a>\n\t\t\t\t\t\t\t<\/div>\n<div class=\"fusion-portfolio-content\" style=\"background-color:rgba(255,255,255,0);\"><h2 class=\"entry-title fusion-post-title\"><a href=\"https:\/\/www.honecable.com\/ca-fr\/product\/boitier-de-terminaison-fibre-4-coeurs-ftb-boitier-client-pour-solutions-ftth\/\">Fiber Termination Box 4 Cores FTB Customer Box pour FTTH Solutions<\/a><\/h2><div class=\"fusion-post-content\"><\/div><\/div><\/div><\/article><article id=\"portfolio-1-post-18316\" class=\"fusion-portfolio-post boite-de-terminaison-de-fibre-ca-fr solutions-fttx-ca-fr fusion-col-spacing post-18316\"><div class=\"fusion-portfolio-content-wrapper\" style=\"border:1px solid rgba(242,243,245,0.8);border-bottom-width:3px;background-color:rgba(255,255,255,0);\"><span class=\"vcard rich-snippet-hidden\"><span class=\"fn\"><a href=\"https:\/\/www.honecable.com\/ca-fr\/author\/783015227qq-com\/\" title=\"Articles par HOC\" rel=\"author\">HOC<\/a><\/span><\/span><span class=\"updated rich-snippet-hidden\">2022-06-10T17:21:52+08:00<\/span><div  class=\"fusion-image-wrapper\" aria-haspopup=\"true\">\n\t\t\t\t\t\t\t<a href=\"https:\/\/www.honecable.com\/ca-fr\/product\/boite-a-bornes-fibre-2-noyaux-sc-prise-murale-panneau-de-prise-de-plaque-frontale\/\" aria-label=\"Panneau de prise de plaque frontale de prise murale SC de noyaux de bo\u00eete \u00e0 bornes de fibre 2\">\n\t\t\t\t\t\t\t<img width=\"750\" height=\"750\" src=\"https:\/\/www.honecable.com\/wp-content\/uploads\/2021\/04\/socket-panel.jpg\" class=\"attachment-full size-full wp-post-image\" alt=\"\" decoding=\"async\" srcset=\"https:\/\/www.honecable.com\/wp-content\/uploads\/2021\/04\/socket-panel-200x200.jpg 200w, https:\/\/www.honecable.com\/wp-content\/uploads\/2021\/04\/socket-panel-400x400.jpg 400w, https:\/\/www.honecable.com\/wp-content\/uploads\/2021\/04\/socket-panel-600x600.jpg 600w, https:\/\/www.honecable.com\/wp-content\/uploads\/2021\/04\/socket-panel.jpg 750w\" sizes=\"(min-width: 2200px) 100vw, (min-width: 1006px) 290px, (min-width: 884px) 387px, (min-width: 762px) 580px, (min-width: 640px) 762px, \" \/>\t\t\t<\/a>\n\t\t\t\t\t\t\t<\/div>\n<div class=\"fusion-portfolio-content\" style=\"background-color:rgba(255,255,255,0);\"><h2 class=\"entry-title fusion-post-title\"><a href=\"https:\/\/www.honecable.com\/ca-fr\/product\/boite-a-bornes-fibre-2-noyaux-sc-prise-murale-panneau-de-prise-de-plaque-frontale\/\">Panneau de prise de plaque frontale de prise murale SC de noyaux de bo\u00eete \u00e0 bornes de fibre 2<\/a><\/h2><div class=\"fusion-post-content\"><\/div><\/div><\/div><\/article><article id=\"portfolio-1-post-18578\" class=\"fusion-portfolio-post boite-de-terminaison-de-fibre-ca-fr solutions-fttx-ca-fr fusion-col-spacing post-18578\"><div class=\"fusion-portfolio-content-wrapper\" style=\"border:1px solid rgba(242,243,245,0.8);border-bottom-width:3px;background-color:rgba(255,255,255,0);\"><span class=\"vcard rich-snippet-hidden\"><span class=\"fn\"><a href=\"https:\/\/www.honecable.com\/ca-fr\/author\/783015227qq-com\/\" title=\"Articles par HOC\" rel=\"author\">HOC<\/a><\/span><\/span><span class=\"updated rich-snippet-hidden\">2022-06-10T17:21:42+08:00<\/span><div  class=\"fusion-image-wrapper\" aria-haspopup=\"true\">\n\t\t\t\t\t\t\t<a href=\"https:\/\/www.honecable.com\/ca-fr\/product\/terminaison-ftth-de-support-de-mur-de-menage-de-boite-dinformation-de-multimedia\/\" aria-label=\"Terminaison FTTH de support de mur de m\u00e9nage de bo\u00eete d&#8217;information de multim\u00e9dia\">\n\t\t\t\t\t\t\t<img width=\"750\" height=\"750\" src=\"https:\/\/www.honecable.com\/wp-content\/uploads\/2021\/04\/multimedia-box.jpg\" class=\"attachment-full size-full wp-post-image\" alt=\"\" decoding=\"async\" srcset=\"https:\/\/www.honecable.com\/wp-content\/uploads\/2021\/04\/multimedia-box-200x200.jpg 200w, https:\/\/www.honecable.com\/wp-content\/uploads\/2021\/04\/multimedia-box-400x400.jpg 400w, https:\/\/www.honecable.com\/wp-content\/uploads\/2021\/04\/multimedia-box-600x600.jpg 600w, https:\/\/www.honecable.com\/wp-content\/uploads\/2021\/04\/multimedia-box.jpg 750w\" sizes=\"(min-width: 2200px) 100vw, (min-width: 1006px) 290px, (min-width: 884px) 387px, (min-width: 762px) 580px, (min-width: 640px) 762px, \" \/>\t\t\t<\/a>\n\t\t\t\t\t\t\t<\/div>\n<div class=\"fusion-portfolio-content\" style=\"background-color:rgba(255,255,255,0);\"><h2 class=\"entry-title fusion-post-title\"><a href=\"https:\/\/www.honecable.com\/ca-fr\/product\/terminaison-ftth-de-support-de-mur-de-menage-de-boite-dinformation-de-multimedia\/\">Terminaison FTTH de support de mur de m\u00e9nage de bo\u00eete d&#8217;information de multim\u00e9dia<\/a><\/h2><div class=\"fusion-post-content\"><\/div><\/div><\/div><\/article><article id=\"portfolio-1-post-22654\" class=\"fusion-portfolio-post boite-de-terminaison-de-fibre-ca-fr fusion-col-spacing post-22654\"><div class=\"fusion-portfolio-content-wrapper\" style=\"border:1px solid rgba(242,243,245,0.8);border-bottom-width:3px;background-color:rgba(255,255,255,0);\"><span class=\"vcard rich-snippet-hidden\"><span class=\"fn\"><a href=\"https:\/\/www.honecable.com\/ca-fr\/author\/783015227qq-com\/\" title=\"Articles par HOC\" rel=\"author\">HOC<\/a><\/span><\/span><span class=\"updated rich-snippet-hidden\">2022-06-10T16:33:35+08:00<\/span><div  class=\"fusion-image-wrapper\" aria-haspopup=\"true\">\n\t\t\t\t\t\t\t<a href=\"https:\/\/www.honecable.com\/ca-fr\/product\/boite-de-terminaison-fibre-optique-boite-de-distribution-murale-exterieure\/\" aria-label=\"Bo\u00eete de terminaison de fibre optique Bo\u00eete de distribution murale ext\u00e9rieure\">\n\t\t\t\t\t\t\t<img width=\"750\" height=\"750\" src=\"https:\/\/www.honecable.com\/wp-content\/uploads\/2021\/05\/fiber-optic-termination-box-outdoor-cable-distribution-box.jpg\" class=\"attachment-full size-full wp-post-image\" alt=\"\" decoding=\"async\" srcset=\"https:\/\/www.honecable.com\/wp-content\/uploads\/2021\/05\/fiber-optic-termination-box-outdoor-cable-distribution-box-200x200.jpg 200w, https:\/\/www.honecable.com\/wp-content\/uploads\/2021\/05\/fiber-optic-termination-box-outdoor-cable-distribution-box-400x400.jpg 400w, https:\/\/www.honecable.com\/wp-content\/uploads\/2021\/05\/fiber-optic-termination-box-outdoor-cable-distribution-box-600x600.jpg 600w, https:\/\/www.honecable.com\/wp-content\/uploads\/2021\/05\/fiber-optic-termination-box-outdoor-cable-distribution-box.jpg 750w\" sizes=\"(min-width: 2200px) 100vw, (min-width: 1006px) 290px, (min-width: 884px) 387px, (min-width: 762px) 580px, (min-width: 640px) 762px, \" \/>\t\t\t<\/a>\n\t\t\t\t\t\t\t<\/div>\n<div class=\"fusion-portfolio-content\" style=\"background-color:rgba(255,255,255,0);\"><h2 class=\"entry-title fusion-post-title\"><a href=\"https:\/\/www.honecable.com\/ca-fr\/product\/boite-de-terminaison-fibre-optique-boite-de-distribution-murale-exterieure\/\">Bo\u00eete de terminaison de fibre optique Bo\u00eete de distribution murale ext\u00e9rieure<\/a><\/h2><div class=\"fusion-post-content\"><\/div><\/div><\/div><\/article><article id=\"portfolio-1-post-22717\" class=\"fusion-portfolio-post boite-de-terminaison-de-fibre-ca-fr solutions-fttx-ca-fr fusion-col-spacing post-22717\"><div class=\"fusion-portfolio-content-wrapper\" style=\"border:1px solid rgba(242,243,245,0.8);border-bottom-width:3px;background-color:rgba(255,255,255,0);\"><span class=\"vcard rich-snippet-hidden\"><span class=\"fn\"><a href=\"https:\/\/www.honecable.com\/ca-fr\/author\/783015227qq-com\/\" title=\"Articles par HOC\" rel=\"author\">HOC<\/a><\/span><\/span><span class=\"updated rich-snippet-hidden\">2022-06-10T16:05:32+08:00<\/span><div  class=\"fusion-image-wrapper\" aria-haspopup=\"true\">\n\t\t\t\t\t\t\t<a href=\"https:\/\/www.honecable.com\/ca-fr\/product\/fibre-optique-box-outdoor-8-16-ports-fiber-distribution-fdb\/\" aria-label=\"Fibre Optique Box Ext\u00e9rieure 8 16 Ports Fibre Distribution FDB\">\n\t\t\t\t\t\t\t<img width=\"750\" height=\"750\" src=\"https:\/\/www.honecable.com\/wp-content\/uploads\/2021\/07\/fiber-optic-box-16-port-distribution-box-FDB.jpg\" class=\"attachment-full size-full wp-post-image\" alt=\"\" decoding=\"async\" srcset=\"https:\/\/www.honecable.com\/wp-content\/uploads\/2021\/07\/fiber-optic-box-16-port-distribution-box-FDB-200x200.jpg 200w, https:\/\/www.honecable.com\/wp-content\/uploads\/2021\/07\/fiber-optic-box-16-port-distribution-box-FDB-400x400.jpg 400w, https:\/\/www.honecable.com\/wp-content\/uploads\/2021\/07\/fiber-optic-box-16-port-distribution-box-FDB-600x600.jpg 600w, https:\/\/www.honecable.com\/wp-content\/uploads\/2021\/07\/fiber-optic-box-16-port-distribution-box-FDB.jpg 750w\" sizes=\"(min-width: 2200px) 100vw, (min-width: 1006px) 290px, (min-width: 884px) 387px, (min-width: 762px) 580px, (min-width: 640px) 762px, \" \/>\t\t\t<\/a>\n\t\t\t\t\t\t\t<\/div>\n<div class=\"fusion-portfolio-content\" style=\"background-color:rgba(255,255,255,0);\"><h2 class=\"entry-title fusion-post-title\"><a href=\"https:\/\/www.honecable.com\/ca-fr\/product\/fibre-optique-box-outdoor-8-16-ports-fiber-distribution-fdb\/\">Fibre Optique Box Ext\u00e9rieure 8 16 Ports Fibre Distribution FDB<\/a><\/h2><div class=\"fusion-post-content\"><\/div><\/div><\/div><\/article><\/div><\/div><\/div><\/div><\/div><\/div><\/p>\n","protected":false},"excerpt":{"rendered":"","protected":false},"author":1,"featured_media":0,"parent":22248,"menu_order":7,"comment_status":"closed","ping_status":"closed","template":"","meta":{"_seopress_robots_primary_cat":"","_seopress_titles_title":"","_seopress_titles_desc":"","_seopress_robots_index":"","footnotes":"","_vp_format_video_url":"","_vp_image_focal_point":[]},"_links":{"self":[{"href":"https:\/\/www.honecable.com\/ca-fr\/wp-json\/wp\/v2\/pages\/22266"}],"collection":[{"href":"https:\/\/www.honecable.com\/ca-fr\/wp-json\/wp\/v2\/pages"}],"about":[{"href":"https:\/\/www.honecable.com\/ca-fr\/wp-json\/wp\/v2\/types\/page"}],"author":[{"embeddable":true,"href":"https:\/\/www.honecable.com\/ca-fr\/wp-json\/wp\/v2\/users\/1"}],"replies":[{"embeddable":true,"href":"https:\/\/www.honecable.com\/ca-fr\/wp-json\/wp\/v2\/comments?post=22266"}],"version-history":[{"count":0,"href":"https:\/\/www.honecable.com\/ca-fr\/wp-json\/wp\/v2\/pages\/22266\/revisions"}],"up":[{"embeddable":true,"href":"https:\/\/www.honecable.com\/ca-fr\/wp-json\/wp\/v2\/pages\/22248"}],"wp:attachment":[{"href":"https:\/\/www.honecable.com\/ca-fr\/wp-json\/wp\/v2\/media?parent=22266"}],"curies":[{"name":"wp","href":"https:\/\/api.w.org\/{rel}","templated":true}]}}