{"id":22288,"date":"2021-11-24T11:52:18","date_gmt":"2021-11-24T03:52:18","guid":{"rendered":"https:\/\/www.honecable.com\/solutions\/ftth-cle-en-main\/"},"modified":"2021-11-24T11:52:19","modified_gmt":"2021-11-24T03:52:19","slug":"ftth-cle-en-main","status":"publish","type":"page","link":"https:\/\/www.honecable.com\/ca-fr\/solutions\/ftth-cle-en-main\/","title":{"rendered":"FTTH cl\u00e9 en main"},"content":{"rendered":"<p><div class=\"fusion-fullwidth fullwidth-box fusion-builder-row-1 fusion-flex-container nonhundred-percent-fullwidth non-hundred-percent-height-scrolling\" style=\"--awb-border-radius-top-left:0px;--awb-border-radius-top-right:0px;--awb-border-radius-bottom-right:0px;--awb-border-radius-bottom-left:0px;--awb-flex-wrap:wrap;\" ><div class=\"fusion-builder-row fusion-row fusion-flex-align-items-flex-start fusion-flex-content-wrap\" style=\"max-width:1300px;margin-left: calc(-4% \/ 2 );margin-right: calc(-4% \/ 2 );\"><div class=\"fusion-layout-column fusion_builder_column fusion-builder-column-0 fusion_builder_column_1_1 1_1 fusion-flex-column\" style=\"--awb-bg-size:cover;--awb-width-large:100%;--awb-margin-top-large:0px;--awb-spacing-right-large:1.92%;--awb-margin-bottom-large:20px;--awb-spacing-left-large:1.92%;--awb-width-medium:100%;--awb-order-medium:0;--awb-spacing-right-medium:1.92%;--awb-spacing-left-medium:1.92%;--awb-width-small:100%;--awb-order-small:0;--awb-spacing-right-small:1.92%;--awb-spacing-left-small:1.92%;\"><div class=\"fusion-column-wrapper fusion-column-has-shadow fusion-flex-justify-content-flex-start fusion-content-layout-column\"><div class=\"fusion-text fusion-text-1\">\t\t\t<!-- Flexy Breadcrumb -->\r\n\t\t\t<div class=\"fbc fbc-page\">\r\n\r\n\t\t\t\t<!-- Breadcrumb wrapper -->\r\n\t\t\t\t<div class=\"fbc-wrap\">\r\n\r\n\t\t\t\t\t<!-- Ordered list-->\r\n\t\t\t\t\t<ol class=\"fbc-items\" itemscope itemtype=\"https:\/\/schema.org\/BreadcrumbList\">\r\n\t\t\t\t\t\t            <li itemprop=\"itemListElement\" itemscope itemtype=\"https:\/\/schema.org\/ListItem\">\r\n                <span itemprop=\"name\">\r\n                    <!-- Home Link -->\r\n                    <a itemprop=\"item\" href=\"https:\/\/www.honecable.com\">\r\n                    \r\n                                                    <i class=\"fa fa-home\" aria-hidden=\"true\"><\/i>Home                    <\/a>\r\n                <\/span>\r\n                <meta itemprop=\"position\" content=\"1\" \/><!-- Meta Position-->\r\n             <\/li><li><span class=\"fbc-separator\">\/<\/span><\/li><li class=\"active\" itemprop=\"itemListElement\" itemscope itemtype=\"https:\/\/schema.org\/ListItem\"><span itemprop=\"name\" title=\"Centre de connaissances\">Centre de connaissances<\/span><meta itemprop=\"position\" content=\"2\" \/><\/li>\t\t\t\t\t<\/ol>\r\n\t\t\t\t\t<div class=\"clearfix\"><\/div>\r\n\t\t\t\t<\/div>\r\n\t\t\t<\/div>\r\n\t\t\t\n<\/div><\/div><\/div><\/div><\/div><div class=\"fusion-fullwidth fullwidth-box fusion-builder-row-2 fusion-flex-container hundred-percent-fullwidth non-hundred-percent-height-scrolling\" style=\"--awb-border-color:#ffffff;--awb-border-radius-top-left:0px;--awb-border-radius-top-right:0px;--awb-border-radius-bottom-right:0px;--awb-border-radius-bottom-left:0px;--awb-flex-wrap:wrap;\" ><div class=\"fusion-builder-row fusion-row fusion-flex-align-items-stretch fusion-flex-align-content-flex-start fusion-flex-content-wrap\" style=\"width:104% !important;max-width:104% !important;margin-left: calc(-4% \/ 2 );margin-right: calc(-4% \/ 2 );\"><div class=\"fusion-layout-column fusion_builder_column fusion-builder-column-1 fusion_builder_column_1_1 1_1 fusion-flex-column fusion-flex-align-self-flex-start\" style=\"--awb-bg-size:cover;--awb-width-large:100%;--awb-margin-top-large:0px;--awb-spacing-right-large:1.92%;--awb-margin-bottom-large:10px;--awb-spacing-left-large:1.92%;--awb-width-medium:100%;--awb-order-medium:0;--awb-spacing-right-medium:1.92%;--awb-spacing-left-medium:1.92%;--awb-width-small:100%;--awb-order-small:0;--awb-spacing-right-small:1.92%;--awb-spacing-left-small:1.92%;\"><div class=\"fusion-column-wrapper fusion-column-has-shadow fusion-flex-justify-content-center fusion-content-layout-column\"><div class=\"fusion-text fusion-text-2\"><h4 style=\"font-size: 28px; text-align: left;\" data-fusion-font=\"true\">Solution cl\u00e9 en main FTTH<\/h4>\n<\/div><\/div><\/div><div class=\"fusion-layout-column fusion_builder_column fusion-builder-column-2 fusion_builder_column_3_5 3_5 fusion-flex-column\" style=\"--awb-bg-size:cover;--awb-width-large:60%;--awb-margin-top-large:0px;--awb-spacing-right-large:3.2%;--awb-margin-bottom-large:20px;--awb-spacing-left-large:3.2%;--awb-width-medium:60%;--awb-order-medium:0;--awb-spacing-right-medium:3.2%;--awb-spacing-left-medium:3.2%;--awb-width-small:100%;--awb-order-small:0;--awb-spacing-right-small:1.92%;--awb-spacing-left-small:1.92%;\"><div class=\"fusion-column-wrapper fusion-column-has-shadow fusion-flex-justify-content-flex-start fusion-content-layout-column\"><div class=\"fusion-text fusion-text-3\"><p>Fiber To The Home, une solution FTTH cl\u00e9 en main, est la meilleure m\u00e9thode pour un r\u00e9seau d&#8217;acc\u00e8s haut d\u00e9bit \u00e0 service complet \u00e0 ce jour. Il fait \u00e9galement r\u00e9f\u00e9rence \u00e0 l&#8217;installation d&#8217;une ONU (unit\u00e9 de r\u00e9seau optique) chez les utilisateurs domestiques ou en entreprise. Le FTTH fournit non seulement une plus grande bande passante, mais am\u00e9liore \u00e9galement la transparence du r\u00e9seau vis-\u00e0-vis des formats de donn\u00e9es, du taux de transmission, de la longueur d&#8217;onde et des protocoles. Il assouplit les exigences relatives aux conditions environnementales et \u00e0 l&#8217;alimentation \u00e9lectrique, et simplifie la maintenance et l&#8217;installation.<\/p>\n<p>La solution cl\u00e9 en main HOC FTTH int\u00e8gre l&#8217;ensemble du r\u00e9seau <a href=\"http:\/\/honecable.com\/ftth-how-optical-fiber-arrives-your-home\/\" target=\"_blank\" rel=\"noopener\">FTTH<\/a>et <a href=\"http:\/\/honecable.com\/odn-what-is-it-how-it-works\/\" target=\"_blank\" rel=\"noopener\">ODN<\/a> (r\u00e9seau de distribution optique), aide les clients avec une solution plus pratique et plus compl\u00e8te \u00e0 la fois.<\/p>\n<\/div><\/div><\/div><div class=\"fusion-layout-column fusion_builder_column fusion-builder-column-3 fusion_builder_column_1_3 1_3 fusion-flex-column\" style=\"--awb-bg-size:cover;--awb-width-large:33.333333333333%;--awb-margin-top-large:0px;--awb-spacing-right-large:5.76%;--awb-margin-bottom-large:20px;--awb-spacing-left-large:5.76%;--awb-width-medium:33.333333333333%;--awb-order-medium:0;--awb-spacing-right-medium:5.76%;--awb-spacing-left-medium:5.76%;--awb-width-small:100%;--awb-order-small:0;--awb-spacing-right-small:1.92%;--awb-spacing-left-small:1.92%;\"><div class=\"fusion-column-wrapper fusion-column-has-shadow fusion-flex-justify-content-flex-start fusion-content-layout-column\"><div class=\"fusion-image-element \" style=\"--awb-caption-title-font-family:var(--h2_typography-font-family);--awb-caption-title-font-weight:var(--h2_typography-font-weight);--awb-caption-title-font-style:var(--h2_typography-font-style);--awb-caption-title-size:var(--h2_typography-font-size);--awb-caption-title-transform:var(--h2_typography-text-transform);--awb-caption-title-line-height:var(--h2_typography-line-height);--awb-caption-title-letter-spacing:var(--h2_typography-letter-spacing);\"><span class=\" fusion-imageframe imageframe-none imageframe-1 hover-type-none\"><img decoding=\"async\" width=\"600\" height=\"400\" alt=\"solution cl\u00e9 en main ftth\" title=\"HOC-ftth-turnkey-solution\" src=\"http:\/\/honecable.com\/wp-content\/uploads\/2021\/06\/HOC-turnkey-ftth-solution.jpg\" class=\"img-responsive wp-image-40798\" srcset=\"https:\/\/www.honecable.com\/wp-content\/uploads\/2021\/06\/HOC-turnkey-ftth-solution-200x133.jpg 200w, https:\/\/www.honecable.com\/wp-content\/uploads\/2021\/06\/HOC-turnkey-ftth-solution-400x267.jpg 400w, https:\/\/www.honecable.com\/wp-content\/uploads\/2021\/06\/HOC-turnkey-ftth-solution.jpg 600w\" sizes=\"(max-width: 640px) 100vw, 400px\" \/><\/span><\/div><\/div><\/div><\/div><\/div><div class=\"fusion-fullwidth fullwidth-box fusion-builder-row-3 fusion-flex-container nonhundred-percent-fullwidth non-hundred-percent-height-scrolling\" style=\"--awb-border-radius-top-left:0px;--awb-border-radius-top-right:0px;--awb-border-radius-bottom-right:0px;--awb-border-radius-bottom-left:0px;--awb-flex-wrap:wrap;\" ><div class=\"fusion-builder-row fusion-row fusion-flex-align-items-flex-start fusion-flex-content-wrap\" style=\"max-width:1300px;margin-left: calc(-4% \/ 2 );margin-right: calc(-4% \/ 2 );\"><div class=\"fusion-layout-column fusion_builder_column fusion-builder-column-4 fusion_builder_column_1_1 1_1 fusion-flex-column\" style=\"--awb-padding-top:60px;--awb-bg-size:cover;--awb-width-large:100%;--awb-margin-top-large:0px;--awb-spacing-right-large:1.92%;--awb-margin-bottom-large:0px;--awb-spacing-left-large:1.92%;--awb-width-medium:100%;--awb-order-medium:0;--awb-spacing-right-medium:1.92%;--awb-spacing-left-medium:1.92%;--awb-width-small:100%;--awb-order-small:0;--awb-spacing-right-small:1.92%;--awb-spacing-left-small:1.92%;\"><div class=\"fusion-column-wrapper fusion-column-has-shadow fusion-flex-justify-content-flex-start fusion-content-layout-column\"><div class=\"fusion-text fusion-text-4\"><h4 style=\"font-size: 28px; text-align: left;\" data-fusion-font=\"true\">Produits concern\u00e9s<\/h4>\n<\/div><\/div><\/div><\/div><\/div><div class=\"fusion-fullwidth fullwidth-box fusion-builder-row-4 fusion-flex-container nonhundred-percent-fullwidth non-hundred-percent-height-scrolling\" style=\"--awb-border-radius-top-left:0px;--awb-border-radius-top-right:0px;--awb-border-radius-bottom-right:0px;--awb-border-radius-bottom-left:0px;--awb-flex-wrap:wrap;\" ><div class=\"fusion-builder-row fusion-row fusion-flex-align-items-flex-start fusion-flex-content-wrap\" style=\"max-width:1300px;margin-left: calc(-4% \/ 2 );margin-right: calc(-4% \/ 2 );\"><div class=\"fusion-layout-column fusion_builder_column fusion-builder-column-5 fusion_builder_column_1_1 1_1 fusion-flex-column\" style=\"--awb-bg-size:cover;--awb-width-large:100%;--awb-margin-top-large:0px;--awb-spacing-right-large:1.92%;--awb-margin-bottom-large:20px;--awb-spacing-left-large:1.92%;--awb-width-medium:100%;--awb-order-medium:0;--awb-spacing-right-medium:1.92%;--awb-spacing-left-medium:1.92%;--awb-width-small:100%;--awb-order-small:0;--awb-spacing-right-small:1.92%;--awb-spacing-left-small:1.92%;\"><div class=\"fusion-column-wrapper fusion-column-has-shadow fusion-flex-justify-content-flex-start fusion-content-layout-column\">\n<img src=\"https:\/\/www.honecable.com\/wp-content\/uploads\/2021\/06\/HOC-FTTH-solution-with-fiber-optic-cable-and-distribution-products-1.jpg\" alt=\"\" width=\"1250\" height=\"977\" usemap=\"#Map\">\n<map name=\"Map\">\n  <area shape=\"circle\" coords=\"354,277,23\" href=\"https:\/\/www.honecable.com\/fr\/product\/cable-a-fibre-optique-blinde-cable-blinde-leger-unitube\/\" target=\"_self\">\n  <area shape=\"rect\" coords=\"90,531,311,663\" href=\"https:\/\/www.honecable.com\/fr\/product\/cable-a-fibre-optique-blinde-cable-blinde-leger-unitube\/\" target=\"_self\">\n  <area shape=\"rect\" coords=\"359,531,569,663\" href=\"https:\/\/www.honecable.com\/fr\/product\/armoire-de-distribution-de-connexion-croisee-exterieure-pour-armoire-a-fibres\/\" target=\"_self\">\n  <area shape=\"circle\" coords=\"464,245,24\" href=\"https:\/\/www.honecable.com\/fr\/product\/armoire-de-distribution-de-connexion-croisee-exterieure-pour-armoire-a-fibres\/\" target=\"_self\">\n  <area shape=\"circle\" coords=\"562,212,25\" href=\"https:\/\/www.honecable.com\/fr\/product\/separateur-optique-de-plc-de-boite-dabs-de-mode-unitaire-du-diviseur-1x16-sc-de-fibre\/\" target=\"_self\">\n  <area shape=\"rect\" coords=\"664,531,877,660\" href=\"https:\/\/www.honecable.com\/fr\/product\/separateur-optique-de-plc-de-boite-dabs-de-mode-unitaire-du-diviseur-1x16-sc-de-fibre\/\" target=\"_self\">\n  <area shape=\"rect\" coords=\"933,533,1136,662\" href=\"https:\/\/www.honecable.com\/fr\/product\/cas-depissure-de-joint-de-cable-de-fibre-horizontale-de-fermeture-depissure\/\" target=\"_self\">\n  <area shape=\"circle\" coords=\"684,213,22\" href=\"https:\/\/www.honecable.com\/fr\/product\/cas-depissure-de-joint-de-cable-de-fibre-horizontale-de-fermeture-depissure\/\" target=\"_self\">\n  <area shape=\"circle\" coords=\"729,149,24\" href=\"https:\/\/www.honecable.com\/fr\/product\/fermeture-depissure-a-fibre-optique-verticale-3-en-3-sorties-en-dome\/\" target=\"_self\">\n  <area shape=\"rect\" coords=\"90,676,312,795\" href=\"https:\/\/www.honecable.com\/fr\/product\/fermeture-depissure-a-fibre-optique-verticale-3-en-3-sorties-en-dome\/\" target=\"_self\">\n  <area shape=\"rect\" coords=\"933,674,1143,800\" href=\"https:\/\/www.honecable.com\/fr\/product\/boite-de-terminaison-de-fibre-optique-boite-de-distribution-murale-exterieure\/\" target=\"_self\">\n  <area shape=\"circle\" coords=\"432,83,19\" href=\"https:\/\/www.honecable.com\/fr\/product\/boite-de-terminaison-de-fibre-optique-boite-de-distribution-murale-exterieure\/\" target=\"_self\">\n  <area shape=\"circle\" coords=\"781,264,23\" href=\"https:\/\/www.honecable.com\/fr\/product\/fibre-optique-box-exterieure-8-16-ports-fibre-distribution-fdb\/\" target=\"_self\">\n  <area shape=\"rect\" coords=\"90,811,313,942\" href=\"https:\/\/www.honecable.com\/fr\/product\/fibre-optique-box-exterieure-8-16-ports-fibre-distribution-fdb\/\" target=\"_self\">\n  <area shape=\"rect\" coords=\"359,679,569,796\" href=\"https:\/\/www.honecable.com\/fr\/product\/cable-micro-echoue-par-cable-optique-souffle-de-fibre-pour-le-reseau-metropolitain\/\" target=\"_self\">\n  <area shape=\"circle\" coords=\"652,130,21\" href=\"https:\/\/www.honecable.com\/fr\/product\/cable-micro-echoue-par-cable-optique-souffle-de-fibre-pour-le-reseau-metropolitain\/\" target=\"_self\">\n  <area shape=\"circle\" coords=\"853,306,20\" href=\"https:\/\/www.honecable.com\/ca-fr\/product\/cable-a-fibre-optique-adss-jusqua-800-m-dinstallation-aerienne-denvergure\/\" target=\"_self\">\n  <area shape=\"rect\" coords=\"359,814,571,942\" href=\"https:\/\/www.honecable.com\/ca-fr\/product\/cable-a-fibre-optique-adss-jusqua-800-m-dinstallation-aerienne-denvergure\/\" target=\"_self\">\n  <area shape=\"rect\" coords=\"932,816,1158,942\" href=\"https:\/\/www.honecable.com\/fr\/product\/cable-optique-autosuffisant-de-membre-de-force-de-frp-de-cable-dinterface-de-fibre\/\" target=\"_self\">\n  <area shape=\"circle\" coords=\"542,362,22\" href=\"https:\/\/www.honecable.com\/fr\/product\/cable-optique-autosuffisant-de-membre-de-force-de-frp-de-cable-dinterface-de-fibre\/\" target=\"_self\">\n  <area shape=\"circle\" coords=\"490,118,24\" href=\"https:\/\/www.honecable.com\/fr\/product\/cable-optique-micro-multi-coeur-dinterieur-de-cable-de-rupture-de-fibre\/\" target=\"_self\">\n  <area shape=\"rect\" coords=\"664,678,880,800\" href=\"https:\/\/www.honecable.com\/fr\/product\/cable-optique-micro-multi-coeur-dinterieur-de-cable-de-rupture-de-fibre\/\" target=\"_self\">\n  <area shape=\"rect\" coords=\"664,821,882,946\" href=\"https:\/\/www.honecable.com\/ca-fr\/product\/cable-aerien-non-blinde-unitube-de-cable-a-fibres-optiques-de-la-figure-8\/\" target=\"_self\">\n  <area shape=\"circle\" coords=\"685,296,23\" href=\"https:\/\/www.honecable.com\/ca-fr\/product\/cable-aerien-non-blinde-unitube-de-cable-a-fibres-optiques-de-la-figure-8\/\" target=\"_self\">\n<\/map>\n\n<\/html>\n<\/div><\/div><\/div><\/div><div class=\"fusion-fullwidth fullwidth-box fusion-builder-row-5 fusion-flex-container nonhundred-percent-fullwidth non-hundred-percent-height-scrolling\" style=\"--awb-border-radius-top-left:0px;--awb-border-radius-top-right:0px;--awb-border-radius-bottom-right:0px;--awb-border-radius-bottom-left:0px;--awb-flex-wrap:wrap;\" ><div class=\"fusion-builder-row fusion-row fusion-flex-align-items-flex-start fusion-flex-content-wrap\" style=\"max-width:1300px;margin-left: calc(-4% \/ 2 );margin-right: calc(-4% \/ 2 );\"><div class=\"fusion-layout-column fusion_builder_column fusion-builder-column-6 fusion_builder_column_1_1 1_1 fusion-flex-column\" style=\"--awb-bg-size:cover;--awb-width-large:100%;--awb-margin-top-large:0px;--awb-spacing-right-large:1.92%;--awb-margin-bottom-large:20px;--awb-spacing-left-large:1.92%;--awb-width-medium:100%;--awb-order-medium:0;--awb-spacing-right-medium:1.92%;--awb-spacing-left-medium:1.92%;--awb-width-small:100%;--awb-order-small:0;--awb-spacing-right-small:1.92%;--awb-spacing-left-small:1.92%;\"><div class=\"fusion-column-wrapper fusion-column-has-shadow fusion-flex-justify-content-flex-start fusion-content-layout-column\"><div class=\"fusion-text fusion-text-5\"><h4 style=\"font-size: 28px; text-align: left;\" data-fusion-font=\"true\">Plus de solutions<\/h4>\n<\/div><\/div><\/div><\/div><\/div><div class=\"fusion-fullwidth fullwidth-box fusion-builder-row-6 fusion-flex-container nonhundred-percent-fullwidth non-hundred-percent-height-scrolling\" style=\"--awb-border-radius-top-left:0px;--awb-border-radius-top-right:0px;--awb-border-radius-bottom-right:0px;--awb-border-radius-bottom-left:0px;--awb-flex-wrap:wrap;\" ><div class=\"fusion-builder-row fusion-row fusion-flex-align-items-flex-start fusion-flex-content-wrap\" style=\"max-width:1300px;margin-left: calc(-4% \/ 2 );margin-right: calc(-4% \/ 2 );\"><div class=\"fusion-layout-column fusion_builder_column fusion-builder-column-7 fusion_builder_column_1_4 1_4 fusion-flex-column fusion-column-inner-bg-wrapper\" style=\"--awb-overflow:hidden;--awb-inner-bg-size:cover;--awb-border-radius:10px 10px 10px 10px;--awb-inner-bg-border-radius:10px 10px 10px 10px;--awb-inner-bg-overflow:hidden;--awb-width-large:25%;--awb-margin-top-large:0px;--awb-spacing-right-large:7.68%;--awb-margin-bottom-large:20px;--awb-spacing-left-large:7.68%;--awb-width-medium:25%;--awb-order-medium:0;--awb-spacing-right-medium:7.68%;--awb-spacing-left-medium:7.68%;--awb-width-small:100%;--awb-order-small:0;--awb-spacing-right-small:1.92%;--awb-spacing-left-small:1.92%;\"><span class=\"fusion-column-inner-bg hover-type-zoomin\"><a class=\"fusion-column-anchor\" href=\"http:\/\/honecable.com\/solutions\/\" target=\"_blank\" rel=\"noopener\"><span class=\"fusion-column-inner-bg-image\"><\/span><\/a><\/span><div class=\"fusion-column-wrapper fusion-column-has-shadow fusion-flex-justify-content-flex-start fusion-content-layout-column\"><div class=\"fusion-image-element \" style=\"--awb-liftup-border-radius:0px;--awb-caption-title-font-family:var(--h2_typography-font-family);--awb-caption-title-font-weight:var(--h2_typography-font-weight);--awb-caption-title-font-style:var(--h2_typography-font-style);--awb-caption-title-size:var(--h2_typography-font-size);--awb-caption-title-transform:var(--h2_typography-text-transform);--awb-caption-title-line-height:var(--h2_typography-line-height);--awb-caption-title-letter-spacing:var(--h2_typography-letter-spacing);\"><div class=\"awb-image-frame awb-image-frame-2 imageframe-liftup\"><span class=\" fusion-imageframe imageframe-none imageframe-2\"><img decoding=\"async\" width=\"287\" height=\"206\" title=\"solution reference\" src=\"http:\/\/honecable.com\/wp-content\/uploads\/2021\/04\/solution-reference.jpg\" alt class=\"img-responsive wp-image-38964\" srcset=\"https:\/\/www.honecable.com\/wp-content\/uploads\/2021\/04\/solution-reference-200x144.jpg 200w, https:\/\/www.honecable.com\/wp-content\/uploads\/2021\/04\/solution-reference.jpg 287w\" sizes=\"(max-width: 640px) 100vw, 287px\" \/><\/span><\/div><\/div><\/div><\/div><div class=\"fusion-layout-column fusion_builder_column fusion-builder-column-8 fusion_builder_column_1_4 1_4 fusion-flex-column fusion-column-inner-bg-wrapper\" style=\"--awb-overflow:hidden;--awb-inner-bg-size:cover;--awb-border-radius:10px 10px 10px 10px;--awb-inner-bg-border-radius:10px 10px 10px 10px;--awb-inner-bg-overflow:hidden;--awb-width-large:25%;--awb-margin-top-large:0px;--awb-spacing-right-large:7.68%;--awb-margin-bottom-large:20px;--awb-spacing-left-large:7.68%;--awb-width-medium:25%;--awb-order-medium:0;--awb-spacing-right-medium:7.68%;--awb-spacing-left-medium:7.68%;--awb-width-small:100%;--awb-order-small:0;--awb-spacing-right-small:1.92%;--awb-spacing-left-small:1.92%;\"><span class=\"fusion-column-inner-bg hover-type-none\"><a class=\"fusion-column-anchor\" href=\"http:\/\/honecable.com\/inquiry\/\" target=\"_blank\" rel=\"noopener\"><span class=\"fusion-column-inner-bg-image\"><\/span><\/a><\/span><div class=\"fusion-column-wrapper fusion-column-has-shadow fusion-flex-justify-content-flex-start fusion-content-layout-column\"><div class=\"fusion-image-element \" style=\"--awb-liftup-border-radius:0px;--awb-caption-title-font-family:var(--h2_typography-font-family);--awb-caption-title-font-weight:var(--h2_typography-font-weight);--awb-caption-title-font-style:var(--h2_typography-font-style);--awb-caption-title-size:var(--h2_typography-font-size);--awb-caption-title-transform:var(--h2_typography-text-transform);--awb-caption-title-line-height:var(--h2_typography-line-height);--awb-caption-title-letter-spacing:var(--h2_typography-letter-spacing);\"><div class=\"awb-image-frame awb-image-frame-3 imageframe-liftup\"><span class=\" fusion-imageframe imageframe-none imageframe-3\"><img decoding=\"async\" width=\"287\" height=\"206\" title=\"hoc online service\" src=\"http:\/\/honecable.com\/wp-content\/uploads\/2021\/04\/online-service-2.jpg\" alt class=\"img-responsive wp-image-38951\" srcset=\"https:\/\/www.honecable.com\/wp-content\/uploads\/2021\/04\/online-service-2-200x144.jpg 200w, https:\/\/www.honecable.com\/wp-content\/uploads\/2021\/04\/online-service-2.jpg 287w\" sizes=\"(max-width: 640px) 100vw, 287px\" \/><\/span><\/div><\/div><\/div><\/div><div class=\"fusion-layout-column fusion_builder_column fusion-builder-column-9 fusion_builder_column_1_4 1_4 fusion-flex-column\" style=\"--awb-bg-size:cover;--awb-width-large:25%;--awb-margin-top-large:0px;--awb-spacing-right-large:7.68%;--awb-margin-bottom-large:20px;--awb-spacing-left-large:7.68%;--awb-width-medium:25%;--awb-order-medium:0;--awb-spacing-right-medium:7.68%;--awb-spacing-left-medium:7.68%;--awb-width-small:100%;--awb-order-small:0;--awb-spacing-right-small:1.92%;--awb-spacing-left-small:1.92%;\"><div class=\"fusion-column-wrapper fusion-column-has-shadow fusion-flex-justify-content-flex-start fusion-content-layout-column\"><\/div><\/div><div class=\"fusion-layout-column fusion_builder_column fusion-builder-column-10 fusion_builder_column_1_4 1_4 fusion-flex-column\" style=\"--awb-bg-size:cover;--awb-width-large:25%;--awb-margin-top-large:0px;--awb-spacing-right-large:7.68%;--awb-margin-bottom-large:20px;--awb-spacing-left-large:7.68%;--awb-width-medium:25%;--awb-order-medium:0;--awb-spacing-right-medium:7.68%;--awb-spacing-left-medium:7.68%;--awb-width-small:100%;--awb-order-small:0;--awb-spacing-right-small:1.92%;--awb-spacing-left-small:1.92%;\"><div class=\"fusion-column-wrapper fusion-column-has-shadow fusion-flex-justify-content-flex-start fusion-content-layout-column\"><\/div><\/div><\/div><\/div><\/p>\n","protected":false},"excerpt":{"rendered":"","protected":false},"author":1,"featured_media":0,"parent":22284,"menu_order":1,"comment_status":"closed","ping_status":"closed","template":"","meta":{"_seopress_robots_primary_cat":"","_seopress_titles_title":"","_seopress_titles_desc":"","_seopress_robots_index":"","footnotes":"","_vp_format_video_url":"","_vp_image_focal_point":[]},"_links":{"self":[{"href":"https:\/\/www.honecable.com\/ca-fr\/wp-json\/wp\/v2\/pages\/22288"}],"collection":[{"href":"https:\/\/www.honecable.com\/ca-fr\/wp-json\/wp\/v2\/pages"}],"about":[{"href":"https:\/\/www.honecable.com\/ca-fr\/wp-json\/wp\/v2\/types\/page"}],"author":[{"embeddable":true,"href":"https:\/\/www.honecable.com\/ca-fr\/wp-json\/wp\/v2\/users\/1"}],"replies":[{"embeddable":true,"href":"https:\/\/www.honecable.com\/ca-fr\/wp-json\/wp\/v2\/comments?post=22288"}],"version-history":[{"count":0,"href":"https:\/\/www.honecable.com\/ca-fr\/wp-json\/wp\/v2\/pages\/22288\/revisions"}],"up":[{"embeddable":true,"href":"https:\/\/www.honecable.com\/ca-fr\/wp-json\/wp\/v2\/pages\/22284"}],"wp:attachment":[{"href":"https:\/\/www.honecable.com\/ca-fr\/wp-json\/wp\/v2\/media?parent=22288"}],"curies":[{"name":"wp","href":"https:\/\/api.w.org\/{rel}","templated":true}]}}