{"id":38148,"date":"2022-02-02T19:39:26","date_gmt":"2022-02-02T11:39:26","guid":{"rendered":"https:\/\/www.honecable.com\/ueber-honig\/galerie\/"},"modified":"2022-03-31T11:56:51","modified_gmt":"2022-03-31T03:56:51","slug":"galerie","status":"publish","type":"page","link":"https:\/\/www.honecable.com\/de\/galerie\/","title":{"rendered":"Galerie"},"content":{"rendered":"<p><div class=\"fusion-fullwidth fullwidth-box fusion-builder-row-1 fusion-flex-container nonhundred-percent-fullwidth non-hundred-percent-height-scrolling\" style=\"--link_color: #0173be;--awb-border-radius-top-left:0px;--awb-border-radius-top-right:0px;--awb-border-radius-bottom-right:0px;--awb-border-radius-bottom-left:0px;--awb-padding-top:120px;--awb-padding-bottom:144px;--awb-background-color:#f4f4f4;--awb-flex-wrap:wrap;\" ><div class=\"fusion-builder-row fusion-row fusion-flex-align-items-stretch fusion-flex-content-wrap\" style=\"max-width:calc( 1250px + 30px );margin-left: calc(-30px \/ 2 );margin-right: calc(-30px \/ 2 );\"><div class=\"fusion-layout-column fusion_builder_column fusion-builder-column-0 fusion_builder_column_1_1 1_1 fusion-flex-column\" style=\"--awb-bg-size:cover;--awb-width-large:100%;--awb-margin-top-large:0px;--awb-spacing-right-large:15px;--awb-margin-bottom-large:20px;--awb-spacing-left-large:15px;--awb-width-medium:100%;--awb-order-medium:0;--awb-spacing-right-medium:15px;--awb-spacing-left-medium:15px;--awb-width-small:100%;--awb-order-small:0;--awb-spacing-right-small:15px;--awb-spacing-left-small:15px;\"><div class=\"fusion-column-wrapper fusion-column-has-shadow fusion-flex-justify-content-flex-start fusion-content-layout-column\"><div class=\"fusion-text fusion-text-1\"><h2 style=\"font-size: 40px; text-align: center;\"><b style=\"color: rgb(1, 115, 190); font-family: Inter; font-weight: 700;\" data-fusion-font=\"true\" data-fusion-google-font=\"Inter\" data-fusion-google-variant=\"700\">HOC Glasfaserkabel Galerie<\/b><\/h2>\n<\/div><\/div><\/div><div class=\"fusion-layout-column fusion_builder_column fusion-builder-column-1 fusion_builder_column_1_3 1_3 fusion-flex-column\" style=\"--awb-overflow:hidden;--awb-bg-color:#ffffff;--awb-bg-color-hover:#ffffff;--awb-bg-size:cover;--awb-border-radius:4px 4px 4px 4px;--awb-width-large:33.333333333333%;--awb-margin-top-large:40px;--awb-spacing-right-large:15px;--awb-margin-bottom-large:20px;--awb-spacing-left-large:15px;--awb-width-medium:33.333333333333%;--awb-order-medium:0;--awb-spacing-right-medium:15px;--awb-spacing-left-medium:15px;--awb-width-small:100%;--awb-order-small:0;--awb-spacing-right-small:15px;--awb-spacing-left-small:15px;\"><div class=\"fusion-column-wrapper fusion-column-has-shadow fusion-flex-justify-content-flex-start fusion-content-layout-column\"><div class=\"fusion-image-element \" style=\"--awb-margin-bottom:20px;--awb-caption-title-font-family:var(--h2_typography-font-family);--awb-caption-title-font-weight:var(--h2_typography-font-weight);--awb-caption-title-font-style:var(--h2_typography-font-style);--awb-caption-title-size:var(--h2_typography-font-size);--awb-caption-title-transform:var(--h2_typography-text-transform);--awb-caption-title-line-height:var(--h2_typography-line-height);--awb-caption-title-letter-spacing:var(--h2_typography-letter-spacing);\"><span class=\" fusion-imageframe imageframe-none imageframe-1 hover-type-none\"><a class=\"fusion-no-lightbox\" href=\"https:\/\/www.honecable.com\/de\/?page_id=48330\" target=\"_self\" aria-label=\"adss glasfaserkabel galerie\"><img decoding=\"async\" width=\"1000\" height=\"750\" alt=\"adss glasfaserkabel galerie\" src=\"https:\/\/www.honecable.com\/wp-content\/uploads\/2022\/02\/adss-fiber-optic-cable-gallery.jpg\" class=\"img-responsive wp-image-48387\" srcset=\"https:\/\/www.honecable.com\/wp-content\/uploads\/2022\/02\/adss-fiber-optic-cable-gallery-200x150.jpg 200w, https:\/\/www.honecable.com\/wp-content\/uploads\/2022\/02\/adss-fiber-optic-cable-gallery-400x300.jpg 400w, https:\/\/www.honecable.com\/wp-content\/uploads\/2022\/02\/adss-fiber-optic-cable-gallery-600x450.jpg 600w, https:\/\/www.honecable.com\/wp-content\/uploads\/2022\/02\/adss-fiber-optic-cable-gallery-800x600.jpg 800w, https:\/\/www.honecable.com\/wp-content\/uploads\/2022\/02\/adss-fiber-optic-cable-gallery.jpg 1000w\" sizes=\"(max-width: 640px) 100vw, 600px\" \/><\/a><\/span><\/div><div class=\"fusion-title title fusion-title-1 fusion-sep-none fusion-title-text fusion-title-size-three\" style=\"--awb-margin-right:30px;--awb-margin-bottom:30px;--awb-margin-left:30px;\"><h3 class=\"fusion-title-heading title-heading-left fusion-responsive-typography-calculated\" style=\"margin:0;--fontSize:28;--minFontSize:28;line-height:1.4;\">ADSS-Kabel<\/h3><\/div><div class=\"fusion-text fusion-text-2\" style=\"--awb-margin-right:30px;--awb-margin-left:30px;\"><p style=\"font-size: 16px;\" data-fusion-font=\"true\">Mit seinem geringen Eigengewicht und dem Schutz durch Armid-Garn ist das <a href=\"https:\/\/www.honecable.com\/de\/adss-fiber-optic-kabel\/\">ADSS-Glasfaserkabel<\/a> stark genug, um sich zwischen Masten oder T\u00fcrmen abzust\u00fctzen, ohne leitende mentale Elemente zu verwenden. Es hat eine gute Zugfestigkeit und Temperaturbest\u00e4ndigkeit.<\/p>\n<\/div><div class=\"fusion-text fusion-text-3\" style=\"--awb-margin-top:40px;--awb-margin-right:30px;--awb-margin-left:30px;\"><p><a href=\"https:\/\/www.honecable.com\/de\/?page_id=48330\">mehr lesen &gt;&gt;<\/a><\/p>\n<\/div><\/div><\/div><div class=\"fusion-layout-column fusion_builder_column fusion-builder-column-2 fusion_builder_column_1_3 1_3 fusion-flex-column\" style=\"--awb-overflow:hidden;--awb-bg-color:#ffffff;--awb-bg-color-hover:#ffffff;--awb-bg-size:cover;--awb-border-radius:4px 4px 4px 4px;--awb-width-large:33.333333333333%;--awb-margin-top-large:40px;--awb-spacing-right-large:15px;--awb-margin-bottom-large:20px;--awb-spacing-left-large:15px;--awb-width-medium:33.333333333333%;--awb-order-medium:0;--awb-spacing-right-medium:15px;--awb-spacing-left-medium:15px;--awb-width-small:100%;--awb-order-small:0;--awb-spacing-right-small:15px;--awb-spacing-left-small:15px;\"><div class=\"fusion-column-wrapper fusion-column-has-shadow fusion-flex-justify-content-flex-start fusion-content-layout-column\"><div class=\"fusion-image-element \" style=\"--awb-margin-bottom:20px;--awb-caption-title-font-family:var(--h2_typography-font-family);--awb-caption-title-font-weight:var(--h2_typography-font-weight);--awb-caption-title-font-style:var(--h2_typography-font-style);--awb-caption-title-size:var(--h2_typography-font-size);--awb-caption-title-transform:var(--h2_typography-text-transform);--awb-caption-title-line-height:var(--h2_typography-line-height);--awb-caption-title-letter-spacing:var(--h2_typography-letter-spacing);\"><span class=\" fusion-imageframe imageframe-none imageframe-2 hover-type-none\"><a class=\"fusion-no-lightbox\" href=\"https:\/\/www.honecable.com\/de\/?page_id=47848\" target=\"_self\" aria-label=\"cst fiber cable supplier\"><img decoding=\"async\" width=\"1000\" height=\"750\" alt=\"cst fiber cable supplier\" src=\"https:\/\/www.honecable.com\/wp-content\/uploads\/2022\/03\/cst-fiber-cable-supplier.jpg\" class=\"img-responsive wp-image-56981\" srcset=\"https:\/\/www.honecable.com\/wp-content\/uploads\/2022\/03\/cst-fiber-cable-supplier-200x150.jpg 200w, https:\/\/www.honecable.com\/wp-content\/uploads\/2022\/03\/cst-fiber-cable-supplier-400x300.jpg 400w, https:\/\/www.honecable.com\/wp-content\/uploads\/2022\/03\/cst-fiber-cable-supplier-600x450.jpg 600w, https:\/\/www.honecable.com\/wp-content\/uploads\/2022\/03\/cst-fiber-cable-supplier-800x600.jpg 800w, https:\/\/www.honecable.com\/wp-content\/uploads\/2022\/03\/cst-fiber-cable-supplier.jpg 1000w\" sizes=\"(max-width: 640px) 100vw, 600px\" \/><\/a><\/span><\/div><div class=\"fusion-title title fusion-title-2 fusion-sep-none fusion-title-text fusion-title-size-three\" style=\"--awb-margin-right:30px;--awb-margin-bottom:30px;--awb-margin-left:30px;\"><h3 class=\"fusion-title-heading title-heading-left fusion-responsive-typography-calculated\" style=\"margin:0;--fontSize:28;--minFontSize:28;line-height:1.4;\">CST-Faserkabel<\/h3><\/div><div class=\"fusion-text fusion-text-4\" style=\"--awb-margin-right:30px;--awb-margin-left:30px;\"><p style=\"font-size: 16px;\" data-fusion-font=\"true\"><a href=\"https:\/\/www.honecable.com\/de\/cst-lichtwellenleiter\/\">CST-Glasfaserkabel<\/a> haben eine Schutzschicht aus gewelltem Stahlband um die Unirohr- oder MLT-B\u00fcndelader aus Glasfasern. Fasern mit 4 Adern und bis zu 288 Adern f\u00fcr unterschiedliche Strukturen.<\/p>\n<\/div><div class=\"fusion-text fusion-text-5\" style=\"--awb-margin-top:40px;--awb-margin-right:30px;--awb-margin-left:30px;\"><p><a href=\"https:\/\/www.honecable.com\/de\/?page_id=47848\">mehr lesen &gt;&gt;<\/a><\/p>\n<\/div><\/div><\/div><div class=\"fusion-layout-column fusion_builder_column fusion-builder-column-3 fusion_builder_column_1_3 1_3 fusion-flex-column\" style=\"--awb-overflow:hidden;--awb-bg-color:#ffffff;--awb-bg-color-hover:#ffffff;--awb-bg-size:cover;--awb-border-radius:4px 4px 4px 4px;--awb-width-large:33.333333333333%;--awb-margin-top-large:40px;--awb-spacing-right-large:15px;--awb-margin-bottom-large:20px;--awb-spacing-left-large:15px;--awb-width-medium:33.333333333333%;--awb-order-medium:0;--awb-spacing-right-medium:15px;--awb-spacing-left-medium:15px;--awb-width-small:100%;--awb-order-small:0;--awb-spacing-right-small:15px;--awb-spacing-left-small:15px;\"><div class=\"fusion-column-wrapper fusion-column-has-shadow fusion-flex-justify-content-flex-start fusion-content-layout-column\"><div class=\"fusion-image-element \" style=\"--awb-margin-bottom:20px;--awb-caption-title-font-family:var(--h2_typography-font-family);--awb-caption-title-font-weight:var(--h2_typography-font-weight);--awb-caption-title-font-style:var(--h2_typography-font-style);--awb-caption-title-size:var(--h2_typography-font-size);--awb-caption-title-transform:var(--h2_typography-text-transform);--awb-caption-title-line-height:var(--h2_typography-line-height);--awb-caption-title-letter-spacing:var(--h2_typography-letter-spacing);\"><span class=\" fusion-imageframe imageframe-none imageframe-3 hover-type-none\"><a class=\"fusion-no-lightbox\" href=\"https:\/\/www.honecable.com\/de\/galerie\/swa-fiber-optic-cable\/\" target=\"_self\" aria-label=\"Steel Wire Armor Fiber\"><img decoding=\"async\" width=\"1000\" height=\"750\" alt=\"steel wire armor fiber\" src=\"https:\/\/www.honecable.com\/wp-content\/uploads\/2021\/11\/Steel-Wire-Armor-Fiber.jpg\" class=\"img-responsive wp-image-44351\" srcset=\"https:\/\/www.honecable.com\/wp-content\/uploads\/2021\/11\/Steel-Wire-Armor-Fiber-200x150.jpg 200w, https:\/\/www.honecable.com\/wp-content\/uploads\/2021\/11\/Steel-Wire-Armor-Fiber-400x300.jpg 400w, https:\/\/www.honecable.com\/wp-content\/uploads\/2021\/11\/Steel-Wire-Armor-Fiber-600x450.jpg 600w, https:\/\/www.honecable.com\/wp-content\/uploads\/2021\/11\/Steel-Wire-Armor-Fiber-800x600.jpg 800w, https:\/\/www.honecable.com\/wp-content\/uploads\/2021\/11\/Steel-Wire-Armor-Fiber.jpg 1000w\" sizes=\"(max-width: 640px) 100vw, 600px\" \/><\/a><\/span><\/div><div class=\"fusion-title title fusion-title-3 fusion-sep-none fusion-title-text fusion-title-size-three\" style=\"--awb-margin-right:30px;--awb-margin-bottom:30px;--awb-margin-left:30px;\"><h3 class=\"fusion-title-heading title-heading-left fusion-responsive-typography-calculated\" style=\"margin:0;--fontSize:28;--minFontSize:28;line-height:1.4;\">SWA-Faserkabel<\/h3><\/div><div class=\"fusion-text fusion-text-6\" style=\"--awb-margin-right:30px;--awb-margin-left:30px;\"><p style=\"font-size: 16px;\" data-fusion-font=\"true\">Die verbesserte Zug- und Schlagfestigkeit von SWA (steel wire armor), die gute Hydrolysebest\u00e4ndigkeit und die mechanische Leistung machen die <a href=\"https:\/\/www.honecable.com\/de\/?page_id=48740\">SWA-Faser<\/a> f\u00fcr die optische Unterwasser- und Erdverlegung geeignet.<\/p>\n<\/div><div class=\"fusion-text fusion-text-7\" style=\"--awb-margin-top:40px;--awb-margin-right:30px;--awb-margin-left:30px;\"><p><a href=\"https:\/\/www.honecable.com\/de\/galerie\/swa-fiber-optic-cable\/\">mehr lesen &gt;&gt;<\/a><\/p>\n<\/div><\/div><\/div><div class=\"fusion-layout-column fusion_builder_column fusion-builder-column-4 fusion_builder_column_1_3 1_3 fusion-flex-column\" style=\"--awb-overflow:hidden;--awb-bg-color:#ffffff;--awb-bg-color-hover:#ffffff;--awb-bg-size:cover;--awb-border-radius:4px 4px 4px 4px;--awb-width-large:33.333333333333%;--awb-margin-top-large:40px;--awb-spacing-right-large:15px;--awb-margin-bottom-large:20px;--awb-spacing-left-large:15px;--awb-width-medium:33.333333333333%;--awb-order-medium:0;--awb-spacing-right-medium:15px;--awb-spacing-left-medium:15px;--awb-width-small:100%;--awb-order-small:0;--awb-spacing-right-small:15px;--awb-spacing-left-small:15px;\"><div class=\"fusion-column-wrapper fusion-column-has-shadow fusion-flex-justify-content-flex-start fusion-content-layout-column\"><div class=\"fusion-image-element \" style=\"--awb-margin-bottom:20px;--awb-caption-title-font-family:var(--h2_typography-font-family);--awb-caption-title-font-weight:var(--h2_typography-font-weight);--awb-caption-title-font-style:var(--h2_typography-font-style);--awb-caption-title-size:var(--h2_typography-font-size);--awb-caption-title-transform:var(--h2_typography-text-transform);--awb-caption-title-line-height:var(--h2_typography-line-height);--awb-caption-title-letter-spacing:var(--h2_typography-letter-spacing);\"><span class=\" fusion-imageframe imageframe-none imageframe-4 hover-type-none\"><a class=\"fusion-no-lightbox\" href=\"https:\/\/www.honecable.com\/de\/?page_id=56562\" target=\"_self\" aria-label=\"abbildung 8 kabel 48 ader freiluft-faserkabel\"><img decoding=\"async\" width=\"1000\" height=\"750\" alt=\"abbildung 8 kabel 48 ader freiluft-faserkabel\" src=\"https:\/\/www.honecable.com\/wp-content\/uploads\/2022\/03\/figure-8-cable-48-core-outdoor-aerial-fiber-cable.jpg\" class=\"img-responsive wp-image-56786\" srcset=\"https:\/\/www.honecable.com\/wp-content\/uploads\/2022\/03\/figure-8-cable-48-core-outdoor-aerial-fiber-cable-200x150.jpg 200w, https:\/\/www.honecable.com\/wp-content\/uploads\/2022\/03\/figure-8-cable-48-core-outdoor-aerial-fiber-cable-400x300.jpg 400w, https:\/\/www.honecable.com\/wp-content\/uploads\/2022\/03\/figure-8-cable-48-core-outdoor-aerial-fiber-cable-600x450.jpg 600w, https:\/\/www.honecable.com\/wp-content\/uploads\/2022\/03\/figure-8-cable-48-core-outdoor-aerial-fiber-cable-800x600.jpg 800w, https:\/\/www.honecable.com\/wp-content\/uploads\/2022\/03\/figure-8-cable-48-core-outdoor-aerial-fiber-cable.jpg 1000w\" sizes=\"(max-width: 640px) 100vw, 600px\" \/><\/a><\/span><\/div><div class=\"fusion-title title fusion-title-4 fusion-sep-none fusion-title-text fusion-title-size-three\" style=\"--awb-margin-right:30px;--awb-margin-bottom:30px;--awb-margin-left:30px;\"><h3 class=\"fusion-title-heading title-heading-left fusion-responsive-typography-calculated\" style=\"margin:0;--fontSize:28;--minFontSize:28;line-height:1.4;\">Abbildung 8 Kabel<\/h3><\/div><div class=\"fusion-text fusion-text-8\" style=\"--awb-margin-right:30px;--awb-margin-left:30px;\"><p style=\"font-size: 16px;\" data-fusion-font=\"true\">Mit der Stahllitze als selbsttragendem Teil des Glasfaserkabels <a href=\"https:\/\/www.honecable.com\/de\/?page_id=53485\">kann das 8er Glasfaserkabel<\/a> eine sehr hohe Zugfestigkeit w\u00e4hrend der Installation und des Betriebs erreichen.<\/p>\n<\/div><div class=\"fusion-text fusion-text-9\" style=\"--awb-margin-top:40px;--awb-margin-right:30px;--awb-margin-left:30px;\"><p><a href=\"https:\/\/www.honecable.com\/de\/?page_id=56562\">mehr lesen &gt;&gt;<\/a><\/p>\n<\/div><\/div><\/div><div class=\"fusion-layout-column fusion_builder_column fusion-builder-column-5 fusion_builder_column_1_3 1_3 fusion-flex-column\" style=\"--awb-overflow:hidden;--awb-bg-color:#ffffff;--awb-bg-color-hover:#ffffff;--awb-bg-size:cover;--awb-border-radius:4px 4px 4px 4px;--awb-width-large:33.333333333333%;--awb-margin-top-large:40px;--awb-spacing-right-large:15px;--awb-margin-bottom-large:20px;--awb-spacing-left-large:15px;--awb-width-medium:33.333333333333%;--awb-order-medium:0;--awb-spacing-right-medium:15px;--awb-spacing-left-medium:15px;--awb-width-small:100%;--awb-order-small:0;--awb-spacing-right-small:15px;--awb-spacing-left-small:15px;\"><div class=\"fusion-column-wrapper fusion-column-has-shadow fusion-flex-justify-content-flex-start fusion-content-layout-column\"><div class=\"fusion-image-element \" style=\"--awb-margin-bottom:20px;--awb-caption-title-font-family:var(--h2_typography-font-family);--awb-caption-title-font-weight:var(--h2_typography-font-weight);--awb-caption-title-font-style:var(--h2_typography-font-style);--awb-caption-title-size:var(--h2_typography-font-size);--awb-caption-title-transform:var(--h2_typography-text-transform);--awb-caption-title-line-height:var(--h2_typography-line-height);--awb-caption-title-letter-spacing:var(--h2_typography-letter-spacing);\"><span class=\" fusion-imageframe imageframe-none imageframe-5 hover-type-none\"><a class=\"fusion-no-lightbox\" href=\"https:\/\/www.honecable.com\/de\/?page_id=57248\" target=\"_self\" aria-label=\"Hybrid-Glasfaserkabel 12-adrig\"><img decoding=\"async\" width=\"1000\" height=\"750\" alt=\"Hybrid-Glasfaserkabel 12-adrig\" src=\"https:\/\/www.honecable.com\/wp-content\/uploads\/2022\/03\/hybrid-fiber-optic-cable-12-core.jpg\" class=\"img-responsive wp-image-57315\" srcset=\"https:\/\/www.honecable.com\/wp-content\/uploads\/2022\/03\/hybrid-fiber-optic-cable-12-core-200x150.jpg 200w, https:\/\/www.honecable.com\/wp-content\/uploads\/2022\/03\/hybrid-fiber-optic-cable-12-core-400x300.jpg 400w, https:\/\/www.honecable.com\/wp-content\/uploads\/2022\/03\/hybrid-fiber-optic-cable-12-core-600x450.jpg 600w, https:\/\/www.honecable.com\/wp-content\/uploads\/2022\/03\/hybrid-fiber-optic-cable-12-core-800x600.jpg 800w, https:\/\/www.honecable.com\/wp-content\/uploads\/2022\/03\/hybrid-fiber-optic-cable-12-core.jpg 1000w\" sizes=\"(max-width: 640px) 100vw, 600px\" \/><\/a><\/span><\/div><div class=\"fusion-title title fusion-title-5 fusion-sep-none fusion-title-text fusion-title-size-three\" style=\"--awb-margin-right:30px;--awb-margin-bottom:30px;--awb-margin-left:30px;\"><h3 class=\"fusion-title-heading title-heading-left fusion-responsive-typography-calculated\" style=\"margin:0;--fontSize:28;--minFontSize:28;line-height:1.4;\">Hybridfaserkabel<\/h3><\/div><div class=\"fusion-text fusion-text-10\" style=\"--awb-margin-right:30px;--awb-margin-left:30px;\"><p style=\"font-size: 16px;\" data-fusion-font=\"true\"><span data-fusion-font=\"true\" style=\"font-size: 16px;\"><a href=\"https:\/\/www.honecable.com\/de\/?page_id=51027\">Das Hybridkabel<\/a> integriert optische und kupferne Leitungen in ein und demselben Kabel und l\u00f6st damit das Problem des Breitbandzugangs, der Stromversorgung von Remote-Ger\u00e4ten und der Signal\u00fcbertragung.<\/span><\/p>\n<\/div><div class=\"fusion-text fusion-text-11\" style=\"--awb-margin-top:40px;--awb-margin-right:30px;--awb-margin-left:30px;\"><p><a href=\"https:\/\/www.honecable.com\/de\/?page_id=57248\">mehr lesen &gt;&gt;<\/a><\/p>\n<\/div><\/div><\/div><\/div><\/div><div class=\"fusion-fullwidth fullwidth-box fusion-builder-row-2 fusion-flex-container nonhundred-percent-fullwidth non-hundred-percent-height-scrolling\" style=\"--awb-border-radius-top-left:0px;--awb-border-radius-top-right:0px;--awb-border-radius-bottom-right:0px;--awb-border-radius-bottom-left:0px;--awb-padding-top:60px;--awb-padding-bottom:44px;--awb-background-color:#f4f4f4;--awb-flex-wrap:wrap;\" ><div class=\"fusion-builder-row fusion-row fusion-flex-align-items-flex-start fusion-flex-justify-content-center fusion-flex-content-wrap\" style=\"max-width:1300px;margin-left: calc(-4% \/ 2 );margin-right: calc(-4% \/ 2 );\"><div class=\"fusion-layout-column fusion_builder_column fusion-builder-column-6 fusion-flex-column fusion-flex-align-self-center\" style=\"--awb-padding-top:60px;--awb-padding-bottom:60px;--awb-overflow:hidden;--awb-bg-color:#012a60;--awb-bg-color-hover:#012a60;--awb-bg-image:linear-gradient(213deg, #0173be 75%,#012a60 98%);--awb-bg-size:cover;--awb-border-radius:8px 8px 8px 8px;--awb-width-large:88%;--awb-margin-top-large:0px;--awb-spacing-right-large:2.1818181818182%;--awb-margin-bottom-large:-160px;--awb-spacing-left-large:2.1818181818182%;--awb-width-medium:88%;--awb-order-medium:0;--awb-spacing-right-medium:2.1818181818182%;--awb-spacing-left-medium:2.1818181818182%;--awb-width-small:100%;--awb-order-small:0;--awb-spacing-right-small:1.92%;--awb-spacing-left-small:1.92%;\"><div class=\"fusion-column-wrapper fusion-column-has-shadow fusion-flex-justify-content-center fusion-content-layout-row fusion-flex-align-items-center\"><div class=\"fusion-text fusion-text-12\" style=\"--awb-margin-right:40px;--awb-margin-left:40px;\"><p style=\"color: #ffffff; font-size: 44px; text-align: center; font-family: Inter; font-weight: bold;\" data-fusion-font=\"true\" data-fusion-google-font=\"Inter\" data-fusion-google-variant=\"700\">Kontakt zu Ihren Experten f\u00fcr Glasfaserkabel<\/p>\n<\/div><div class=\"fusion-builder-row fusion-builder-row-inner fusion-row fusion-flex-align-items-flex-start fusion-flex-justify-content-center fusion-flex-content-wrap\" style=\"width:104% !important;max-width:104% !important;margin-left: calc(-4% \/ 2 );margin-right: calc(-4% \/ 2 );\"><div class=\"fusion-layout-column fusion_builder_column_inner fusion-builder-nested-column-0 fusion_builder_column_inner_1_1 1_1 fusion-flex-column\" style=\"--awb-padding-right:40px;--awb-padding-left:40px;--awb-bg-size:cover;--awb-width-large:100%;--awb-margin-top-large:0px;--awb-spacing-right-large:1.92%;--awb-margin-bottom-large:20px;--awb-spacing-left-large:1.92%;--awb-width-medium:100%;--awb-order-medium:0;--awb-spacing-right-medium:1.92%;--awb-spacing-left-medium:1.92%;--awb-width-small:100%;--awb-order-small:0;--awb-spacing-right-small:1.92%;--awb-spacing-left-small:1.92%;\"><div class=\"fusion-column-wrapper fusion-column-has-shadow fusion-flex-justify-content-flex-start fusion-content-layout-column\"><div class=\"fusion-text fusion-text-13\"><p style=\"text-align: center; color: #ffffff;\">Wir helfen Ihnen, die Fallstricke zu vermeiden und die Qualit\u00e4t und den Wert Ihres Glasfaserkabels p\u00fcnktlich und im Rahmen des Budgets zu liefern.<\/p>\n<\/div><\/div><\/div><\/div><div ><a class=\"fusion-button button-flat button-xlarge button-custom fusion-button-default button-1 fusion-button-default-span fusion-button-default-type\" style=\"--button_accent_color:#ffffff;--button_accent_hover_color:#012a60;--button_border_hover_color:#ffffff;--button_border_width-top:4px;--button_border_width-right:4px;--button_border_width-bottom:4px;--button_border_width-left:4px;--button-border-radius-top-left:16px;--button-border-radius-top-right:16px;--button-border-radius-bottom-right:16px;--button-border-radius-bottom-left:16px;--button_gradient_top_color:#0173be;--button_gradient_bottom_color:#0173be;--button_gradient_top_color_hover:#ffffff;--button_gradient_bottom_color_hover:#ffffff;\" target=\"_self\" href=\"https:\/\/www.honecable.com\/de\/anfrage\/\"><span class=\"fusion-button-text\">Kontakt zum HOC<\/span><\/a><\/div><\/div><\/div><\/div><\/div><div class=\"fusion-fullwidth fullwidth-box fusion-builder-row-3 fusion-flex-container nonhundred-percent-fullwidth non-hundred-percent-height-scrolling\" style=\"--awb-border-radius-top-left:0px;--awb-border-radius-top-right:0px;--awb-border-radius-bottom-right:0px;--awb-border-radius-bottom-left:0px;--awb-padding-top:40px;--awb-padding-bottom:60px;--awb-background-color:#191f22;--awb-flex-wrap:wrap;\" ><div class=\"fusion-builder-row fusion-row fusion-flex-align-items-flex-start fusion-flex-content-wrap\" style=\"max-width:1300px;margin-left: calc(-4% \/ 2 );margin-right: calc(-4% \/ 2 );\"><div class=\"fusion-layout-column fusion_builder_column fusion-builder-column-7 fusion_builder_column_1_1 1_1 fusion-flex-column\" style=\"--awb-bg-size:cover;--awb-width-large:100%;--awb-margin-top-large:0px;--awb-spacing-right-large:1.92%;--awb-margin-bottom-large:20px;--awb-spacing-left-large:1.92%;--awb-width-medium:100%;--awb-order-medium:0;--awb-spacing-right-medium:1.92%;--awb-spacing-left-medium:1.92%;--awb-width-small:100%;--awb-order-small:0;--awb-spacing-right-small:1.92%;--awb-spacing-left-small:1.92%;\"><div class=\"fusion-column-wrapper fusion-column-has-shadow fusion-flex-justify-content-flex-start fusion-content-layout-column\"><\/div><\/div><\/div><\/div><\/p>\n","protected":false},"excerpt":{"rendered":"","protected":false},"author":1,"featured_media":0,"parent":0,"menu_order":0,"comment_status":"closed","ping_status":"closed","template":"100-width.php","meta":{"_seopress_robots_primary_cat":"","_seopress_titles_title":"","_seopress_titles_desc":"","_seopress_robots_index":"","footnotes":"","_vp_format_video_url":"","_vp_image_focal_point":[]},"_links":{"self":[{"href":"https:\/\/www.honecable.com\/de\/wp-json\/wp\/v2\/pages\/38148"}],"collection":[{"href":"https:\/\/www.honecable.com\/de\/wp-json\/wp\/v2\/pages"}],"about":[{"href":"https:\/\/www.honecable.com\/de\/wp-json\/wp\/v2\/types\/page"}],"author":[{"embeddable":true,"href":"https:\/\/www.honecable.com\/de\/wp-json\/wp\/v2\/users\/1"}],"replies":[{"embeddable":true,"href":"https:\/\/www.honecable.com\/de\/wp-json\/wp\/v2\/comments?post=38148"}],"version-history":[{"count":0,"href":"https:\/\/www.honecable.com\/de\/wp-json\/wp\/v2\/pages\/38148\/revisions"}],"wp:attachment":[{"href":"https:\/\/www.honecable.com\/de\/wp-json\/wp\/v2\/media?parent=38148"}],"curies":[{"name":"wp","href":"https:\/\/api.w.org\/{rel}","templated":true}]}}