{"id":63006,"date":"2022-04-22T13:09:10","date_gmt":"2022-04-22T05:09:10","guid":{"rendered":"https:\/\/www.honecable.com\/?page_id=63006"},"modified":"2022-09-14T16:51:11","modified_gmt":"2022-09-14T08:51:11","slug":"cable-de-fibra-de-acero-con-raya-de-color","status":"publish","type":"page","link":"https:\/\/www.honecable.com\/es\/estudios-de-caso\/cable-de-fibra-de-acero-con-raya-de-color\/","title":{"rendered":"Cable de fibra blindado con cinta de acero y franja de color"},"content":{"rendered":"<p><div class=\"fusion-fullwidth fullwidth-box fusion-builder-row-1 fusion-flex-container nonhundred-percent-fullwidth non-hundred-percent-height-scrolling\" style=\"--awb-border-radius-top-left:0px;--awb-border-radius-top-right:0px;--awb-border-radius-bottom-right:0px;--awb-border-radius-bottom-left:0px;--awb-padding-top:60px;--awb-padding-bottom:100px;--awb-margin-top:0px;--awb-flex-wrap:wrap;\" ><div class=\"fusion-builder-row fusion-row fusion-flex-align-items-stretch fusion-flex-justify-content-center fusion-flex-content-wrap\" style=\"max-width:calc( 1250px + 20px );margin-left: calc(-20px \/ 2 );margin-right: calc(-20px \/ 2 );\"><div class=\"fusion-layout-column fusion_builder_column fusion-builder-column-0 fusion_builder_column_4_5 4_5 fusion-flex-column\" style=\"--awb-bg-size:cover;--awb-width-large:80%;--awb-margin-top-large:0px;--awb-spacing-right-large:10px;--awb-margin-bottom-large:0px;--awb-spacing-left-large:10px;--awb-width-medium:80%;--awb-order-medium:0;--awb-spacing-right-medium:10px;--awb-spacing-left-medium:10px;--awb-width-small:100%;--awb-order-small:0;--awb-spacing-right-small:10px;--awb-spacing-left-small:10px;\"><div class=\"fusion-column-wrapper fusion-column-has-shadow fusion-flex-justify-content-flex-start fusion-content-layout-column\"><div class=\"fusion-text fusion-text-1\"><h2 class=\"\" style=\"font-size: 36px; --fontsize: 36; line-height: 1.6; --minfontsize: 36; text-align: left;\" data-fontsize=\"36\" data-lineheight=\"57.6px\"><b style=\"font-size: 40px; color: #0173be; font-family: Inter; font-weight: bold;\" data-fusion-font=\"true\" data-fusion-google-font=\"Inter\" data-fusion-google-variant=\"700\">Cable de fibra blindado de acero con franja de color<\/b><\/h2>\n<\/div><\/div><\/div><div class=\"fusion-layout-column fusion_builder_column fusion-builder-column-1 fusion_builder_column_4_5 4_5 fusion-flex-column\" style=\"--awb-padding-bottom:40px;--awb-bg-size:cover;--awb-width-large:80%;--awb-margin-top-large:0px;--awb-spacing-right-large:10px;--awb-margin-bottom-large:0px;--awb-spacing-left-large:10px;--awb-width-medium:60%;--awb-order-medium:0;--awb-spacing-right-medium:10px;--awb-spacing-left-medium:10px;--awb-width-small:100%;--awb-order-small:0;--awb-spacing-right-small:10px;--awb-spacing-left-small:10px;\"><div class=\"fusion-column-wrapper fusion-column-has-shadow fusion-flex-justify-content-flex-start fusion-content-layout-column\"><div class=\"fusion-image-element \" style=\"--awb-caption-title-font-family:var(--h2_typography-font-family);--awb-caption-title-font-weight:var(--h2_typography-font-weight);--awb-caption-title-font-style:var(--h2_typography-font-style);--awb-caption-title-size:var(--h2_typography-font-size);--awb-caption-title-transform:var(--h2_typography-text-transform);--awb-caption-title-line-height:var(--h2_typography-line-height);--awb-caption-title-letter-spacing:var(--h2_typography-letter-spacing);\"><span class=\" fusion-imageframe imageframe-none imageframe-1 hover-type-none\" style=\"border-radius:4px;\"><img decoding=\"async\" width=\"800\" height=\"440\" alt=\"armored fiber cable with color stripe\" title=\"armored fiber cable with color stripe\" src=\"https:\/\/www.honecable.com\/wp-content\/uploads\/2022\/04\/armored-fiber-cable-with-color-stripe.jpg\" class=\"img-responsive wp-image-63192\" srcset=\"https:\/\/www.honecable.com\/wp-content\/uploads\/2022\/04\/armored-fiber-cable-with-color-stripe-200x110.jpg 200w, https:\/\/www.honecable.com\/wp-content\/uploads\/2022\/04\/armored-fiber-cable-with-color-stripe-400x220.jpg 400w, https:\/\/www.honecable.com\/wp-content\/uploads\/2022\/04\/armored-fiber-cable-with-color-stripe-600x330.jpg 600w, https:\/\/www.honecable.com\/wp-content\/uploads\/2022\/04\/armored-fiber-cable-with-color-stripe.jpg 800w\" sizes=\"(max-width: 640px) 100vw, 800px\" \/><\/span><\/div><div class=\"fusion-text fusion-text-2\" style=\"--awb-margin-top:10px;\"><p style=\"text-align: left; color: #848484; font-size: 14px;\" data-fusion-font=\"true\"><i>muestra de cable de fibra \u00f3ptica de doble armadura con franja de color amarillo<\/i><\/p>\n<\/div><\/div><\/div><div class=\"fusion-layout-column fusion_builder_column fusion-builder-column-2 fusion_builder_column_1_1 1_1 fusion-flex-column\" style=\"--awb-bg-size:cover;--awb-width-large:100%;--awb-margin-top-large:0px;--awb-spacing-right-large:10px;--awb-margin-bottom-large:20px;--awb-spacing-left-large:10px;--awb-width-medium:100%;--awb-order-medium:0;--awb-spacing-right-medium:10px;--awb-spacing-left-medium:10px;--awb-width-small:100%;--awb-order-small:0;--awb-spacing-right-small:10px;--awb-spacing-left-small:10px;\"><div class=\"fusion-column-wrapper fusion-column-has-shadow fusion-flex-justify-content-flex-start fusion-content-layout-column\"><div class=\"fusion-separator fusion-full-width-sep\" style=\"align-self: center;margin-left: auto;margin-right: auto;width:100%;\"><\/div><\/div><\/div><div class=\"fusion-layout-column fusion_builder_column fusion-builder-column-3 fusion_builder_column_1_5 1_5 fusion-flex-column\" style=\"--awb-bg-size:cover;--awb-border-color:#0173be;--awb-border-right:4px;--awb-border-style:solid;--awb-width-large:20%;--awb-margin-top-large:0px;--awb-spacing-right-large:10px;--awb-margin-bottom-large:20px;--awb-spacing-left-large:10px;--awb-width-medium:20%;--awb-order-medium:0;--awb-spacing-right-medium:10px;--awb-spacing-left-medium:10px;--awb-width-small:100%;--awb-order-small:0;--awb-spacing-right-small:10px;--awb-spacing-left-small:10px;\"><div class=\"fusion-column-wrapper fusion-column-has-shadow fusion-flex-justify-content-flex-start fusion-content-layout-column\"><div class=\"fusion-text fusion-text-3\"><h3 data-fontsize=\"28\" style=\"--fontSize:28; line-height: 1.4; --minFontSize:28; font-size: 26px;\" data-lineheight=\"39.2px\" class=\"fusion-responsive-typography-calculated\" data-fusion-font=\"true\">Visi\u00f3n general<\/h3>\n<\/div><\/div><\/div><div class=\"fusion-layout-column fusion_builder_column fusion-builder-column-4 fusion_builder_column_3_5 3_5 fusion-flex-column\" style=\"--awb-bg-size:cover;--awb-border-color:#0173be;--awb-border-style:solid;--awb-width-large:60%;--awb-margin-top-large:0px;--awb-spacing-right-large:10px;--awb-margin-bottom-large:20px;--awb-spacing-left-large:10px;--awb-width-medium:60%;--awb-order-medium:0;--awb-spacing-right-medium:10px;--awb-spacing-left-medium:10px;--awb-width-small:100%;--awb-order-small:0;--awb-spacing-right-small:10px;--awb-spacing-left-small:10px;\"><div class=\"fusion-column-wrapper fusion-column-has-shadow fusion-flex-justify-content-flex-start fusion-content-layout-column\"><div class=\"fusion-text fusion-text-4\"><p>Nuestro cliente lleg\u00f3 a nuestro sitio web cuando su empresa de sistemas de telecomunicaciones solicit\u00f3 un cable de fibra \u00f3ptica que promoviera su venta de cables de fibra. El primer proyecto fue tan bien que pidi\u00f3 a HOC que dise\u00f1ara un cable de fibra blindado con una funda distintiva, con una franja de color amarillo en lugar de toda negra.<\/p>\n<\/div><\/div><\/div><div class=\"fusion-layout-column fusion_builder_column fusion-builder-column-5 fusion_builder_column_1_1 1_1 fusion-flex-column\" style=\"--awb-padding-top:20px;--awb-bg-size:cover;--awb-width-large:100%;--awb-margin-top-large:0px;--awb-spacing-right-large:10px;--awb-margin-bottom-large:20px;--awb-spacing-left-large:10px;--awb-width-medium:100%;--awb-order-medium:0;--awb-spacing-right-medium:10px;--awb-spacing-left-medium:10px;--awb-width-small:100%;--awb-order-small:0;--awb-spacing-right-small:10px;--awb-spacing-left-small:10px;\"><div class=\"fusion-column-wrapper fusion-column-has-shadow fusion-flex-justify-content-flex-start fusion-content-layout-column\"><div class=\"fusion-separator fusion-full-width-sep\" style=\"align-self: center;margin-left: auto;margin-right: auto;width:100%;\"><\/div><\/div><\/div><div class=\"fusion-layout-column fusion_builder_column fusion-builder-column-6 fusion_builder_column_1_5 1_5 fusion-flex-column\" style=\"--awb-bg-size:cover;--awb-border-color:#0173be;--awb-border-right:4px;--awb-border-style:solid;--awb-width-large:20%;--awb-margin-top-large:0px;--awb-spacing-right-large:10px;--awb-margin-bottom-large:20px;--awb-spacing-left-large:10px;--awb-width-medium:20%;--awb-order-medium:0;--awb-spacing-right-medium:10px;--awb-spacing-left-medium:10px;--awb-width-small:100%;--awb-order-small:0;--awb-spacing-right-small:10px;--awb-spacing-left-small:10px;\"><div class=\"fusion-column-wrapper fusion-column-has-shadow fusion-flex-justify-content-flex-start fusion-content-layout-column\"><div class=\"fusion-text fusion-text-5\"><h3 data-fontsize=\"28\" style=\"--fontSize:28; line-height: 1.4; --minFontSize:28; font-size: 26px;\" data-lineheight=\"39.2px\" class=\"fusion-responsive-typography-calculated\" data-fusion-font=\"true\">Desaf\u00edo y resultado<\/h3>\n<\/div><\/div><\/div><div class=\"fusion-layout-column fusion_builder_column fusion-builder-column-7 fusion_builder_column_3_5 3_5 fusion-flex-column\" style=\"--awb-bg-size:cover;--awb-width-large:60%;--awb-margin-top-large:0px;--awb-spacing-right-large:10px;--awb-margin-bottom-large:20px;--awb-spacing-left-large:10px;--awb-width-medium:60%;--awb-order-medium:0;--awb-spacing-right-medium:10px;--awb-spacing-left-medium:10px;--awb-width-small:100%;--awb-order-small:0;--awb-spacing-right-small:10px;--awb-spacing-left-small:10px;\"><div class=\"fusion-column-wrapper fusion-column-has-shadow fusion-flex-justify-content-flex-start fusion-content-layout-column\"><div class=\"fusion-text fusion-text-6\"><p>El coste de conseguir un cable de fibra \u00f3ptica totalmente privado es dif\u00edcil para la mayor\u00eda de las empresas. Por lo general, la mayor\u00eda de los fabricantes de cables de fibra poseen materiales de revestimiento de colores regulares en la f\u00e1brica, pero ning\u00fan fabricante puede ofrecer tanto el color de revestimiento del cable personalizado como ofertas de producci\u00f3n y entrega instant\u00e1neas.<\/p>\n<p>Sin embargo, con la f\u00e1brica de HOC, ya tenemos la mayor\u00eda de los pigmentos de color listos para empezar a producir en nuestra f\u00e1brica y proporcionamos al cliente un env\u00edo intacto y a tiempo.<\/p>\n<\/div><\/div><\/div><\/div><\/div><div class=\"fusion-fullwidth fullwidth-box fusion-builder-row-2 fusion-flex-container nonhundred-percent-fullwidth non-hundred-percent-height-scrolling\" style=\"--link_color: #0173be;--awb-border-radius-top-left:0px;--awb-border-radius-top-right:0px;--awb-border-radius-bottom-right:0px;--awb-border-radius-bottom-left:0px;--awb-padding-top:80px;--awb-padding-bottom:80px;--awb-background-color:rgba(244,244,244,0.44);--awb-flex-wrap:wrap;\" ><div class=\"fusion-builder-row fusion-row fusion-flex-align-items-stretch fusion-flex-content-wrap\" style=\"max-width:calc( 1250px + 30px );margin-left: calc(-30px \/ 2 );margin-right: calc(-30px \/ 2 );\"><div class=\"fusion-layout-column fusion_builder_column fusion-builder-column-8 fusion_builder_column_1_1 1_1 fusion-flex-column\" style=\"--awb-bg-size:cover;--awb-width-large:100%;--awb-margin-top-large:0px;--awb-spacing-right-large:15px;--awb-margin-bottom-large:20px;--awb-spacing-left-large:15px;--awb-width-medium:100%;--awb-order-medium:0;--awb-spacing-right-medium:15px;--awb-spacing-left-medium:15px;--awb-width-small:100%;--awb-order-small:0;--awb-spacing-right-small:15px;--awb-spacing-left-small:15px;\"><div class=\"fusion-column-wrapper fusion-column-has-shadow fusion-flex-justify-content-flex-start fusion-content-layout-column\"><div class=\"fusion-text fusion-text-7\"><p style=\"font-size: 40px; text-align: center;\" data-fusion-font=\"true\"><span style=\"color: #0173be;\"><b>M\u00e1s estudios de casos<\/b><\/span><\/p>\n<\/div><\/div><\/div><div class=\"fusion-layout-column fusion_builder_column fusion-builder-column-9 fusion_builder_column_1_3 1_3 fusion-flex-column\" style=\"--awb-overflow:hidden;--awb-bg-color:#ffffff;--awb-bg-color-hover:#ffffff;--awb-bg-size:cover;--awb-border-radius:4px 4px 4px 4px;--awb-width-large:33.333333333333%;--awb-margin-top-large:40px;--awb-spacing-right-large:15px;--awb-margin-bottom-large:20px;--awb-spacing-left-large:15px;--awb-width-medium:33.333333333333%;--awb-order-medium:0;--awb-spacing-right-medium:15px;--awb-spacing-left-medium:15px;--awb-width-small:100%;--awb-order-small:0;--awb-spacing-right-small:15px;--awb-spacing-left-small:15px;\"><div class=\"fusion-column-wrapper fusion-column-has-shadow fusion-flex-justify-content-flex-start fusion-content-layout-column\"><div class=\"fusion-image-element \" style=\"--awb-margin-bottom:20px;--awb-caption-title-font-family:var(--h2_typography-font-family);--awb-caption-title-font-weight:var(--h2_typography-font-weight);--awb-caption-title-font-style:var(--h2_typography-font-style);--awb-caption-title-size:var(--h2_typography-font-size);--awb-caption-title-transform:var(--h2_typography-text-transform);--awb-caption-title-line-height:var(--h2_typography-line-height);--awb-caption-title-letter-spacing:var(--h2_typography-letter-spacing);\"><span class=\" fusion-imageframe imageframe-none imageframe-2 hover-type-none\"><a class=\"fusion-no-lightbox\" href=\"https:\/\/www.honecable.com\/es\/galeria\/cable-en-forma-de-8\/\" target=\"_self\" aria-label=\"armored fiber cable with color stripe\"><img decoding=\"async\" width=\"800\" height=\"440\" alt=\"armored fiber cable with color stripe\" src=\"https:\/\/www.honecable.com\/wp-content\/uploads\/2022\/04\/armored-fiber-cable-with-color-stripe.jpg\" class=\"img-responsive wp-image-63192\" srcset=\"https:\/\/www.honecable.com\/wp-content\/uploads\/2022\/04\/armored-fiber-cable-with-color-stripe-200x110.jpg 200w, https:\/\/www.honecable.com\/wp-content\/uploads\/2022\/04\/armored-fiber-cable-with-color-stripe-400x220.jpg 400w, https:\/\/www.honecable.com\/wp-content\/uploads\/2022\/04\/armored-fiber-cable-with-color-stripe-600x330.jpg 600w, https:\/\/www.honecable.com\/wp-content\/uploads\/2022\/04\/armored-fiber-cable-with-color-stripe.jpg 800w\" sizes=\"(max-width: 640px) 100vw, 600px\" \/><\/a><\/span><\/div><div class=\"fusion-title title fusion-title-1 fusion-sep-none fusion-title-text fusion-title-size-three\" style=\"--awb-margin-right:30px;--awb-margin-bottom:30px;--awb-margin-left:30px;--awb-font-size:26px;\"><h3 class=\"fusion-title-heading title-heading-left fusion-responsive-typography-calculated\" style=\"margin:0;font-size:1em;--fontSize:26;--minFontSize:26;line-height:1.4;\">Cable de fibra \u00f3ptica blindado con franja de color<\/h3><\/div><div class=\"fusion-text fusion-text-8\" style=\"--awb-margin-right:30px;--awb-margin-left:30px;\"><p><a href=\"https:\/\/www.honecable.com\/es\/galeria\/cable-en-forma-de-8\/\">Lee mas &gt;&gt;<\/a><\/p>\n<\/div><\/div><\/div><\/div><\/div><div class=\"fusion-fullwidth fullwidth-box fusion-builder-row-3 fusion-flex-container nonhundred-percent-fullwidth non-hundred-percent-height-scrolling\" style=\"--awb-border-radius-top-left:0px;--awb-border-radius-top-right:0px;--awb-border-radius-bottom-right:0px;--awb-border-radius-bottom-left:0px;--awb-padding-top:60px;--awb-padding-bottom:44px;--awb-background-color:rgba(244,244,244,0.44);--awb-flex-wrap:wrap;\" ><div class=\"fusion-builder-row fusion-row fusion-flex-align-items-flex-start fusion-flex-justify-content-center fusion-flex-content-wrap\" style=\"max-width:1300px;margin-left: calc(-4% \/ 2 );margin-right: calc(-4% \/ 2 );\"><div class=\"fusion-layout-column fusion_builder_column fusion-builder-column-10 fusion-flex-column fusion-flex-align-self-center\" style=\"--awb-padding-top:60px;--awb-padding-bottom:60px;--awb-overflow:hidden;--awb-bg-color:#012a60;--awb-bg-color-hover:#012a60;--awb-bg-image:linear-gradient(213deg, #0173be 75%,#012a60 98%);--awb-bg-size:cover;--awb-border-radius:8px 8px 8px 8px;--awb-width-large:88%;--awb-margin-top-large:0px;--awb-spacing-right-large:2.1818181818182%;--awb-margin-bottom-large:-160px;--awb-spacing-left-large:2.1818181818182%;--awb-width-medium:88%;--awb-order-medium:0;--awb-spacing-right-medium:2.1818181818182%;--awb-spacing-left-medium:2.1818181818182%;--awb-width-small:100%;--awb-order-small:0;--awb-spacing-right-small:1.92%;--awb-spacing-left-small:1.92%;\"><div class=\"fusion-column-wrapper fusion-column-has-shadow fusion-flex-justify-content-center fusion-content-layout-row fusion-flex-align-items-center\"><div class=\"fusion-text fusion-text-9\" style=\"--awb-margin-right:40px;--awb-margin-left:40px;\"><p style=\"color: rgb(255, 255, 255); font-size: 36px; text-align: center; font-family: Inter; font-weight: bold;\" data-fusion-font=\"true\" data-fusion-google-font=\"Inter\" data-fusion-google-variant=\"700\">Comun\u00edquese con sus expertos en cables de fibra \u00f3ptica<\/p>\n<\/div><div class=\"fusion-builder-row fusion-builder-row-inner fusion-row fusion-flex-align-items-flex-start fusion-flex-justify-content-center fusion-flex-content-wrap\" style=\"width:104% !important;max-width:104% !important;margin-left: calc(-4% \/ 2 );margin-right: calc(-4% \/ 2 );\"><div class=\"fusion-layout-column fusion_builder_column_inner fusion-builder-nested-column-0 fusion_builder_column_inner_5_6 5_6 fusion-flex-column\" style=\"--awb-padding-right:40px;--awb-padding-left:40px;--awb-bg-size:cover;--awb-width-large:83.333333333333%;--awb-margin-top-large:0px;--awb-spacing-right-large:2.304%;--awb-margin-bottom-large:20px;--awb-spacing-left-large:2.304%;--awb-width-medium:83.333333333333%;--awb-order-medium:0;--awb-spacing-right-medium:2.304%;--awb-spacing-left-medium:2.304%;--awb-width-small:100%;--awb-order-small:0;--awb-spacing-right-small:1.92%;--awb-spacing-left-small:1.92%;\"><div class=\"fusion-column-wrapper fusion-column-has-shadow fusion-flex-justify-content-flex-start fusion-content-layout-column\"><div class=\"fusion-text fusion-text-10\"><p style=\"text-align: center; color: rgb(255, 255, 255); font-size: 16px;\" data-fusion-font=\"true\">Le ayudamos a evitar las trampas para ofrecer la calidad y el valor que necesita su cable de fibra \u00f3ptica, a tiempo y dentro del presupuesto.<\/p>\n<\/div><\/div><\/div><\/div><div ><a class=\"fusion-button button-flat button-xlarge button-custom fusion-button-default button-1 fusion-button-default-span fusion-button-default-type\" style=\"--button_accent_color:#ffffff;--button_accent_hover_color:#012a60;--button_border_hover_color:#ffffff;--button_border_width-top:4px;--button_border_width-right:4px;--button_border_width-bottom:4px;--button_border_width-left:4px;--button-border-radius-top-left:16px;--button-border-radius-top-right:16px;--button-border-radius-bottom-right:16px;--button-border-radius-bottom-left:16px;--button_gradient_top_color:#0173be;--button_gradient_bottom_color:#0173be;--button_gradient_top_color_hover:#ffffff;--button_gradient_bottom_color_hover:#ffffff;\" target=\"_self\" href=\"https:\/\/www.honecable.com\/es\/consulta\/\"><span class=\"fusion-button-text\">P\u00f3ngase en contacto con HOC<\/span><\/a><\/div><\/div><\/div><\/div><\/div><div class=\"fusion-fullwidth fullwidth-box fusion-builder-row-4 fusion-flex-container nonhundred-percent-fullwidth non-hundred-percent-height-scrolling\" style=\"--awb-border-radius-top-left:0px;--awb-border-radius-top-right:0px;--awb-border-radius-bottom-right:0px;--awb-border-radius-bottom-left:0px;--awb-padding-top:40px;--awb-padding-bottom:60px;--awb-background-color:#191f22;--awb-flex-wrap:wrap;\" ><div class=\"fusion-builder-row fusion-row fusion-flex-align-items-flex-start fusion-flex-content-wrap\" style=\"max-width:1300px;margin-left: calc(-4% \/ 2 );margin-right: calc(-4% \/ 2 );\"><div class=\"fusion-layout-column fusion_builder_column fusion-builder-column-11 fusion_builder_column_1_1 1_1 fusion-flex-column\" style=\"--awb-bg-size:cover;--awb-width-large:100%;--awb-margin-top-large:0px;--awb-spacing-right-large:1.92%;--awb-margin-bottom-large:20px;--awb-spacing-left-large:1.92%;--awb-width-medium:100%;--awb-order-medium:0;--awb-spacing-right-medium:1.92%;--awb-spacing-left-medium:1.92%;--awb-width-small:100%;--awb-order-small:0;--awb-spacing-right-small:1.92%;--awb-spacing-left-small:1.92%;\"><div class=\"fusion-column-wrapper fusion-column-has-shadow fusion-flex-justify-content-flex-start fusion-content-layout-column\"><\/div><\/div><\/div><\/div><\/p>\n","protected":false},"excerpt":{"rendered":"","protected":false},"author":1,"featured_media":47902,"parent":63516,"menu_order":0,"comment_status":"closed","ping_status":"closed","template":"100-width.php","meta":{"_seopress_robots_primary_cat":"","_seopress_titles_title":"","_seopress_titles_desc":"","_seopress_robots_index":"","footnotes":"","_vp_format_video_url":"","_vp_image_focal_point":[]},"_links":{"self":[{"href":"https:\/\/www.honecable.com\/es\/wp-json\/wp\/v2\/pages\/63006"}],"collection":[{"href":"https:\/\/www.honecable.com\/es\/wp-json\/wp\/v2\/pages"}],"about":[{"href":"https:\/\/www.honecable.com\/es\/wp-json\/wp\/v2\/types\/page"}],"author":[{"embeddable":true,"href":"https:\/\/www.honecable.com\/es\/wp-json\/wp\/v2\/users\/1"}],"replies":[{"embeddable":true,"href":"https:\/\/www.honecable.com\/es\/wp-json\/wp\/v2\/comments?post=63006"}],"version-history":[{"count":0,"href":"https:\/\/www.honecable.com\/es\/wp-json\/wp\/v2\/pages\/63006\/revisions"}],"up":[{"embeddable":true,"href":"https:\/\/www.honecable.com\/es\/wp-json\/wp\/v2\/pages\/63516"}],"wp:featuredmedia":[{"embeddable":true,"href":"https:\/\/www.honecable.com\/es\/wp-json\/wp\/v2\/media\/47902"}],"wp:attachment":[{"href":"https:\/\/www.honecable.com\/es\/wp-json\/wp\/v2\/media?parent=63006"}],"curies":[{"name":"wp","href":"https:\/\/api.w.org\/{rel}","templated":true}]}}