{"id":8667,"date":"2021-08-25T17:18:25","date_gmt":"2021-08-25T09:18:25","guid":{"rendered":"http:\/\/honecable.com\/panel-de-parches-de-fibra-optica\/"},"modified":"2021-11-17T14:44:44","modified_gmt":"2021-11-17T06:44:44","slug":"fiber-optic-patch-panel","status":"publish","type":"page","link":"https:\/\/www.honecable.com\/es\/soluciones-fttx\/fiber-optic-patch-panel\/","title":{"rendered":"Panel de parches de fibra \u00f3ptica"},"content":{"rendered":"<p><div class=\"fusion-fullwidth fullwidth-box fusion-builder-row-1 fusion-flex-container nonhundred-percent-fullwidth non-hundred-percent-height-scrolling\" style=\"--awb-border-radius-top-left:0px;--awb-border-radius-top-right:0px;--awb-border-radius-bottom-right:0px;--awb-border-radius-bottom-left:0px;--awb-flex-wrap:wrap;\" ><div class=\"fusion-builder-row fusion-row fusion-flex-align-items-flex-start fusion-flex-content-wrap\" style=\"max-width:1300px;margin-left: calc(-4% \/ 2 );margin-right: calc(-4% \/ 2 );\"><div class=\"fusion-layout-column fusion_builder_column fusion-builder-column-0 fusion_builder_column_1_1 1_1 fusion-flex-column\" style=\"--awb-bg-size:cover;--awb-width-large:100%;--awb-margin-top-large:0px;--awb-spacing-right-large:1.92%;--awb-margin-bottom-large:20px;--awb-spacing-left-large:1.92%;--awb-width-medium:100%;--awb-order-medium:0;--awb-spacing-right-medium:1.92%;--awb-spacing-left-medium:1.92%;--awb-width-small:100%;--awb-order-small:0;--awb-spacing-right-small:1.92%;--awb-spacing-left-small:1.92%;\"><div class=\"fusion-column-wrapper fusion-column-has-shadow fusion-flex-justify-content-flex-start fusion-content-layout-column\"><div class=\"fusion-text fusion-text-1\">\t\t\t<!-- Flexy Breadcrumb -->\r\n\t\t\t<div class=\"fbc fbc-page\">\r\n\r\n\t\t\t\t<!-- Breadcrumb wrapper -->\r\n\t\t\t\t<div class=\"fbc-wrap\">\r\n\r\n\t\t\t\t\t<!-- Ordered list-->\r\n\t\t\t\t\t<ol class=\"fbc-items\" itemscope itemtype=\"https:\/\/schema.org\/BreadcrumbList\">\r\n\t\t\t\t\t\t            <li itemprop=\"itemListElement\" itemscope itemtype=\"https:\/\/schema.org\/ListItem\">\r\n                <span itemprop=\"name\">\r\n                    <!-- Home Link -->\r\n                    <a itemprop=\"item\" href=\"https:\/\/www.honecable.com\">\r\n                    \r\n                                                    <i class=\"fa fa-home\" aria-hidden=\"true\"><\/i>Home                    <\/a>\r\n                <\/span>\r\n                <meta itemprop=\"position\" content=\"1\" \/><!-- Meta Position-->\r\n             <\/li><li><span class=\"fbc-separator\">\/<\/span><\/li><li class=\"active\" itemprop=\"itemListElement\" itemscope itemtype=\"https:\/\/schema.org\/ListItem\"><span itemprop=\"name\" title=\"Centro de conocimiento\">Centro de conocimiento<\/span><meta itemprop=\"position\" content=\"2\" \/><\/li>\t\t\t\t\t<\/ol>\r\n\t\t\t\t\t<div class=\"clearfix\"><\/div>\r\n\t\t\t\t<\/div>\r\n\t\t\t<\/div>\r\n\t\t\t\n<\/div><\/div><\/div><\/div><\/div><div class=\"fusion-fullwidth fullwidth-box fusion-builder-row-2 fusion-flex-container nonhundred-percent-fullwidth non-hundred-percent-height-scrolling\" style=\"--awb-border-radius-top-left:0px;--awb-border-radius-top-right:0px;--awb-border-radius-bottom-right:0px;--awb-border-radius-bottom-left:0px;--awb-padding-top:22px;--awb-flex-wrap:wrap;\" ><div class=\"fusion-builder-row fusion-row fusion-flex-align-items-flex-start fusion-flex-content-wrap\" style=\"max-width:1300px;margin-left: calc(-4% \/ 2 );margin-right: calc(-4% \/ 2 );\"><div class=\"fusion-layout-column fusion_builder_column fusion-builder-column-1 fusion_builder_column_1_1 1_1 fusion-flex-column\" style=\"--awb-bg-size:cover;--awb-width-large:100%;--awb-margin-top-large:0px;--awb-spacing-right-large:0%;--awb-margin-bottom-large:20px;--awb-spacing-left-large:1.92%;--awb-width-medium:100%;--awb-order-medium:0;--awb-spacing-right-medium:0%;--awb-spacing-left-medium:1.92%;--awb-width-small:100%;--awb-order-small:0;--awb-spacing-right-small:1.92%;--awb-spacing-left-small:1.92%;\"><div class=\"fusion-column-wrapper fusion-column-has-shadow fusion-flex-justify-content-flex-start fusion-content-layout-column\"><style type=\"text\/css\">.fusion-portfolio-wrapper#fusion-portfolio-1 .fusion-portfolio-content{ padding: 20px 5px 15px 15px; text-align: left; }<\/style><div class=\"fusion-recent-works fusion-portfolio-element fusion-portfolio fusion-portfolio-1 fusion-portfolio-grid fusion-portfolio-paging-pagination fusion-portfolio-four fusion-portfolio-boxed fusion-portfolio-text fusion-portfolio-equal-heights portfolio_products\" data-id=\"-rw-1\" data-columns=\"four\"><style type=\"text\/css\">.fusion-portfolio-1 .fusion-portfolio-wrapper .fusion-col-spacing{padding:15px;}<\/style><div class=\"fusion-portfolio-wrapper\" id=\"fusion-portfolio-1\" data-picturesize=\"auto\" data-pages=\"1\" style=\"margin:-15px;\"><article id=\"portfolio-1-post-9002\" class=\"fusion-portfolio-post panel-de-conexion-de-fibra-optica soluciones-fttx fusion-col-spacing post-9002\"><div class=\"fusion-portfolio-content-wrapper\" style=\"border:1px solid rgba(242,243,245,0.8);border-bottom-width:3px;background-color:rgba(255,255,255,0);\"><span class=\"vcard rich-snippet-hidden\"><span class=\"fn\"><a href=\"https:\/\/www.honecable.com\/es\/author\/783015227qq-com\/\" title=\"Entradas de HOC\" rel=\"author\">HOC<\/a><\/span><\/span><span class=\"updated rich-snippet-hidden\">2022-05-24T11:11:29+08:00<\/span><div  class=\"fusion-image-wrapper\" aria-haspopup=\"true\">\n\t\t\t\t\t\t\t<a href=\"https:\/\/www.honecable.com\/es\/product\/paneles-de-fibra-24-48-puertos-tipo-cajon-corredizo-con-manija-metalica\/\" aria-label=\"Paneles de fibra 24 48 puertos tipo caj\u00f3n deslizante con mango met\u00e1lico\">\n\t\t\t\t\t\t\t<img width=\"750\" height=\"750\" src=\"https:\/\/www.honecable.com\/wp-content\/uploads\/2021\/06\/fiber-panels-sc-24-ports-sliding-drawer-type-with-pigtails.jpg\" class=\"attachment-full size-full wp-post-image\" alt=\"paneles de fibra 24 puertos SC tipo deslizante con asa met\u00e1lica\" decoding=\"async\" srcset=\"https:\/\/www.honecable.com\/wp-content\/uploads\/2021\/06\/fiber-panels-sc-24-ports-sliding-drawer-type-with-pigtails-200x200.jpg 200w, https:\/\/www.honecable.com\/wp-content\/uploads\/2021\/06\/fiber-panels-sc-24-ports-sliding-drawer-type-with-pigtails-400x400.jpg 400w, https:\/\/www.honecable.com\/wp-content\/uploads\/2021\/06\/fiber-panels-sc-24-ports-sliding-drawer-type-with-pigtails-600x600.jpg 600w, https:\/\/www.honecable.com\/wp-content\/uploads\/2021\/06\/fiber-panels-sc-24-ports-sliding-drawer-type-with-pigtails.jpg 750w\" sizes=\"(min-width: 2200px) 100vw, (min-width: 1006px) 290px, (min-width: 884px) 387px, (min-width: 762px) 580px, (min-width: 640px) 762px, \" \/>\t\t\t<\/a>\n\t\t\t\t\t\t\t<\/div>\n<div class=\"fusion-portfolio-content\" style=\"background-color:rgba(255,255,255,0);\"><h2 class=\"entry-title fusion-post-title\"><a href=\"https:\/\/www.honecable.com\/es\/product\/paneles-de-fibra-24-48-puertos-tipo-cajon-corredizo-con-manija-metalica\/\">Paneles de fibra 24 48 puertos tipo caj\u00f3n deslizante con mango met\u00e1lico<\/a><\/h2><div class=\"fusion-post-content\"><\/div><\/div><\/div><\/article><article id=\"portfolio-1-post-9011\" class=\"fusion-portfolio-post panel-de-conexion-de-fibra-optica soluciones-fttx fusion-col-spacing post-9011\"><div class=\"fusion-portfolio-content-wrapper\" style=\"border:1px solid rgba(242,243,245,0.8);border-bottom-width:3px;background-color:rgba(255,255,255,0);\"><span class=\"vcard rich-snippet-hidden\"><span class=\"fn\"><a href=\"https:\/\/www.honecable.com\/es\/author\/783015227qq-com\/\" title=\"Entradas de HOC\" rel=\"author\">HOC<\/a><\/span><\/span><span class=\"updated rich-snippet-hidden\">2022-05-24T11:21:39+08:00<\/span><div  class=\"fusion-image-wrapper\" aria-haspopup=\"true\">\n\t\t\t\t\t\t\t<a href=\"https:\/\/www.honecable.com\/es\/product\/paneles-de-conexion-de-fibra-24-puertos-sc-tipo-deslizante-para-rack-estandar\/\" aria-label=\"Paneles de conexi\u00f3n de fibra 24 puertos Tipo deslizante SC para rack est\u00e1ndar\">\n\t\t\t\t\t\t\t<img width=\"750\" height=\"750\" src=\"https:\/\/www.honecable.com\/wp-content\/uploads\/2021\/06\/fibre-patch-panels-24-core-with-sc-adapter-sliding-type.jpg\" class=\"attachment-full size-full wp-post-image\" alt=\"paneles de conexi\u00f3n de fibra para montaje en rack de 24 n\u00facleos sc de tipo deslizante\" decoding=\"async\" srcset=\"https:\/\/www.honecable.com\/wp-content\/uploads\/2021\/06\/fibre-patch-panels-24-core-with-sc-adapter-sliding-type-200x200.jpg 200w, https:\/\/www.honecable.com\/wp-content\/uploads\/2021\/06\/fibre-patch-panels-24-core-with-sc-adapter-sliding-type-400x400.jpg 400w, https:\/\/www.honecable.com\/wp-content\/uploads\/2021\/06\/fibre-patch-panels-24-core-with-sc-adapter-sliding-type-600x600.jpg 600w, https:\/\/www.honecable.com\/wp-content\/uploads\/2021\/06\/fibre-patch-panels-24-core-with-sc-adapter-sliding-type.jpg 750w\" sizes=\"(min-width: 2200px) 100vw, (min-width: 1006px) 290px, (min-width: 884px) 387px, (min-width: 762px) 580px, (min-width: 640px) 762px, \" \/>\t\t\t<\/a>\n\t\t\t\t\t\t\t<\/div>\n<div class=\"fusion-portfolio-content\" style=\"background-color:rgba(255,255,255,0);\"><h2 class=\"entry-title fusion-post-title\"><a href=\"https:\/\/www.honecable.com\/es\/product\/paneles-de-conexion-de-fibra-24-puertos-sc-tipo-deslizante-para-rack-estandar\/\">Paneles de conexi\u00f3n de fibra 24 puertos Tipo deslizante SC para rack est\u00e1ndar<\/a><\/h2><div class=\"fusion-post-content\"><\/div><\/div><\/div><\/article><article id=\"portfolio-1-post-9085\" class=\"fusion-portfolio-post panel-de-conexion-de-fibra-optica soluciones-fttx fusion-col-spacing post-9085\"><div class=\"fusion-portfolio-content-wrapper\" style=\"border:1px solid rgba(242,243,245,0.8);border-bottom-width:3px;background-color:rgba(255,255,255,0);\"><span class=\"vcard rich-snippet-hidden\"><span class=\"fn\"><a href=\"https:\/\/www.honecable.com\/es\/author\/783015227qq-com\/\" title=\"Entradas de HOC\" rel=\"author\">HOC<\/a><\/span><\/span><span class=\"updated rich-snippet-hidden\">2022-05-24T11:13:47+08:00<\/span><div  class=\"fusion-image-wrapper\" aria-haspopup=\"true\">\n\t\t\t\t\t\t\t<a href=\"https:\/\/www.honecable.com\/es\/product\/panel-de-conexion-de-fibra-optica-montado-en-rack-con-sc-simplex-48-core\/\" aria-label=\"Rack de panel de conexi\u00f3n de fibra \u00f3ptica montado con SC Simplex 48 Core\">\n\t\t\t\t\t\t\t<img width=\"750\" height=\"750\" src=\"https:\/\/www.honecable.com\/wp-content\/uploads\/2021\/05\/patch-panel-rack-mounted-48-core-sc-upc-termination-box.jpg\" class=\"attachment-full size-full wp-post-image\" alt=\"panel de parcheo de fibra de 48 n\u00facleos montado en rack caja de terminaci\u00f3n de distribuci\u00f3n instalada\" decoding=\"async\" srcset=\"https:\/\/www.honecable.com\/wp-content\/uploads\/2021\/05\/patch-panel-rack-mounted-48-core-sc-upc-termination-box-200x200.jpg 200w, https:\/\/www.honecable.com\/wp-content\/uploads\/2021\/05\/patch-panel-rack-mounted-48-core-sc-upc-termination-box-400x400.jpg 400w, https:\/\/www.honecable.com\/wp-content\/uploads\/2021\/05\/patch-panel-rack-mounted-48-core-sc-upc-termination-box-600x600.jpg 600w, https:\/\/www.honecable.com\/wp-content\/uploads\/2021\/05\/patch-panel-rack-mounted-48-core-sc-upc-termination-box.jpg 750w\" sizes=\"(min-width: 2200px) 100vw, (min-width: 1006px) 290px, (min-width: 884px) 387px, (min-width: 762px) 580px, (min-width: 640px) 762px, \" \/>\t\t\t<\/a>\n\t\t\t\t\t\t\t<\/div>\n<div class=\"fusion-portfolio-content\" style=\"background-color:rgba(255,255,255,0);\"><h2 class=\"entry-title fusion-post-title\"><a href=\"https:\/\/www.honecable.com\/es\/product\/panel-de-conexion-de-fibra-optica-montado-en-rack-con-sc-simplex-48-core\/\">Rack de panel de conexi\u00f3n de fibra \u00f3ptica montado con SC Simplex 48 Core<\/a><\/h2><div class=\"fusion-post-content\"><\/div><\/div><\/div><\/article><\/div><\/div><\/div><\/div><\/div><\/div><\/p>\n","protected":false},"excerpt":{"rendered":"","protected":false},"author":1,"featured_media":0,"parent":8799,"menu_order":8,"comment_status":"closed","ping_status":"closed","template":"","meta":{"_seopress_robots_primary_cat":"","_seopress_titles_title":"","_seopress_titles_desc":"","_seopress_robots_index":"","footnotes":"","_vp_format_video_url":"","_vp_image_focal_point":[]},"_links":{"self":[{"href":"https:\/\/www.honecable.com\/es\/wp-json\/wp\/v2\/pages\/8667"}],"collection":[{"href":"https:\/\/www.honecable.com\/es\/wp-json\/wp\/v2\/pages"}],"about":[{"href":"https:\/\/www.honecable.com\/es\/wp-json\/wp\/v2\/types\/page"}],"author":[{"embeddable":true,"href":"https:\/\/www.honecable.com\/es\/wp-json\/wp\/v2\/users\/1"}],"replies":[{"embeddable":true,"href":"https:\/\/www.honecable.com\/es\/wp-json\/wp\/v2\/comments?post=8667"}],"version-history":[{"count":0,"href":"https:\/\/www.honecable.com\/es\/wp-json\/wp\/v2\/pages\/8667\/revisions"}],"up":[{"embeddable":true,"href":"https:\/\/www.honecable.com\/es\/wp-json\/wp\/v2\/pages\/8799"}],"wp:attachment":[{"href":"https:\/\/www.honecable.com\/es\/wp-json\/wp\/v2\/media?parent=8667"}],"curies":[{"name":"wp","href":"https:\/\/api.w.org\/{rel}","templated":true}]}}