{"id":8719,"date":"2021-08-26T10:29:03","date_gmt":"2021-08-26T02:29:03","guid":{"rendered":"http:\/\/honecable.com\/adss-cable\/"},"modified":"2021-11-17T14:06:42","modified_gmt":"2021-11-17T06:06:42","slug":"adss-cable","status":"publish","type":"page","link":"https:\/\/www.honecable.com\/es\/cables-de-fibra\/cable-de-fibra-optica-de-linea-electrica\/adss-cable\/","title":{"rendered":"Cable ADSS"},"content":{"rendered":"<p><div class=\"fusion-fullwidth fullwidth-box fusion-builder-row-1 fusion-flex-container nonhundred-percent-fullwidth non-hundred-percent-height-scrolling\" style=\"--awb-border-radius-top-left:0px;--awb-border-radius-top-right:0px;--awb-border-radius-bottom-right:0px;--awb-border-radius-bottom-left:0px;--awb-flex-wrap:wrap;\" ><div class=\"fusion-builder-row fusion-row fusion-flex-align-items-flex-start fusion-flex-content-wrap\" style=\"max-width:1300px;margin-left: calc(-4% \/ 2 );margin-right: calc(-4% \/ 2 );\"><div class=\"fusion-layout-column fusion_builder_column fusion-builder-column-0 fusion_builder_column_1_1 1_1 fusion-flex-column\" style=\"--awb-bg-size:cover;--awb-width-large:100%;--awb-margin-top-large:0px;--awb-spacing-right-large:1.92%;--awb-margin-bottom-large:20px;--awb-spacing-left-large:1.92%;--awb-width-medium:100%;--awb-order-medium:0;--awb-spacing-right-medium:1.92%;--awb-spacing-left-medium:1.92%;--awb-width-small:100%;--awb-order-small:0;--awb-spacing-right-small:1.92%;--awb-spacing-left-small:1.92%;\"><div class=\"fusion-column-wrapper fusion-column-has-shadow fusion-flex-justify-content-flex-start fusion-content-layout-column\"><div class=\"fusion-text fusion-text-1\">\t\t\t<!-- Flexy Breadcrumb -->\r\n\t\t\t<div class=\"fbc fbc-page\">\r\n\r\n\t\t\t\t<!-- Breadcrumb wrapper -->\r\n\t\t\t\t<div class=\"fbc-wrap\">\r\n\r\n\t\t\t\t\t<!-- Ordered list-->\r\n\t\t\t\t\t<ol class=\"fbc-items\" itemscope itemtype=\"https:\/\/schema.org\/BreadcrumbList\">\r\n\t\t\t\t\t\t            <li itemprop=\"itemListElement\" itemscope itemtype=\"https:\/\/schema.org\/ListItem\">\r\n                <span itemprop=\"name\">\r\n                    <!-- Home Link -->\r\n                    <a itemprop=\"item\" href=\"https:\/\/www.honecable.com\">\r\n                    \r\n                                                    <i class=\"fa fa-home\" aria-hidden=\"true\"><\/i>Home                    <\/a>\r\n                <\/span>\r\n                <meta itemprop=\"position\" content=\"1\" \/><!-- Meta Position-->\r\n             <\/li><li><span class=\"fbc-separator\">\/<\/span><\/li><li class=\"active\" itemprop=\"itemListElement\" itemscope itemtype=\"https:\/\/schema.org\/ListItem\"><span itemprop=\"name\" title=\"Centro de conocimiento\">Centro de conocimiento<\/span><meta itemprop=\"position\" content=\"2\" \/><\/li>\t\t\t\t\t<\/ol>\r\n\t\t\t\t\t<div class=\"clearfix\"><\/div>\r\n\t\t\t\t<\/div>\r\n\t\t\t<\/div>\r\n\t\t\t\n<\/div><\/div><\/div><\/div><\/div><div class=\"fusion-fullwidth fullwidth-box fusion-builder-row-2 fusion-flex-container nonhundred-percent-fullwidth non-hundred-percent-height-scrolling\" style=\"--awb-border-radius-top-left:0px;--awb-border-radius-top-right:0px;--awb-border-radius-bottom-right:0px;--awb-border-radius-bottom-left:0px;--awb-padding-top:22px;--awb-flex-wrap:wrap;\" ><div class=\"fusion-builder-row fusion-row fusion-flex-align-items-flex-start fusion-flex-content-wrap\" style=\"max-width:1300px;margin-left: calc(-4% \/ 2 );margin-right: calc(-4% \/ 2 );\"><div class=\"fusion-layout-column fusion_builder_column fusion-builder-column-1 fusion_builder_column_1_1 1_1 fusion-flex-column\" style=\"--awb-bg-size:cover;--awb-width-large:100%;--awb-margin-top-large:0px;--awb-spacing-right-large:0%;--awb-margin-bottom-large:20px;--awb-spacing-left-large:1.92%;--awb-width-medium:100%;--awb-order-medium:0;--awb-spacing-right-medium:0%;--awb-spacing-left-medium:1.92%;--awb-width-small:100%;--awb-order-small:0;--awb-spacing-right-small:1.92%;--awb-spacing-left-small:1.92%;\"><div class=\"fusion-column-wrapper fusion-column-has-shadow fusion-flex-justify-content-flex-start fusion-content-layout-column\"><style type=\"text\/css\">.fusion-portfolio-wrapper#fusion-portfolio-1 .fusion-portfolio-content{ padding: 20px 5px 15px 15px; text-align: left; }<\/style><div class=\"fusion-recent-works fusion-portfolio-element fusion-portfolio fusion-portfolio-1 fusion-portfolio-grid fusion-portfolio-paging-pagination fusion-portfolio-four fusion-portfolio-boxed fusion-portfolio-text fusion-portfolio-equal-heights portfolio_products\" data-id=\"-rw-1\" data-columns=\"four\"><style type=\"text\/css\">.fusion-portfolio-1 .fusion-portfolio-wrapper .fusion-col-spacing{padding:15px;}<\/style><div class=\"fusion-portfolio-wrapper\" id=\"fusion-portfolio-1\" data-picturesize=\"auto\" data-pages=\"1\" style=\"margin:-15px;\"><article id=\"portfolio-1-post-8707\" class=\"fusion-portfolio-post adss-cable-es cable-de-fibra-optica-de-la-linea-electrica fusion-col-spacing post-8707\"><div class=\"fusion-portfolio-content-wrapper\" style=\"border:1px solid rgba(242,243,245,0.8);border-bottom-width:3px;background-color:rgba(255,255,255,0);\"><span class=\"vcard rich-snippet-hidden\"><span class=\"fn\"><a href=\"https:\/\/www.honecable.com\/es\/author\/783015227qq-com\/\" title=\"Entradas de HOC\" rel=\"author\">HOC<\/a><\/span><\/span><span class=\"updated rich-snippet-hidden\">2022-05-24T11:10:25+08:00<\/span><div  class=\"fusion-image-wrapper\" aria-haspopup=\"true\">\n\t\t\t\t\t\t\t<a href=\"https:\/\/www.honecable.com\/es\/product\/adss-cable-de-fibra-optica-48fo-monomodo-autoportante\/\" aria-label=\"Adss cable de fibra \u00f3ptica 48FO monomodo autoportivo\">\n\t\t\t\t\t\t\t<img width=\"750\" height=\"750\" src=\"https:\/\/www.honecable.com\/wp-content\/uploads\/2021\/08\/adss-fiber-optic.jpg\" class=\"attachment-full size-full wp-post-image\" alt=\"adss cable de fibra \u00f3ptica\" decoding=\"async\" srcset=\"https:\/\/www.honecable.com\/wp-content\/uploads\/2021\/08\/adss-fiber-optic-200x200.jpg 200w, https:\/\/www.honecable.com\/wp-content\/uploads\/2021\/08\/adss-fiber-optic-400x400.jpg 400w, https:\/\/www.honecable.com\/wp-content\/uploads\/2021\/08\/adss-fiber-optic-600x600.jpg 600w, https:\/\/www.honecable.com\/wp-content\/uploads\/2021\/08\/adss-fiber-optic.jpg 750w\" sizes=\"(min-width: 2200px) 100vw, (min-width: 1006px) 290px, (min-width: 884px) 387px, (min-width: 762px) 580px, (min-width: 640px) 762px, \" \/>\t\t\t<\/a>\n\t\t\t\t\t\t\t<\/div>\n<div class=\"fusion-portfolio-content\" style=\"background-color:rgba(255,255,255,0);\"><h2 class=\"entry-title fusion-post-title\"><a href=\"https:\/\/www.honecable.com\/es\/product\/adss-cable-de-fibra-optica-48fo-monomodo-autoportante\/\">Adss cable de fibra \u00f3ptica 48FO monomodo autoportivo<\/a><\/h2><div class=\"fusion-post-content\"><\/div><\/div><\/div><\/article><article id=\"portfolio-1-post-8955\" class=\"fusion-portfolio-post adss-cable-es cable-de-fibra-optica-de-la-linea-electrica fusion-col-spacing post-8955\"><div class=\"fusion-portfolio-content-wrapper\" style=\"border:1px solid rgba(242,243,245,0.8);border-bottom-width:3px;background-color:rgba(255,255,255,0);\"><span class=\"vcard rich-snippet-hidden\"><span class=\"fn\"><a href=\"https:\/\/www.honecable.com\/es\/author\/783015227qq-com\/\" title=\"Entradas de HOC\" rel=\"author\">HOC<\/a><\/span><\/span><span class=\"updated rich-snippet-hidden\">2022-05-24T11:21:36+08:00<\/span><div  class=\"fusion-image-wrapper\" aria-haspopup=\"true\">\n\t\t\t\t\t\t\t<a href=\"https:\/\/www.honecable.com\/es\/product\/cable-de-fibra-optica-de-hilo-de-aramida-cable-reforzado-de-kevlar\/\" aria-label=\"Cable reforzado de kevlar de hilo de fibra \u00f3ptica de hilo de aramida\">\n\t\t\t\t\t\t\t<img width=\"750\" height=\"750\" src=\"https:\/\/www.honecable.com\/wp-content\/uploads\/2021\/08\/aramid-yarn-fiber-optic-cable.jpg\" class=\"attachment-full size-full wp-post-image\" alt=\"cable de fibra \u00f3ptica de hilo de aramida\" decoding=\"async\" srcset=\"https:\/\/www.honecable.com\/wp-content\/uploads\/2021\/08\/aramid-yarn-fiber-optic-cable-200x200.jpg 200w, https:\/\/www.honecable.com\/wp-content\/uploads\/2021\/08\/aramid-yarn-fiber-optic-cable-400x400.jpg 400w, https:\/\/www.honecable.com\/wp-content\/uploads\/2021\/08\/aramid-yarn-fiber-optic-cable-600x600.jpg 600w, https:\/\/www.honecable.com\/wp-content\/uploads\/2021\/08\/aramid-yarn-fiber-optic-cable.jpg 750w\" sizes=\"(min-width: 2200px) 100vw, (min-width: 1006px) 290px, (min-width: 884px) 387px, (min-width: 762px) 580px, (min-width: 640px) 762px, \" \/>\t\t\t<\/a>\n\t\t\t\t\t\t\t<\/div>\n<div class=\"fusion-portfolio-content\" style=\"background-color:rgba(255,255,255,0);\"><h2 class=\"entry-title fusion-post-title\"><a href=\"https:\/\/www.honecable.com\/es\/product\/cable-de-fibra-optica-de-hilo-de-aramida-cable-reforzado-de-kevlar\/\">Cable reforzado de kevlar de hilo de fibra \u00f3ptica de hilo de aramida<\/a><\/h2><div class=\"fusion-post-content\"><\/div><\/div><\/div><\/article><article id=\"portfolio-1-post-8961\" class=\"fusion-portfolio-post adss-cable-es cable-de-fibra-optica-de-la-linea-electrica fusion-col-spacing post-8961\"><div class=\"fusion-portfolio-content-wrapper\" style=\"border:1px solid rgba(242,243,245,0.8);border-bottom-width:3px;background-color:rgba(255,255,255,0);\"><span class=\"vcard rich-snippet-hidden\"><span class=\"fn\"><a href=\"https:\/\/www.honecable.com\/es\/author\/783015227qq-com\/\" title=\"Entradas de HOC\" rel=\"author\">HOC<\/a><\/span><\/span><span class=\"updated rich-snippet-hidden\">2022-05-24T11:18:16+08:00<\/span><div  class=\"fusion-image-wrapper\" aria-haspopup=\"true\">\n\t\t\t\t\t\t\t<a href=\"https:\/\/www.honecable.com\/es\/product\/adss-cable-de-fibra-monomodo-24f-48f-exterior\/\" aria-label=\"Cable de fibra ADSS monomodo 24F 48F exterior\">\n\t\t\t\t\t\t\t<img width=\"750\" height=\"750\" src=\"https:\/\/www.honecable.com\/wp-content\/uploads\/2021\/08\/adss-fiber-cable.jpg\" class=\"attachment-full size-full wp-post-image\" alt=\"adss cable de fibra\" decoding=\"async\" srcset=\"https:\/\/www.honecable.com\/wp-content\/uploads\/2021\/08\/adss-fiber-cable-200x200.jpg 200w, https:\/\/www.honecable.com\/wp-content\/uploads\/2021\/08\/adss-fiber-cable-400x400.jpg 400w, https:\/\/www.honecable.com\/wp-content\/uploads\/2021\/08\/adss-fiber-cable-600x600.jpg 600w, https:\/\/www.honecable.com\/wp-content\/uploads\/2021\/08\/adss-fiber-cable.jpg 750w\" sizes=\"(min-width: 2200px) 100vw, (min-width: 1006px) 290px, (min-width: 884px) 387px, (min-width: 762px) 580px, (min-width: 640px) 762px, \" \/>\t\t\t<\/a>\n\t\t\t\t\t\t\t<\/div>\n<div class=\"fusion-portfolio-content\" style=\"background-color:rgba(255,255,255,0);\"><h2 class=\"entry-title fusion-post-title\"><a href=\"https:\/\/www.honecable.com\/es\/product\/adss-cable-de-fibra-monomodo-24f-48f-exterior\/\">Cable de fibra ADSS monomodo 24F 48F exterior<\/a><\/h2><div class=\"fusion-post-content\"><\/div><\/div><\/div><\/article><article id=\"portfolio-1-post-8967\" class=\"fusion-portfolio-post adss-cable-es cable-aereo-de-fibra-optica cable-de-fibra-optica-de-la-linea-electrica fusion-col-spacing post-8967\"><div class=\"fusion-portfolio-content-wrapper\" style=\"border:1px solid rgba(242,243,245,0.8);border-bottom-width:3px;background-color:rgba(255,255,255,0);\"><span class=\"vcard rich-snippet-hidden\"><span class=\"fn\"><a href=\"https:\/\/www.honecable.com\/es\/author\/783015227qq-com\/\" title=\"Entradas de HOC\" rel=\"author\">HOC<\/a><\/span><\/span><span class=\"updated rich-snippet-hidden\">2022-05-24T11:18:18+08:00<\/span><div  class=\"fusion-image-wrapper\" aria-haspopup=\"true\">\n\t\t\t\t\t\t\t<a href=\"https:\/\/www.honecable.com\/es\/product\/cable-de-fibra-optica-aereo-adss-24-fo-estandar\/\" aria-label=\"Cable de fibra \u00f3ptica a\u00e9reo ADSS 24 FO est\u00e1ndar\">\n\t\t\t\t\t\t\t<img width=\"750\" height=\"750\" src=\"https:\/\/www.honecable.com\/wp-content\/uploads\/2021\/08\/adss-fiber-optic-cable-hoc.jpg\" class=\"attachment-full size-full wp-post-image\" alt=\"cable de fibra \u00f3ptica a\u00e9reo adss cable de fibra autoportante\" decoding=\"async\" srcset=\"https:\/\/www.honecable.com\/wp-content\/uploads\/2021\/08\/adss-fiber-optic-cable-hoc-200x200.jpg 200w, https:\/\/www.honecable.com\/wp-content\/uploads\/2021\/08\/adss-fiber-optic-cable-hoc-400x400.jpg 400w, https:\/\/www.honecable.com\/wp-content\/uploads\/2021\/08\/adss-fiber-optic-cable-hoc-600x600.jpg 600w, https:\/\/www.honecable.com\/wp-content\/uploads\/2021\/08\/adss-fiber-optic-cable-hoc.jpg 750w\" sizes=\"(min-width: 2200px) 100vw, (min-width: 1006px) 290px, (min-width: 884px) 387px, (min-width: 762px) 580px, (min-width: 640px) 762px, \" \/>\t\t\t<\/a>\n\t\t\t\t\t\t\t<\/div>\n<div class=\"fusion-portfolio-content\" style=\"background-color:rgba(255,255,255,0);\"><h2 class=\"entry-title fusion-post-title\"><a href=\"https:\/\/www.honecable.com\/es\/product\/cable-de-fibra-optica-aereo-adss-24-fo-estandar\/\">Cable de fibra \u00f3ptica a\u00e9reo ADSS 24 FO est\u00e1ndar<\/a><\/h2><div class=\"fusion-post-content\"><\/div><\/div><\/div><\/article><article id=\"portfolio-1-post-8973\" class=\"fusion-portfolio-post adss-cable-es cable-de-fibra-optica-de-la-linea-electrica fusion-col-spacing post-8973\"><div class=\"fusion-portfolio-content-wrapper\" style=\"border:1px solid rgba(242,243,245,0.8);border-bottom-width:3px;background-color:rgba(255,255,255,0);\"><span class=\"vcard rich-snippet-hidden\"><span class=\"fn\"><a href=\"https:\/\/www.honecable.com\/es\/author\/783015227qq-com\/\" title=\"Entradas de HOC\" rel=\"author\">HOC<\/a><\/span><\/span><span class=\"updated rich-snippet-hidden\">2022-05-24T11:21:36+08:00<\/span><div  class=\"fusion-image-wrapper\" aria-haspopup=\"true\">\n\t\t\t\t\t\t\t<a href=\"https:\/\/www.honecable.com\/es\/product\/hoc-cable-adss-all-dielectrico-autoportante-fibra-optica-cable\/\" aria-label=\"Cable HOC ADSS Cable de fibra \u00f3ptica autoportante totalmente diel\u00e9ctrico\">\n\t\t\t\t\t\t\t<img width=\"750\" height=\"750\" src=\"https:\/\/www.honecable.com\/wp-content\/uploads\/2021\/08\/cable-adss-fiber-optic-cable-hoc.jpg\" class=\"attachment-full size-full wp-post-image\" alt=\"cable de fibra \u00f3ptica adss\" decoding=\"async\" srcset=\"https:\/\/www.honecable.com\/wp-content\/uploads\/2021\/08\/cable-adss-fiber-optic-cable-hoc-200x200.jpg 200w, https:\/\/www.honecable.com\/wp-content\/uploads\/2021\/08\/cable-adss-fiber-optic-cable-hoc-400x400.jpg 400w, https:\/\/www.honecable.com\/wp-content\/uploads\/2021\/08\/cable-adss-fiber-optic-cable-hoc-600x600.jpg 600w, https:\/\/www.honecable.com\/wp-content\/uploads\/2021\/08\/cable-adss-fiber-optic-cable-hoc.jpg 750w\" sizes=\"(min-width: 2200px) 100vw, (min-width: 1006px) 290px, (min-width: 884px) 387px, (min-width: 762px) 580px, (min-width: 640px) 762px, \" \/>\t\t\t<\/a>\n\t\t\t\t\t\t\t<\/div>\n<div class=\"fusion-portfolio-content\" style=\"background-color:rgba(255,255,255,0);\"><h2 class=\"entry-title fusion-post-title\"><a href=\"https:\/\/www.honecable.com\/es\/product\/hoc-cable-adss-all-dielectrico-autoportante-fibra-optica-cable\/\">Cable HOC ADSS Cable de fibra \u00f3ptica autoportante totalmente diel\u00e9ctrico<\/a><\/h2><div class=\"fusion-post-content\"><\/div><\/div><\/div><\/article><article id=\"portfolio-1-post-8991\" class=\"fusion-portfolio-post adss-cable-es fusion-col-spacing post-8991\"><div class=\"fusion-portfolio-content-wrapper\" style=\"border:1px solid rgba(242,243,245,0.8);border-bottom-width:3px;background-color:rgba(255,255,255,0);\"><span class=\"vcard rich-snippet-hidden\"><span class=\"fn\"><a href=\"https:\/\/www.honecable.com\/es\/author\/783015227qq-com\/\" title=\"Entradas de HOC\" rel=\"author\">HOC<\/a><\/span><\/span><span class=\"updated rich-snippet-hidden\">2022-05-24T11:21:36+08:00<\/span><div  class=\"fusion-image-wrapper\" aria-haspopup=\"true\">\n\t\t\t\t\t\t\t<a href=\"https:\/\/www.honecable.com\/es\/product\/adss-cable-long-span-aerial-self-support-for-ftth-network\/\" aria-label=\"Es capaz de sostenerse entre postes para instalar costos.\">\n\t\t\t\t\t\t\t<img width=\"750\" height=\"750\" src=\"https:\/\/www.honecable.com\/wp-content\/uploads\/2021\/04\/adss-single-sheath.jpg\" class=\"attachment-full size-full wp-post-image\" alt=\"vaina simple adss\" decoding=\"async\" srcset=\"https:\/\/www.honecable.com\/wp-content\/uploads\/2021\/04\/adss-single-sheath-200x200.jpg 200w, https:\/\/www.honecable.com\/wp-content\/uploads\/2021\/04\/adss-single-sheath-400x400.jpg 400w, https:\/\/www.honecable.com\/wp-content\/uploads\/2021\/04\/adss-single-sheath-600x600.jpg 600w, https:\/\/www.honecable.com\/wp-content\/uploads\/2021\/04\/adss-single-sheath.jpg 750w\" sizes=\"(min-width: 2200px) 100vw, (min-width: 1006px) 290px, (min-width: 884px) 387px, (min-width: 762px) 580px, (min-width: 640px) 762px, \" \/>\t\t\t<\/a>\n\t\t\t\t\t\t\t<\/div>\n<div class=\"fusion-portfolio-content\" style=\"background-color:rgba(255,255,255,0);\"><h2 class=\"entry-title fusion-post-title\"><a href=\"https:\/\/www.honecable.com\/es\/product\/adss-cable-long-span-aerial-self-support-for-ftth-network\/\">Es capaz de sostenerse entre postes para instalar costos.<\/a><\/h2><div class=\"fusion-post-content\"><\/div><\/div><\/div><\/article><article id=\"portfolio-1-post-8994\" class=\"fusion-portfolio-post adss-cable-es cable-de-fibra-optica-de-la-linea-electrica fusion-col-spacing post-8994\"><div class=\"fusion-portfolio-content-wrapper\" style=\"border:1px solid rgba(242,243,245,0.8);border-bottom-width:3px;background-color:rgba(255,255,255,0);\"><span class=\"vcard rich-snippet-hidden\"><span class=\"fn\"><a href=\"https:\/\/www.honecable.com\/es\/author\/783015227qq-com\/\" title=\"Entradas de HOC\" rel=\"author\">HOC<\/a><\/span><\/span><span class=\"updated rich-snippet-hidden\">2022-05-24T11:21:37+08:00<\/span><div  class=\"fusion-image-wrapper\" aria-haspopup=\"true\">\n\t\t\t\t\t\t\t<a href=\"https:\/\/www.honecable.com\/es\/product\/adss-fiber-asu-fo-80-120-span-anatel-cable-autoportante-aereo\/\" aria-label=\"Cable autoportante adss de fibra ASU FO 80 de 120 span Anatel\">\n\t\t\t\t\t\t\t<img width=\"750\" height=\"750\" src=\"https:\/\/www.honecable.com\/wp-content\/uploads\/2021\/05\/adss-fiber-optic-cable-asu-fo-80-asu-120-aerial-self-supporting-cable.jpg\" class=\"attachment-full size-full wp-post-image\" alt=\"adss cable de fibra asu fo 80 120 span 8 core 12 core cable a\u00e9reo\" decoding=\"async\" srcset=\"https:\/\/www.honecable.com\/wp-content\/uploads\/2021\/05\/adss-fiber-optic-cable-asu-fo-80-asu-120-aerial-self-supporting-cable-200x200.jpg 200w, https:\/\/www.honecable.com\/wp-content\/uploads\/2021\/05\/adss-fiber-optic-cable-asu-fo-80-asu-120-aerial-self-supporting-cable-400x400.jpg 400w, https:\/\/www.honecable.com\/wp-content\/uploads\/2021\/05\/adss-fiber-optic-cable-asu-fo-80-asu-120-aerial-self-supporting-cable-600x600.jpg 600w, https:\/\/www.honecable.com\/wp-content\/uploads\/2021\/05\/adss-fiber-optic-cable-asu-fo-80-asu-120-aerial-self-supporting-cable.jpg 750w\" sizes=\"(min-width: 2200px) 100vw, (min-width: 1006px) 290px, (min-width: 884px) 387px, (min-width: 762px) 580px, (min-width: 640px) 762px, \" \/>\t\t\t<\/a>\n\t\t\t\t\t\t\t<\/div>\n<div class=\"fusion-portfolio-content\" style=\"background-color:rgba(255,255,255,0);\"><h2 class=\"entry-title fusion-post-title\"><a href=\"https:\/\/www.honecable.com\/es\/product\/adss-fiber-asu-fo-80-120-span-anatel-cable-autoportante-aereo\/\">Cable autoportante adss de fibra ASU FO 80 de 120 span Anatel<\/a><\/h2><div class=\"fusion-post-content\"><\/div><\/div><\/div><\/article><article id=\"portfolio-1-post-9005\" class=\"fusion-portfolio-post adss-cable-es cable-aereo-de-fibra-optica cable-de-fibra-optica-de-la-linea-electrica fusion-col-spacing post-9005\"><div class=\"fusion-portfolio-content-wrapper\" style=\"border:1px solid rgba(242,243,245,0.8);border-bottom-width:3px;background-color:rgba(255,255,255,0);\"><span class=\"vcard rich-snippet-hidden\"><span class=\"fn\"><a href=\"https:\/\/www.honecable.com\/es\/author\/783015227qq-com\/\" title=\"Entradas de HOC\" rel=\"author\">HOC<\/a><\/span><\/span><span class=\"updated rich-snippet-hidden\">2022-05-24T11:18:22+08:00<\/span><div  class=\"fusion-image-wrapper\" aria-haspopup=\"true\">\n\t\t\t\t\t\t\t<a href=\"https:\/\/www.honecable.com\/es\/product\/instalacion-aerea-de-cable-de-fibra-optica-adss-hasta-800-m-de-luz\/\" aria-label=\"Instalaci\u00f3n a\u00e9rea de cable de fibra \u00f3ptica ADSS de hasta 800 m de envergadura\">\n\t\t\t\t\t\t\t<img width=\"750\" height=\"750\" src=\"https:\/\/www.honecable.com\/wp-content\/uploads\/2021\/04\/adss-double-sheath.jpg\" class=\"attachment-full size-full wp-post-image\" alt=\"doble vaina adss\" decoding=\"async\" srcset=\"https:\/\/www.honecable.com\/wp-content\/uploads\/2021\/04\/adss-double-sheath-200x200.jpg 200w, https:\/\/www.honecable.com\/wp-content\/uploads\/2021\/04\/adss-double-sheath-400x400.jpg 400w, https:\/\/www.honecable.com\/wp-content\/uploads\/2021\/04\/adss-double-sheath-600x600.jpg 600w, https:\/\/www.honecable.com\/wp-content\/uploads\/2021\/04\/adss-double-sheath.jpg 750w\" sizes=\"(min-width: 2200px) 100vw, (min-width: 1006px) 290px, (min-width: 884px) 387px, (min-width: 762px) 580px, (min-width: 640px) 762px, \" \/>\t\t\t<\/a>\n\t\t\t\t\t\t\t<\/div>\n<div class=\"fusion-portfolio-content\" style=\"background-color:rgba(255,255,255,0);\"><h2 class=\"entry-title fusion-post-title\"><a href=\"https:\/\/www.honecable.com\/es\/product\/instalacion-aerea-de-cable-de-fibra-optica-adss-hasta-800-m-de-luz\/\">Instalaci\u00f3n a\u00e9rea de cable de fibra \u00f3ptica ADSS de hasta 800 m de envergadura<\/a><\/h2><div class=\"fusion-post-content\"><\/div><\/div><\/div><\/article><article id=\"portfolio-1-post-11710\" class=\"fusion-portfolio-post cable-de-fibra-oem fusion-col-spacing post-11710\"><div class=\"fusion-portfolio-content-wrapper\" style=\"border:1px solid rgba(242,243,245,0.8);border-bottom-width:3px;background-color:rgba(255,255,255,0);\"><span class=\"vcard rich-snippet-hidden\"><span class=\"fn\"><a href=\"https:\/\/www.honecable.com\/es\/author\/783015227qq-com\/\" title=\"Entradas de HOC\" rel=\"author\">HOC<\/a><\/span><\/span><span class=\"updated rich-snippet-hidden\">2022-05-24T11:07:26+08:00<\/span><div  class=\"fusion-image-wrapper\" aria-haspopup=\"true\">\n\t\t\t\t\t\t\t<a href=\"https:\/\/www.honecable.com\/es\/product\/cables-de-fibra-optica-personalizados-oem\/\" aria-label=\"Cables de fibra \u00f3ptica a medida\">\n\t\t\t\t\t\t\t<img width=\"750\" height=\"750\" src=\"https:\/\/www.honecable.com\/wp-content\/uploads\/2021\/11\/OEM-custom-fiber-optic-cable.jpg\" class=\"attachment-full size-full wp-post-image\" alt=\"oem custom fiber optic cables\" decoding=\"async\" srcset=\"https:\/\/www.honecable.com\/wp-content\/uploads\/2021\/11\/OEM-custom-fiber-optic-cable-200x200.jpg 200w, https:\/\/www.honecable.com\/wp-content\/uploads\/2021\/11\/OEM-custom-fiber-optic-cable-400x400.jpg 400w, https:\/\/www.honecable.com\/wp-content\/uploads\/2021\/11\/OEM-custom-fiber-optic-cable-600x600.jpg 600w, https:\/\/www.honecable.com\/wp-content\/uploads\/2021\/11\/OEM-custom-fiber-optic-cable.jpg 750w\" sizes=\"(min-width: 2200px) 100vw, (min-width: 1006px) 290px, (min-width: 884px) 387px, (min-width: 762px) 580px, (min-width: 640px) 762px, \" \/>\t\t\t<\/a>\n\t\t\t\t\t\t\t<\/div>\n<div class=\"fusion-portfolio-content\" style=\"background-color:rgba(255,255,255,0);\"><h2 class=\"entry-title fusion-post-title\"><a href=\"https:\/\/www.honecable.com\/es\/product\/cables-de-fibra-optica-personalizados-oem\/\">Cables de fibra \u00f3ptica a medida<\/a><\/h2><div class=\"fusion-post-content\"><\/div><\/div><\/div><\/article><\/div><\/div><\/div><\/div><\/div><\/div><\/p>\n","protected":false},"excerpt":{"rendered":"","protected":false},"author":1,"featured_media":0,"parent":8807,"menu_order":1,"comment_status":"closed","ping_status":"closed","template":"","meta":{"_seopress_robots_primary_cat":"","_seopress_titles_title":"","_seopress_titles_desc":"","_seopress_robots_index":"","footnotes":"","_vp_format_video_url":"","_vp_image_focal_point":[]},"_links":{"self":[{"href":"https:\/\/www.honecable.com\/es\/wp-json\/wp\/v2\/pages\/8719"}],"collection":[{"href":"https:\/\/www.honecable.com\/es\/wp-json\/wp\/v2\/pages"}],"about":[{"href":"https:\/\/www.honecable.com\/es\/wp-json\/wp\/v2\/types\/page"}],"author":[{"embeddable":true,"href":"https:\/\/www.honecable.com\/es\/wp-json\/wp\/v2\/users\/1"}],"replies":[{"embeddable":true,"href":"https:\/\/www.honecable.com\/es\/wp-json\/wp\/v2\/comments?post=8719"}],"version-history":[{"count":0,"href":"https:\/\/www.honecable.com\/es\/wp-json\/wp\/v2\/pages\/8719\/revisions"}],"up":[{"embeddable":true,"href":"https:\/\/www.honecable.com\/es\/wp-json\/wp\/v2\/pages\/8807"}],"wp:attachment":[{"href":"https:\/\/www.honecable.com\/es\/wp-json\/wp\/v2\/media?parent=8719"}],"curies":[{"name":"wp","href":"https:\/\/api.w.org\/{rel}","templated":true}]}}