{"id":8753,"date":"2021-08-26T10:36:11","date_gmt":"2021-08-26T02:36:11","guid":{"rendered":"http:\/\/honecable.com\/cable-submarino-de-fibra-optica-3\/"},"modified":"2021-08-26T10:36:15","modified_gmt":"2021-08-26T02:36:15","slug":"cable-submarino-de-fibra-optica-3","status":"publish","type":"page","link":"https:\/\/www.honecable.com\/es\/cables-de-fibra\/cable-de-fibra-optica-especial\/cable-submarino-de-fibra-optica-3\/","title":{"rendered":"Cable submarino de fibra \u00f3ptica"},"content":{"rendered":"<p><div class=\"fusion-fullwidth fullwidth-box fusion-builder-row-1 fusion-flex-container nonhundred-percent-fullwidth non-hundred-percent-height-scrolling\" style=\"--awb-border-radius-top-left:0px;--awb-border-radius-top-right:0px;--awb-border-radius-bottom-right:0px;--awb-border-radius-bottom-left:0px;--awb-flex-wrap:wrap;\" ><div class=\"fusion-builder-row fusion-row fusion-flex-align-items-flex-start fusion-flex-content-wrap\" style=\"max-width:1300px;margin-left: calc(-4% \/ 2 );margin-right: calc(-4% \/ 2 );\"><div class=\"fusion-layout-column fusion_builder_column fusion-builder-column-0 fusion_builder_column_1_1 1_1 fusion-flex-column\" style=\"--awb-bg-size:cover;--awb-width-large:100%;--awb-margin-top-large:0px;--awb-spacing-right-large:1.92%;--awb-margin-bottom-large:20px;--awb-spacing-left-large:1.92%;--awb-width-medium:100%;--awb-order-medium:0;--awb-spacing-right-medium:1.92%;--awb-spacing-left-medium:1.92%;--awb-width-small:100%;--awb-order-small:0;--awb-spacing-right-small:1.92%;--awb-spacing-left-small:1.92%;\"><div class=\"fusion-column-wrapper fusion-column-has-shadow fusion-flex-justify-content-flex-start fusion-content-layout-column\"><div class=\"fusion-text fusion-text-1\">\t\t\t<!-- Flexy Breadcrumb -->\r\n\t\t\t<div class=\"fbc fbc-page\">\r\n\r\n\t\t\t\t<!-- Breadcrumb wrapper -->\r\n\t\t\t\t<div class=\"fbc-wrap\">\r\n\r\n\t\t\t\t\t<!-- Ordered list-->\r\n\t\t\t\t\t<ol class=\"fbc-items\" itemscope itemtype=\"https:\/\/schema.org\/BreadcrumbList\">\r\n\t\t\t\t\t\t            <li itemprop=\"itemListElement\" itemscope itemtype=\"https:\/\/schema.org\/ListItem\">\r\n                <span itemprop=\"name\">\r\n                    <!-- Home Link -->\r\n                    <a itemprop=\"item\" href=\"https:\/\/www.honecable.com\">\r\n                    \r\n                                                    <i class=\"fa fa-home\" aria-hidden=\"true\"><\/i>Home                    <\/a>\r\n                <\/span>\r\n                <meta itemprop=\"position\" content=\"1\" \/><!-- Meta Position-->\r\n             <\/li><li><span class=\"fbc-separator\">\/<\/span><\/li><li class=\"active\" itemprop=\"itemListElement\" itemscope itemtype=\"https:\/\/schema.org\/ListItem\"><span itemprop=\"name\" title=\"Centro de conocimiento\">Centro de conocimiento<\/span><meta itemprop=\"position\" content=\"2\" \/><\/li>\t\t\t\t\t<\/ol>\r\n\t\t\t\t\t<div class=\"clearfix\"><\/div>\r\n\t\t\t\t<\/div>\r\n\t\t\t<\/div>\r\n\t\t\t\n<\/div><\/div><\/div><\/div><\/div><div class=\"fusion-fullwidth fullwidth-box fusion-builder-row-2 fusion-flex-container nonhundred-percent-fullwidth non-hundred-percent-height-scrolling\" style=\"--awb-border-radius-top-left:0px;--awb-border-radius-top-right:0px;--awb-border-radius-bottom-right:0px;--awb-border-radius-bottom-left:0px;--awb-padding-top:22px;--awb-flex-wrap:wrap;\" ><div class=\"fusion-builder-row fusion-row fusion-flex-align-items-flex-start fusion-flex-content-wrap\" style=\"max-width:1300px;margin-left: calc(-4% \/ 2 );margin-right: calc(-4% \/ 2 );\"><div class=\"fusion-layout-column fusion_builder_column fusion-builder-column-1 fusion_builder_column_1_1 1_1 fusion-flex-column\" style=\"--awb-bg-size:cover;--awb-width-large:100%;--awb-margin-top-large:0px;--awb-spacing-right-large:0%;--awb-margin-bottom-large:20px;--awb-spacing-left-large:1.92%;--awb-width-medium:100%;--awb-order-medium:0;--awb-spacing-right-medium:0%;--awb-spacing-left-medium:1.92%;--awb-width-small:100%;--awb-order-small:0;--awb-spacing-right-small:1.92%;--awb-spacing-left-small:1.92%;\"><div class=\"fusion-column-wrapper fusion-column-has-shadow fusion-flex-justify-content-flex-start fusion-content-layout-column\"><style type=\"text\/css\">.fusion-portfolio-wrapper#fusion-portfolio-1 .fusion-portfolio-content{ padding: 20px 5px 15px 15px; text-align: left; }<\/style><div class=\"fusion-recent-works fusion-portfolio-element fusion-portfolio fusion-portfolio-1 fusion-portfolio-grid fusion-portfolio-paging-pagination fusion-portfolio-four fusion-portfolio-boxed fusion-portfolio-text fusion-portfolio-equal-heights portfolio_products\" data-id=\"-rw-1\" data-columns=\"four\"><style type=\"text\/css\">.fusion-portfolio-1 .fusion-portfolio-wrapper .fusion-col-spacing{padding:15px;}<\/style><div class=\"fusion-portfolio-wrapper\" id=\"fusion-portfolio-1\" data-picturesize=\"auto\" data-pages=\"1\" style=\"margin:-15px;\"><article id=\"portfolio-1-post-9169\" class=\"fusion-portfolio-post cable-de-fibra-optica-de-entierro-directo cable-de-fibra-optica-enterrado cable-de-fibra-optica-para-exteriores cable-especial-de-fibra-optica cable-submarino-de-fibra-optica-es-2 cable-submarino-de-fibra-optica cable-submarino-de-fibra-optica-es fusion-col-spacing post-9169\"><div class=\"fusion-portfolio-content-wrapper\" style=\"border:1px solid rgba(242,243,245,0.8);border-bottom-width:3px;background-color:rgba(255,255,255,0);\"><span class=\"vcard rich-snippet-hidden\"><span class=\"fn\"><a href=\"https:\/\/www.honecable.com\/es\/author\/783015227qq-com\/\" title=\"Entradas de HOC\" rel=\"author\">HOC<\/a><\/span><\/span><span class=\"updated rich-snippet-hidden\">2022-05-24T11:18:05+08:00<\/span><div  class=\"fusion-image-wrapper\" aria-haspopup=\"true\">\n\t\t\t\t\t\t\t<a href=\"https:\/\/www.honecable.com\/es\/product\/cable-de-fibra-optica-submarino-alambre-de-acero-blindado-cable-de-doble-vaina\/\" aria-label=\"Cable submarino de fibra \u00f3ptica Alambre de acero Cable blindado de doble hebas\">\n\t\t\t\t\t\t\t<img width=\"750\" height=\"750\" src=\"https:\/\/www.honecable.com\/wp-content\/uploads\/2021\/05\/steel-wire-heavy-armored-swa-cable.jpg\" class=\"attachment-full size-full wp-post-image\" alt=\"cable de fibra \u00f3ptica submarino blindado con alambre de acero\" decoding=\"async\" srcset=\"https:\/\/www.honecable.com\/wp-content\/uploads\/2021\/05\/steel-wire-heavy-armored-swa-cable-200x200.jpg 200w, https:\/\/www.honecable.com\/wp-content\/uploads\/2021\/05\/steel-wire-heavy-armored-swa-cable-400x400.jpg 400w, https:\/\/www.honecable.com\/wp-content\/uploads\/2021\/05\/steel-wire-heavy-armored-swa-cable-600x600.jpg 600w, https:\/\/www.honecable.com\/wp-content\/uploads\/2021\/05\/steel-wire-heavy-armored-swa-cable.jpg 750w\" sizes=\"(min-width: 2200px) 100vw, (min-width: 1006px) 290px, (min-width: 884px) 387px, (min-width: 762px) 580px, (min-width: 640px) 762px, \" \/>\t\t\t<\/a>\n\t\t\t\t\t\t\t<\/div>\n<div class=\"fusion-portfolio-content\" style=\"background-color:rgba(255,255,255,0);\"><h2 class=\"entry-title fusion-post-title\"><a href=\"https:\/\/www.honecable.com\/es\/product\/cable-de-fibra-optica-submarino-alambre-de-acero-blindado-cable-de-doble-vaina\/\">Cable submarino de fibra \u00f3ptica Alambre de acero Cable blindado de doble hebas<\/a><\/h2><div class=\"fusion-post-content\"><\/div><\/div><\/div><\/article><article id=\"portfolio-1-post-9675\" class=\"fusion-portfolio-post cable-blindado-de-fibra-optica cable-de-fibra-optica-de-entierro-directo cable-de-fibra-optica-enterrado cable-de-fibra-optica-para-exteriores cable-especial-de-fibra-optica cable-submarino-de-fibra-optica cable-submarino-de-fibra-optica-es cable-submarino-de-fibra-optica-es-2 fusion-col-spacing post-9675\"><div class=\"fusion-portfolio-content-wrapper\" style=\"border:1px solid rgba(242,243,245,0.8);border-bottom-width:3px;background-color:rgba(255,255,255,0);\"><span class=\"vcard rich-snippet-hidden\"><span class=\"fn\"><a href=\"https:\/\/www.honecable.com\/es\/author\/783015227qq-com\/\" title=\"Entradas de HOC\" rel=\"author\">HOC<\/a><\/span><\/span><span class=\"updated rich-snippet-hidden\">2022-05-24T11:19:27+08:00<\/span><div  class=\"fusion-image-wrapper\" aria-haspopup=\"true\">\n\t\t\t\t\t\t\t<a href=\"https:\/\/www.honecable.com\/es\/product\/48-96-144-nucleos-submarino-fibra-optica-cable-swa-blindado\/\" aria-label=\"48 96 144 n\u00facleos Cable submarino de fibra \u00f3ptica SWA blindado\">\n\t\t\t\t\t\t\t<img width=\"750\" height=\"750\" src=\"https:\/\/www.honecable.com\/wp-content\/uploads\/2021\/09\/swa-underwater-fiber-optic-cable.jpg\" class=\"attachment-full size-full wp-post-image\" alt=\"cable de fibra \u00f3ptica submarino cable de fibra blindado de acero\" decoding=\"async\" srcset=\"https:\/\/www.honecable.com\/wp-content\/uploads\/2021\/09\/swa-underwater-fiber-optic-cable-200x200.jpg 200w, https:\/\/www.honecable.com\/wp-content\/uploads\/2021\/09\/swa-underwater-fiber-optic-cable-400x400.jpg 400w, https:\/\/www.honecable.com\/wp-content\/uploads\/2021\/09\/swa-underwater-fiber-optic-cable-600x600.jpg 600w, https:\/\/www.honecable.com\/wp-content\/uploads\/2021\/09\/swa-underwater-fiber-optic-cable.jpg 750w\" sizes=\"(min-width: 2200px) 100vw, (min-width: 1006px) 290px, (min-width: 884px) 387px, (min-width: 762px) 580px, (min-width: 640px) 762px, \" \/>\t\t\t<\/a>\n\t\t\t\t\t\t\t<\/div>\n<div class=\"fusion-portfolio-content\" style=\"background-color:rgba(255,255,255,0);\"><h2 class=\"entry-title fusion-post-title\"><a href=\"https:\/\/www.honecable.com\/es\/product\/48-96-144-nucleos-submarino-fibra-optica-cable-swa-blindado\/\">48 96 144 n\u00facleos Cable submarino de fibra \u00f3ptica SWA blindado<\/a><\/h2><div class=\"fusion-post-content\"><\/div><\/div><\/div><\/article><article id=\"portfolio-1-post-9760\" class=\"fusion-portfolio-post cable-especial-de-fibra-optica cable-submarino-de-fibra-optica-es-2 cable-submarino-de-fibra-optica cable-submarino-de-fibra-optica-es fusion-col-spacing post-9760\"><div class=\"fusion-portfolio-content-wrapper\" style=\"border:1px solid rgba(242,243,245,0.8);border-bottom-width:3px;background-color:rgba(255,255,255,0);\"><span class=\"vcard rich-snippet-hidden\"><span class=\"fn\"><a href=\"https:\/\/www.honecable.com\/es\/author\/783015227qq-com\/\" title=\"Entradas de HOC\" rel=\"author\">HOC<\/a><\/span><\/span><span class=\"updated rich-snippet-hidden\">2022-05-24T11:17:45+08:00<\/span><div  class=\"fusion-image-wrapper\" aria-haspopup=\"true\">\n\t\t\t\t\t\t\t<a href=\"https:\/\/www.honecable.com\/es\/product\/cable-de-fibra-optica-submarino-cable-de-fibra-swa-de-8-nucleos-24-nucleos\/\" aria-label=\"Cable de fibra \u00f3ptica submarino Cable de fibra SWA de 8 n\u00facleos y 24 n\u00facleos\">\n\t\t\t\t\t\t\t<img width=\"750\" height=\"750\" src=\"https:\/\/www.honecable.com\/wp-content\/uploads\/2021\/09\/subsea-fiber-optic-cable-swa-fiber.jpg\" class=\"attachment-full size-full wp-post-image\" alt=\"cable de fibra \u00f3ptica submarino cable de fibra de escalada\" decoding=\"async\" srcset=\"https:\/\/www.honecable.com\/wp-content\/uploads\/2021\/09\/subsea-fiber-optic-cable-swa-fiber-200x200.jpg 200w, https:\/\/www.honecable.com\/wp-content\/uploads\/2021\/09\/subsea-fiber-optic-cable-swa-fiber-400x400.jpg 400w, https:\/\/www.honecable.com\/wp-content\/uploads\/2021\/09\/subsea-fiber-optic-cable-swa-fiber-600x600.jpg 600w, https:\/\/www.honecable.com\/wp-content\/uploads\/2021\/09\/subsea-fiber-optic-cable-swa-fiber.jpg 750w\" sizes=\"(min-width: 2200px) 100vw, (min-width: 1006px) 290px, (min-width: 884px) 387px, (min-width: 762px) 580px, (min-width: 640px) 762px, \" \/>\t\t\t<\/a>\n\t\t\t\t\t\t\t<\/div>\n<div class=\"fusion-portfolio-content\" style=\"background-color:rgba(255,255,255,0);\"><h2 class=\"entry-title fusion-post-title\"><a href=\"https:\/\/www.honecable.com\/es\/product\/cable-de-fibra-optica-submarino-cable-de-fibra-swa-de-8-nucleos-24-nucleos\/\">Cable de fibra \u00f3ptica submarino Cable de fibra SWA de 8 n\u00facleos y 24 n\u00facleos<\/a><\/h2><div class=\"fusion-post-content\"><\/div><\/div><\/div><\/article><article id=\"portfolio-1-post-9767\" class=\"fusion-portfolio-post cable-de-fibra-optica-de-entierro-directo cable-de-fibra-optica-enterrado cable-de-fibra-optica-para-exteriores cable-especial-de-fibra-optica cable-submarino-de-fibra-optica-es cable-submarino-de-fibra-optica-es-2 cable-submarino-de-fibra-optica fusion-col-spacing post-9767\"><div class=\"fusion-portfolio-content-wrapper\" style=\"border:1px solid rgba(242,243,245,0.8);border-bottom-width:3px;background-color:rgba(255,255,255,0);\"><span class=\"vcard rich-snippet-hidden\"><span class=\"fn\"><a href=\"https:\/\/www.honecable.com\/es\/author\/783015227qq-com\/\" title=\"Entradas de HOC\" rel=\"author\">HOC<\/a><\/span><\/span><span class=\"updated rich-snippet-hidden\">2022-05-24T11:07:31+08:00<\/span><div  class=\"fusion-image-wrapper\" aria-haspopup=\"true\">\n\t\t\t\t\t\t\t<a href=\"https:\/\/www.honecable.com\/es\/product\/cable-de-fibra-subacuatico-48-core-96-core-fabricante\/\" aria-label=\"Cable de fibra submarina 48 Core 96 Core Fabricante\">\n\t\t\t\t\t\t\t<img width=\"750\" height=\"750\" src=\"https:\/\/www.honecable.com\/wp-content\/uploads\/2021\/09\/underwater-fiber-cable.jpg\" class=\"attachment-full size-full wp-post-image\" alt=\"Fabricante de cable de fibra submarino blindado SWA\" decoding=\"async\" srcset=\"https:\/\/www.honecable.com\/wp-content\/uploads\/2021\/09\/underwater-fiber-cable-200x200.jpg 200w, https:\/\/www.honecable.com\/wp-content\/uploads\/2021\/09\/underwater-fiber-cable-400x400.jpg 400w, https:\/\/www.honecable.com\/wp-content\/uploads\/2021\/09\/underwater-fiber-cable-600x600.jpg 600w, https:\/\/www.honecable.com\/wp-content\/uploads\/2021\/09\/underwater-fiber-cable.jpg 750w\" sizes=\"(min-width: 2200px) 100vw, (min-width: 1006px) 290px, (min-width: 884px) 387px, (min-width: 762px) 580px, (min-width: 640px) 762px, \" \/>\t\t\t<\/a>\n\t\t\t\t\t\t\t<\/div>\n<div class=\"fusion-portfolio-content\" style=\"background-color:rgba(255,255,255,0);\"><h2 class=\"entry-title fusion-post-title\"><a href=\"https:\/\/www.honecable.com\/es\/product\/cable-de-fibra-subacuatico-48-core-96-core-fabricante\/\">Cable de fibra submarina 48 Core 96 Core Fabricante<\/a><\/h2><div class=\"fusion-post-content\"><\/div><\/div><\/div><\/article><article id=\"portfolio-1-post-9775\" class=\"fusion-portfolio-post cable-de-fibra-optica-de-entierro-directo cable-de-fibra-optica-enterrado cable-de-fibra-optica-para-exteriores cable-especial-de-fibra-optica cable-submarino-de-fibra-optica cable-submarino-de-fibra-optica-es cable-submarino-de-fibra-optica-es-2 fusion-col-spacing post-9775\"><div class=\"fusion-portfolio-content-wrapper\" style=\"border:1px solid rgba(242,243,245,0.8);border-bottom-width:3px;background-color:rgba(255,255,255,0);\"><span class=\"vcard rich-snippet-hidden\"><span class=\"fn\"><a href=\"https:\/\/www.honecable.com\/es\/author\/783015227qq-com\/\" title=\"Entradas de HOC\" rel=\"author\">HOC<\/a><\/span><\/span><span class=\"updated rich-snippet-hidden\">2022-05-24T11:17:47+08:00<\/span><div  class=\"fusion-image-wrapper\" aria-haspopup=\"true\">\n\t\t\t\t\t\t\t<a href=\"https:\/\/www.honecable.com\/es\/product\/swa-blindado-submarino-submarino-fibra-optica-cable-24-core\/\" aria-label=\"Cable blindado de fibra \u00f3ptica submarino \/ submarino SWA de 24 n\u00facleos\">\n\t\t\t\t\t\t\t<img width=\"750\" height=\"750\" src=\"https:\/\/www.honecable.com\/wp-content\/uploads\/2021\/09\/submarine-fiber-optic-cable.jpg\" class=\"attachment-full size-full wp-post-image\" alt=\"Cable de fibra \u00f3ptica submarino blindado con alambre de acero SWA\" decoding=\"async\" srcset=\"https:\/\/www.honecable.com\/wp-content\/uploads\/2021\/09\/submarine-fiber-optic-cable-200x200.jpg 200w, https:\/\/www.honecable.com\/wp-content\/uploads\/2021\/09\/submarine-fiber-optic-cable-400x400.jpg 400w, https:\/\/www.honecable.com\/wp-content\/uploads\/2021\/09\/submarine-fiber-optic-cable-600x600.jpg 600w, https:\/\/www.honecable.com\/wp-content\/uploads\/2021\/09\/submarine-fiber-optic-cable.jpg 750w\" sizes=\"(min-width: 2200px) 100vw, (min-width: 1006px) 290px, (min-width: 884px) 387px, (min-width: 762px) 580px, (min-width: 640px) 762px, \" \/>\t\t\t<\/a>\n\t\t\t\t\t\t\t<\/div>\n<div class=\"fusion-portfolio-content\" style=\"background-color:rgba(255,255,255,0);\"><h2 class=\"entry-title fusion-post-title\"><a href=\"https:\/\/www.honecable.com\/es\/product\/swa-blindado-submarino-submarino-fibra-optica-cable-24-core\/\">Cable blindado de fibra \u00f3ptica submarino \/ submarino SWA de 24 n\u00facleos<\/a><\/h2><div class=\"fusion-post-content\"><\/div><\/div><\/div><\/article><\/div><\/div><\/div><\/div><\/div><\/div><\/p>\n","protected":false},"excerpt":{"rendered":"","protected":false},"author":1,"featured_media":0,"parent":8813,"menu_order":1,"comment_status":"closed","ping_status":"closed","template":"","meta":{"_seopress_robots_primary_cat":"","_seopress_titles_title":"","_seopress_titles_desc":"","_seopress_robots_index":"","footnotes":"","_vp_format_video_url":"","_vp_image_focal_point":[]},"_links":{"self":[{"href":"https:\/\/www.honecable.com\/es\/wp-json\/wp\/v2\/pages\/8753"}],"collection":[{"href":"https:\/\/www.honecable.com\/es\/wp-json\/wp\/v2\/pages"}],"about":[{"href":"https:\/\/www.honecable.com\/es\/wp-json\/wp\/v2\/types\/page"}],"author":[{"embeddable":true,"href":"https:\/\/www.honecable.com\/es\/wp-json\/wp\/v2\/users\/1"}],"replies":[{"embeddable":true,"href":"https:\/\/www.honecable.com\/es\/wp-json\/wp\/v2\/comments?post=8753"}],"version-history":[{"count":0,"href":"https:\/\/www.honecable.com\/es\/wp-json\/wp\/v2\/pages\/8753\/revisions"}],"up":[{"embeddable":true,"href":"https:\/\/www.honecable.com\/es\/wp-json\/wp\/v2\/pages\/8813"}],"wp:attachment":[{"href":"https:\/\/www.honecable.com\/es\/wp-json\/wp\/v2\/media?parent=8753"}],"curies":[{"name":"wp","href":"https:\/\/api.w.org\/{rel}","templated":true}]}}