{"id":10680,"date":"2021-09-18T12:28:08","date_gmt":"2021-09-18T04:28:08","guid":{"rendered":"http:\/\/honecable.com\/cable-a-fibre-optique\/"},"modified":"2021-11-18T17:40:09","modified_gmt":"2021-11-18T09:40:09","slug":"cable-fibre-breakout","status":"publish","type":"page","link":"https:\/\/www.honecable.com\/fr\/cables-a-fibres-optiques\/cable-fibre-optique-interieur\/cable-fibre-breakout\/","title":{"rendered":"C\u00e2ble \u00e0 fibre optique"},"content":{"rendered":"<p><div class=\"fusion-fullwidth fullwidth-box fusion-builder-row-1 fusion-flex-container nonhundred-percent-fullwidth non-hundred-percent-height-scrolling\" style=\"--awb-border-radius-top-left:0px;--awb-border-radius-top-right:0px;--awb-border-radius-bottom-right:0px;--awb-border-radius-bottom-left:0px;--awb-flex-wrap:wrap;\" ><div class=\"fusion-builder-row fusion-row fusion-flex-align-items-flex-start fusion-flex-content-wrap\" style=\"max-width:1300px;margin-left: calc(-4% \/ 2 );margin-right: calc(-4% \/ 2 );\"><div class=\"fusion-layout-column fusion_builder_column fusion-builder-column-0 fusion_builder_column_1_1 1_1 fusion-flex-column\" style=\"--awb-bg-size:cover;--awb-width-large:100%;--awb-margin-top-large:0px;--awb-spacing-right-large:1.92%;--awb-margin-bottom-large:20px;--awb-spacing-left-large:1.92%;--awb-width-medium:100%;--awb-order-medium:0;--awb-spacing-right-medium:1.92%;--awb-spacing-left-medium:1.92%;--awb-width-small:100%;--awb-order-small:0;--awb-spacing-right-small:1.92%;--awb-spacing-left-small:1.92%;\"><div class=\"fusion-column-wrapper fusion-column-has-shadow fusion-flex-justify-content-flex-start fusion-content-layout-column\"><div class=\"fusion-text fusion-text-1\">\t\t\t<!-- Flexy Breadcrumb -->\r\n\t\t\t<div class=\"fbc fbc-page\">\r\n\r\n\t\t\t\t<!-- Breadcrumb wrapper -->\r\n\t\t\t\t<div class=\"fbc-wrap\">\r\n\r\n\t\t\t\t\t<!-- Ordered list-->\r\n\t\t\t\t\t<ol class=\"fbc-items\" itemscope itemtype=\"https:\/\/schema.org\/BreadcrumbList\">\r\n\t\t\t\t\t\t            <li itemprop=\"itemListElement\" itemscope itemtype=\"https:\/\/schema.org\/ListItem\">\r\n                <span itemprop=\"name\">\r\n                    <!-- Home Link -->\r\n                    <a itemprop=\"item\" href=\"https:\/\/www.honecable.com\">\r\n                    \r\n                                                    <i class=\"fa fa-home\" aria-hidden=\"true\"><\/i>Home                    <\/a>\r\n                <\/span>\r\n                <meta itemprop=\"position\" content=\"1\" \/><!-- Meta Position-->\r\n             <\/li><li><span class=\"fbc-separator\">\/<\/span><\/li><li class=\"active\" itemprop=\"itemListElement\" itemscope itemtype=\"https:\/\/schema.org\/ListItem\"><span itemprop=\"name\" title=\"Centre de connaissances\">Centre de connaissances<\/span><meta itemprop=\"position\" content=\"2\" \/><\/li>\t\t\t\t\t<\/ol>\r\n\t\t\t\t\t<div class=\"clearfix\"><\/div>\r\n\t\t\t\t<\/div>\r\n\t\t\t<\/div>\r\n\t\t\t\n<\/div><\/div><\/div><\/div><\/div><div class=\"fusion-fullwidth fullwidth-box fusion-builder-row-2 fusion-flex-container nonhundred-percent-fullwidth non-hundred-percent-height-scrolling\" style=\"--awb-border-radius-top-left:0px;--awb-border-radius-top-right:0px;--awb-border-radius-bottom-right:0px;--awb-border-radius-bottom-left:0px;--awb-padding-top:22px;--awb-flex-wrap:wrap;\" ><div class=\"fusion-builder-row fusion-row fusion-flex-align-items-flex-start fusion-flex-content-wrap\" style=\"max-width:1300px;margin-left: calc(-4% \/ 2 );margin-right: calc(-4% \/ 2 );\"><div class=\"fusion-layout-column fusion_builder_column fusion-builder-column-1 fusion_builder_column_1_1 1_1 fusion-flex-column\" style=\"--awb-bg-size:cover;--awb-width-large:100%;--awb-margin-top-large:0px;--awb-spacing-right-large:0%;--awb-margin-bottom-large:20px;--awb-spacing-left-large:1.92%;--awb-width-medium:100%;--awb-order-medium:0;--awb-spacing-right-medium:0%;--awb-spacing-left-medium:1.92%;--awb-width-small:100%;--awb-order-small:0;--awb-spacing-right-small:1.92%;--awb-spacing-left-small:1.92%;\"><div class=\"fusion-column-wrapper fusion-column-has-shadow fusion-flex-justify-content-flex-start fusion-content-layout-column\"><style type=\"text\/css\">.fusion-portfolio-wrapper#fusion-portfolio-1 .fusion-portfolio-content{ padding: 20px 5px 15px 15px; text-align: left; }<\/style><div class=\"fusion-recent-works fusion-portfolio-element fusion-portfolio fusion-portfolio-1 fusion-portfolio-grid fusion-portfolio-paging-pagination fusion-portfolio-four fusion-portfolio-boxed fusion-portfolio-text fusion-portfolio-equal-heights portfolio_products\" data-id=\"-rw-1\" data-columns=\"four\"><style type=\"text\/css\">.fusion-portfolio-1 .fusion-portfolio-wrapper .fusion-col-spacing{padding:15px;}<\/style><div class=\"fusion-portfolio-wrapper\" id=\"fusion-portfolio-1\" data-picturesize=\"auto\" data-pages=\"1\" style=\"margin:-15px;\"><article id=\"portfolio-1-post-11057\" class=\"fusion-portfolio-post cable-a-fibre-optique cable-a-fibre-optique-dinterieur fusion-col-spacing post-11057\"><div class=\"fusion-portfolio-content-wrapper\" style=\"border:1px solid rgba(242,243,245,0.8);border-bottom-width:3px;background-color:rgba(255,255,255,0);\"><span class=\"vcard rich-snippet-hidden\"><span class=\"fn\"><a href=\"https:\/\/www.honecable.com\/fr\/author\/783015227qq-com\/\" title=\"Articles par HOC\" rel=\"author\">HOC<\/a><\/span><\/span><span class=\"updated rich-snippet-hidden\">2022-05-24T12:37:10+08:00<\/span><div  class=\"fusion-image-wrapper\" aria-haspopup=\"true\">\n\t\t\t\t\t\t\t<a href=\"https:\/\/www.honecable.com\/fr\/product\/ofnr-fibre-optique-non-conductrice-riser-cable-dinterieur-de-batiment\/\" aria-label=\"C\u00e2ble de b\u00e2timent int\u00e9rieur non conducteur \u00e0 fibre optique OFNR\">\n\t\t\t\t\t\t\t<img width=\"750\" height=\"750\" src=\"https:\/\/www.honecable.com\/wp-content\/uploads\/2021\/05\/breakout-fiber-optic-cable-riser-cable-distribution-in-building.jpg\" class=\"attachment-full size-full wp-post-image\" alt=\"c\u00e2ble ascendant non conducteur \u00e0 fibres optiques ofnr pour la distribution de fibres dans les b\u00e2timents int\u00e9rieurs avec 2 \u00e9l\u00e9ments de r\u00e9sistance FRP\" decoding=\"async\" srcset=\"https:\/\/www.honecable.com\/wp-content\/uploads\/2021\/05\/breakout-fiber-optic-cable-riser-cable-distribution-in-building-200x200.jpg 200w, https:\/\/www.honecable.com\/wp-content\/uploads\/2021\/05\/breakout-fiber-optic-cable-riser-cable-distribution-in-building-400x400.jpg 400w, https:\/\/www.honecable.com\/wp-content\/uploads\/2021\/05\/breakout-fiber-optic-cable-riser-cable-distribution-in-building-600x600.jpg 600w, https:\/\/www.honecable.com\/wp-content\/uploads\/2021\/05\/breakout-fiber-optic-cable-riser-cable-distribution-in-building.jpg 750w\" sizes=\"(min-width: 2200px) 100vw, (min-width: 1006px) 290px, (min-width: 884px) 387px, (min-width: 762px) 580px, (min-width: 640px) 762px, \" \/>\t\t\t<\/a>\n\t\t\t\t\t\t\t<\/div>\n<div class=\"fusion-portfolio-content\" style=\"background-color:rgba(255,255,255,0);\"><h2 class=\"entry-title fusion-post-title\"><a href=\"https:\/\/www.honecable.com\/fr\/product\/ofnr-fibre-optique-non-conductrice-riser-cable-dinterieur-de-batiment\/\">C\u00e2ble de b\u00e2timent int\u00e9rieur non conducteur \u00e0 fibre optique OFNR<\/a><\/h2><div class=\"fusion-post-content\"><\/div><\/div><\/div><\/article><article id=\"portfolio-1-post-11165\" class=\"fusion-portfolio-post cable-a-fibre-a-tampon-serre cable-a-fibre-optique cable-a-fibre-optique-dinterieur fusion-col-spacing post-11165\"><div class=\"fusion-portfolio-content-wrapper\" style=\"border:1px solid rgba(242,243,245,0.8);border-bottom-width:3px;background-color:rgba(255,255,255,0);\"><span class=\"vcard rich-snippet-hidden\"><span class=\"fn\"><a href=\"https:\/\/www.honecable.com\/fr\/author\/783015227qq-com\/\" title=\"Articles par HOC\" rel=\"author\">HOC<\/a><\/span><\/span><span class=\"updated rich-snippet-hidden\">2022-05-24T12:36:49+08:00<\/span><div  class=\"fusion-image-wrapper\" aria-haspopup=\"true\">\n\t\t\t\t\t\t\t<a href=\"https:\/\/www.honecable.com\/fr\/product\/cable-optique-micro-multi-coeur-dinterieur-de-cable-de-rupture-de-fibre\/\" aria-label=\"C\u00e2ble optique micro multi-c\u0153ur d&#8217;int\u00e9rieur de c\u00e2ble de rupture de fibre\">\n\t\t\t\t\t\t\t<img width=\"750\" height=\"750\" src=\"https:\/\/www.honecable.com\/wp-content\/uploads\/2021\/05\/fiber-breakout-cable-multi-core-micro-cable-more-than-24-core.jpg\" class=\"attachment-full size-full wp-post-image\" alt=\"c\u00e2ble de rupture de fibre optique c\u00e2ble d&#039;acc\u00e8s micro c\u00e2ble multiconducteur\" decoding=\"async\" srcset=\"https:\/\/www.honecable.com\/wp-content\/uploads\/2021\/05\/fiber-breakout-cable-multi-core-micro-cable-more-than-24-core-200x200.jpg 200w, https:\/\/www.honecable.com\/wp-content\/uploads\/2021\/05\/fiber-breakout-cable-multi-core-micro-cable-more-than-24-core-400x400.jpg 400w, https:\/\/www.honecable.com\/wp-content\/uploads\/2021\/05\/fiber-breakout-cable-multi-core-micro-cable-more-than-24-core-600x600.jpg 600w, https:\/\/www.honecable.com\/wp-content\/uploads\/2021\/05\/fiber-breakout-cable-multi-core-micro-cable-more-than-24-core.jpg 750w\" sizes=\"(min-width: 2200px) 100vw, (min-width: 1006px) 290px, (min-width: 884px) 387px, (min-width: 762px) 580px, (min-width: 640px) 762px, \" \/>\t\t\t<\/a>\n\t\t\t\t\t\t\t<\/div>\n<div class=\"fusion-portfolio-content\" style=\"background-color:rgba(255,255,255,0);\"><h2 class=\"entry-title fusion-post-title\"><a href=\"https:\/\/www.honecable.com\/fr\/product\/cable-optique-micro-multi-coeur-dinterieur-de-cable-de-rupture-de-fibre\/\">C\u00e2ble optique micro multi-c\u0153ur d&#8217;int\u00e9rieur de c\u00e2ble de rupture de fibre<\/a><\/h2><div class=\"fusion-post-content\"><\/div><\/div><\/div><\/article><article id=\"portfolio-1-post-11118\" class=\"fusion-portfolio-post cable-a-fibre-a-tampon-serre cable-a-fibre-optique cable-a-fibre-optique-dinterieur fusion-col-spacing post-11118\"><div class=\"fusion-portfolio-content-wrapper\" style=\"border:1px solid rgba(242,243,245,0.8);border-bottom-width:3px;background-color:rgba(255,255,255,0);\"><span class=\"vcard rich-snippet-hidden\"><span class=\"fn\"><a href=\"https:\/\/www.honecable.com\/fr\/author\/783015227qq-com\/\" title=\"Articles par HOC\" rel=\"author\">HOC<\/a><\/span><\/span><span class=\"updated rich-snippet-hidden\">2022-05-24T12:36:48+08:00<\/span><div  class=\"fusion-image-wrapper\" aria-haspopup=\"true\">\n\t\t\t\t\t\t\t<a href=\"https:\/\/www.honecable.com\/fr\/product\/cable-de-faisceau-de-fibre-optique-de-mode-unitaire-de-cable-a-fibre-optique-de-distribution\/\" aria-label=\"C\u00e2ble de faisceau de fibre optique de mode unitaire de c\u00e2ble \u00e0 fibre optique de distribution\">\n\t\t\t\t\t\t\t<img width=\"750\" height=\"750\" src=\"https:\/\/www.honecable.com\/wp-content\/uploads\/2021\/05\/distribution-fiber-optic-cable-optical-fibre-bundle.jpg\" class=\"attachment-full size-full wp-post-image\" alt=\"c\u00e2ble de distribution en fibre optique monomode c\u00e2ble en fibre optique int\u00e9rieur bundle\" decoding=\"async\" srcset=\"https:\/\/www.honecable.com\/wp-content\/uploads\/2021\/05\/distribution-fiber-optic-cable-optical-fibre-bundle-200x200.jpg 200w, https:\/\/www.honecable.com\/wp-content\/uploads\/2021\/05\/distribution-fiber-optic-cable-optical-fibre-bundle-400x400.jpg 400w, https:\/\/www.honecable.com\/wp-content\/uploads\/2021\/05\/distribution-fiber-optic-cable-optical-fibre-bundle-600x600.jpg 600w, https:\/\/www.honecable.com\/wp-content\/uploads\/2021\/05\/distribution-fiber-optic-cable-optical-fibre-bundle.jpg 750w\" sizes=\"(min-width: 2200px) 100vw, (min-width: 1006px) 290px, (min-width: 884px) 387px, (min-width: 762px) 580px, (min-width: 640px) 762px, \" \/>\t\t\t<\/a>\n\t\t\t\t\t\t\t<\/div>\n<div class=\"fusion-portfolio-content\" style=\"background-color:rgba(255,255,255,0);\"><h2 class=\"entry-title fusion-post-title\"><a href=\"https:\/\/www.honecable.com\/fr\/product\/cable-de-faisceau-de-fibre-optique-de-mode-unitaire-de-cable-a-fibre-optique-de-distribution\/\">C\u00e2ble de faisceau de fibre optique de mode unitaire de c\u00e2ble \u00e0 fibre optique de distribution<\/a><\/h2><div class=\"fusion-post-content\"><\/div><\/div><\/div><\/article><article id=\"portfolio-1-post-11711\" class=\"fusion-portfolio-post cable-de-fibre-oem fusion-col-spacing post-11711\"><div class=\"fusion-portfolio-content-wrapper\" style=\"border:1px solid rgba(242,243,245,0.8);border-bottom-width:3px;background-color:rgba(255,255,255,0);\"><span class=\"vcard rich-snippet-hidden\"><span class=\"fn\"><a href=\"https:\/\/www.honecable.com\/fr\/author\/783015227qq-com\/\" title=\"Articles par HOC\" rel=\"author\">HOC<\/a><\/span><\/span><span class=\"updated rich-snippet-hidden\">2022-04-24T11:05:52+08:00<\/span><div  class=\"fusion-image-wrapper\" aria-haspopup=\"true\">\n\t\t\t\t\t\t\t<a href=\"https:\/\/www.honecable.com\/fr\/product\/oem-custom-fibre-optique-cables\/\" aria-label=\"C\u00e2bles \u00e0 fibre optique personnalis\u00e9s\">\n\t\t\t\t\t\t\t<img width=\"750\" height=\"750\" src=\"https:\/\/www.honecable.com\/wp-content\/uploads\/2021\/11\/OEM-custom-fiber-optic-cable.jpg\" class=\"attachment-full size-full wp-post-image\" alt=\"oem custom fiber optic cables\" decoding=\"async\" srcset=\"https:\/\/www.honecable.com\/wp-content\/uploads\/2021\/11\/OEM-custom-fiber-optic-cable-200x200.jpg 200w, https:\/\/www.honecable.com\/wp-content\/uploads\/2021\/11\/OEM-custom-fiber-optic-cable-400x400.jpg 400w, https:\/\/www.honecable.com\/wp-content\/uploads\/2021\/11\/OEM-custom-fiber-optic-cable-600x600.jpg 600w, https:\/\/www.honecable.com\/wp-content\/uploads\/2021\/11\/OEM-custom-fiber-optic-cable.jpg 750w\" sizes=\"(min-width: 2200px) 100vw, (min-width: 1006px) 290px, (min-width: 884px) 387px, (min-width: 762px) 580px, (min-width: 640px) 762px, \" \/>\t\t\t<\/a>\n\t\t\t\t\t\t\t<\/div>\n<div class=\"fusion-portfolio-content\" style=\"background-color:rgba(255,255,255,0);\"><h2 class=\"entry-title fusion-post-title\"><a href=\"https:\/\/www.honecable.com\/fr\/product\/oem-custom-fibre-optique-cables\/\">C\u00e2bles \u00e0 fibre optique personnalis\u00e9s<\/a><\/h2><div class=\"fusion-post-content\"><\/div><\/div><\/div><\/article><\/div><\/div><\/div><\/div><\/div><\/div><\/p>\n","protected":false},"excerpt":{"rendered":"","protected":false},"author":1,"featured_media":0,"parent":10688,"menu_order":3,"comment_status":"closed","ping_status":"closed","template":"","meta":{"_seopress_robots_primary_cat":"","_seopress_titles_title":"","_seopress_titles_desc":"","_seopress_robots_index":"","footnotes":"","_vp_format_video_url":"","_vp_image_focal_point":[]},"_links":{"self":[{"href":"https:\/\/www.honecable.com\/fr\/wp-json\/wp\/v2\/pages\/10680"}],"collection":[{"href":"https:\/\/www.honecable.com\/fr\/wp-json\/wp\/v2\/pages"}],"about":[{"href":"https:\/\/www.honecable.com\/fr\/wp-json\/wp\/v2\/types\/page"}],"author":[{"embeddable":true,"href":"https:\/\/www.honecable.com\/fr\/wp-json\/wp\/v2\/users\/1"}],"replies":[{"embeddable":true,"href":"https:\/\/www.honecable.com\/fr\/wp-json\/wp\/v2\/comments?post=10680"}],"version-history":[{"count":0,"href":"https:\/\/www.honecable.com\/fr\/wp-json\/wp\/v2\/pages\/10680\/revisions"}],"up":[{"embeddable":true,"href":"https:\/\/www.honecable.com\/fr\/wp-json\/wp\/v2\/pages\/10688"}],"wp:attachment":[{"href":"https:\/\/www.honecable.com\/fr\/wp-json\/wp\/v2\/media?parent=10680"}],"curies":[{"name":"wp","href":"https:\/\/api.w.org\/{rel}","templated":true}]}}