{"id":10715,"date":"2021-09-18T13:20:42","date_gmt":"2021-09-18T05:20:42","guid":{"rendered":"http:\/\/honecable.com\/cable-a-fibre-optique-blinde\/"},"modified":"2021-12-19T17:52:24","modified_gmt":"2021-12-19T09:52:24","slug":"cable-fibre-optique-arme","status":"publish","type":"page","link":"https:\/\/www.honecable.com\/fr\/cables-a-fibres-optiques\/cable-fibre-optique-exterieur\/cable-fibre-optique-arme\/","title":{"rendered":"C\u00e2ble \u00e0 fibre optique blind\u00e9"},"content":{"rendered":"<p><div class=\"fusion-fullwidth fullwidth-box fusion-builder-row-1 fusion-flex-container nonhundred-percent-fullwidth non-hundred-percent-height-scrolling\" style=\"--awb-border-radius-top-left:0px;--awb-border-radius-top-right:0px;--awb-border-radius-bottom-right:0px;--awb-border-radius-bottom-left:0px;--awb-flex-wrap:wrap;\" ><div class=\"fusion-builder-row fusion-row fusion-flex-align-items-flex-start fusion-flex-content-wrap\" style=\"max-width:1300px;margin-left: calc(-4% \/ 2 );margin-right: calc(-4% \/ 2 );\"><div class=\"fusion-layout-column fusion_builder_column fusion-builder-column-0 fusion_builder_column_1_1 1_1 fusion-flex-column\" style=\"--awb-bg-size:cover;--awb-width-large:100%;--awb-margin-top-large:0px;--awb-spacing-right-large:1.92%;--awb-margin-bottom-large:20px;--awb-spacing-left-large:1.92%;--awb-width-medium:100%;--awb-order-medium:0;--awb-spacing-right-medium:1.92%;--awb-spacing-left-medium:1.92%;--awb-width-small:100%;--awb-order-small:0;--awb-spacing-right-small:1.92%;--awb-spacing-left-small:1.92%;\"><div class=\"fusion-column-wrapper fusion-column-has-shadow fusion-flex-justify-content-flex-start fusion-content-layout-column\"><div class=\"fusion-text fusion-text-1\">\t\t\t<!-- Flexy Breadcrumb -->\r\n\t\t\t<div class=\"fbc fbc-page\">\r\n\r\n\t\t\t\t<!-- Breadcrumb wrapper -->\r\n\t\t\t\t<div class=\"fbc-wrap\">\r\n\r\n\t\t\t\t\t<!-- Ordered list-->\r\n\t\t\t\t\t<ol class=\"fbc-items\" itemscope itemtype=\"https:\/\/schema.org\/BreadcrumbList\">\r\n\t\t\t\t\t\t            <li itemprop=\"itemListElement\" itemscope itemtype=\"https:\/\/schema.org\/ListItem\">\r\n                <span itemprop=\"name\">\r\n                    <!-- Home Link -->\r\n                    <a itemprop=\"item\" href=\"https:\/\/www.honecable.com\">\r\n                    \r\n                                                    <i class=\"fa fa-home\" aria-hidden=\"true\"><\/i>Home                    <\/a>\r\n                <\/span>\r\n                <meta itemprop=\"position\" content=\"1\" \/><!-- Meta Position-->\r\n             <\/li><li><span class=\"fbc-separator\">\/<\/span><\/li><li class=\"active\" itemprop=\"itemListElement\" itemscope itemtype=\"https:\/\/schema.org\/ListItem\"><span itemprop=\"name\" title=\"Centre de connaissances\">Centre de connaissances<\/span><meta itemprop=\"position\" content=\"2\" \/><\/li>\t\t\t\t\t<\/ol>\r\n\t\t\t\t\t<div class=\"clearfix\"><\/div>\r\n\t\t\t\t<\/div>\r\n\t\t\t<\/div>\r\n\t\t\t\n<\/div><\/div><\/div><\/div><\/div><div class=\"fusion-fullwidth fullwidth-box fusion-builder-row-2 fusion-flex-container nonhundred-percent-fullwidth non-hundred-percent-height-scrolling\" style=\"--awb-border-radius-top-left:0px;--awb-border-radius-top-right:0px;--awb-border-radius-bottom-right:0px;--awb-border-radius-bottom-left:0px;--awb-padding-top:22px;--awb-flex-wrap:wrap;\" ><div class=\"fusion-builder-row fusion-row fusion-flex-align-items-flex-start fusion-flex-content-wrap\" style=\"max-width:1300px;margin-left: calc(-4% \/ 2 );margin-right: calc(-4% \/ 2 );\"><div class=\"fusion-layout-column fusion_builder_column fusion-builder-column-1 fusion_builder_column_1_1 1_1 fusion-flex-column\" style=\"--awb-bg-size:cover;--awb-width-large:100%;--awb-margin-top-large:0px;--awb-spacing-right-large:0%;--awb-margin-bottom-large:20px;--awb-spacing-left-large:1.92%;--awb-width-medium:100%;--awb-order-medium:0;--awb-spacing-right-medium:0%;--awb-spacing-left-medium:1.92%;--awb-width-small:100%;--awb-order-small:0;--awb-spacing-right-small:0%;--awb-spacing-left-small:1.92%;\"><div class=\"fusion-column-wrapper fusion-column-has-shadow fusion-flex-justify-content-flex-start fusion-content-layout-column\"><style type=\"text\/css\">.fusion-portfolio-wrapper#fusion-portfolio-1 .fusion-portfolio-content{ padding: 20px 5px 15px 15px; text-align: left; }<\/style><div class=\"fusion-recent-works fusion-portfolio-element fusion-portfolio fusion-portfolio-1 fusion-portfolio-grid fusion-portfolio-paging-pagination fusion-portfolio-four fusion-portfolio-boxed fusion-portfolio-text fusion-portfolio-equal-heights portfolio_products\" data-id=\"-rw-1\" data-columns=\"four\"><style type=\"text\/css\">.fusion-portfolio-1 .fusion-portfolio-wrapper .fusion-col-spacing{padding:15px;}<\/style><div class=\"fusion-portfolio-wrapper\" id=\"fusion-portfolio-1\" data-picturesize=\"auto\" data-pages=\"1\" style=\"margin:-15px;\"><article id=\"portfolio-1-post-10806\" class=\"fusion-portfolio-post cable-a-fibre-optique-blinde cable-a-fibre-optique-exterieur fusion-col-spacing post-10806\"><div class=\"fusion-portfolio-content-wrapper\" style=\"border:1px solid rgba(242,243,245,0.8);border-bottom-width:3px;background-color:rgba(255,255,255,0);\"><span class=\"vcard rich-snippet-hidden\"><span class=\"fn\"><a href=\"https:\/\/www.honecable.com\/fr\/author\/783015227qq-com\/\" title=\"Articles par HOC\" rel=\"author\">HOC<\/a><\/span><\/span><span class=\"updated rich-snippet-hidden\">2022-05-24T12:36:49+08:00<\/span><div  class=\"fusion-image-wrapper\" aria-haspopup=\"true\">\n\t\t\t\t\t\t\t<a href=\"https:\/\/www.honecable.com\/fr\/product\/cable-en-fibre-blinde-a-24-brins-mlt\/\" aria-label=\"C\u00e2ble de fibre blind\u00e9 de bande en aluminium \u00e9chou\u00e9e par MLT de mode unitaire de 24 noyaux\">\n\t\t\t\t\t\t\t<img width=\"750\" height=\"750\" src=\"https:\/\/www.honecable.com\/wp-content\/uploads\/2021\/09\/24-core-armored-fiber-cable.jpg\" class=\"attachment-full size-full wp-post-image\" alt=\"c\u00e2ble de fibre blind\u00e9 GYTA\" decoding=\"async\" srcset=\"https:\/\/www.honecable.com\/wp-content\/uploads\/2021\/09\/24-core-armored-fiber-cable-200x200.jpg 200w, https:\/\/www.honecable.com\/wp-content\/uploads\/2021\/09\/24-core-armored-fiber-cable-400x400.jpg 400w, https:\/\/www.honecable.com\/wp-content\/uploads\/2021\/09\/24-core-armored-fiber-cable-600x600.jpg 600w, https:\/\/www.honecable.com\/wp-content\/uploads\/2021\/09\/24-core-armored-fiber-cable.jpg 750w\" sizes=\"(min-width: 2200px) 100vw, (min-width: 1006px) 290px, (min-width: 884px) 387px, (min-width: 762px) 580px, (min-width: 640px) 762px, \" \/>\t\t\t<\/a>\n\t\t\t\t\t\t\t<\/div>\n<div class=\"fusion-portfolio-content\" style=\"background-color:rgba(255,255,255,0);\"><h2 class=\"entry-title fusion-post-title\"><a href=\"https:\/\/www.honecable.com\/fr\/product\/cable-en-fibre-blinde-a-24-brins-mlt\/\">C\u00e2ble de fibre blind\u00e9 de bande en aluminium \u00e9chou\u00e9e par MLT de mode unitaire de 24 noyaux<\/a><\/h2><div class=\"fusion-post-content\"><\/div><\/div><\/div><\/article><article id=\"portfolio-1-post-10835\" class=\"fusion-portfolio-post cable-a-fibre-optique-a-enfouissement-direct cable-a-fibre-optique-blinde cable-a-fibre-optique-enterre cable-a-fibre-optique-exterieur cable-a-fibre-optique-sous-marin-fr cable-a-fibre-optique-sous-marin cable-a-fibre-optique-special cable-sous-marin-a-fibre-optique fusion-col-spacing post-10835\"><div class=\"fusion-portfolio-content-wrapper\" style=\"border:1px solid rgba(242,243,245,0.8);border-bottom-width:3px;background-color:rgba(255,255,255,0);\"><span class=\"vcard rich-snippet-hidden\"><span class=\"fn\"><a href=\"https:\/\/www.honecable.com\/fr\/author\/783015227qq-com\/\" title=\"Articles par HOC\" rel=\"author\">HOC<\/a><\/span><\/span><span class=\"updated rich-snippet-hidden\">2022-05-24T12:37:10+08:00<\/span><div  class=\"fusion-image-wrapper\" aria-haspopup=\"true\">\n\t\t\t\t\t\t\t<a href=\"https:\/\/www.honecable.com\/fr\/product\/48-96-144-cores-sous-marin-fibre-optique-cable-swa-arme\/\" aria-label=\"48 96 144 c\u00e2bles sous-marins \u00e0 fibre optique SWA blind\u00e9s\">\n\t\t\t\t\t\t\t<img width=\"750\" height=\"750\" src=\"https:\/\/www.honecable.com\/wp-content\/uploads\/2021\/09\/swa-underwater-fiber-optic-cable.jpg\" class=\"attachment-full size-full wp-post-image\" alt=\"c\u00e2ble sous-marin \u00e0 fibre optique c\u00e2ble en acier c\u00e2ble \u00e0 fibre arm\u00e9\" decoding=\"async\" srcset=\"https:\/\/www.honecable.com\/wp-content\/uploads\/2021\/09\/swa-underwater-fiber-optic-cable-200x200.jpg 200w, https:\/\/www.honecable.com\/wp-content\/uploads\/2021\/09\/swa-underwater-fiber-optic-cable-400x400.jpg 400w, https:\/\/www.honecable.com\/wp-content\/uploads\/2021\/09\/swa-underwater-fiber-optic-cable-600x600.jpg 600w, https:\/\/www.honecable.com\/wp-content\/uploads\/2021\/09\/swa-underwater-fiber-optic-cable.jpg 750w\" sizes=\"(min-width: 2200px) 100vw, (min-width: 1006px) 290px, (min-width: 884px) 387px, (min-width: 762px) 580px, (min-width: 640px) 762px, \" \/>\t\t\t<\/a>\n\t\t\t\t\t\t\t<\/div>\n<div class=\"fusion-portfolio-content\" style=\"background-color:rgba(255,255,255,0);\"><h2 class=\"entry-title fusion-post-title\"><a href=\"https:\/\/www.honecable.com\/fr\/product\/48-96-144-cores-sous-marin-fibre-optique-cable-swa-arme\/\">48 96 144 c\u00e2bles sous-marins \u00e0 fibre optique SWA blind\u00e9s<\/a><\/h2><div class=\"fusion-post-content\"><\/div><\/div><\/div><\/article><article id=\"portfolio-1-post-10903\" class=\"fusion-portfolio-post cable-a-fibre-optique-blinde cable-a-fibre-optique-special cable-cst fusion-col-spacing post-10903\"><div class=\"fusion-portfolio-content-wrapper\" style=\"border:1px solid rgba(242,243,245,0.8);border-bottom-width:3px;background-color:rgba(255,255,255,0);\"><span class=\"vcard rich-snippet-hidden\"><span class=\"fn\"><a href=\"https:\/\/www.honecable.com\/fr\/author\/783015227qq-com\/\" title=\"Articles par HOC\" rel=\"author\">HOC<\/a><\/span><\/span><span class=\"updated rich-snippet-hidden\">2022-05-24T12:36:28+08:00<\/span><div  class=\"fusion-image-wrapper\" aria-haspopup=\"true\">\n\t\t\t\t\t\t\t<a href=\"https:\/\/www.honecable.com\/fr\/product\/cst-fibre-optique-cable-uni-tube-arme-4-core-to-24-core\/\" aria-label=\"CST Fiber Uni-Tube 12 C\u00e2ble \u00e0 fibres optiques arm\u00e9 \u00e0 torons\">\n\t\t\t\t\t\t\t<img width=\"750\" height=\"750\" src=\"https:\/\/www.honecable.com\/wp-content\/uploads\/2021\/09\/CST-cable-unitube-armoured-fiber-opitc-cable.jpg\" class=\"attachment-full size-full wp-post-image\" alt=\"c\u00e2ble fibre cst tube l\u00e2che c\u00e2ble fibre arm\u00e9\" decoding=\"async\" srcset=\"https:\/\/www.honecable.com\/wp-content\/uploads\/2021\/09\/CST-cable-unitube-armoured-fiber-opitc-cable-200x200.jpg 200w, https:\/\/www.honecable.com\/wp-content\/uploads\/2021\/09\/CST-cable-unitube-armoured-fiber-opitc-cable-400x400.jpg 400w, https:\/\/www.honecable.com\/wp-content\/uploads\/2021\/09\/CST-cable-unitube-armoured-fiber-opitc-cable-600x600.jpg 600w, https:\/\/www.honecable.com\/wp-content\/uploads\/2021\/09\/CST-cable-unitube-armoured-fiber-opitc-cable.jpg 750w\" sizes=\"(min-width: 2200px) 100vw, (min-width: 1006px) 290px, (min-width: 884px) 387px, (min-width: 762px) 580px, (min-width: 640px) 762px, \" \/>\t\t\t<\/a>\n\t\t\t\t\t\t\t<\/div>\n<div class=\"fusion-portfolio-content\" style=\"background-color:rgba(255,255,255,0);\"><h2 class=\"entry-title fusion-post-title\"><a href=\"https:\/\/www.honecable.com\/fr\/product\/cst-fibre-optique-cable-uni-tube-arme-4-core-to-24-core\/\">CST Fiber Uni-Tube 12 C\u00e2ble \u00e0 fibres optiques arm\u00e9 \u00e0 torons<\/a><\/h2><div class=\"fusion-post-content\"><\/div><\/div><\/div><\/article><article id=\"portfolio-1-post-11291\" class=\"fusion-portfolio-post cable-a-fibre-optique-blinde cable-a-fibre-optique-exterieur fusion-col-spacing post-11291\"><div class=\"fusion-portfolio-content-wrapper\" style=\"border:1px solid rgba(242,243,245,0.8);border-bottom-width:3px;background-color:rgba(255,255,255,0);\"><span class=\"vcard rich-snippet-hidden\"><span class=\"fn\"><a href=\"https:\/\/www.honecable.com\/fr\/author\/783015227qq-com\/\" title=\"Articles par HOC\" rel=\"author\">HOC<\/a><\/span><\/span><span class=\"updated rich-snippet-hidden\">2022-05-24T12:36:51+08:00<\/span><div  class=\"fusion-image-wrapper\" aria-haspopup=\"true\">\n\t\t\t\t\t\t\t<a href=\"https:\/\/www.honecable.com\/fr\/product\/cable-a-fibre-optique-arme-toron-tube-lache-leger-cable-arme\/\" aria-label=\"C\u00e2ble blind\u00e9 \u00e0 fibre optique toronn\u00e9 c\u00e2ble blind\u00e9 l\u00e9ger \u00e0 tube l\u00e2che\">\n\t\t\t\t\t\t\t<img width=\"750\" height=\"750\" src=\"https:\/\/www.honecable.com\/wp-content\/uploads\/2021\/05\/Multi-tube-light-armored-fiber-optic-cable.jpg\" class=\"attachment-full size-full wp-post-image\" alt=\"c\u00e2ble \u00e0 fibres optiques blind\u00e9 l\u00e9ger en ruban d&#039;acier multitube\" decoding=\"async\" srcset=\"https:\/\/www.honecable.com\/wp-content\/uploads\/2021\/05\/Multi-tube-light-armored-fiber-optic-cable-200x200.jpg 200w, https:\/\/www.honecable.com\/wp-content\/uploads\/2021\/05\/Multi-tube-light-armored-fiber-optic-cable-400x400.jpg 400w, https:\/\/www.honecable.com\/wp-content\/uploads\/2021\/05\/Multi-tube-light-armored-fiber-optic-cable-600x600.jpg 600w, https:\/\/www.honecable.com\/wp-content\/uploads\/2021\/05\/Multi-tube-light-armored-fiber-optic-cable.jpg 750w\" sizes=\"(min-width: 2200px) 100vw, (min-width: 1006px) 290px, (min-width: 884px) 387px, (min-width: 762px) 580px, (min-width: 640px) 762px, \" \/>\t\t\t<\/a>\n\t\t\t\t\t\t\t<\/div>\n<div class=\"fusion-portfolio-content\" style=\"background-color:rgba(255,255,255,0);\"><h2 class=\"entry-title fusion-post-title\"><a href=\"https:\/\/www.honecable.com\/fr\/product\/cable-a-fibre-optique-arme-toron-tube-lache-leger-cable-arme\/\">C\u00e2ble blind\u00e9 \u00e0 fibre optique toronn\u00e9 c\u00e2ble blind\u00e9 l\u00e9ger \u00e0 tube l\u00e2che<\/a><\/h2><div class=\"fusion-post-content\"><\/div><\/div><\/div><\/article><article id=\"portfolio-1-post-11316\" class=\"fusion-portfolio-post cable-a-fibre-optique-blinde cable-a-fibre-optique-exterieur fusion-col-spacing post-11316\"><div class=\"fusion-portfolio-content-wrapper\" style=\"border:1px solid rgba(242,243,245,0.8);border-bottom-width:3px;background-color:rgba(255,255,255,0);\"><span class=\"vcard rich-snippet-hidden\"><span class=\"fn\"><a href=\"https:\/\/www.honecable.com\/fr\/author\/783015227qq-com\/\" title=\"Articles par HOC\" rel=\"author\">HOC<\/a><\/span><\/span><span class=\"updated rich-snippet-hidden\">2022-05-24T12:15:02+08:00<\/span><div  class=\"fusion-image-wrapper\" aria-haspopup=\"true\">\n\t\t\t\t\t\t\t<a href=\"https:\/\/www.honecable.com\/fr\/product\/cable-arme-fibre-optique-unitube-light-armored-cable\/\" aria-label=\"C\u00e2ble \u00e0 fibre optique blind\u00e9 C\u00e2ble blind\u00e9 l\u00e9ger Unitube\">\n\t\t\t\t\t\t\t<img width=\"750\" height=\"750\" src=\"https:\/\/www.honecable.com\/wp-content\/uploads\/2021\/05\/Light-armored-fiber-optic-cable-gyxtw.jpg\" class=\"attachment-full size-full wp-post-image\" alt=\"c\u00e2ble \u00e0 fibres optiques arm\u00e9 l\u00e9ger\" decoding=\"async\" srcset=\"https:\/\/www.honecable.com\/wp-content\/uploads\/2021\/05\/Light-armored-fiber-optic-cable-gyxtw-200x200.jpg 200w, https:\/\/www.honecable.com\/wp-content\/uploads\/2021\/05\/Light-armored-fiber-optic-cable-gyxtw-400x400.jpg 400w, https:\/\/www.honecable.com\/wp-content\/uploads\/2021\/05\/Light-armored-fiber-optic-cable-gyxtw-600x600.jpg 600w, https:\/\/www.honecable.com\/wp-content\/uploads\/2021\/05\/Light-armored-fiber-optic-cable-gyxtw.jpg 750w\" sizes=\"(min-width: 2200px) 100vw, (min-width: 1006px) 290px, (min-width: 884px) 387px, (min-width: 762px) 580px, (min-width: 640px) 762px, \" \/>\t\t\t<\/a>\n\t\t\t\t\t\t\t<\/div>\n<div class=\"fusion-portfolio-content\" style=\"background-color:rgba(255,255,255,0);\"><h2 class=\"entry-title fusion-post-title\"><a href=\"https:\/\/www.honecable.com\/fr\/product\/cable-arme-fibre-optique-unitube-light-armored-cable\/\">C\u00e2ble \u00e0 fibre optique blind\u00e9 C\u00e2ble blind\u00e9 l\u00e9ger Unitube<\/a><\/h2><div class=\"fusion-post-content\"><\/div><\/div><\/div><\/article><article id=\"portfolio-1-post-11323\" class=\"fusion-portfolio-post cable-a-fibre-optique-a-enfouissement-direct cable-a-fibre-optique-blinde cable-a-fibre-optique-enterre cable-a-fibre-optique-exterieur fusion-col-spacing post-11323\"><div class=\"fusion-portfolio-content-wrapper\" style=\"border:1px solid rgba(242,243,245,0.8);border-bottom-width:3px;background-color:rgba(255,255,255,0);\"><span class=\"vcard rich-snippet-hidden\"><span class=\"fn\"><a href=\"https:\/\/www.honecable.com\/fr\/author\/783015227qq-com\/\" title=\"Articles par HOC\" rel=\"author\">HOC<\/a><\/span><\/span><span class=\"updated rich-snippet-hidden\">2022-05-24T12:15:02+08:00<\/span><div  class=\"fusion-image-wrapper\" aria-haspopup=\"true\">\n\t\t\t\t\t\t\t<a href=\"https:\/\/www.honecable.com\/fr\/product\/cable-a-fibre-optique-a-enfouissement-direct\/\" aria-label=\"C\u00e2ble blind\u00e9 \u00e0 tube l\u00e2che \u00e9chou\u00e9 par c\u00e2ble \u00e0 fibre optique d&#8217;enterrement direct\">\n\t\t\t\t\t\t\t<img width=\"750\" height=\"750\" src=\"https:\/\/www.honecable.com\/wp-content\/uploads\/2021\/05\/gyta53-underground-fiber-cable.jpg\" class=\"attachment-full size-full wp-post-image\" alt=\"c\u00e2ble \u00e0 fibres optiques \u00e0 enfouissement direct gyta53 c\u00e2ble \u00e0 fibres optiques toronn\u00e9 en tube libre blind\u00e9\" decoding=\"async\" srcset=\"https:\/\/www.honecable.com\/wp-content\/uploads\/2021\/05\/gyta53-underground-fiber-cable-200x200.jpg 200w, https:\/\/www.honecable.com\/wp-content\/uploads\/2021\/05\/gyta53-underground-fiber-cable-400x400.jpg 400w, https:\/\/www.honecable.com\/wp-content\/uploads\/2021\/05\/gyta53-underground-fiber-cable-600x600.jpg 600w, https:\/\/www.honecable.com\/wp-content\/uploads\/2021\/05\/gyta53-underground-fiber-cable.jpg 750w\" sizes=\"(min-width: 2200px) 100vw, (min-width: 1006px) 290px, (min-width: 884px) 387px, (min-width: 762px) 580px, (min-width: 640px) 762px, \" \/>\t\t\t<\/a>\n\t\t\t\t\t\t\t<\/div>\n<div class=\"fusion-portfolio-content\" style=\"background-color:rgba(255,255,255,0);\"><h2 class=\"entry-title fusion-post-title\"><a href=\"https:\/\/www.honecable.com\/fr\/product\/cable-a-fibre-optique-a-enfouissement-direct\/\">C\u00e2ble blind\u00e9 \u00e0 tube l\u00e2che \u00e9chou\u00e9 par c\u00e2ble \u00e0 fibre optique d&#8217;enterrement direct<\/a><\/h2><div class=\"fusion-post-content\"><\/div><\/div><\/div><\/article><article id=\"portfolio-1-post-11711\" class=\"fusion-portfolio-post cable-de-fibre-oem fusion-col-spacing post-11711\"><div class=\"fusion-portfolio-content-wrapper\" style=\"border:1px solid rgba(242,243,245,0.8);border-bottom-width:3px;background-color:rgba(255,255,255,0);\"><span class=\"vcard rich-snippet-hidden\"><span class=\"fn\"><a href=\"https:\/\/www.honecable.com\/fr\/author\/783015227qq-com\/\" title=\"Articles par HOC\" rel=\"author\">HOC<\/a><\/span><\/span><span class=\"updated rich-snippet-hidden\">2022-04-24T11:05:52+08:00<\/span><div  class=\"fusion-image-wrapper\" aria-haspopup=\"true\">\n\t\t\t\t\t\t\t<a href=\"https:\/\/www.honecable.com\/fr\/product\/oem-custom-fibre-optique-cables\/\" aria-label=\"C\u00e2bles \u00e0 fibre optique personnalis\u00e9s\">\n\t\t\t\t\t\t\t<img width=\"750\" height=\"750\" src=\"https:\/\/www.honecable.com\/wp-content\/uploads\/2021\/11\/OEM-custom-fiber-optic-cable.jpg\" class=\"attachment-full size-full wp-post-image\" alt=\"oem custom fiber optic cables\" decoding=\"async\" srcset=\"https:\/\/www.honecable.com\/wp-content\/uploads\/2021\/11\/OEM-custom-fiber-optic-cable-200x200.jpg 200w, https:\/\/www.honecable.com\/wp-content\/uploads\/2021\/11\/OEM-custom-fiber-optic-cable-400x400.jpg 400w, https:\/\/www.honecable.com\/wp-content\/uploads\/2021\/11\/OEM-custom-fiber-optic-cable-600x600.jpg 600w, https:\/\/www.honecable.com\/wp-content\/uploads\/2021\/11\/OEM-custom-fiber-optic-cable.jpg 750w\" sizes=\"(min-width: 2200px) 100vw, (min-width: 1006px) 290px, (min-width: 884px) 387px, (min-width: 762px) 580px, (min-width: 640px) 762px, \" \/>\t\t\t<\/a>\n\t\t\t\t\t\t\t<\/div>\n<div class=\"fusion-portfolio-content\" style=\"background-color:rgba(255,255,255,0);\"><h2 class=\"entry-title fusion-post-title\"><a href=\"https:\/\/www.honecable.com\/fr\/product\/oem-custom-fibre-optique-cables\/\">C\u00e2bles \u00e0 fibre optique personnalis\u00e9s<\/a><\/h2><div class=\"fusion-post-content\"><\/div><\/div><\/div><\/article><\/div><\/div><\/div><\/div><\/div><\/div><\/p>\n","protected":false},"excerpt":{"rendered":"","protected":false},"author":1,"featured_media":0,"parent":10719,"menu_order":1,"comment_status":"closed","ping_status":"closed","template":"","meta":{"_seopress_robots_primary_cat":"","_seopress_titles_title":"","_seopress_titles_desc":"","_seopress_robots_index":"","footnotes":"","_vp_format_video_url":"","_vp_image_focal_point":[]},"_links":{"self":[{"href":"https:\/\/www.honecable.com\/fr\/wp-json\/wp\/v2\/pages\/10715"}],"collection":[{"href":"https:\/\/www.honecable.com\/fr\/wp-json\/wp\/v2\/pages"}],"about":[{"href":"https:\/\/www.honecable.com\/fr\/wp-json\/wp\/v2\/types\/page"}],"author":[{"embeddable":true,"href":"https:\/\/www.honecable.com\/fr\/wp-json\/wp\/v2\/users\/1"}],"replies":[{"embeddable":true,"href":"https:\/\/www.honecable.com\/fr\/wp-json\/wp\/v2\/comments?post=10715"}],"version-history":[{"count":0,"href":"https:\/\/www.honecable.com\/fr\/wp-json\/wp\/v2\/pages\/10715\/revisions"}],"up":[{"embeddable":true,"href":"https:\/\/www.honecable.com\/fr\/wp-json\/wp\/v2\/pages\/10719"}],"wp:attachment":[{"href":"https:\/\/www.honecable.com\/fr\/wp-json\/wp\/v2\/media?parent=10715"}],"curies":[{"name":"wp","href":"https:\/\/api.w.org\/{rel}","templated":true}]}}