{"id":26846,"date":"2021-12-18T18:05:56","date_gmt":"2021-12-18T10:05:56","guid":{"rendered":"https:\/\/www.honecable.com\/a-propos-hone\/galerie\/"},"modified":"2022-03-31T11:16:41","modified_gmt":"2022-03-31T03:16:41","slug":"galerie","status":"publish","type":"page","link":"https:\/\/www.honecable.com\/fr\/galerie\/","title":{"rendered":"Galerie"},"content":{"rendered":"<p><div class=\"fusion-fullwidth fullwidth-box fusion-builder-row-1 fusion-flex-container nonhundred-percent-fullwidth non-hundred-percent-height-scrolling\" style=\"--link_color: #0173be;--awb-border-radius-top-left:0px;--awb-border-radius-top-right:0px;--awb-border-radius-bottom-right:0px;--awb-border-radius-bottom-left:0px;--awb-padding-top:120px;--awb-padding-bottom:144px;--awb-background-color:#f4f4f4;--awb-flex-wrap:wrap;\" ><div class=\"fusion-builder-row fusion-row fusion-flex-align-items-stretch fusion-flex-content-wrap\" style=\"max-width:calc( 1250px + 30px );margin-left: calc(-30px \/ 2 );margin-right: calc(-30px \/ 2 );\"><div class=\"fusion-layout-column fusion_builder_column fusion-builder-column-0 fusion_builder_column_1_1 1_1 fusion-flex-column\" style=\"--awb-bg-size:cover;--awb-width-large:100%;--awb-margin-top-large:0px;--awb-spacing-right-large:15px;--awb-margin-bottom-large:20px;--awb-spacing-left-large:15px;--awb-width-medium:100%;--awb-order-medium:0;--awb-spacing-right-medium:15px;--awb-spacing-left-medium:15px;--awb-width-small:100%;--awb-order-small:0;--awb-spacing-right-small:15px;--awb-spacing-left-small:15px;\"><div class=\"fusion-column-wrapper fusion-column-has-shadow fusion-flex-justify-content-flex-start fusion-content-layout-column\"><div class=\"fusion-text fusion-text-1\"><h2 style=\"font-size: 40px; text-align: center;\"><b style=\"color: rgb(1, 115, 190); font-family: Inter; font-weight: 700;\" data-fusion-font=\"true\" data-fusion-google-font=\"Inter\" data-fusion-google-variant=\"700\">Galerie de c\u00e2bles \u00e0 fibre optique HOC<\/b><\/h2>\n<\/div><\/div><\/div><div class=\"fusion-layout-column fusion_builder_column fusion-builder-column-1 fusion_builder_column_1_3 1_3 fusion-flex-column\" style=\"--awb-overflow:hidden;--awb-bg-color:#ffffff;--awb-bg-color-hover:#ffffff;--awb-bg-size:cover;--awb-border-radius:4px 4px 4px 4px;--awb-width-large:33.333333333333%;--awb-margin-top-large:40px;--awb-spacing-right-large:15px;--awb-margin-bottom-large:20px;--awb-spacing-left-large:15px;--awb-width-medium:33.333333333333%;--awb-order-medium:0;--awb-spacing-right-medium:15px;--awb-spacing-left-medium:15px;--awb-width-small:100%;--awb-order-small:0;--awb-spacing-right-small:15px;--awb-spacing-left-small:15px;\"><div class=\"fusion-column-wrapper fusion-column-has-shadow fusion-flex-justify-content-flex-start fusion-content-layout-column\"><div class=\"fusion-image-element \" style=\"--awb-margin-bottom:20px;--awb-caption-title-font-family:var(--h2_typography-font-family);--awb-caption-title-font-weight:var(--h2_typography-font-weight);--awb-caption-title-font-style:var(--h2_typography-font-style);--awb-caption-title-size:var(--h2_typography-font-size);--awb-caption-title-transform:var(--h2_typography-text-transform);--awb-caption-title-line-height:var(--h2_typography-line-height);--awb-caption-title-letter-spacing:var(--h2_typography-letter-spacing);\"><span class=\" fusion-imageframe imageframe-none imageframe-1 hover-type-none\"><a class=\"fusion-no-lightbox\" href=\"https:\/\/www.honecable.com\/fr\/?page_id=48322\" target=\"_self\" aria-label=\"galerie de c\u00e2bles en fibre optique de l&#8217;adss\"><img decoding=\"async\" width=\"1000\" height=\"750\" alt=\"galerie de c\u00e2bles en fibre optique de l&#039;adss\" src=\"https:\/\/www.honecable.com\/wp-content\/uploads\/2022\/02\/adss-fiber-optic-cable-gallery.jpg\" class=\"img-responsive wp-image-48384\" srcset=\"https:\/\/www.honecable.com\/wp-content\/uploads\/2022\/02\/adss-fiber-optic-cable-gallery-200x150.jpg 200w, https:\/\/www.honecable.com\/wp-content\/uploads\/2022\/02\/adss-fiber-optic-cable-gallery-400x300.jpg 400w, https:\/\/www.honecable.com\/wp-content\/uploads\/2022\/02\/adss-fiber-optic-cable-gallery-600x450.jpg 600w, https:\/\/www.honecable.com\/wp-content\/uploads\/2022\/02\/adss-fiber-optic-cable-gallery-800x600.jpg 800w, https:\/\/www.honecable.com\/wp-content\/uploads\/2022\/02\/adss-fiber-optic-cable-gallery.jpg 1000w\" sizes=\"(max-width: 640px) 100vw, 600px\" \/><\/a><\/span><\/div><div class=\"fusion-title title fusion-title-1 fusion-sep-none fusion-title-text fusion-title-size-three\" style=\"--awb-margin-right:30px;--awb-margin-bottom:30px;--awb-margin-left:30px;\"><h3 class=\"fusion-title-heading title-heading-left fusion-responsive-typography-calculated\" style=\"margin:0;--fontSize:28;--minFontSize:28;line-height:1.4;\">C\u00e2ble ADSS<\/h3><\/div><div class=\"fusion-text fusion-text-2\" style=\"--awb-margin-right:30px;--awb-margin-left:30px;\"><p style=\"font-size: 16px;\" data-fusion-font=\"true\">Gr\u00e2ce \u00e0 sa l\u00e9g\u00e8ret\u00e9 et \u00e0 sa protection en fil d&#8217;armure, le <a href=\"https:\/\/www.honecable.com\/fr\/adss-fibre-optique-cable\/\">c\u00e2ble \u00e0 fibres optiques ADSS<\/a> est suffisamment solide pour se soutenir entre les poteaux ou les tours sans utiliser d&#8217;\u00e9l\u00e9ments mentaux conducteurs. Il pr\u00e9sente une bonne r\u00e9sistance \u00e0 la traction et \u00e0 la temp\u00e9rature.<\/p>\n<\/div><div class=\"fusion-text fusion-text-3\" style=\"--awb-margin-top:40px;--awb-margin-right:30px;--awb-margin-left:30px;\"><p><a href=\"https:\/\/www.honecable.com\/fr\/?page_id=48322\">Lire la suite &gt;&gt;<\/a><\/p>\n<\/div><\/div><\/div><div class=\"fusion-layout-column fusion_builder_column fusion-builder-column-2 fusion_builder_column_1_3 1_3 fusion-flex-column\" style=\"--awb-overflow:hidden;--awb-bg-color:#ffffff;--awb-bg-color-hover:#ffffff;--awb-bg-size:cover;--awb-border-radius:4px 4px 4px 4px;--awb-width-large:33.333333333333%;--awb-margin-top-large:40px;--awb-spacing-right-large:15px;--awb-margin-bottom-large:20px;--awb-spacing-left-large:15px;--awb-width-medium:33.333333333333%;--awb-order-medium:0;--awb-spacing-right-medium:15px;--awb-spacing-left-medium:15px;--awb-width-small:100%;--awb-order-small:0;--awb-spacing-right-small:15px;--awb-spacing-left-small:15px;\"><div class=\"fusion-column-wrapper fusion-column-has-shadow fusion-flex-justify-content-flex-start fusion-content-layout-column\"><div class=\"fusion-image-element \" style=\"--awb-margin-bottom:20px;--awb-caption-title-font-family:var(--h2_typography-font-family);--awb-caption-title-font-weight:var(--h2_typography-font-weight);--awb-caption-title-font-style:var(--h2_typography-font-style);--awb-caption-title-size:var(--h2_typography-font-size);--awb-caption-title-transform:var(--h2_typography-text-transform);--awb-caption-title-line-height:var(--h2_typography-line-height);--awb-caption-title-letter-spacing:var(--h2_typography-letter-spacing);\"><span class=\" fusion-imageframe imageframe-none imageframe-2 hover-type-none\"><a class=\"fusion-no-lightbox\" href=\"https:\/\/www.honecable.com\/fr\/?page_id=47840\" target=\"_self\" aria-label=\"cst fiber cable supplier\"><img decoding=\"async\" width=\"1000\" height=\"750\" alt=\"cst fiber cable supplier\" src=\"https:\/\/www.honecable.com\/wp-content\/uploads\/2022\/03\/cst-fiber-cable-supplier.jpg\" class=\"img-responsive wp-image-56978\" srcset=\"https:\/\/www.honecable.com\/wp-content\/uploads\/2022\/03\/cst-fiber-cable-supplier-200x150.jpg 200w, https:\/\/www.honecable.com\/wp-content\/uploads\/2022\/03\/cst-fiber-cable-supplier-400x300.jpg 400w, https:\/\/www.honecable.com\/wp-content\/uploads\/2022\/03\/cst-fiber-cable-supplier-600x450.jpg 600w, https:\/\/www.honecable.com\/wp-content\/uploads\/2022\/03\/cst-fiber-cable-supplier-800x600.jpg 800w, https:\/\/www.honecable.com\/wp-content\/uploads\/2022\/03\/cst-fiber-cable-supplier.jpg 1000w\" sizes=\"(max-width: 640px) 100vw, 600px\" \/><\/a><\/span><\/div><div class=\"fusion-title title fusion-title-2 fusion-sep-none fusion-title-text fusion-title-size-three\" style=\"--awb-margin-right:30px;--awb-margin-bottom:30px;--awb-margin-left:30px;\"><h3 class=\"fusion-title-heading title-heading-left fusion-responsive-typography-calculated\" style=\"margin:0;--fontSize:28;--minFontSize:28;line-height:1.4;\">C\u00e2ble fibre CST<\/h3><\/div><div class=\"fusion-text fusion-text-4\" style=\"--awb-margin-right:30px;--awb-margin-left:30px;\"><p style=\"font-size: 16px;\" data-fusion-font=\"true\">Le <a href=\"https:\/\/www.honecable.com\/fr\/cst-cable-a-fibre-optique\/\">c\u00e2ble \u00e0 fibres optiques CST<\/a> est dot\u00e9 d&#8217;une couche de protection constitu\u00e9e d&#8217;une armure en ruban d&#8217;acier ondul\u00e9 autour des tubes de fibres optiques uni-tube ou MLT. Fibre \u00e0 partir de 4 noyaux et jusqu&#8217;\u00e0 288 noyaux pour diff\u00e9rentes structures.<\/p>\n<\/div><div class=\"fusion-text fusion-text-5\" style=\"--awb-margin-top:40px;--awb-margin-right:30px;--awb-margin-left:30px;\"><p><a href=\"https:\/\/www.honecable.com\/fr\/?page_id=47840\">Lire la suite &gt;&gt;<\/a><\/p>\n<\/div><\/div><\/div><div class=\"fusion-layout-column fusion_builder_column fusion-builder-column-3 fusion_builder_column_1_3 1_3 fusion-flex-column\" style=\"--awb-overflow:hidden;--awb-bg-color:#ffffff;--awb-bg-color-hover:#ffffff;--awb-bg-size:cover;--awb-border-radius:4px 4px 4px 4px;--awb-width-large:33.333333333333%;--awb-margin-top-large:40px;--awb-spacing-right-large:15px;--awb-margin-bottom-large:20px;--awb-spacing-left-large:15px;--awb-width-medium:33.333333333333%;--awb-order-medium:0;--awb-spacing-right-medium:15px;--awb-spacing-left-medium:15px;--awb-width-small:100%;--awb-order-small:0;--awb-spacing-right-small:15px;--awb-spacing-left-small:15px;\"><div class=\"fusion-column-wrapper fusion-column-has-shadow fusion-flex-justify-content-flex-start fusion-content-layout-column\"><div class=\"fusion-image-element \" style=\"--awb-margin-bottom:20px;--awb-caption-title-font-family:var(--h2_typography-font-family);--awb-caption-title-font-weight:var(--h2_typography-font-weight);--awb-caption-title-font-style:var(--h2_typography-font-style);--awb-caption-title-size:var(--h2_typography-font-size);--awb-caption-title-transform:var(--h2_typography-text-transform);--awb-caption-title-line-height:var(--h2_typography-line-height);--awb-caption-title-letter-spacing:var(--h2_typography-letter-spacing);\"><span class=\" fusion-imageframe imageframe-none imageframe-3 hover-type-none\"><a class=\"fusion-no-lightbox\" href=\"https:\/\/www.honecable.com\/fr\/galerie\/cable-swa-fibre-optique\/\" target=\"_self\" aria-label=\"Steel Wire Armor Fiber\"><img decoding=\"async\" width=\"1000\" height=\"750\" alt=\"steel weire armor fiber\" src=\"https:\/\/www.honecable.com\/wp-content\/uploads\/2021\/11\/Steel-Wire-Armor-Fiber.jpg\" class=\"img-responsive wp-image-18098\" srcset=\"https:\/\/www.honecable.com\/wp-content\/uploads\/2021\/11\/Steel-Wire-Armor-Fiber-200x150.jpg 200w, https:\/\/www.honecable.com\/wp-content\/uploads\/2021\/11\/Steel-Wire-Armor-Fiber-400x300.jpg 400w, https:\/\/www.honecable.com\/wp-content\/uploads\/2021\/11\/Steel-Wire-Armor-Fiber-600x450.jpg 600w, https:\/\/www.honecable.com\/wp-content\/uploads\/2021\/11\/Steel-Wire-Armor-Fiber-800x600.jpg 800w, https:\/\/www.honecable.com\/wp-content\/uploads\/2021\/11\/Steel-Wire-Armor-Fiber.jpg 1000w\" sizes=\"(max-width: 640px) 100vw, 600px\" \/><\/a><\/span><\/div><div class=\"fusion-title title fusion-title-3 fusion-sep-none fusion-title-text fusion-title-size-three\" style=\"--awb-margin-right:30px;--awb-margin-bottom:30px;--awb-margin-left:30px;\"><h3 class=\"fusion-title-heading title-heading-left fusion-responsive-typography-calculated\" style=\"margin:0;--fontSize:28;--minFontSize:28;line-height:1.4;\">C\u00e2ble \u00e0 fibre optique SWA<\/h3><\/div><div class=\"fusion-text fusion-text-6\" style=\"--awb-margin-right:30px;--awb-margin-left:30px;\"><p style=\"font-size: 16px;\" data-fusion-font=\"true\">La r\u00e9sistance \u00e0 la traction et aux chocs am\u00e9lior\u00e9e du SWA (armure de fil d&#8217;acier), une bonne r\u00e9sistance \u00e0 l&#8217;hydrolyse et des performances m\u00e9caniques rendent la <a href=\"https:\/\/www.honecable.com\/fr\/?page_id=48730\">fibre SWA<\/a> adapt\u00e9e aux communications optiques sous-marines et enterr\u00e9es directes.<\/p>\n<\/div><div class=\"fusion-text fusion-text-7\" style=\"--awb-margin-top:40px;--awb-margin-right:30px;--awb-margin-left:30px;\"><p><a href=\"https:\/\/www.honecable.com\/fr\/galerie\/cable-swa-fibre-optique\/\">Lire la suite &gt;&gt;<\/a><\/p>\n<\/div><\/div><\/div><div class=\"fusion-layout-column fusion_builder_column fusion-builder-column-4 fusion_builder_column_1_3 1_3 fusion-flex-column\" style=\"--awb-overflow:hidden;--awb-bg-color:#ffffff;--awb-bg-color-hover:#ffffff;--awb-bg-size:cover;--awb-border-radius:4px 4px 4px 4px;--awb-width-large:33.333333333333%;--awb-margin-top-large:40px;--awb-spacing-right-large:15px;--awb-margin-bottom-large:20px;--awb-spacing-left-large:15px;--awb-width-medium:33.333333333333%;--awb-order-medium:0;--awb-spacing-right-medium:15px;--awb-spacing-left-medium:15px;--awb-width-small:100%;--awb-order-small:0;--awb-spacing-right-small:15px;--awb-spacing-left-small:15px;\"><div class=\"fusion-column-wrapper fusion-column-has-shadow fusion-flex-justify-content-flex-start fusion-content-layout-column\"><div class=\"fusion-image-element \" style=\"--awb-margin-bottom:20px;--awb-caption-title-font-family:var(--h2_typography-font-family);--awb-caption-title-font-weight:var(--h2_typography-font-weight);--awb-caption-title-font-style:var(--h2_typography-font-style);--awb-caption-title-size:var(--h2_typography-font-size);--awb-caption-title-transform:var(--h2_typography-text-transform);--awb-caption-title-line-height:var(--h2_typography-line-height);--awb-caption-title-letter-spacing:var(--h2_typography-letter-spacing);\"><span class=\" fusion-imageframe imageframe-none imageframe-4 hover-type-none\"><a class=\"fusion-no-lightbox\" href=\"https:\/\/www.honecable.com\/fr\/?page_id=56554\" target=\"_self\" aria-label=\"figure 8 c\u00e2ble C\u00e2ble \u00e0 fibres optiques ext\u00e9rieur de 48 conducteurs\"><img decoding=\"async\" width=\"1000\" height=\"750\" alt=\"figure 8 c\u00e2ble C\u00e2ble \u00e0 fibres optiques ext\u00e9rieur de 48 conducteurs\" src=\"https:\/\/www.honecable.com\/wp-content\/uploads\/2022\/03\/figure-8-cable-48-core-outdoor-aerial-fiber-cable.jpg\" class=\"img-responsive wp-image-56783\" srcset=\"https:\/\/www.honecable.com\/wp-content\/uploads\/2022\/03\/figure-8-cable-48-core-outdoor-aerial-fiber-cable-200x150.jpg 200w, https:\/\/www.honecable.com\/wp-content\/uploads\/2022\/03\/figure-8-cable-48-core-outdoor-aerial-fiber-cable-400x300.jpg 400w, https:\/\/www.honecable.com\/wp-content\/uploads\/2022\/03\/figure-8-cable-48-core-outdoor-aerial-fiber-cable-600x450.jpg 600w, https:\/\/www.honecable.com\/wp-content\/uploads\/2022\/03\/figure-8-cable-48-core-outdoor-aerial-fiber-cable-800x600.jpg 800w, https:\/\/www.honecable.com\/wp-content\/uploads\/2022\/03\/figure-8-cable-48-core-outdoor-aerial-fiber-cable.jpg 1000w\" sizes=\"(max-width: 640px) 100vw, 600px\" \/><\/a><\/span><\/div><div class=\"fusion-title title fusion-title-4 fusion-sep-none fusion-title-text fusion-title-size-three\" style=\"--awb-margin-right:30px;--awb-margin-bottom:30px;--awb-margin-left:30px;\"><h3 class=\"fusion-title-heading title-heading-left fusion-responsive-typography-calculated\" style=\"margin:0;--fontSize:28;--minFontSize:28;line-height:1.4;\">Figure 8 C\u00e2ble<\/h3><\/div><div class=\"fusion-text fusion-text-8\" style=\"--awb-margin-right:30px;--awb-margin-left:30px;\"><p style=\"font-size: 16px;\" data-fusion-font=\"true\">Avec des torons en acier comme partie autoportante du c\u00e2ble \u00e0 fibres optiques, le <a href=\"https:\/\/www.honecable.com\/fr\/?page_id=53475\">c\u00e2ble \u00e0 fibres optiques figure 8<\/a> peut r\u00e9pondre \u00e0 une r\u00e9sistance \u00e0 la traction tr\u00e8s \u00e9lev\u00e9e pendant l&#8217;installation et le fonctionnement.<\/p>\n<\/div><div class=\"fusion-text fusion-text-9\" style=\"--awb-margin-top:40px;--awb-margin-right:30px;--awb-margin-left:30px;\"><p><a href=\"https:\/\/www.honecable.com\/fr\/?page_id=56554\">Lire la suite &gt;&gt;<\/a><\/p>\n<\/div><\/div><\/div><div class=\"fusion-layout-column fusion_builder_column fusion-builder-column-5 fusion_builder_column_1_3 1_3 fusion-flex-column\" style=\"--awb-overflow:hidden;--awb-bg-color:#ffffff;--awb-bg-color-hover:#ffffff;--awb-bg-size:cover;--awb-border-radius:4px 4px 4px 4px;--awb-width-large:33.333333333333%;--awb-margin-top-large:40px;--awb-spacing-right-large:15px;--awb-margin-bottom-large:20px;--awb-spacing-left-large:15px;--awb-width-medium:33.333333333333%;--awb-order-medium:0;--awb-spacing-right-medium:15px;--awb-spacing-left-medium:15px;--awb-width-small:100%;--awb-order-small:0;--awb-spacing-right-small:15px;--awb-spacing-left-small:15px;\"><div class=\"fusion-column-wrapper fusion-column-has-shadow fusion-flex-justify-content-flex-start fusion-content-layout-column\"><div class=\"fusion-image-element \" style=\"--awb-margin-bottom:20px;--awb-caption-title-font-family:var(--h2_typography-font-family);--awb-caption-title-font-weight:var(--h2_typography-font-weight);--awb-caption-title-font-style:var(--h2_typography-font-style);--awb-caption-title-size:var(--h2_typography-font-size);--awb-caption-title-transform:var(--h2_typography-text-transform);--awb-caption-title-line-height:var(--h2_typography-line-height);--awb-caption-title-letter-spacing:var(--h2_typography-letter-spacing);\"><span class=\" fusion-imageframe imageframe-none imageframe-5 hover-type-none\"><a class=\"fusion-no-lightbox\" href=\"https:\/\/www.honecable.com\/fr\/?page_id=57240\" target=\"_self\" aria-label=\"c\u00e2ble hybride \u00e0 fibre optique 12 fils\"><img decoding=\"async\" width=\"1000\" height=\"750\" alt=\"c\u00e2ble hybride \u00e0 fibre optique 12 fils\" src=\"https:\/\/www.honecable.com\/wp-content\/uploads\/2022\/03\/hybrid-fiber-optic-cable-12-core.jpg\" class=\"img-responsive wp-image-57312\" srcset=\"https:\/\/www.honecable.com\/wp-content\/uploads\/2022\/03\/hybrid-fiber-optic-cable-12-core-200x150.jpg 200w, https:\/\/www.honecable.com\/wp-content\/uploads\/2022\/03\/hybrid-fiber-optic-cable-12-core-400x300.jpg 400w, https:\/\/www.honecable.com\/wp-content\/uploads\/2022\/03\/hybrid-fiber-optic-cable-12-core-600x450.jpg 600w, https:\/\/www.honecable.com\/wp-content\/uploads\/2022\/03\/hybrid-fiber-optic-cable-12-core-800x600.jpg 800w, https:\/\/www.honecable.com\/wp-content\/uploads\/2022\/03\/hybrid-fiber-optic-cable-12-core.jpg 1000w\" sizes=\"(max-width: 640px) 100vw, 600px\" \/><\/a><\/span><\/div><div class=\"fusion-title title fusion-title-5 fusion-sep-none fusion-title-text fusion-title-size-three\" style=\"--awb-margin-right:30px;--awb-margin-bottom:30px;--awb-margin-left:30px;\"><h3 class=\"fusion-title-heading title-heading-left fusion-responsive-typography-calculated\" style=\"margin:0;--fontSize:28;--minFontSize:28;line-height:1.4;\">C\u00e2ble \u00e0 fibres hybrides<\/h3><\/div><div class=\"fusion-text fusion-text-10\" style=\"--awb-margin-right:30px;--awb-margin-left:30px;\"><p style=\"font-size: 16px;\" data-fusion-font=\"true\"><span data-fusion-font=\"true\" style=\"font-size: 16px;\"><a href=\"https:\/\/www.honecable.com\/fr\/?page_id=51017\">Le c\u00e2ble hybride<\/a> int\u00e8gre un fil optique et un fil de cuivre dans le m\u00eame c\u00e2ble, ce qui r\u00e9sout le probl\u00e8me de l&#8217;acc\u00e8s \u00e0 large bande, de l&#8217;alimentation des dispositifs \u00e0 distance et de la transmission des signaux.<\/span><\/p>\n<\/div><div class=\"fusion-text fusion-text-11\" style=\"--awb-margin-top:40px;--awb-margin-right:30px;--awb-margin-left:30px;\"><p><a href=\"https:\/\/www.honecable.com\/fr\/?page_id=57240\">Lire la suite &gt;&gt;<\/a><\/p>\n<\/div><\/div><\/div><\/div><\/div><div class=\"fusion-fullwidth fullwidth-box fusion-builder-row-2 fusion-flex-container nonhundred-percent-fullwidth non-hundred-percent-height-scrolling\" style=\"--awb-border-radius-top-left:0px;--awb-border-radius-top-right:0px;--awb-border-radius-bottom-right:0px;--awb-border-radius-bottom-left:0px;--awb-padding-top:60px;--awb-padding-bottom:44px;--awb-background-color:#f4f4f4;--awb-flex-wrap:wrap;\" ><div class=\"fusion-builder-row fusion-row fusion-flex-align-items-flex-start fusion-flex-justify-content-center fusion-flex-content-wrap\" style=\"max-width:1300px;margin-left: calc(-4% \/ 2 );margin-right: calc(-4% \/ 2 );\"><div class=\"fusion-layout-column fusion_builder_column fusion-builder-column-6 fusion-flex-column fusion-flex-align-self-center\" style=\"--awb-padding-top:60px;--awb-padding-bottom:60px;--awb-overflow:hidden;--awb-bg-color:#012a60;--awb-bg-color-hover:#012a60;--awb-bg-image:linear-gradient(213deg, #0173be 75%,#012a60 98%);--awb-bg-size:cover;--awb-border-radius:8px 8px 8px 8px;--awb-width-large:88%;--awb-margin-top-large:0px;--awb-spacing-right-large:2.1818181818182%;--awb-margin-bottom-large:-160px;--awb-spacing-left-large:2.1818181818182%;--awb-width-medium:88%;--awb-order-medium:0;--awb-spacing-right-medium:2.1818181818182%;--awb-spacing-left-medium:2.1818181818182%;--awb-width-small:100%;--awb-order-small:0;--awb-spacing-right-small:1.92%;--awb-spacing-left-small:1.92%;\"><div class=\"fusion-column-wrapper fusion-column-has-shadow fusion-flex-justify-content-center fusion-content-layout-row fusion-flex-align-items-center\"><div class=\"fusion-text fusion-text-12\" style=\"--awb-margin-right:40px;--awb-margin-left:40px;\"><p style=\"color: #ffffff; font-size: 44px; text-align: center; font-family: Inter; font-weight: bold;\" data-fusion-font=\"true\" data-fusion-google-font=\"Inter\" data-fusion-google-variant=\"700\">Contactez vos experts en c\u00e2bles \u00e0 fibre optique<\/p>\n<\/div><div class=\"fusion-builder-row fusion-builder-row-inner fusion-row fusion-flex-align-items-flex-start fusion-flex-justify-content-center fusion-flex-content-wrap\" style=\"width:104% !important;max-width:104% !important;margin-left: calc(-4% \/ 2 );margin-right: calc(-4% \/ 2 );\"><div class=\"fusion-layout-column fusion_builder_column_inner fusion-builder-nested-column-0 fusion_builder_column_inner_1_1 1_1 fusion-flex-column\" style=\"--awb-padding-right:40px;--awb-padding-left:40px;--awb-bg-size:cover;--awb-width-large:100%;--awb-margin-top-large:0px;--awb-spacing-right-large:1.92%;--awb-margin-bottom-large:20px;--awb-spacing-left-large:1.92%;--awb-width-medium:100%;--awb-order-medium:0;--awb-spacing-right-medium:1.92%;--awb-spacing-left-medium:1.92%;--awb-width-small:100%;--awb-order-small:0;--awb-spacing-right-small:1.92%;--awb-spacing-left-small:1.92%;\"><div class=\"fusion-column-wrapper fusion-column-has-shadow fusion-flex-justify-content-flex-start fusion-content-layout-column\"><div class=\"fusion-text fusion-text-13\"><p style=\"text-align: center; color: #ffffff;\">Nous vous aidons \u00e0 \u00e9viter les pi\u00e8ges pour fournir la qualit\u00e9 et la valeur dont vous avez besoin en mati\u00e8re de c\u00e2bles \u00e0 fibres optiques, dans les d\u00e9lais et dans les limites du budget.<\/p>\n<\/div><\/div><\/div><\/div><div ><a class=\"fusion-button button-flat button-xlarge button-custom fusion-button-default button-1 fusion-button-default-span fusion-button-default-type\" style=\"--button_accent_color:#ffffff;--button_accent_hover_color:#012a60;--button_border_hover_color:#ffffff;--button_border_width-top:4px;--button_border_width-right:4px;--button_border_width-bottom:4px;--button_border_width-left:4px;--button-border-radius-top-left:16px;--button-border-radius-top-right:16px;--button-border-radius-bottom-right:16px;--button-border-radius-bottom-left:16px;--button_gradient_top_color:#0173be;--button_gradient_bottom_color:#0173be;--button_gradient_top_color_hover:#ffffff;--button_gradient_bottom_color_hover:#ffffff;\" target=\"_self\" href=\"https:\/\/www.honecable.com\/fr\/demande\/\"><span class=\"fusion-button-text\">Contacter HOC<\/span><\/a><\/div><\/div><\/div><\/div><\/div><div class=\"fusion-fullwidth fullwidth-box fusion-builder-row-3 fusion-flex-container nonhundred-percent-fullwidth non-hundred-percent-height-scrolling\" style=\"--awb-border-radius-top-left:0px;--awb-border-radius-top-right:0px;--awb-border-radius-bottom-right:0px;--awb-border-radius-bottom-left:0px;--awb-padding-top:40px;--awb-padding-bottom:60px;--awb-background-color:#191f22;--awb-flex-wrap:wrap;\" ><div class=\"fusion-builder-row fusion-row fusion-flex-align-items-flex-start fusion-flex-content-wrap\" style=\"max-width:1300px;margin-left: calc(-4% \/ 2 );margin-right: calc(-4% \/ 2 );\"><div class=\"fusion-layout-column fusion_builder_column fusion-builder-column-7 fusion_builder_column_1_1 1_1 fusion-flex-column\" style=\"--awb-bg-size:cover;--awb-width-large:100%;--awb-margin-top-large:0px;--awb-spacing-right-large:1.92%;--awb-margin-bottom-large:20px;--awb-spacing-left-large:1.92%;--awb-width-medium:100%;--awb-order-medium:0;--awb-spacing-right-medium:1.92%;--awb-spacing-left-medium:1.92%;--awb-width-small:100%;--awb-order-small:0;--awb-spacing-right-small:1.92%;--awb-spacing-left-small:1.92%;\"><div class=\"fusion-column-wrapper fusion-column-has-shadow fusion-flex-justify-content-flex-start fusion-content-layout-column\"><\/div><\/div><\/div><\/div><\/p>\n","protected":false},"excerpt":{"rendered":"","protected":false},"author":1,"featured_media":0,"parent":0,"menu_order":0,"comment_status":"closed","ping_status":"closed","template":"100-width.php","meta":{"_seopress_robots_primary_cat":"","_seopress_titles_title":"","_seopress_titles_desc":"","_seopress_robots_index":"","footnotes":"","_vp_format_video_url":"","_vp_image_focal_point":[]},"_links":{"self":[{"href":"https:\/\/www.honecable.com\/fr\/wp-json\/wp\/v2\/pages\/26846"}],"collection":[{"href":"https:\/\/www.honecable.com\/fr\/wp-json\/wp\/v2\/pages"}],"about":[{"href":"https:\/\/www.honecable.com\/fr\/wp-json\/wp\/v2\/types\/page"}],"author":[{"embeddable":true,"href":"https:\/\/www.honecable.com\/fr\/wp-json\/wp\/v2\/users\/1"}],"replies":[{"embeddable":true,"href":"https:\/\/www.honecable.com\/fr\/wp-json\/wp\/v2\/comments?post=26846"}],"version-history":[{"count":0,"href":"https:\/\/www.honecable.com\/fr\/wp-json\/wp\/v2\/pages\/26846\/revisions"}],"wp:attachment":[{"href":"https:\/\/www.honecable.com\/fr\/wp-json\/wp\/v2\/media?parent=26846"}],"curies":[{"name":"wp","href":"https:\/\/api.w.org\/{rel}","templated":true}]}}