{"id":26249,"date":"2021-12-17T10:40:13","date_gmt":"2021-12-17T02:40:13","guid":{"rendered":"https:\/\/www.honecable.com\/productos\/cable-de-fibra-optica-especial\/cable-de-fibra-cst\/"},"modified":"2021-12-17T10:40:14","modified_gmt":"2021-12-17T02:40:14","slug":"cable-de-fibra-cst","status":"publish","type":"page","link":"https:\/\/www.honecable.com\/la\/cables-de-fibra\/cable-de-fibra-optica-especial\/cable-de-fibra-cst\/","title":{"rendered":"Cable de fibra CST"},"content":{"rendered":"<p><div class=\"fusion-fullwidth fullwidth-box fusion-builder-row-1 fusion-flex-container nonhundred-percent-fullwidth non-hundred-percent-height-scrolling\" style=\"--awb-border-radius-top-left:0px;--awb-border-radius-top-right:0px;--awb-border-radius-bottom-right:0px;--awb-border-radius-bottom-left:0px;--awb-flex-wrap:wrap;\" ><div class=\"fusion-builder-row fusion-row fusion-flex-align-items-flex-start fusion-flex-content-wrap\" style=\"max-width:1300px;margin-left: calc(-4% \/ 2 );margin-right: calc(-4% \/ 2 );\"><div class=\"fusion-layout-column fusion_builder_column fusion-builder-column-0 fusion_builder_column_1_1 1_1 fusion-flex-column\" style=\"--awb-bg-size:cover;--awb-width-large:100%;--awb-margin-top-large:0px;--awb-spacing-right-large:1.92%;--awb-margin-bottom-large:20px;--awb-spacing-left-large:1.92%;--awb-width-medium:100%;--awb-order-medium:0;--awb-spacing-right-medium:1.92%;--awb-spacing-left-medium:1.92%;--awb-width-small:100%;--awb-order-small:0;--awb-spacing-right-small:1.92%;--awb-spacing-left-small:1.92%;\"><div class=\"fusion-column-wrapper fusion-column-has-shadow fusion-flex-justify-content-flex-start fusion-content-layout-column\"><div class=\"fusion-text fusion-text-1\">\t\t\t<!-- Flexy Breadcrumb -->\r\n\t\t\t<div class=\"fbc fbc-page\">\r\n\r\n\t\t\t\t<!-- Breadcrumb wrapper -->\r\n\t\t\t\t<div class=\"fbc-wrap\">\r\n\r\n\t\t\t\t\t<!-- Ordered list-->\r\n\t\t\t\t\t<ol class=\"fbc-items\" itemscope itemtype=\"https:\/\/schema.org\/BreadcrumbList\">\r\n\t\t\t\t\t\t            <li itemprop=\"itemListElement\" itemscope itemtype=\"https:\/\/schema.org\/ListItem\">\r\n                <span itemprop=\"name\">\r\n                    <!-- Home Link -->\r\n                    <a itemprop=\"item\" href=\"https:\/\/www.honecable.com\">\r\n                    \r\n                                                    <i class=\"fa fa-home\" aria-hidden=\"true\"><\/i>Home                    <\/a>\r\n                <\/span>\r\n                <meta itemprop=\"position\" content=\"1\" \/><!-- Meta Position-->\r\n             <\/li><li><span class=\"fbc-separator\">\/<\/span><\/li><li class=\"active\" itemprop=\"itemListElement\" itemscope itemtype=\"https:\/\/schema.org\/ListItem\"><span itemprop=\"name\" title=\"Noticias HOC\">Noticias HOC<\/span><meta itemprop=\"position\" content=\"2\" \/><\/li>\t\t\t\t\t<\/ol>\r\n\t\t\t\t\t<div class=\"clearfix\"><\/div>\r\n\t\t\t\t<\/div>\r\n\t\t\t<\/div>\r\n\t\t\t\n<\/div><\/div><\/div><\/div><\/div><div class=\"fusion-fullwidth fullwidth-box fusion-builder-row-2 fusion-flex-container nonhundred-percent-fullwidth non-hundred-percent-height-scrolling\" style=\"--awb-border-radius-top-left:0px;--awb-border-radius-top-right:0px;--awb-border-radius-bottom-right:0px;--awb-border-radius-bottom-left:0px;--awb-padding-top:22px;--awb-flex-wrap:wrap;\" ><div class=\"fusion-builder-row fusion-row fusion-flex-align-items-flex-start fusion-flex-content-wrap\" style=\"max-width:1300px;margin-left: calc(-4% \/ 2 );margin-right: calc(-4% \/ 2 );\"><div class=\"fusion-layout-column fusion_builder_column fusion-builder-column-1 fusion_builder_column_1_1 1_1 fusion-flex-column\" style=\"--awb-bg-size:cover;--awb-width-large:100%;--awb-margin-top-large:0px;--awb-spacing-right-large:0%;--awb-margin-bottom-large:20px;--awb-spacing-left-large:1.92%;--awb-width-medium:100%;--awb-order-medium:0;--awb-spacing-right-medium:0%;--awb-spacing-left-medium:1.92%;--awb-width-small:100%;--awb-order-small:0;--awb-spacing-right-small:1.92%;--awb-spacing-left-small:1.92%;\"><div class=\"fusion-column-wrapper fusion-column-has-shadow fusion-flex-justify-content-flex-start fusion-content-layout-column\"><style type=\"text\/css\">.fusion-portfolio-wrapper#fusion-portfolio-1 .fusion-portfolio-content{ padding: 20px 5px 15px 15px; text-align: left; }<\/style><div class=\"fusion-recent-works fusion-portfolio-element fusion-portfolio fusion-portfolio-1 fusion-portfolio-grid fusion-portfolio-paging-pagination fusion-portfolio-four fusion-portfolio-boxed fusion-portfolio-text fusion-portfolio-equal-heights portfolio_products\" data-id=\"-rw-1\" data-columns=\"four\"><style type=\"text\/css\">.fusion-portfolio-1 .fusion-portfolio-wrapper .fusion-col-spacing{padding:15px;}<\/style><div class=\"fusion-portfolio-wrapper\" id=\"fusion-portfolio-1\" data-picturesize=\"auto\" data-pages=\"1\" style=\"margin:-15px;\"><article id=\"portfolio-1-post-25470\" class=\"fusion-portfolio-post cst-cable-la special-fiber-optic-cable-la fusion-col-spacing post-25470\"><div class=\"fusion-portfolio-content-wrapper\" style=\"border:1px solid rgba(242,243,245,0.8);border-bottom-width:3px;background-color:rgba(255,255,255,0);\"><span class=\"vcard rich-snippet-hidden\"><span class=\"fn\"><a href=\"https:\/\/www.honecable.com\/la\/author\/783015227qq-com\/\" title=\"Entradas de HOC\" rel=\"author\">HOC<\/a><\/span><\/span><span class=\"updated rich-snippet-hidden\">2022-06-13T15:22:52+08:00<\/span><div  class=\"fusion-image-wrapper\" aria-haspopup=\"true\">\n\t\t\t\t\t\t\t<a href=\"https:\/\/www.honecable.com\/la\/product\/288-core-cst-fibra-cable-multi-holgado-tubo-blindado-cable\/\" aria-label=\"Cable de fibra CST de 288 n\u00facleos Cable blindado de tubo suelto m\u00faltiple\">\n\t\t\t\t\t\t\t<img width=\"750\" height=\"750\" src=\"https:\/\/www.honecable.com\/wp-content\/uploads\/2021\/09\/288-core-multi-loose-tube-corrugated-steel-tape-amoured-cable-cst-1.jpg\" class=\"attachment-full size-full wp-post-image\" alt=\"\" decoding=\"async\" srcset=\"https:\/\/www.honecable.com\/wp-content\/uploads\/2021\/09\/288-core-multi-loose-tube-corrugated-steel-tape-amoured-cable-cst-1-200x200.jpg 200w, https:\/\/www.honecable.com\/wp-content\/uploads\/2021\/09\/288-core-multi-loose-tube-corrugated-steel-tape-amoured-cable-cst-1-400x400.jpg 400w, https:\/\/www.honecable.com\/wp-content\/uploads\/2021\/09\/288-core-multi-loose-tube-corrugated-steel-tape-amoured-cable-cst-1-600x600.jpg 600w, https:\/\/www.honecable.com\/wp-content\/uploads\/2021\/09\/288-core-multi-loose-tube-corrugated-steel-tape-amoured-cable-cst-1.jpg 750w\" sizes=\"(min-width: 2200px) 100vw, (min-width: 1006px) 290px, (min-width: 884px) 387px, (min-width: 762px) 580px, (min-width: 640px) 762px, \" \/>\t\t\t<\/a>\n\t\t\t\t\t\t\t<\/div>\n<div class=\"fusion-portfolio-content\" style=\"background-color:rgba(255,255,255,0);\"><h2 class=\"entry-title fusion-post-title\"><a href=\"https:\/\/www.honecable.com\/la\/product\/288-core-cst-fibra-cable-multi-holgado-tubo-blindado-cable\/\">Cable de fibra CST de 288 n\u00facleos Cable blindado de tubo suelto m\u00faltiple<\/a><\/h2><div class=\"fusion-post-content\"><\/div><\/div><\/div><\/article><article id=\"portfolio-1-post-25474\" class=\"fusion-portfolio-post armored-fiber-optic-cable-la cst-cable-la special-fiber-optic-cable-la fusion-col-spacing post-25474\"><div class=\"fusion-portfolio-content-wrapper\" style=\"border:1px solid rgba(242,243,245,0.8);border-bottom-width:3px;background-color:rgba(255,255,255,0);\"><span class=\"vcard rich-snippet-hidden\"><span class=\"fn\"><a href=\"https:\/\/www.honecable.com\/la\/author\/783015227qq-com\/\" title=\"Entradas de HOC\" rel=\"author\">HOC<\/a><\/span><\/span><span class=\"updated rich-snippet-hidden\">2022-06-14T14:23:13+08:00<\/span><div  class=\"fusion-image-wrapper\" aria-haspopup=\"true\">\n\t\t\t\t\t\t\t<a href=\"https:\/\/www.honecable.com\/la\/product\/cst-cable-de-fibra-optica-uni-tube-armored-4-core-to-24-core\/\" aria-label=\"Cable de fibra \u00f3ptica blindado de 12 hilos CST Fiber Uni-Tube\">\n\t\t\t\t\t\t\t<img width=\"750\" height=\"750\" src=\"https:\/\/www.honecable.com\/wp-content\/uploads\/2021\/09\/CST-cable-unitube-armoured-fiber-opitc-cable.jpg\" class=\"attachment-full size-full wp-post-image\" alt=\"\" decoding=\"async\" srcset=\"https:\/\/www.honecable.com\/wp-content\/uploads\/2021\/09\/CST-cable-unitube-armoured-fiber-opitc-cable-200x200.jpg 200w, https:\/\/www.honecable.com\/wp-content\/uploads\/2021\/09\/CST-cable-unitube-armoured-fiber-opitc-cable-400x400.jpg 400w, https:\/\/www.honecable.com\/wp-content\/uploads\/2021\/09\/CST-cable-unitube-armoured-fiber-opitc-cable-600x600.jpg 600w, https:\/\/www.honecable.com\/wp-content\/uploads\/2021\/09\/CST-cable-unitube-armoured-fiber-opitc-cable.jpg 750w\" sizes=\"(min-width: 2200px) 100vw, (min-width: 1006px) 290px, (min-width: 884px) 387px, (min-width: 762px) 580px, (min-width: 640px) 762px, \" \/>\t\t\t<\/a>\n\t\t\t\t\t\t\t<\/div>\n<div class=\"fusion-portfolio-content\" style=\"background-color:rgba(255,255,255,0);\"><h2 class=\"entry-title fusion-post-title\"><a href=\"https:\/\/www.honecable.com\/la\/product\/cst-cable-de-fibra-optica-uni-tube-armored-4-core-to-24-core\/\">Cable de fibra \u00f3ptica blindado de 12 hilos CST Fiber Uni-Tube<\/a><\/h2><div class=\"fusion-post-content\"><\/div><\/div><\/div><\/article><article id=\"portfolio-1-post-25478\" class=\"fusion-portfolio-post cst-cable-la special-fiber-optic-cable-la fusion-col-spacing post-25478\"><div class=\"fusion-portfolio-content-wrapper\" style=\"border:1px solid rgba(242,243,245,0.8);border-bottom-width:3px;background-color:rgba(255,255,255,0);\"><span class=\"vcard rich-snippet-hidden\"><span class=\"fn\"><a href=\"https:\/\/www.honecable.com\/la\/author\/783015227qq-com\/\" title=\"Entradas de HOC\" rel=\"author\">HOC<\/a><\/span><\/span><span class=\"updated rich-snippet-hidden\">2022-06-14T14:23:11+08:00<\/span><div  class=\"fusion-image-wrapper\" aria-haspopup=\"true\">\n\t\t\t\t\t\t\t<a href=\"https:\/\/www.honecable.com\/la\/product\/cable-cst-cable-de-fibra-optica-de-tubo-suelto-blindado-de-12-nucleos\/\" aria-label=\"Cable CST Cable de fibra \u00f3ptica blindado de tubo suelto de 12 n\u00facleos\">\n\t\t\t\t\t\t\t<img width=\"750\" height=\"750\" src=\"https:\/\/www.honecable.com\/wp-content\/uploads\/2021\/09\/12-fibre-corrugated-steel-tape-armoured-fiber-optic-cable.jpg\" class=\"attachment-full size-full wp-post-image\" alt=\"\" decoding=\"async\" srcset=\"https:\/\/www.honecable.com\/wp-content\/uploads\/2021\/09\/12-fibre-corrugated-steel-tape-armoured-fiber-optic-cable-200x200.jpg 200w, https:\/\/www.honecable.com\/wp-content\/uploads\/2021\/09\/12-fibre-corrugated-steel-tape-armoured-fiber-optic-cable-400x400.jpg 400w, https:\/\/www.honecable.com\/wp-content\/uploads\/2021\/09\/12-fibre-corrugated-steel-tape-armoured-fiber-optic-cable-600x600.jpg 600w, https:\/\/www.honecable.com\/wp-content\/uploads\/2021\/09\/12-fibre-corrugated-steel-tape-armoured-fiber-optic-cable.jpg 750w\" sizes=\"(min-width: 2200px) 100vw, (min-width: 1006px) 290px, (min-width: 884px) 387px, (min-width: 762px) 580px, (min-width: 640px) 762px, \" \/>\t\t\t<\/a>\n\t\t\t\t\t\t\t<\/div>\n<div class=\"fusion-portfolio-content\" style=\"background-color:rgba(255,255,255,0);\"><h2 class=\"entry-title fusion-post-title\"><a href=\"https:\/\/www.honecable.com\/la\/product\/cable-cst-cable-de-fibra-optica-de-tubo-suelto-blindado-de-12-nucleos\/\">Cable CST Cable de fibra \u00f3ptica blindado de tubo suelto de 12 n\u00facleos<\/a><\/h2><div class=\"fusion-post-content\"><\/div><\/div><\/div><\/article><article id=\"portfolio-1-post-25486\" class=\"fusion-portfolio-post cst-cable-la special-fiber-optic-cable-la fusion-col-spacing post-25486\"><div class=\"fusion-portfolio-content-wrapper\" style=\"border:1px solid rgba(242,243,245,0.8);border-bottom-width:3px;background-color:rgba(255,255,255,0);\"><span class=\"vcard rich-snippet-hidden\"><span class=\"fn\"><a href=\"https:\/\/www.honecable.com\/la\/author\/783015227qq-com\/\" title=\"Entradas de HOC\" rel=\"author\">HOC<\/a><\/span><\/span><span class=\"updated rich-snippet-hidden\">2022-06-14T14:22:41+08:00<\/span><div  class=\"fusion-image-wrapper\" aria-haspopup=\"true\">\n\t\t\t\t\t\t\t<a href=\"https:\/\/www.honecable.com\/la\/product\/cable-de-fibra-optica-blindado-de-tubo-suelto-cst-cable-48-core\/\" aria-label=\"Cable de 48 n\u00facleos CST Cable de fibra \u00f3ptica blindado de tubo suelto\">\n\t\t\t\t\t\t\t<img width=\"750\" height=\"750\" src=\"https:\/\/www.honecable.com\/wp-content\/uploads\/2021\/09\/48-fibre-cst-cable-steel-armoured-cable.jpg\" class=\"attachment-full size-full wp-post-image\" alt=\"\" decoding=\"async\" srcset=\"https:\/\/www.honecable.com\/wp-content\/uploads\/2021\/09\/48-fibre-cst-cable-steel-armoured-cable-200x200.jpg 200w, https:\/\/www.honecable.com\/wp-content\/uploads\/2021\/09\/48-fibre-cst-cable-steel-armoured-cable-400x400.jpg 400w, https:\/\/www.honecable.com\/wp-content\/uploads\/2021\/09\/48-fibre-cst-cable-steel-armoured-cable-600x600.jpg 600w, https:\/\/www.honecable.com\/wp-content\/uploads\/2021\/09\/48-fibre-cst-cable-steel-armoured-cable.jpg 750w\" sizes=\"(min-width: 2200px) 100vw, (min-width: 1006px) 290px, (min-width: 884px) 387px, (min-width: 762px) 580px, (min-width: 640px) 762px, \" \/>\t\t\t<\/a>\n\t\t\t\t\t\t\t<\/div>\n<div class=\"fusion-portfolio-content\" style=\"background-color:rgba(255,255,255,0);\"><h2 class=\"entry-title fusion-post-title\"><a href=\"https:\/\/www.honecable.com\/la\/product\/cable-de-fibra-optica-blindado-de-tubo-suelto-cst-cable-48-core\/\">Cable de 48 n\u00facleos CST Cable de fibra \u00f3ptica blindado de tubo suelto<\/a><\/h2><div class=\"fusion-post-content\"><\/div><\/div><\/div><\/article><article id=\"portfolio-1-post-25490\" class=\"fusion-portfolio-post cst-cable-la special-fiber-optic-cable-la fusion-col-spacing post-25490\"><div class=\"fusion-portfolio-content-wrapper\" style=\"border:1px solid rgba(242,243,245,0.8);border-bottom-width:3px;background-color:rgba(255,255,255,0);\"><span class=\"vcard rich-snippet-hidden\"><span class=\"fn\"><a href=\"https:\/\/www.honecable.com\/la\/author\/783015227qq-com\/\" title=\"Entradas de HOC\" rel=\"author\">HOC<\/a><\/span><\/span><span class=\"updated rich-snippet-hidden\">2022-06-14T14:22:42+08:00<\/span><div  class=\"fusion-image-wrapper\" aria-haspopup=\"true\">\n\t\t\t\t\t\t\t<a href=\"https:\/\/www.honecable.com\/la\/product\/cable-de-fibra-optica-multi-tubo-suelto-cst-blindado-96-nucleos\/\" aria-label=\"Cable de fibra \u00f3ptica blindado CST de 96 n\u00facleos de tubo suelto m\u00faltiple\">\n\t\t\t\t\t\t\t<img width=\"750\" height=\"750\" src=\"https:\/\/www.honecable.com\/wp-content\/uploads\/2021\/09\/96-core-loose-tube-CST-cable-amoured-fiber-optic-cable.jpg\" class=\"attachment-full size-full wp-post-image\" alt=\"\" decoding=\"async\" srcset=\"https:\/\/www.honecable.com\/wp-content\/uploads\/2021\/09\/96-core-loose-tube-CST-cable-amoured-fiber-optic-cable-200x200.jpg 200w, https:\/\/www.honecable.com\/wp-content\/uploads\/2021\/09\/96-core-loose-tube-CST-cable-amoured-fiber-optic-cable-400x400.jpg 400w, https:\/\/www.honecable.com\/wp-content\/uploads\/2021\/09\/96-core-loose-tube-CST-cable-amoured-fiber-optic-cable-600x600.jpg 600w, https:\/\/www.honecable.com\/wp-content\/uploads\/2021\/09\/96-core-loose-tube-CST-cable-amoured-fiber-optic-cable.jpg 750w\" sizes=\"(min-width: 2200px) 100vw, (min-width: 1006px) 290px, (min-width: 884px) 387px, (min-width: 762px) 580px, (min-width: 640px) 762px, \" \/>\t\t\t<\/a>\n\t\t\t\t\t\t\t<\/div>\n<div class=\"fusion-portfolio-content\" style=\"background-color:rgba(255,255,255,0);\"><h2 class=\"entry-title fusion-post-title\"><a href=\"https:\/\/www.honecable.com\/la\/product\/cable-de-fibra-optica-multi-tubo-suelto-cst-blindado-96-nucleos\/\">Cable de fibra \u00f3ptica blindado CST de 96 n\u00facleos de tubo suelto m\u00faltiple<\/a><\/h2><div class=\"fusion-post-content\"><\/div><\/div><\/div><\/article><article id=\"portfolio-1-post-25494\" class=\"fusion-portfolio-post cst-cable-la special-fiber-optic-cable-la fusion-col-spacing post-25494\"><div class=\"fusion-portfolio-content-wrapper\" style=\"border:1px solid rgba(242,243,245,0.8);border-bottom-width:3px;background-color:rgba(255,255,255,0);\"><span class=\"vcard rich-snippet-hidden\"><span class=\"fn\"><a href=\"https:\/\/www.honecable.com\/la\/author\/783015227qq-com\/\" title=\"Entradas de HOC\" rel=\"author\">HOC<\/a><\/span><\/span><span class=\"updated rich-snippet-hidden\">2022-06-14T14:22:43+08:00<\/span><div  class=\"fusion-image-wrapper\" aria-haspopup=\"true\">\n\t\t\t\t\t\t\t<a href=\"https:\/\/www.honecable.com\/la\/product\/144-core-cst-fibra-optica-cable-ignifugo-blindado-fibra-cable\/\" aria-label=\"Cable de fibra \u00f3ptica CST de 144 n\u00facleos Cable de fibra blindada ign\u00edfuga\">\n\t\t\t\t\t\t\t<img width=\"750\" height=\"750\" src=\"https:\/\/www.honecable.com\/wp-content\/uploads\/2021\/09\/144-core-multi-loose-tube-armoured-cst-cable-1.jpg\" class=\"attachment-full size-full wp-post-image\" alt=\"\" decoding=\"async\" srcset=\"https:\/\/www.honecable.com\/wp-content\/uploads\/2021\/09\/144-core-multi-loose-tube-armoured-cst-cable-1-200x200.jpg 200w, https:\/\/www.honecable.com\/wp-content\/uploads\/2021\/09\/144-core-multi-loose-tube-armoured-cst-cable-1-400x400.jpg 400w, https:\/\/www.honecable.com\/wp-content\/uploads\/2021\/09\/144-core-multi-loose-tube-armoured-cst-cable-1-600x600.jpg 600w, https:\/\/www.honecable.com\/wp-content\/uploads\/2021\/09\/144-core-multi-loose-tube-armoured-cst-cable-1.jpg 750w\" sizes=\"(min-width: 2200px) 100vw, (min-width: 1006px) 290px, (min-width: 884px) 387px, (min-width: 762px) 580px, (min-width: 640px) 762px, \" \/>\t\t\t<\/a>\n\t\t\t\t\t\t\t<\/div>\n<div class=\"fusion-portfolio-content\" style=\"background-color:rgba(255,255,255,0);\"><h2 class=\"entry-title fusion-post-title\"><a href=\"https:\/\/www.honecable.com\/la\/product\/144-core-cst-fibra-optica-cable-ignifugo-blindado-fibra-cable\/\">Cable de fibra \u00f3ptica CST de 144 n\u00facleos Cable de fibra blindada ign\u00edfuga<\/a><\/h2><div class=\"fusion-post-content\"><\/div><\/div><\/div><\/article><article id=\"portfolio-1-post-25482\" class=\"fusion-portfolio-post cst-cable-la special-fiber-optic-cable-la fusion-col-spacing post-25482\"><div class=\"fusion-portfolio-content-wrapper\" style=\"border:1px solid rgba(242,243,245,0.8);border-bottom-width:3px;background-color:rgba(255,255,255,0);\"><span class=\"vcard rich-snippet-hidden\"><span class=\"fn\"><a href=\"https:\/\/www.honecable.com\/la\/author\/783015227qq-com\/\" title=\"Entradas de HOC\" rel=\"author\">HOC<\/a><\/span><\/span><span class=\"updated rich-snippet-hidden\">2022-06-14T14:23:13+08:00<\/span><div  class=\"fusion-image-wrapper\" aria-haspopup=\"true\">\n\t\t\t\t\t\t\t<a href=\"https:\/\/www.honecable.com\/la\/product\/144-core-corrugado-acero-cinta-blindado-cst-cable-de-fibra-tubo-holgado-multiple\/\" aria-label=\"144 Core Cinta de acero corrugado Cable de fibra CST blindado Tubo multi suelto\">\n\t\t\t\t\t\t\t<img width=\"750\" height=\"750\" src=\"https:\/\/www.honecable.com\/wp-content\/uploads\/2021\/09\/multi-loose-tube-cst-armoured-fiber-optic-cable-PE-sheath.jpg\" class=\"attachment-full size-full wp-post-image\" alt=\"\" decoding=\"async\" srcset=\"https:\/\/www.honecable.com\/wp-content\/uploads\/2021\/09\/multi-loose-tube-cst-armoured-fiber-optic-cable-PE-sheath-200x200.jpg 200w, https:\/\/www.honecable.com\/wp-content\/uploads\/2021\/09\/multi-loose-tube-cst-armoured-fiber-optic-cable-PE-sheath-400x400.jpg 400w, https:\/\/www.honecable.com\/wp-content\/uploads\/2021\/09\/multi-loose-tube-cst-armoured-fiber-optic-cable-PE-sheath-600x600.jpg 600w, https:\/\/www.honecable.com\/wp-content\/uploads\/2021\/09\/multi-loose-tube-cst-armoured-fiber-optic-cable-PE-sheath.jpg 750w\" sizes=\"(min-width: 2200px) 100vw, (min-width: 1006px) 290px, (min-width: 884px) 387px, (min-width: 762px) 580px, (min-width: 640px) 762px, \" \/>\t\t\t<\/a>\n\t\t\t\t\t\t\t<\/div>\n<div class=\"fusion-portfolio-content\" style=\"background-color:rgba(255,255,255,0);\"><h2 class=\"entry-title fusion-post-title\"><a href=\"https:\/\/www.honecable.com\/la\/product\/144-core-corrugado-acero-cinta-blindado-cst-cable-de-fibra-tubo-holgado-multiple\/\">144 Core Cinta de acero corrugado Cable de fibra CST blindado Tubo multi suelto<\/a><\/h2><div class=\"fusion-post-content\"><\/div><\/div><\/div><\/article><article id=\"portfolio-1-post-25386\" class=\"fusion-portfolio-post oem-fiber-cable-la fusion-col-spacing post-25386\"><div class=\"fusion-portfolio-content-wrapper\" style=\"border:1px solid rgba(242,243,245,0.8);border-bottom-width:3px;background-color:rgba(255,255,255,0);\"><span class=\"vcard rich-snippet-hidden\"><span class=\"fn\"><a href=\"https:\/\/www.honecable.com\/la\/author\/783015227qq-com\/\" title=\"Entradas de HOC\" rel=\"author\">HOC<\/a><\/span><\/span><span class=\"updated rich-snippet-hidden\">2022-06-13T13:54:03+08:00<\/span><div  class=\"fusion-image-wrapper\" aria-haspopup=\"true\">\n\t\t\t\t\t\t\t<a href=\"https:\/\/www.honecable.com\/la\/product\/cables-de-fibra-optica-personalizados-oem\/\" aria-label=\"Cables de fibra \u00f3ptica a medida\">\n\t\t\t\t\t\t\t<img width=\"750\" height=\"750\" src=\"https:\/\/www.honecable.com\/wp-content\/uploads\/2021\/11\/OEM-custom-fiber-optic-cable.jpg\" class=\"attachment-full size-full wp-post-image\" alt=\"\" decoding=\"async\" srcset=\"https:\/\/www.honecable.com\/wp-content\/uploads\/2021\/11\/OEM-custom-fiber-optic-cable-200x200.jpg 200w, https:\/\/www.honecable.com\/wp-content\/uploads\/2021\/11\/OEM-custom-fiber-optic-cable-400x400.jpg 400w, https:\/\/www.honecable.com\/wp-content\/uploads\/2021\/11\/OEM-custom-fiber-optic-cable-600x600.jpg 600w, https:\/\/www.honecable.com\/wp-content\/uploads\/2021\/11\/OEM-custom-fiber-optic-cable.jpg 750w\" sizes=\"(min-width: 2200px) 100vw, (min-width: 1006px) 290px, (min-width: 884px) 387px, (min-width: 762px) 580px, (min-width: 640px) 762px, \" \/>\t\t\t<\/a>\n\t\t\t\t\t\t\t<\/div>\n<div class=\"fusion-portfolio-content\" style=\"background-color:rgba(255,255,255,0);\"><h2 class=\"entry-title fusion-post-title\"><a href=\"https:\/\/www.honecable.com\/la\/product\/cables-de-fibra-optica-personalizados-oem\/\">Cables de fibra \u00f3ptica a medida<\/a><\/h2><div class=\"fusion-post-content\"><\/div><\/div><\/div><\/article><\/div><\/div><\/div><\/div><\/div><\/div><\/p>\n","protected":false},"excerpt":{"rendered":"","protected":false},"author":1,"featured_media":0,"parent":26240,"menu_order":1,"comment_status":"closed","ping_status":"closed","template":"","meta":{"_seopress_robots_primary_cat":"","_seopress_titles_title":"","_seopress_titles_desc":"","_seopress_robots_index":"","footnotes":"","_vp_format_video_url":"","_vp_image_focal_point":[]},"_links":{"self":[{"href":"https:\/\/www.honecable.com\/la\/wp-json\/wp\/v2\/pages\/26249"}],"collection":[{"href":"https:\/\/www.honecable.com\/la\/wp-json\/wp\/v2\/pages"}],"about":[{"href":"https:\/\/www.honecable.com\/la\/wp-json\/wp\/v2\/types\/page"}],"author":[{"embeddable":true,"href":"https:\/\/www.honecable.com\/la\/wp-json\/wp\/v2\/users\/1"}],"replies":[{"embeddable":true,"href":"https:\/\/www.honecable.com\/la\/wp-json\/wp\/v2\/comments?post=26249"}],"version-history":[{"count":0,"href":"https:\/\/www.honecable.com\/la\/wp-json\/wp\/v2\/pages\/26249\/revisions"}],"up":[{"embeddable":true,"href":"https:\/\/www.honecable.com\/la\/wp-json\/wp\/v2\/pages\/26240"}],"wp:attachment":[{"href":"https:\/\/www.honecable.com\/la\/wp-json\/wp\/v2\/media?parent=26249"}],"curies":[{"name":"wp","href":"https:\/\/api.w.org\/{rel}","templated":true}]}}