{"id":52706,"date":"2022-03-07T10:25:54","date_gmt":"2022-03-07T02:25:54","guid":{"rendered":"https:\/\/www.honecable.com\/produtos\/cabo-de-fibra-otica-para-exterior\/cabo-aereo-de-fibra-otica\/"},"modified":"2022-03-07T10:25:56","modified_gmt":"2022-03-07T02:25:56","slug":"cabo-aereo-de-fibra-otica","status":"publish","type":"page","link":"https:\/\/www.honecable.com\/pt-br\/cabos-de-fibra\/cabo-de-fibra-otica-para-exterior\/cabo-aereo-de-fibra-otica\/","title":{"rendered":"Cabo de Fibra \u00d3ptica A\u00e9rea"},"content":{"rendered":"<p><div class=\"fusion-fullwidth fullwidth-box fusion-builder-row-1 fusion-flex-container nonhundred-percent-fullwidth non-hundred-percent-height-scrolling\" style=\"--awb-border-radius-top-left:0px;--awb-border-radius-top-right:0px;--awb-border-radius-bottom-right:0px;--awb-border-radius-bottom-left:0px;--awb-flex-wrap:wrap;\" ><div class=\"fusion-builder-row fusion-row fusion-flex-align-items-flex-start fusion-flex-content-wrap\" style=\"max-width:1300px;margin-left: calc(-4% \/ 2 );margin-right: calc(-4% \/ 2 );\"><div class=\"fusion-layout-column fusion_builder_column fusion-builder-column-0 fusion_builder_column_1_1 1_1 fusion-flex-column\" style=\"--awb-bg-size:cover;--awb-width-large:100%;--awb-margin-top-large:0px;--awb-spacing-right-large:1.92%;--awb-margin-bottom-large:20px;--awb-spacing-left-large:1.92%;--awb-width-medium:100%;--awb-order-medium:0;--awb-spacing-right-medium:1.92%;--awb-spacing-left-medium:1.92%;--awb-width-small:100%;--awb-order-small:0;--awb-spacing-right-small:1.92%;--awb-spacing-left-small:1.92%;\"><div class=\"fusion-column-wrapper fusion-column-has-shadow fusion-flex-justify-content-flex-start fusion-content-layout-column\"><div class=\"fusion-text fusion-text-1\">\t\t\t<!-- Flexy Breadcrumb -->\r\n\t\t\t<div class=\"fbc fbc-page\">\r\n\r\n\t\t\t\t<!-- Breadcrumb wrapper -->\r\n\t\t\t\t<div class=\"fbc-wrap\">\r\n\r\n\t\t\t\t\t<!-- Ordered list-->\r\n\t\t\t\t\t<ol class=\"fbc-items\" itemscope itemtype=\"https:\/\/schema.org\/BreadcrumbList\">\r\n\t\t\t\t\t\t            <li itemprop=\"itemListElement\" itemscope itemtype=\"https:\/\/schema.org\/ListItem\">\r\n                <span itemprop=\"name\">\r\n                    <!-- Home Link -->\r\n                    <a itemprop=\"item\" href=\"https:\/\/www.honecable.com\">\r\n                    \r\n                                                    <i class=\"fa fa-home\" aria-hidden=\"true\"><\/i>Home                    <\/a>\r\n                <\/span>\r\n                <meta itemprop=\"position\" content=\"1\" \/><!-- Meta Position-->\r\n             <\/li><li><span class=\"fbc-separator\">\/<\/span><\/li><li class=\"active\" itemprop=\"itemListElement\" itemscope itemtype=\"https:\/\/schema.org\/ListItem\"><span itemprop=\"name\" title=\"Centro de Conhecimento\">Centro de Conhecimento<\/span><meta itemprop=\"position\" content=\"2\" \/><\/li>\t\t\t\t\t<\/ol>\r\n\t\t\t\t\t<div class=\"clearfix\"><\/div>\r\n\t\t\t\t<\/div>\r\n\t\t\t<\/div>\r\n\t\t\t\n<\/div><\/div><\/div><\/div><\/div><div class=\"fusion-fullwidth fullwidth-box fusion-builder-row-2 fusion-flex-container nonhundred-percent-fullwidth non-hundred-percent-height-scrolling\" style=\"--awb-border-radius-top-left:0px;--awb-border-radius-top-right:0px;--awb-border-radius-bottom-right:0px;--awb-border-radius-bottom-left:0px;--awb-padding-top:22px;--awb-flex-wrap:wrap;\" ><div class=\"fusion-builder-row fusion-row fusion-flex-align-items-flex-start fusion-flex-content-wrap\" style=\"max-width:1300px;margin-left: calc(-4% \/ 2 );margin-right: calc(-4% \/ 2 );\"><div class=\"fusion-layout-column fusion_builder_column fusion-builder-column-1 fusion_builder_column_1_1 1_1 fusion-flex-column\" style=\"--awb-bg-size:cover;--awb-width-large:100%;--awb-margin-top-large:0px;--awb-spacing-right-large:0%;--awb-margin-bottom-large:20px;--awb-spacing-left-large:1.92%;--awb-width-medium:100%;--awb-order-medium:0;--awb-spacing-right-medium:0%;--awb-spacing-left-medium:1.92%;--awb-width-small:100%;--awb-order-small:0;--awb-spacing-right-small:1.92%;--awb-spacing-left-small:1.92%;\"><div class=\"fusion-column-wrapper fusion-column-has-shadow fusion-flex-justify-content-flex-start fusion-content-layout-column\"><style type=\"text\/css\">.fusion-portfolio-wrapper#fusion-portfolio-1 .fusion-portfolio-content{ padding: 20px 5px 15px 15px; text-align: left; }<\/style><div class=\"fusion-recent-works fusion-portfolio-element fusion-portfolio fusion-portfolio-1 fusion-portfolio-grid fusion-portfolio-paging-pagination fusion-portfolio-four fusion-portfolio-boxed fusion-portfolio-text fusion-portfolio-equal-heights portfolio_products\" data-id=\"-rw-1\" data-columns=\"four\"><style type=\"text\/css\">.fusion-portfolio-1 .fusion-portfolio-wrapper .fusion-col-spacing{padding:15px;}<\/style><div class=\"fusion-portfolio-wrapper\" id=\"fusion-portfolio-1\" data-picturesize=\"auto\" data-pages=\"1\" style=\"margin:-15px;\"><article id=\"portfolio-1-post-53226\" class=\"fusion-portfolio-post cabo-adss-pt-br cabo-de-fibra-optica-aerea cabo-de-fibra-optica-de-linha-de-forca fusion-col-spacing post-53226\"><div class=\"fusion-portfolio-content-wrapper\" style=\"border:1px solid rgba(242,243,245,0.8);border-bottom-width:3px;background-color:rgba(255,255,255,0);\"><span class=\"vcard rich-snippet-hidden\"><span class=\"fn\"><a href=\"https:\/\/www.honecable.com\/pt-br\/author\/783015227qq-com\/\" title=\"Posts de HOC\" rel=\"author\">HOC<\/a><\/span><\/span><span class=\"updated rich-snippet-hidden\">2022-06-28T15:04:41+08:00<\/span><div  class=\"fusion-image-wrapper\" aria-haspopup=\"true\">\n\t\t\t\t\t\t\t<a href=\"https:\/\/www.honecable.com\/pt-br\/product\/cabo-de-fibra-otica-aerea-adss-24-pes-padrao\/\" aria-label=\"ADSS Cabo A\u00e9reo de Fibra \u00d3ptica Padr\u00e3o 24 FO\">\n\t\t\t\t\t\t\t<img width=\"750\" height=\"750\" src=\"https:\/\/www.honecable.com\/wp-content\/uploads\/2021\/08\/adss-fiber-optic-cable-hoc.jpg\" class=\"attachment-full size-full wp-post-image\" alt=\"cabo a\u00e9reo de fibra \u00f3ptica autoportante adss\" decoding=\"async\" srcset=\"https:\/\/www.honecable.com\/wp-content\/uploads\/2021\/08\/adss-fiber-optic-cable-hoc-200x200.jpg 200w, https:\/\/www.honecable.com\/wp-content\/uploads\/2021\/08\/adss-fiber-optic-cable-hoc-400x400.jpg 400w, https:\/\/www.honecable.com\/wp-content\/uploads\/2021\/08\/adss-fiber-optic-cable-hoc-600x600.jpg 600w, https:\/\/www.honecable.com\/wp-content\/uploads\/2021\/08\/adss-fiber-optic-cable-hoc.jpg 750w\" sizes=\"(min-width: 2200px) 100vw, (min-width: 1006px) 290px, (min-width: 884px) 387px, (min-width: 762px) 580px, (min-width: 640px) 762px, \" \/>\t\t\t<\/a>\n\t\t\t\t\t\t\t<\/div>\n<div class=\"fusion-portfolio-content\" style=\"background-color:rgba(255,255,255,0);\"><h2 class=\"entry-title fusion-post-title\"><a href=\"https:\/\/www.honecable.com\/pt-br\/product\/cabo-de-fibra-otica-aerea-adss-24-pes-padrao\/\">ADSS Cabo A\u00e9reo de Fibra \u00d3ptica Padr\u00e3o 24 FO<\/a><\/h2><div class=\"fusion-post-content\"><\/div><\/div><\/div><\/article><article id=\"portfolio-1-post-53602\" class=\"fusion-portfolio-post cabo-de-fibra-optica-aerea cabo-de-fibra-optica-exterior cabo-plano-de-fibra-optica fusion-col-spacing post-53602\"><div class=\"fusion-portfolio-content-wrapper\" style=\"border:1px solid rgba(242,243,245,0.8);border-bottom-width:3px;background-color:rgba(255,255,255,0);\"><span class=\"vcard rich-snippet-hidden\"><span class=\"fn\"><a href=\"https:\/\/www.honecable.com\/pt-br\/author\/783015227qq-com\/\" title=\"Posts de HOC\" rel=\"author\">HOC<\/a><\/span><\/span><span class=\"updated rich-snippet-hidden\">2022-06-28T15:04:47+08:00<\/span><div  class=\"fusion-image-wrapper\" aria-haspopup=\"true\">\n\t\t\t\t\t\t\t<a href=\"https:\/\/www.honecable.com\/pt-br\/product\/cabo-unitube-aereo-plano-em-forma-de-cabo-auto-sustentavel-de-fibra-optica\/\" aria-label=\"Unidade de cabo de queda a\u00e9rea Cabo de fibra \u00f3ptica autoportante de forma plana\">\n\t\t\t\t\t\t\t<img width=\"750\" height=\"750\" src=\"https:\/\/www.honecable.com\/wp-content\/uploads\/2021\/05\/aerial-drop-cable-self-supporting-flat-shape-fiber-cable-gyfxby.jpg\" class=\"attachment-full size-full wp-post-image\" alt=\"cabo a\u00e9reo gyfxby de forma plana\" decoding=\"async\" srcset=\"https:\/\/www.honecable.com\/wp-content\/uploads\/2021\/05\/aerial-drop-cable-self-supporting-flat-shape-fiber-cable-gyfxby-200x200.jpg 200w, https:\/\/www.honecable.com\/wp-content\/uploads\/2021\/05\/aerial-drop-cable-self-supporting-flat-shape-fiber-cable-gyfxby-400x400.jpg 400w, https:\/\/www.honecable.com\/wp-content\/uploads\/2021\/05\/aerial-drop-cable-self-supporting-flat-shape-fiber-cable-gyfxby-600x600.jpg 600w, https:\/\/www.honecable.com\/wp-content\/uploads\/2021\/05\/aerial-drop-cable-self-supporting-flat-shape-fiber-cable-gyfxby.jpg 750w\" sizes=\"(min-width: 2200px) 100vw, (min-width: 1006px) 290px, (min-width: 884px) 387px, (min-width: 762px) 580px, (min-width: 640px) 762px, \" \/>\t\t\t<\/a>\n\t\t\t\t\t\t\t<\/div>\n<div class=\"fusion-portfolio-content\" style=\"background-color:rgba(255,255,255,0);\"><h2 class=\"entry-title fusion-post-title\"><a href=\"https:\/\/www.honecable.com\/pt-br\/product\/cabo-unitube-aereo-plano-em-forma-de-cabo-auto-sustentavel-de-fibra-optica\/\">Unidade de cabo de queda a\u00e9rea Cabo de fibra \u00f3ptica autoportante de forma plana<\/a><\/h2><div class=\"fusion-post-content\"><\/div><\/div><\/div><\/article><article id=\"portfolio-1-post-53614\" class=\"fusion-portfolio-post cabo-de-fibra-optica-aerea cabo-de-fibra-optica-exterior fusion-col-spacing post-53614\"><div class=\"fusion-portfolio-content-wrapper\" style=\"border:1px solid rgba(242,243,245,0.8);border-bottom-width:3px;background-color:rgba(255,255,255,0);\"><span class=\"vcard rich-snippet-hidden\"><span class=\"fn\"><a href=\"https:\/\/www.honecable.com\/pt-br\/author\/783015227qq-com\/\" title=\"Posts de HOC\" rel=\"author\">HOC<\/a><\/span><\/span><span class=\"updated rich-snippet-hidden\">2022-06-28T15:04:43+08:00<\/span><div  class=\"fusion-image-wrapper\" aria-haspopup=\"true\">\n\t\t\t\t\t\t\t<a href=\"https:\/\/www.honecable.com\/pt-br\/product\/cabo-aereo-de-fibra-optica-encalhado-nao-metalico-de-bainha-dupla\/\" aria-label=\"Cabo A\u00e9reo de Fibra \u00d3ptica Cord\u00e3o N\u00e3o Met\u00e1lico de Bainha Dupla\">\n\t\t\t\t\t\t\t<img width=\"750\" height=\"750\" src=\"https:\/\/www.honecable.com\/wp-content\/uploads\/2021\/05\/Non-metallic-double-sheath-fiber-cable.jpg\" class=\"attachment-full size-full wp-post-image\" alt=\"cabo de fibra \u00f3ptica a\u00e9rea cabo n\u00e3o met\u00e1lico com bainha dupla\" decoding=\"async\" srcset=\"https:\/\/www.honecable.com\/wp-content\/uploads\/2021\/05\/Non-metallic-double-sheath-fiber-cable-200x200.jpg 200w, https:\/\/www.honecable.com\/wp-content\/uploads\/2021\/05\/Non-metallic-double-sheath-fiber-cable-400x400.jpg 400w, https:\/\/www.honecable.com\/wp-content\/uploads\/2021\/05\/Non-metallic-double-sheath-fiber-cable-600x600.jpg 600w, https:\/\/www.honecable.com\/wp-content\/uploads\/2021\/05\/Non-metallic-double-sheath-fiber-cable.jpg 750w\" sizes=\"(min-width: 2200px) 100vw, (min-width: 1006px) 290px, (min-width: 884px) 387px, (min-width: 762px) 580px, (min-width: 640px) 762px, \" \/>\t\t\t<\/a>\n\t\t\t\t\t\t\t<\/div>\n<div class=\"fusion-portfolio-content\" style=\"background-color:rgba(255,255,255,0);\"><h2 class=\"entry-title fusion-post-title\"><a href=\"https:\/\/www.honecable.com\/pt-br\/product\/cabo-aereo-de-fibra-optica-encalhado-nao-metalico-de-bainha-dupla\/\">Cabo A\u00e9reo de Fibra \u00d3ptica Cord\u00e3o N\u00e3o Met\u00e1lico de Bainha Dupla<\/a><\/h2><div class=\"fusion-post-content\"><\/div><\/div><\/div><\/article><article id=\"portfolio-1-post-53630\" class=\"fusion-portfolio-post cabo-de-fibra-optica-aerea cabo-de-fibra-optica-exterior figura-8-cabo-de-fibra-optica fusion-col-spacing post-53630\"><div class=\"fusion-portfolio-content-wrapper\" style=\"border:1px solid rgba(242,243,245,0.8);border-bottom-width:3px;background-color:rgba(255,255,255,0);\"><span class=\"vcard rich-snippet-hidden\"><span class=\"fn\"><a href=\"https:\/\/www.honecable.com\/pt-br\/author\/783015227qq-com\/\" title=\"Posts de HOC\" rel=\"author\">HOC<\/a><\/span><\/span><span class=\"updated rich-snippet-hidden\">2022-06-28T15:04:46+08:00<\/span><div  class=\"fusion-image-wrapper\" aria-haspopup=\"true\">\n\t\t\t\t\t\t\t<a href=\"https:\/\/www.honecable.com\/pt-br\/product\/cabo-de-fibra-otica-aerea-cabo-unitario-nao-blindado-figura-8\/\" aria-label=\"Cabo A\u00e9reo de Fibra \u00d3ptica Unitube N\u00e3o Blindado Figura 8 Cabo\">\n\t\t\t\t\t\t\t<img width=\"750\" height=\"750\" src=\"https:\/\/www.honecable.com\/wp-content\/uploads\/2021\/05\/aerial-fiber-cable-with-wire-messenger.jpg\" class=\"attachment-full size-full wp-post-image\" alt=\"cabo de fibra a\u00e9rea com cabo mensageiro de fio n\u00e3o blindado unitube\" decoding=\"async\" srcset=\"https:\/\/www.honecable.com\/wp-content\/uploads\/2021\/05\/aerial-fiber-cable-with-wire-messenger-200x200.jpg 200w, https:\/\/www.honecable.com\/wp-content\/uploads\/2021\/05\/aerial-fiber-cable-with-wire-messenger-400x400.jpg 400w, https:\/\/www.honecable.com\/wp-content\/uploads\/2021\/05\/aerial-fiber-cable-with-wire-messenger-600x600.jpg 600w, https:\/\/www.honecable.com\/wp-content\/uploads\/2021\/05\/aerial-fiber-cable-with-wire-messenger.jpg 750w\" sizes=\"(min-width: 2200px) 100vw, (min-width: 1006px) 290px, (min-width: 884px) 387px, (min-width: 762px) 580px, (min-width: 640px) 762px, \" \/>\t\t\t<\/a>\n\t\t\t\t\t\t\t<\/div>\n<div class=\"fusion-portfolio-content\" style=\"background-color:rgba(255,255,255,0);\"><h2 class=\"entry-title fusion-post-title\"><a href=\"https:\/\/www.honecable.com\/pt-br\/product\/cabo-de-fibra-otica-aerea-cabo-unitario-nao-blindado-figura-8\/\">Cabo A\u00e9reo de Fibra \u00d3ptica Unitube N\u00e3o Blindado Figura 8 Cabo<\/a><\/h2><div class=\"fusion-post-content\"><\/div><\/div><\/div><\/article><article id=\"portfolio-1-post-53634\" class=\"fusion-portfolio-post cabo-de-fibra-optica-aerea cabo-de-fibra-optica-exterior figura-8-cabo-de-fibra-optica fusion-col-spacing post-53634\"><div class=\"fusion-portfolio-content-wrapper\" style=\"border:1px solid rgba(242,243,245,0.8);border-bottom-width:3px;background-color:rgba(255,255,255,0);\"><span class=\"vcard rich-snippet-hidden\"><span class=\"fn\"><a href=\"https:\/\/www.honecable.com\/pt-br\/author\/783015227qq-com\/\" title=\"Posts de HOC\" rel=\"author\">HOC<\/a><\/span><\/span><span class=\"updated rich-snippet-hidden\">2022-06-28T15:04:47+08:00<\/span><div  class=\"fusion-image-wrapper\" aria-haspopup=\"true\">\n\t\t\t\t\t\t\t<a href=\"https:\/\/www.honecable.com\/pt-br\/product\/figura-8-cabo-de-fibra-otica-blindado-autoportante-cabo-aereo\/\" aria-label=\"Figura 8 Cabo de Fibra \u00d3ptica Cabo multifilar blindado de auto-suporte\">\n\t\t\t\t\t\t\t<img width=\"750\" height=\"750\" src=\"https:\/\/www.honecable.com\/wp-content\/uploads\/2021\/05\/figure-8-fiber-optic-cable.jpg\" class=\"attachment-full size-full wp-post-image\" alt=\"figura 8 cabo de fibra \u00f3tica\" decoding=\"async\" srcset=\"https:\/\/www.honecable.com\/wp-content\/uploads\/2021\/05\/figure-8-fiber-optic-cable-200x200.jpg 200w, https:\/\/www.honecable.com\/wp-content\/uploads\/2021\/05\/figure-8-fiber-optic-cable-400x400.jpg 400w, https:\/\/www.honecable.com\/wp-content\/uploads\/2021\/05\/figure-8-fiber-optic-cable-600x600.jpg 600w, https:\/\/www.honecable.com\/wp-content\/uploads\/2021\/05\/figure-8-fiber-optic-cable.jpg 750w\" sizes=\"(min-width: 2200px) 100vw, (min-width: 1006px) 290px, (min-width: 884px) 387px, (min-width: 762px) 580px, (min-width: 640px) 762px, \" \/>\t\t\t<\/a>\n\t\t\t\t\t\t\t<\/div>\n<div class=\"fusion-portfolio-content\" style=\"background-color:rgba(255,255,255,0);\"><h2 class=\"entry-title fusion-post-title\"><a href=\"https:\/\/www.honecable.com\/pt-br\/product\/figura-8-cabo-de-fibra-otica-blindado-autoportante-cabo-aereo\/\">Figura 8 Cabo de Fibra \u00d3ptica Cabo multifilar blindado de auto-suporte<\/a><\/h2><div class=\"fusion-post-content\"><\/div><\/div><\/div><\/article><article id=\"portfolio-1-post-53650\" class=\"fusion-portfolio-post cabo-adss-pt-br cabo-de-fibra-optica-aerea cabo-de-fibra-optica-de-linha-de-forca fusion-col-spacing post-53650\"><div class=\"fusion-portfolio-content-wrapper\" style=\"border:1px solid rgba(242,243,245,0.8);border-bottom-width:3px;background-color:rgba(255,255,255,0);\"><span class=\"vcard rich-snippet-hidden\"><span class=\"fn\"><a href=\"https:\/\/www.honecable.com\/pt-br\/author\/783015227qq-com\/\" title=\"Posts de HOC\" rel=\"author\">HOC<\/a><\/span><\/span><span class=\"updated rich-snippet-hidden\">2022-06-28T15:05:32+08:00<\/span><div  class=\"fusion-image-wrapper\" aria-haspopup=\"true\">\n\t\t\t\t\t\t\t<a href=\"https:\/\/www.honecable.com\/pt-br\/product\/adss-cabo-de-fibra-optica-ate-800-m-de-extensao-instalacao-aerea\/\" aria-label=\"Cabo de fibra \u00f3ptica ADSS at\u00e9 800 m de instala\u00e7\u00e3o a\u00e9rea de extens\u00e3o\">\n\t\t\t\t\t\t\t<img width=\"750\" height=\"750\" src=\"https:\/\/www.honecable.com\/wp-content\/uploads\/2021\/04\/adss-double-sheath.jpg\" class=\"attachment-full size-full wp-post-image\" alt=\"an\u00fancios de baia dupla\" decoding=\"async\" srcset=\"https:\/\/www.honecable.com\/wp-content\/uploads\/2021\/04\/adss-double-sheath-200x200.jpg 200w, https:\/\/www.honecable.com\/wp-content\/uploads\/2021\/04\/adss-double-sheath-400x400.jpg 400w, https:\/\/www.honecable.com\/wp-content\/uploads\/2021\/04\/adss-double-sheath-600x600.jpg 600w, https:\/\/www.honecable.com\/wp-content\/uploads\/2021\/04\/adss-double-sheath.jpg 750w\" sizes=\"(min-width: 2200px) 100vw, (min-width: 1006px) 290px, (min-width: 884px) 387px, (min-width: 762px) 580px, (min-width: 640px) 762px, \" \/>\t\t\t<\/a>\n\t\t\t\t\t\t\t<\/div>\n<div class=\"fusion-portfolio-content\" style=\"background-color:rgba(255,255,255,0);\"><h2 class=\"entry-title fusion-post-title\"><a href=\"https:\/\/www.honecable.com\/pt-br\/product\/adss-cabo-de-fibra-optica-ate-800-m-de-extensao-instalacao-aerea\/\">Cabo de fibra \u00f3ptica ADSS at\u00e9 800 m de instala\u00e7\u00e3o a\u00e9rea de extens\u00e3o<\/a><\/h2><div class=\"fusion-post-content\"><\/div><\/div><\/div><\/article><article id=\"portfolio-1-post-52987\" class=\"fusion-portfolio-post cabo-de-fibra-oem-pt-br fusion-col-spacing post-52987\"><div class=\"fusion-portfolio-content-wrapper\" style=\"border:1px solid rgba(242,243,245,0.8);border-bottom-width:3px;background-color:rgba(255,255,255,0);\"><span class=\"vcard rich-snippet-hidden\"><span class=\"fn\"><a href=\"https:\/\/www.honecable.com\/pt-br\/author\/783015227qq-com\/\" title=\"Posts de HOC\" rel=\"author\">HOC<\/a><\/span><\/span><span class=\"updated rich-snippet-hidden\">2022-06-28T15:04:50+08:00<\/span><div  class=\"fusion-image-wrapper\" aria-haspopup=\"true\">\n\t\t\t\t\t\t\t<a href=\"https:\/\/www.honecable.com\/pt-br\/product\/oem-cabos-de-fibra-otica\/\" aria-label=\"Cabos personalizados de Fibra \u00d3ptica\">\n\t\t\t\t\t\t\t<img width=\"750\" height=\"750\" src=\"https:\/\/www.honecable.com\/wp-content\/uploads\/2021\/11\/Custom-Fiber-Optic-Cables-OEM-Manufacturer-HOC-fiber-cable.jpg\" class=\"attachment-full size-full wp-post-image\" alt=\"fabricante de cabos de fibra \u00f3tica personalizados servi\u00e7o OEM fornecido HOC\" decoding=\"async\" srcset=\"https:\/\/www.honecable.com\/wp-content\/uploads\/2021\/11\/Custom-Fiber-Optic-Cables-OEM-Manufacturer-HOC-fiber-cable-200x200.jpg 200w, https:\/\/www.honecable.com\/wp-content\/uploads\/2021\/11\/Custom-Fiber-Optic-Cables-OEM-Manufacturer-HOC-fiber-cable-400x400.jpg 400w, https:\/\/www.honecable.com\/wp-content\/uploads\/2021\/11\/Custom-Fiber-Optic-Cables-OEM-Manufacturer-HOC-fiber-cable-600x600.jpg 600w, https:\/\/www.honecable.com\/wp-content\/uploads\/2021\/11\/Custom-Fiber-Optic-Cables-OEM-Manufacturer-HOC-fiber-cable.jpg 750w\" sizes=\"(min-width: 2200px) 100vw, (min-width: 1006px) 290px, (min-width: 884px) 387px, (min-width: 762px) 580px, (min-width: 640px) 762px, \" \/>\t\t\t<\/a>\n\t\t\t\t\t\t\t<\/div>\n<div class=\"fusion-portfolio-content\" style=\"background-color:rgba(255,255,255,0);\"><h2 class=\"entry-title fusion-post-title\"><a href=\"https:\/\/www.honecable.com\/pt-br\/product\/oem-cabos-de-fibra-otica\/\">Cabos personalizados de Fibra \u00d3ptica<\/a><\/h2><div class=\"fusion-post-content\"><\/div><\/div><\/div><\/article><\/div><\/div><\/div><\/div><\/div><\/div><\/p>\n","protected":false},"excerpt":{"rendered":"","protected":false},"author":1,"featured_media":0,"parent":52698,"menu_order":3,"comment_status":"closed","ping_status":"closed","template":"","meta":{"_seopress_robots_primary_cat":"","_seopress_titles_title":"","_seopress_titles_desc":"","_seopress_robots_index":"","footnotes":"","_vp_format_video_url":"","_vp_image_focal_point":[]},"_links":{"self":[{"href":"https:\/\/www.honecable.com\/pt-br\/wp-json\/wp\/v2\/pages\/52706"}],"collection":[{"href":"https:\/\/www.honecable.com\/pt-br\/wp-json\/wp\/v2\/pages"}],"about":[{"href":"https:\/\/www.honecable.com\/pt-br\/wp-json\/wp\/v2\/types\/page"}],"author":[{"embeddable":true,"href":"https:\/\/www.honecable.com\/pt-br\/wp-json\/wp\/v2\/users\/1"}],"replies":[{"embeddable":true,"href":"https:\/\/www.honecable.com\/pt-br\/wp-json\/wp\/v2\/comments?post=52706"}],"version-history":[{"count":0,"href":"https:\/\/www.honecable.com\/pt-br\/wp-json\/wp\/v2\/pages\/52706\/revisions"}],"up":[{"embeddable":true,"href":"https:\/\/www.honecable.com\/pt-br\/wp-json\/wp\/v2\/pages\/52698"}],"wp:attachment":[{"href":"https:\/\/www.honecable.com\/pt-br\/wp-json\/wp\/v2\/media?parent=52706"}],"curies":[{"name":"wp","href":"https:\/\/api.w.org\/{rel}","templated":true}]}}