{"id":52800,"date":"2022-03-07T11:37:03","date_gmt":"2022-03-07T03:37:03","guid":{"rendered":"https:\/\/www.honecable.com\/mapa-do-site\/"},"modified":"2022-03-07T11:37:05","modified_gmt":"2022-03-07T03:37:05","slug":"mapa-do-site","status":"publish","type":"page","link":"https:\/\/www.honecable.com\/pt-br\/mapa-do-site\/","title":{"rendered":"Mapa do site"},"content":{"rendered":"<p><div class=\"fusion-fullwidth fullwidth-box fusion-builder-row-1 fusion-flex-container nonhundred-percent-fullwidth non-hundred-percent-height-scrolling\" style=\"--link_hover_color: #1e73be;--link_color: #2b54a9;--awb-border-radius-top-left:0px;--awb-border-radius-top-right:0px;--awb-border-radius-bottom-right:0px;--awb-border-radius-bottom-left:0px;--awb-padding-right:140px;--awb-padding-left:40px;--awb-padding-left-medium:0px;--awb-padding-right-small:0px;--awb-padding-left-small:0px;--awb-flex-wrap:wrap;\" ><div class=\"fusion-builder-row fusion-row fusion-flex-align-items-flex-start fusion-flex-content-wrap\" style=\"max-width:1300px;margin-left: calc(-4% \/ 2 );margin-right: calc(-4% \/ 2 );\"><div class=\"fusion-layout-column fusion_builder_column fusion-builder-column-0 fusion_builder_column_1_1 1_1 fusion-flex-column\" style=\"--awb-bg-size:cover;--awb-width-large:100%;--awb-margin-top-large:0px;--awb-spacing-right-large:1.92%;--awb-margin-bottom-large:20px;--awb-spacing-left-large:1.92%;--awb-width-medium:100%;--awb-order-medium:0;--awb-spacing-right-medium:1.92%;--awb-spacing-left-medium:1.92%;--awb-width-small:100%;--awb-order-small:0;--awb-spacing-right-small:1.92%;--awb-spacing-left-small:0%;\"><div class=\"fusion-column-wrapper fusion-column-has-shadow fusion-flex-justify-content-flex-start fusion-content-layout-column\"><div class=\"fusion-text fusion-text-1\"><h4 data-fontsize=\"28\" data-lineheight=\"38.08px\" class=\"fusion-responsive-typography-calculated\" style=\"line-height: 1.36\"><strong><a href=\"http:\/\/honecable.com\/products\/\" style=\"font-size: 34px\" data-fusion-font=\"true\" target=\"_blank\" rel=\"noopener\">Produtos<\/a><\/strong><\/h4>\n<\/div><\/div><\/div><div class=\"fusion-layout-column fusion_builder_column fusion-builder-column-1 fusion_builder_column_1_3 1_3 fusion-flex-column\" style=\"--awb-bg-size:cover;--awb-width-large:33.333333333333%;--awb-margin-top-large:0px;--awb-spacing-right-large:5.76%;--awb-margin-bottom-large:20px;--awb-spacing-left-large:5.76%;--awb-width-medium:100%;--awb-order-medium:0;--awb-spacing-right-medium:1.92%;--awb-spacing-left-medium:1.92%;--awb-width-small:100%;--awb-order-small:0;--awb-spacing-right-small:1.92%;--awb-spacing-left-small:0%;\"><div class=\"fusion-column-wrapper fusion-column-has-shadow fusion-flex-justify-content-flex-start fusion-content-layout-column\"><div class=\"fusion-text fusion-text-2\" style=\"--awb-font-size:18px;--awb-line-height:0.8;\"><p><a href=\"http:\/\/honecable.com\/products\/outdoor-fiber-optic-cable\/\" target=\"_blank\" rel=\"noopener\"><strong data-fusion-font=\"true\" style=\"font-size: 18px;line-height: 20px\">Cabo de Fibra \u00d3ptica Exterior<\/strong><\/a><\/p>\n<\/div><div class=\"fusion-text fusion-text-3\" style=\"--awb-font-size:18px;--awb-line-height:0.8;\"><p><a href=\"http:\/\/honecable.com\/products\/outdoor-fiber-optic-cable\/armored-fiber-optic-cable\/\" target=\"_blank\" rel=\"noopener\"><span style=\"font-size: 17px;color: #2b54a9;font-family: var(--body_typography-font-family);font-weight: var(--body_typography-font-weight);letter-spacing: var(--body_typography-letter-spacing)\" data-fusion-font=\"true\">Cabo blindado de fibra \u00f3tica<\/span><\/a><\/p>\n<p><a href=\"http:\/\/honecable.com\/products\/outdoor-fiber-optic-cable\/direct-burial-fiber-optic-cable\/\" target=\"_blank\" rel=\"noopener\"><span style=\"color: #000000\"><span style=\"font-size: 17px;color: #2b54a9\" data-fusion-font=\"true\">Cabo Direto de Fibra \u00d3ptica de Enterro<\/span><\/span><\/a><\/p>\n<p><a href=\"http:\/\/honecable.com\/products\/outdoor-fiber-optic-cable\/aerial-fiber-optic-cable\/\" target=\"_blank\" rel=\"noopener\"><span style=\"color: #000000\"><span style=\"font-size: 17px;color: #2b54a9\" data-fusion-font=\"true\">Cabo de Fibra \u00d3ptica A\u00e9rea<\/span><\/span><\/a><\/p>\n<p><a href=\"http:\/\/honecable.com\/products\/outdoor-fiber-optic-cable\/figure-8-fiber-optic-cable\/\" target=\"_blank\" rel=\"noopener\"><span style=\"color: #000000\"><span style=\"font-size: 17px;color: #2b54a9\" data-fusion-font=\"true\">Figura 8 Cabo de Fibra \u00d3ptica<\/span><\/span><\/a><\/p>\n<p><a href=\"http:\/\/honecable.com\/products\/outdoor-fiber-optic-cable\/duct-fiber-optic-cable\/\" target=\"_blank\" rel=\"noopener\"><span style=\"color: #000000\"><span style=\"font-size: 17px;color: #2b54a9\" data-fusion-font=\"true\">Cabo de Fibra \u00d3ptica para Dutos<\/span><\/span><\/a><\/p>\n<\/div><\/div><\/div><div class=\"fusion-layout-column fusion_builder_column fusion-builder-column-2 fusion_builder_column_1_3 1_3 fusion-flex-column\" style=\"--awb-bg-size:cover;--awb-width-large:33.333333333333%;--awb-margin-top-large:0px;--awb-spacing-right-large:5.76%;--awb-margin-bottom-large:20px;--awb-spacing-left-large:5.76%;--awb-width-medium:100%;--awb-order-medium:0;--awb-spacing-right-medium:1.92%;--awb-spacing-left-medium:1.92%;--awb-width-small:100%;--awb-order-small:0;--awb-spacing-right-small:1.92%;--awb-spacing-left-small:0%;\"><div class=\"fusion-column-wrapper fusion-column-has-shadow fusion-flex-justify-content-flex-start fusion-content-layout-column\"><div class=\"fusion-text fusion-text-4\" style=\"--awb-line-height:0.8;\"><p><a href=\"http:\/\/honecable.com\/products\/indoor-fiber-optic-cable\/\" target=\"_blank\" rel=\"noopener\"><strong data-fusion-font=\"true\" style=\"font-size: 18px;line-height: 20px\">Cabo de Fibra \u00d3ptica Interior<\/strong><\/a><\/p>\n<p><a href=\"http:\/\/honecable.com\/products\/indoor-fiber-optic-cable\/ftth-cable\/\" style=\"font-size: 17px\" data-fusion-font=\"true\" target=\"_blank\" rel=\"noopener\">Cabo FTTH<\/a><\/p>\n<p><a href=\"http:\/\/honecable.com\/products\/indoor-fiber-optic-cable\/ftth-drop-cable\/\" style=\"font-size: 17px\" data-fusion-font=\"true\" target=\"_blank\" rel=\"noopener\">Cabo FTTH Drop<\/a><\/p>\n<p><a href=\"http:\/\/honecable.com\/products\/indoor-fiber-optic-cable\/ribbon-fiber-cable\/\" style=\"font-size: 17px\" data-fusion-font=\"true\" target=\"_blank\" rel=\"noopener\">Cabo de fibra de fita<\/a><\/p>\n<p><a href=\"http:\/\/honecable.com\/products\/indoor-fiber-optic-cable\/duplex-fiber-optic-cable\/\" style=\"font-size: 17px\" data-fusion-font=\"true\" target=\"_blank\" rel=\"noopener\">Cabo Duplex de Fibra \u00d3ptica<\/a><\/p>\n<p><a href=\"http:\/\/honecable.com\/products\/indoor-fiber-optic-cable\/breakout-fiber-cable\/\" style=\"font-size: 17px\" data-fusion-font=\"true\" target=\"_blank\" rel=\"noopener\">Cabo de fibra de vidro<\/a><\/p>\n<p><a href=\"http:\/\/honecable.com\/products\/indoor-fiber-optic-cable\/simplex-fiber-optic-cable\/\" style=\"font-size: 17px\" data-fusion-font=\"true\" target=\"_blank\" rel=\"noopener\">Cabo de Fibra \u00d3ptica Simplex<\/a><\/p>\n<p><a href=\"http:\/\/honecable.com\/products\/indoor-fiber-optic-cable\/flat-fiber-optic-cable\/\" style=\"font-size: 17px\" data-fusion-font=\"true\" target=\"_blank\" rel=\"noopener\">Cabo Plano de Fibra \u00d3ptica<\/a><\/p>\n<\/div><\/div><\/div><div class=\"fusion-layout-column fusion_builder_column fusion-builder-column-3 fusion_builder_column_1_3 1_3 fusion-flex-column\" style=\"--awb-bg-size:cover;--awb-width-large:33.333333333333%;--awb-margin-top-large:0px;--awb-spacing-right-large:5.76%;--awb-margin-bottom-large:20px;--awb-spacing-left-large:5.76%;--awb-width-medium:100%;--awb-order-medium:0;--awb-spacing-right-medium:1.92%;--awb-spacing-left-medium:1.92%;--awb-width-small:100%;--awb-order-small:0;--awb-spacing-right-small:1.92%;--awb-spacing-left-small:0%;\"><div class=\"fusion-column-wrapper fusion-column-has-shadow fusion-flex-justify-content-flex-start fusion-content-layout-column\"><div class=\"fusion-text fusion-text-5\" style=\"--awb-line-height:0.8;\"><p><a href=\"http:\/\/honecable.com\/products\/special-fiber-optic-cable\/\" target=\"_blank\" rel=\"noopener\"><strong data-fusion-font=\"true\" style=\"font-size: 18px;line-height: 20px\">Cabo Especial de Fibra \u00d3ptica<\/strong><\/a><\/p>\n<p><a href=\"http:\/\/honecable.com\/products\/special-fiber-optic-cable\/undersea-fiber-optic-cable\/\" style=\"font-size: 17px\" data-fusion-font=\"true\" target=\"_blank\" rel=\"noopener\">Cabo Submarino de Fibra \u00d3ptica<\/a><\/p>\n<p><a href=\"http:\/\/honecable.com\/products\/special-fiber-optic-cable\/submarine-fiber-optic-cable\/\" style=\"font-size: 17px\" data-fusion-font=\"true\" target=\"_blank\" rel=\"noopener\">Cabo de Fibra \u00d3ptica Submarina<\/a><\/p>\n<p><a href=\"http:\/\/honecable.com\/products\/special-fiber-optic-cable\/air-blown-fiber\/\" style=\"font-size: 17px\" data-fusion-font=\"true\" target=\"_blank\" rel=\"noopener\">Fibra soprada a ar<\/a><\/p>\n<p><a href=\"http:\/\/honecable.com\/products\/special-fiber-optic-cable\/underwater-fiber-optic-cable\/\" style=\"font-size: 17px\" data-fusion-font=\"true\" target=\"_blank\" rel=\"noopener\">Cabo Subaqu\u00e1tico de Fibra \u00d3ptica<\/a><\/p>\n<p><a href=\"http:\/\/honecable.com\/products\/special-fiber-optic-cable\/hybrid-cable\/\" style=\"font-size: 17px\" data-fusion-font=\"true\" target=\"_blank\" rel=\"noopener\">Cabo H\u00edbrido<\/a><\/p>\n<p><a href=\"http:\/\/honecable.com\/products\/special-fiber-optic-cable\/buried-fiber-optic-cable\/\" style=\"font-size: 17px\" data-fusion-font=\"true\" target=\"_blank\" rel=\"noopener\">Cabo de Fibra \u00d3ptica enterrado<\/a><\/p>\n<p><a href=\"http:\/\/honecable.com\/products\/special-fiber-optic-cable\/tactical-fiber-optic-cable\/\" style=\"font-size: 17px\" data-fusion-font=\"true\" target=\"_blank\" rel=\"noopener\">Cabo T\u00e1tico de Fibra \u00d3ptica<\/a><\/p>\n<p><a href=\"http:\/\/honecable.com\/products\/special-fiber-optic-cable\/mining-fiber-cable\/\" style=\"font-size: 17px\" data-fusion-font=\"true\" target=\"_blank\" rel=\"noopener\">Cabo de Fibra \u00d3ptica para Minera\u00e7\u00e3o<\/a><\/p>\n<p><a href=\"http:\/\/honecable.com\/products\/special-fiber-optic-cable\/protective-cable\/\" style=\"font-size: 17px\" data-fusion-font=\"true\" target=\"_blank\" rel=\"noopener\">Cabo protetor<\/a><\/p>\n<\/div><\/div><\/div><div class=\"fusion-layout-column fusion_builder_column fusion-builder-column-4 fusion_builder_column_1_3 1_3 fusion-flex-column\" style=\"--awb-bg-size:cover;--awb-width-large:33.333333333333%;--awb-margin-top-large:0px;--awb-spacing-right-large:5.76%;--awb-margin-bottom-large:20px;--awb-spacing-left-large:5.76%;--awb-width-medium:100%;--awb-order-medium:0;--awb-spacing-right-medium:1.92%;--awb-spacing-left-medium:1.92%;--awb-width-small:100%;--awb-order-small:0;--awb-spacing-right-small:1.92%;--awb-spacing-left-small:0%;\"><div class=\"fusion-column-wrapper fusion-column-has-shadow fusion-flex-justify-content-flex-start fusion-content-layout-column\"><div class=\"fusion-text fusion-text-6\" style=\"--awb-line-height:0.8;\"><p><a href=\"http:\/\/honecable.com\/products\/power-line-fiber-optic-cable\/\" target=\"_blank\" rel=\"noopener\"><strong data-fusion-font=\"true\" style=\"font-size: 18px;line-height: 20px\">Cabo de Fibra \u00d3ptica de Linha de For\u00e7a<\/strong><\/a><\/p>\n<p><a href=\"http:\/\/honecable.com\/products\/power-line-fiber-optic-cable\/opgw-cable\/\" style=\"font-size: 17px\" data-fusion-font=\"true\" target=\"_blank\" rel=\"noopener\">Cabo OPGW<\/a><\/p>\n<p><a href=\"http:\/\/honecable.com\/products\/power-line-fiber-optic-cable\/adss-cable\/\" style=\"font-size: 17px\" data-fusion-font=\"true\" target=\"_blank\" rel=\"noopener\">Cabo ADSS<\/a><\/p>\n<p><a href=\"http:\/\/honecable.com\/products\/power-line-fiber-optic-cable\/cable-fittings\/\" style=\"font-size: 17px\" data-fusion-font=\"true\" target=\"_blank\" rel=\"noopener\">Conex\u00f5es de cabos<\/a><\/p>\n<\/div><\/div><\/div><div class=\"fusion-layout-column fusion_builder_column fusion-builder-column-5 fusion_builder_column_1_3 1_3 fusion-flex-column\" style=\"--awb-bg-size:cover;--awb-width-large:33.333333333333%;--awb-margin-top-large:0px;--awb-spacing-right-large:5.76%;--awb-margin-bottom-large:20px;--awb-spacing-left-large:5.76%;--awb-width-medium:100%;--awb-order-medium:0;--awb-spacing-right-medium:1.92%;--awb-spacing-left-medium:1.92%;--awb-width-small:100%;--awb-order-small:0;--awb-spacing-right-small:1.92%;--awb-spacing-left-small:0%;\"><div class=\"fusion-column-wrapper fusion-column-has-shadow fusion-flex-justify-content-flex-start fusion-content-layout-column\"><div class=\"fusion-text fusion-text-7\" style=\"--awb-line-height:0.8;\"><p><a href=\"http:\/\/honecable.com\/products\/fttx-solutions\/\" target=\"_blank\" rel=\"noopener\"><strong style=\"font-size: 18px;line-height: 20px;color: #000000\" data-fusion-font=\"true\">Solu\u00e7\u00f5es FTTx<\/strong><\/a><\/p>\n<p><a href=\"http:\/\/honecable.com\/products\/fttx-solutions\/odf\/\" target=\"_blank\" rel=\"noopener\"><span style=\"color: #000000\"><span style=\"font-size: 17px;color: #2b54a9\" data-fusion-font=\"true\">ODF<\/span><\/span><\/a><\/p>\n<p><a href=\"http:\/\/honecable.com\/products\/fttx-solutions\/optical-splitter\/\" target=\"_blank\" rel=\"noopener\"><span style=\"color: #000000\"><span style=\"font-size: 17px;color: #2b54a9\" data-fusion-font=\"true\">Divisor \u00d3ptico<\/span><\/span><\/a><\/p>\n<p><a href=\"http:\/\/honecable.com\/products\/fttx-solutions\/fiber-patch-cord\/\" target=\"_blank\" rel=\"noopener\"><span style=\"color: #000000\"><span style=\"font-size: 17px;color: #2b54a9\" data-fusion-font=\"true\">Fio de Fibra<\/span><\/span><\/a><\/p>\n<p><a href=\"http:\/\/honecable.com\/products\/fttx-solutions\/fiber-optic-patch-panel\/\" target=\"_blank\" rel=\"noopener\"><span style=\"color: #000000\"><span style=\"font-size: 17px;color: #2b54a9\" data-fusion-font=\"true\">Painel de Remendo de Fibra \u00d3ptica<\/span><\/span><\/a><\/p>\n<p><a href=\"http:\/\/honecable.com\/products\/fttx-solutions\/fibre-termination-box\/\" target=\"_blank\" rel=\"noopener\"><span style=\"color: #000000\"><span style=\"font-size: 17px;color: #2b54a9\" data-fusion-font=\"true\">Caixa de termina\u00e7\u00e3o de fibra<\/span><\/span><\/a><\/p>\n<p><a href=\"http:\/\/honecable.com\/products\/fttx-solutions\/fiber-cabinet\/\" target=\"_blank\" rel=\"noopener\"><span style=\"color: #000000\"><span style=\"font-size: 17px;color: #2b54a9\" data-fusion-font=\"true\">Gabinete de fibra<\/span><\/span><\/a><\/p>\n<p><a href=\"http:\/\/honecable.com\/products\/fttx-solutions\/fiber-drop-cable\/\" target=\"_blank\" rel=\"noopener\"><span style=\"color: #000000\"><span style=\"font-size: 17px;color: #2b54a9\" data-fusion-font=\"true\">Cabo de queda de fibra<\/span><\/span><\/a><\/p>\n<p><a href=\"http:\/\/honecable.com\/products\/fttx-solutions\/splice-closure\/\" target=\"_blank\" rel=\"noopener\"><span style=\"color: #000000\"><span style=\"font-size: 17px;color: #2b54a9\" data-fusion-font=\"true\">Fechamento de emendas<\/span><\/span><\/a><\/p>\n<p><a href=\"http:\/\/honecable.com\/products\/fttx-solutions\/equipment-and-tools\/\" target=\"_blank\" rel=\"noopener\"><span style=\"color: #000000\"><span style=\"font-size: 17px;color: #2b54a9\" data-fusion-font=\"true\">Equipamentos e ferramentas<\/span><\/span><\/a><\/p>\n<\/div><\/div><\/div><\/div><\/div><div class=\"fusion-fullwidth fullwidth-box fusion-builder-row-2 fusion-flex-container nonhundred-percent-fullwidth non-hundred-percent-height-scrolling\" style=\"--awb-border-radius-top-left:0px;--awb-border-radius-top-right:0px;--awb-border-radius-bottom-right:0px;--awb-border-radius-bottom-left:0px;--awb-padding-top:20px;--awb-padding-right:40px;--awb-padding-bottom:40px;--awb-padding-left:40px;--awb-padding-left-medium:0px;--awb-flex-wrap:wrap;\" ><div class=\"fusion-builder-row fusion-row fusion-flex-align-items-flex-start fusion-flex-content-wrap\" style=\"max-width:1300px;margin-left: calc(-4% \/ 2 );margin-right: calc(-4% \/ 2 );\"><div class=\"fusion-layout-column fusion_builder_column fusion-builder-column-6 fusion_builder_column_1_1 1_1 fusion-flex-column\" style=\"--awb-padding-left-small:0px;--awb-bg-size:cover;--awb-width-large:100%;--awb-margin-top-large:0px;--awb-spacing-right-large:1.92%;--awb-margin-bottom-large:20px;--awb-spacing-left-large:1.92%;--awb-width-medium:100%;--awb-order-medium:0;--awb-spacing-right-medium:1.92%;--awb-spacing-left-medium:1.92%;--awb-width-small:100%;--awb-order-small:0;--awb-spacing-right-small:1.92%;--awb-spacing-left-small:0;\"><div class=\"fusion-column-wrapper fusion-column-has-shadow fusion-flex-justify-content-flex-start fusion-content-layout-column\"><div class=\"fusion-separator fusion-full-width-sep\" style=\"align-self: center;margin-left: auto;margin-right: auto;width:100%;\"><div class=\"fusion-separator-border sep-single sep-solid\" style=\"--awb-height:20px;--awb-amount:20px;border-color:#e2e2e2;border-top-width:1px;\"><\/div><\/div><\/div><\/div><\/div><\/div><div class=\"fusion-fullwidth fullwidth-box fusion-builder-row-3 fusion-flex-container nonhundred-percent-fullwidth non-hundred-percent-height-scrolling\" style=\"--link_hover_color: #1e73be;--awb-border-radius-top-left:0px;--awb-border-radius-top-right:0px;--awb-border-radius-bottom-right:0px;--awb-border-radius-bottom-left:0px;--awb-padding-right:140px;--awb-padding-left:40px;--awb-padding-left-medium:0px;--awb-padding-right-small:0px;--awb-padding-left-small:0px;--awb-flex-wrap:wrap;\" ><div class=\"fusion-builder-row fusion-row fusion-flex-align-items-flex-start fusion-flex-content-wrap\" style=\"max-width:1300px;margin-left: calc(-4% \/ 2 );margin-right: calc(-4% \/ 2 );\"><div class=\"fusion-layout-column fusion_builder_column fusion-builder-column-7 fusion_builder_column_1_3 1_3 fusion-flex-column\" style=\"--awb-bg-size:cover;--awb-width-large:33.333333333333%;--awb-margin-top-large:0px;--awb-spacing-right-large:5.76%;--awb-margin-bottom-large:20px;--awb-spacing-left-large:5.76%;--awb-width-medium:100%;--awb-order-medium:0;--awb-spacing-right-medium:1.92%;--awb-spacing-left-medium:1.92%;--awb-width-small:100%;--awb-order-small:0;--awb-spacing-right-small:1.92%;--awb-spacing-left-small:0%;\"><div class=\"fusion-column-wrapper fusion-column-has-shadow fusion-flex-justify-content-flex-start fusion-content-layout-column\"><div class=\"fusion-text fusion-text-8\" style=\"--awb-line-height:0.8;\"><p><a href=\"http:\/\/honecable.com\/solutions\/\" target=\"_blank\" rel=\"noopener\"><span style=\"color: #000000\"><b><span style=\"line-height: 20px\" data-fusion-font=\"true\">Solu\u00e7\u00f5es<\/span><\/b><\/span><\/a><\/p>\n<p style=\"font-size: 17px;color: #2b54a9\" data-fusion-font=\"true\"><a style=\"color: #2b54a9\" href=\"http:\/\/honecable.com\/solutions\/ftth-turnkey\/\" target=\"_blank\" rel=\"noopener\">FTTH Chave na M\u00e3o<\/a><\/p>\n<p style=\"font-size: 17px;color: #2b54a9\" data-fusion-font=\"true\"><a style=\"color: #2b54a9\" href=\"http:\/\/honecable.com\/solutions\/data-center\/\" target=\"_blank\" rel=\"noopener\">Centro de dados<\/a><\/p>\n<p style=\"font-size: 17px;color: #2b54a9\" data-fusion-font=\"true\"><a style=\"color: #2b54a9\" href=\"http:\/\/honecable.com\/solutions\/cbd-building\/\" target=\"_blank\" rel=\"noopener\">Edif\u00edcio CBD<\/a><\/p>\n<p style=\"font-size: 17px;color: #2b54a9\" data-fusion-font=\"true\"><a style=\"color: #2b54a9\" href=\"http:\/\/honecable.com\/solutions\/townhouse\/\" target=\"_blank\" rel=\"noopener\">Casa na cidade<\/a><\/p>\n<p style=\"font-size: 17px;color: #2b54a9\" data-fusion-font=\"true\"><a style=\"color: #2b54a9\" href=\"http:\/\/honecable.com\/solutions\/power-line\/\" target=\"_blank\" rel=\"noopener\">Linha de energia<\/a><\/p>\n<\/div><\/div><\/div><div class=\"fusion-layout-column fusion_builder_column fusion-builder-column-8 fusion_builder_column_1_3 1_3 fusion-flex-column\" style=\"--awb-bg-size:cover;--awb-width-large:33.333333333333%;--awb-margin-top-large:0px;--awb-spacing-right-large:5.76%;--awb-margin-bottom-large:20px;--awb-spacing-left-large:5.76%;--awb-width-medium:100%;--awb-order-medium:0;--awb-spacing-right-medium:1.92%;--awb-spacing-left-medium:1.92%;--awb-width-small:100%;--awb-order-small:0;--awb-spacing-right-small:1.92%;--awb-spacing-left-small:0%;\"><div class=\"fusion-column-wrapper fusion-column-has-shadow fusion-flex-justify-content-flex-start fusion-content-layout-column\"><div class=\"fusion-text fusion-text-9\" style=\"--awb-line-height:0.8;\"><p><a href=\"http:\/\/honecable.com\/about-hone\/\" target=\"_blank\" rel=\"noopener\"><span style=\"color: #000000\"><b>Sobre<\/b><\/span><\/a><\/p>\n<p style=\"font-size: 17px;color: #2b54a9\" data-fusion-font=\"true\"><a style=\"color: #2b54a9\" href=\"http:\/\/honecable.com\/about-hone\/\" target=\"_blank\" rel=\"noopener\">Sobre a HOC<\/a><\/p>\n<p style=\"font-size: 17px;color: #2b54a9\" data-fusion-font=\"true\"><a style=\"color: #2b54a9\" href=\"http:\/\/honecable.com\/about-hone\/#tab-872aaece358c4398079\" target=\"_blank\" rel=\"noopener\">Visita \u00e0 f\u00e1brica<\/a><\/p>\n<p style=\"font-size: 17px;color: #2b54a9\" data-fusion-font=\"true\">Downloads<\/p>\n<p style=\"font-size: 17px;color: #2b54a9\" data-fusion-font=\"true\">Contate-nos<\/p>\n<p data-fusion-font=\"true\" style=\"color: #2b54a9\"><a href=\"http:\/\/honecable.com\/\" target=\"_blank\" rel=\"noopener\">In\u00edcio<\/a><\/p>\n<\/div><\/div><\/div><div class=\"fusion-layout-column fusion_builder_column fusion-builder-column-9 fusion_builder_column_1_3 1_3 fusion-flex-column\" style=\"--awb-bg-size:cover;--awb-width-large:33.333333333333%;--awb-margin-top-large:0px;--awb-spacing-right-large:5.76%;--awb-margin-bottom-large:20px;--awb-spacing-left-large:5.76%;--awb-width-medium:100%;--awb-order-medium:0;--awb-spacing-right-medium:1.92%;--awb-spacing-left-medium:1.92%;--awb-width-small:100%;--awb-order-small:0;--awb-spacing-right-small:1.92%;--awb-spacing-left-small:0%;\"><div class=\"fusion-column-wrapper fusion-column-has-shadow fusion-flex-justify-content-flex-start fusion-content-layout-column\"><div class=\"fusion-text fusion-text-10 fusion-text-no-margin\" style=\"--awb-line-height:0.8;--awb-margin-bottom:40px;\"><p><a href=\"http:\/\/honecable.com\/news\/\" target=\"_blank\" rel=\"noopener\"><span style=\"color: #000000\"><b>Not\u00edcias &amp; M\u00eddia<\/b><\/span><\/a><\/p>\n<p style=\"font-size: 17px;color: #2b54a9\" data-fusion-font=\"true\"><a href=\"http:\/\/honecable.com\/news\/\" style=\"color: #2b54a9\" target=\"_blank\" rel=\"noopener\">Not\u00edcias<\/a><\/p>\n<p style=\"font-size: 17px;color: #2b54a9\" data-fusion-font=\"true\">M\u00eddias Sociais<\/p>\n<\/div><div class=\"fusion-text fusion-text-11\" style=\"--awb-line-height:0.8;\"><p><a href=\"http:\/\/honecable.com\/inquiry\/\" target=\"_blank\" rel=\"noopener\"><span style=\"color: #000000\"><b>Inqu\u00e9rito<\/b><\/span><\/a><\/p>\n<p style=\"font-size: 17px;color: #2b54a9\" data-fusion-font=\"true\"><a style=\"color: #2b54a9\" href=\"http:\/\/honecable.com\/inquiry\/\" target=\"_blank\" rel=\"noopener\">Obter uma cita\u00e7\u00e3o<\/a><\/p>\n<\/div><\/div><\/div><\/div><\/div><\/p>\n","protected":false},"excerpt":{"rendered":"","protected":false},"author":1,"featured_media":0,"parent":0,"menu_order":0,"comment_status":"closed","ping_status":"closed","template":"","meta":{"_seopress_robots_primary_cat":"","_seopress_titles_title":"","_seopress_titles_desc":"","_seopress_robots_index":"","footnotes":"","_vp_format_video_url":"","_vp_image_focal_point":[]},"_links":{"self":[{"href":"https:\/\/www.honecable.com\/pt-br\/wp-json\/wp\/v2\/pages\/52800"}],"collection":[{"href":"https:\/\/www.honecable.com\/pt-br\/wp-json\/wp\/v2\/pages"}],"about":[{"href":"https:\/\/www.honecable.com\/pt-br\/wp-json\/wp\/v2\/types\/page"}],"author":[{"embeddable":true,"href":"https:\/\/www.honecable.com\/pt-br\/wp-json\/wp\/v2\/users\/1"}],"replies":[{"embeddable":true,"href":"https:\/\/www.honecable.com\/pt-br\/wp-json\/wp\/v2\/comments?post=52800"}],"version-history":[{"count":0,"href":"https:\/\/www.honecable.com\/pt-br\/wp-json\/wp\/v2\/pages\/52800\/revisions"}],"wp:attachment":[{"href":"https:\/\/www.honecable.com\/pt-br\/wp-json\/wp\/v2\/media?parent=52800"}],"curies":[{"name":"wp","href":"https:\/\/api.w.org\/{rel}","templated":true}]}}