{"id":12913,"date":"2021-10-11T14:48:31","date_gmt":"2021-10-11T06:48:31","guid":{"rendered":"http:\/\/honecable.com\/produtos\/solucoes-fttx\/caixa-de-terminacao-de-fibra\/"},"modified":"2021-11-18T16:45:42","modified_gmt":"2021-11-18T08:45:42","slug":"caixa-de-terminacao-de-fibras","status":"publish","type":"page","link":"https:\/\/www.honecable.com\/pt-pt\/fttx-solucoes\/caixa-de-terminacao-de-fibras\/","title":{"rendered":"Caixa de Termina\u00e7\u00e3o de Fibras"},"content":{"rendered":"<p><div class=\"fusion-fullwidth fullwidth-box fusion-builder-row-1 fusion-flex-container nonhundred-percent-fullwidth non-hundred-percent-height-scrolling\" style=\"--awb-border-radius-top-left:0px;--awb-border-radius-top-right:0px;--awb-border-radius-bottom-right:0px;--awb-border-radius-bottom-left:0px;--awb-flex-wrap:wrap;\" ><div class=\"fusion-builder-row fusion-row fusion-flex-align-items-flex-start fusion-flex-content-wrap\" style=\"max-width:1300px;margin-left: calc(-4% \/ 2 );margin-right: calc(-4% \/ 2 );\"><div class=\"fusion-layout-column fusion_builder_column fusion-builder-column-0 fusion_builder_column_1_1 1_1 fusion-flex-column\" style=\"--awb-bg-size:cover;--awb-width-large:100%;--awb-margin-top-large:0px;--awb-spacing-right-large:1.92%;--awb-margin-bottom-large:20px;--awb-spacing-left-large:1.92%;--awb-width-medium:100%;--awb-order-medium:0;--awb-spacing-right-medium:1.92%;--awb-spacing-left-medium:1.92%;--awb-width-small:100%;--awb-order-small:0;--awb-spacing-right-small:1.92%;--awb-spacing-left-small:1.92%;\"><div class=\"fusion-column-wrapper fusion-column-has-shadow fusion-flex-justify-content-flex-start fusion-content-layout-column\"><div class=\"fusion-text fusion-text-1\">\t\t\t<!-- Flexy Breadcrumb -->\r\n\t\t\t<div class=\"fbc fbc-page\">\r\n\r\n\t\t\t\t<!-- Breadcrumb wrapper -->\r\n\t\t\t\t<div class=\"fbc-wrap\">\r\n\r\n\t\t\t\t\t<!-- Ordered list-->\r\n\t\t\t\t\t<ol class=\"fbc-items\" itemscope itemtype=\"https:\/\/schema.org\/BreadcrumbList\">\r\n\t\t\t\t\t\t            <li itemprop=\"itemListElement\" itemscope itemtype=\"https:\/\/schema.org\/ListItem\">\r\n                <span itemprop=\"name\">\r\n                    <!-- Home Link -->\r\n                    <a itemprop=\"item\" href=\"https:\/\/www.honecable.com\">\r\n                    \r\n                                                    <i class=\"fa fa-home\" aria-hidden=\"true\"><\/i>Home                    <\/a>\r\n                <\/span>\r\n                <meta itemprop=\"position\" content=\"1\" \/><!-- Meta Position-->\r\n             <\/li><li><span class=\"fbc-separator\">\/<\/span><\/li><li class=\"active\" itemprop=\"itemListElement\" itemscope itemtype=\"https:\/\/schema.org\/ListItem\"><span itemprop=\"name\" title=\"Centro de Conhecimento\">Centro de Conhecimento<\/span><meta itemprop=\"position\" content=\"2\" \/><\/li>\t\t\t\t\t<\/ol>\r\n\t\t\t\t\t<div class=\"clearfix\"><\/div>\r\n\t\t\t\t<\/div>\r\n\t\t\t<\/div>\r\n\t\t\t\n<\/div><\/div><\/div><\/div><\/div><div class=\"fusion-fullwidth fullwidth-box fusion-builder-row-2 fusion-flex-container nonhundred-percent-fullwidth non-hundred-percent-height-scrolling\" style=\"--awb-border-radius-top-left:0px;--awb-border-radius-top-right:0px;--awb-border-radius-bottom-right:0px;--awb-border-radius-bottom-left:0px;--awb-padding-top:22px;--awb-flex-wrap:wrap;\" ><div class=\"fusion-builder-row fusion-row fusion-flex-align-items-flex-start fusion-flex-content-wrap\" style=\"max-width:1300px;margin-left: calc(-4% \/ 2 );margin-right: calc(-4% \/ 2 );\"><div class=\"fusion-layout-column fusion_builder_column fusion-builder-column-1 fusion_builder_column_1_1 1_1 fusion-flex-column\" style=\"--awb-bg-size:cover;--awb-width-large:100%;--awb-margin-top-large:0px;--awb-spacing-right-large:0%;--awb-margin-bottom-large:20px;--awb-spacing-left-large:1.92%;--awb-width-medium:100%;--awb-order-medium:0;--awb-spacing-right-medium:0%;--awb-spacing-left-medium:1.92%;--awb-width-small:100%;--awb-order-small:0;--awb-spacing-right-small:1.92%;--awb-spacing-left-small:1.92%;\"><div class=\"fusion-column-wrapper fusion-column-has-shadow fusion-flex-justify-content-flex-start fusion-content-layout-column\"><style type=\"text\/css\">.fusion-portfolio-wrapper#fusion-portfolio-1 .fusion-portfolio-content{ padding: 20px 5px 15px 15px; text-align: left; }<\/style><div class=\"fusion-recent-works fusion-portfolio-element fusion-portfolio fusion-portfolio-1 fusion-portfolio-grid fusion-portfolio-paging-pagination fusion-portfolio-four fusion-portfolio-boxed fusion-portfolio-text fusion-portfolio-equal-heights portfolio_products\" data-id=\"-rw-1\" data-columns=\"four\"><style type=\"text\/css\">.fusion-portfolio-1 .fusion-portfolio-wrapper .fusion-col-spacing{padding:15px;}<\/style><div class=\"fusion-portfolio-wrapper\" id=\"fusion-portfolio-1\" data-picturesize=\"auto\" data-pages=\"1\" style=\"margin:-15px;\"><article id=\"portfolio-1-post-12549\" class=\"fusion-portfolio-post caixa-de-terminacao-de-fibra solucoes-fttx fusion-col-spacing post-12549\"><div class=\"fusion-portfolio-content-wrapper\" style=\"border:1px solid rgba(242,243,245,0.8);border-bottom-width:3px;background-color:rgba(255,255,255,0);\"><span class=\"vcard rich-snippet-hidden\"><span class=\"fn\"><a href=\"https:\/\/www.honecable.com\/pt-pt\/author\/783015227qq-com\/\" title=\"Artigos de HOC\" rel=\"author\">HOC<\/a><\/span><\/span><span class=\"updated rich-snippet-hidden\">2022-06-29T10:38:17+08:00<\/span><div  class=\"fusion-image-wrapper\" aria-haspopup=\"true\">\n\t\t\t\t\t\t\t<a href=\"https:\/\/www.honecable.com\/pt-pt\/product\/fibra-optica-caixa-outdoor-8-16-portas-fibra-distribuicao-fdb\/\" aria-label=\"Caixa de fibra \u00f3ptica externa 8 16 portas Distribui\u00e7\u00e3o de fibra FDB\">\n\t\t\t\t\t\t\t<img width=\"750\" height=\"750\" src=\"https:\/\/www.honecable.com\/wp-content\/uploads\/2021\/07\/fiber-optic-box-16-port-distribution-box-FDB.jpg\" class=\"attachment-full size-full wp-post-image\" alt=\"Caixa de distribui\u00e7\u00e3o de 16 portas de fibra \u00f3ptica\" decoding=\"async\" srcset=\"https:\/\/www.honecable.com\/wp-content\/uploads\/2021\/07\/fiber-optic-box-16-port-distribution-box-FDB-200x200.jpg 200w, https:\/\/www.honecable.com\/wp-content\/uploads\/2021\/07\/fiber-optic-box-16-port-distribution-box-FDB-400x400.jpg 400w, https:\/\/www.honecable.com\/wp-content\/uploads\/2021\/07\/fiber-optic-box-16-port-distribution-box-FDB-600x600.jpg 600w, https:\/\/www.honecable.com\/wp-content\/uploads\/2021\/07\/fiber-optic-box-16-port-distribution-box-FDB.jpg 750w\" sizes=\"(min-width: 2200px) 100vw, (min-width: 1006px) 290px, (min-width: 884px) 387px, (min-width: 762px) 580px, (min-width: 640px) 762px, \" \/>\t\t\t<\/a>\n\t\t\t\t\t\t\t<\/div>\n<div class=\"fusion-portfolio-content\" style=\"background-color:rgba(255,255,255,0);\"><h2 class=\"entry-title fusion-post-title\"><a href=\"https:\/\/www.honecable.com\/pt-pt\/product\/fibra-optica-caixa-outdoor-8-16-portas-fibra-distribuicao-fdb\/\">Caixa de fibra \u00f3ptica externa 8 16 portas Distribui\u00e7\u00e3o de fibra FDB<\/a><\/h2><div class=\"fusion-post-content\"><\/div><\/div><\/div><\/article><article id=\"portfolio-1-post-13039\" class=\"fusion-portfolio-post caixa-de-terminacao-de-fibra fusion-col-spacing post-13039\"><div class=\"fusion-portfolio-content-wrapper\" style=\"border:1px solid rgba(242,243,245,0.8);border-bottom-width:3px;background-color:rgba(255,255,255,0);\"><span class=\"vcard rich-snippet-hidden\"><span class=\"fn\"><a href=\"https:\/\/www.honecable.com\/pt-pt\/author\/783015227qq-com\/\" title=\"Artigos de HOC\" rel=\"author\">HOC<\/a><\/span><\/span><span class=\"updated rich-snippet-hidden\">2022-06-29T10:44:40+08:00<\/span><div  class=\"fusion-image-wrapper\" aria-haspopup=\"true\">\n\t\t\t\t\t\t\t<a href=\"https:\/\/www.honecable.com\/pt-pt\/product\/fibra-optica-terminacao-caixa-outdoor-parede-montagem-distribuicao-caixa\/\" aria-label=\"Caixa de termina\u00e7\u00e3o \u00f3tica de fibra \u00f3tica caixa de distribui\u00e7\u00e3o de montagem de parede exterior\">\n\t\t\t\t\t\t\t<img width=\"750\" height=\"750\" src=\"https:\/\/www.honecable.com\/wp-content\/uploads\/2021\/05\/fiber-optic-termination-box-outdoor-cable-distribution-box.jpg\" class=\"attachment-full size-full wp-post-image\" alt=\"48 caixa de termina\u00e7\u00e3o em fibra \u00f3ptica de n\u00facleo caixa de distribui\u00e7\u00e3o exterior\" decoding=\"async\" srcset=\"https:\/\/www.honecable.com\/wp-content\/uploads\/2021\/05\/fiber-optic-termination-box-outdoor-cable-distribution-box-200x200.jpg 200w, https:\/\/www.honecable.com\/wp-content\/uploads\/2021\/05\/fiber-optic-termination-box-outdoor-cable-distribution-box-400x400.jpg 400w, https:\/\/www.honecable.com\/wp-content\/uploads\/2021\/05\/fiber-optic-termination-box-outdoor-cable-distribution-box-600x600.jpg 600w, https:\/\/www.honecable.com\/wp-content\/uploads\/2021\/05\/fiber-optic-termination-box-outdoor-cable-distribution-box.jpg 750w\" sizes=\"(min-width: 2200px) 100vw, (min-width: 1006px) 290px, (min-width: 884px) 387px, (min-width: 762px) 580px, (min-width: 640px) 762px, \" \/>\t\t\t<\/a>\n\t\t\t\t\t\t\t<\/div>\n<div class=\"fusion-portfolio-content\" style=\"background-color:rgba(255,255,255,0);\"><h2 class=\"entry-title fusion-post-title\"><a href=\"https:\/\/www.honecable.com\/pt-pt\/product\/fibra-optica-terminacao-caixa-outdoor-parede-montagem-distribuicao-caixa\/\">Caixa de termina\u00e7\u00e3o \u00f3tica de fibra \u00f3tica caixa de distribui\u00e7\u00e3o de montagem de parede exterior<\/a><\/h2><div class=\"fusion-post-content\"><\/div><\/div><\/div><\/article><article id=\"portfolio-1-post-13277\" class=\"fusion-portfolio-post caixa-de-terminacao-de-fibra solucoes-fttx fusion-col-spacing post-13277\"><div class=\"fusion-portfolio-content-wrapper\" style=\"border:1px solid rgba(242,243,245,0.8);border-bottom-width:3px;background-color:rgba(255,255,255,0);\"><span class=\"vcard rich-snippet-hidden\"><span class=\"fn\"><a href=\"https:\/\/www.honecable.com\/pt-pt\/author\/783015227qq-com\/\" title=\"Artigos de HOC\" rel=\"author\">HOC<\/a><\/span><\/span><span class=\"updated rich-snippet-hidden\">2022-06-28T17:07:44+08:00<\/span><div  class=\"fusion-image-wrapper\" aria-haspopup=\"true\">\n\t\t\t\t\t\t\t<a href=\"https:\/\/www.honecable.com\/pt-pt\/product\/multimedia-informacao-caixa-casa-parede-mount-ftth-termination\/\" aria-label=\"Caixa de informa\u00e7\u00e3o multim\u00e9dia Montagem de parede da casa FTTH termina\u00e7\u00e3o\">\n\t\t\t\t\t\t\t<img width=\"750\" height=\"750\" src=\"https:\/\/www.honecable.com\/wp-content\/uploads\/2021\/04\/multimedia-box.jpg\" class=\"attachment-full size-full wp-post-image\" alt=\"Caixa de Informa\u00e7\u00e3o Multim\u00e9dia\" decoding=\"async\" srcset=\"https:\/\/www.honecable.com\/wp-content\/uploads\/2021\/04\/multimedia-box-200x200.jpg 200w, https:\/\/www.honecable.com\/wp-content\/uploads\/2021\/04\/multimedia-box-400x400.jpg 400w, https:\/\/www.honecable.com\/wp-content\/uploads\/2021\/04\/multimedia-box-600x600.jpg 600w, https:\/\/www.honecable.com\/wp-content\/uploads\/2021\/04\/multimedia-box.jpg 750w\" sizes=\"(min-width: 2200px) 100vw, (min-width: 1006px) 290px, (min-width: 884px) 387px, (min-width: 762px) 580px, (min-width: 640px) 762px, \" \/>\t\t\t<\/a>\n\t\t\t\t\t\t\t<\/div>\n<div class=\"fusion-portfolio-content\" style=\"background-color:rgba(255,255,255,0);\"><h2 class=\"entry-title fusion-post-title\"><a href=\"https:\/\/www.honecable.com\/pt-pt\/product\/multimedia-informacao-caixa-casa-parede-mount-ftth-termination\/\">Caixa de informa\u00e7\u00e3o multim\u00e9dia Montagem de parede da casa FTTH termina\u00e7\u00e3o<\/a><\/h2><div class=\"fusion-post-content\"><\/div><\/div><\/div><\/article><article id=\"portfolio-1-post-13280\" class=\"fusion-portfolio-post caixa-de-terminacao-de-fibra solucoes-fttx fusion-col-spacing post-13280\"><div class=\"fusion-portfolio-content-wrapper\" style=\"border:1px solid rgba(242,243,245,0.8);border-bottom-width:3px;background-color:rgba(255,255,255,0);\"><span class=\"vcard rich-snippet-hidden\"><span class=\"fn\"><a href=\"https:\/\/www.honecable.com\/pt-pt\/author\/783015227qq-com\/\" title=\"Artigos de HOC\" rel=\"author\">HOC<\/a><\/span><\/span><span class=\"updated rich-snippet-hidden\">2022-06-29T10:45:17+08:00<\/span><div  class=\"fusion-image-wrapper\" aria-haspopup=\"true\">\n\t\t\t\t\t\t\t<a href=\"https:\/\/www.honecable.com\/pt-pt\/product\/fibra-terminal-box-2-cores-sc-parede-outlet-faceplate-socket\/\" aria-label=\"Caixa de terminais de fibra 2 n\u00facleos SC painel de placa de placa de parede faceplate\">\n\t\t\t\t\t\t\t<img width=\"750\" height=\"750\" src=\"https:\/\/www.honecable.com\/wp-content\/uploads\/2021\/04\/socket-panel.jpg\" class=\"attachment-full size-full wp-post-image\" alt=\"mini caixa terminal de fibra de parede painel sc socket\" decoding=\"async\" srcset=\"https:\/\/www.honecable.com\/wp-content\/uploads\/2021\/04\/socket-panel-200x200.jpg 200w, https:\/\/www.honecable.com\/wp-content\/uploads\/2021\/04\/socket-panel-400x400.jpg 400w, https:\/\/www.honecable.com\/wp-content\/uploads\/2021\/04\/socket-panel-600x600.jpg 600w, https:\/\/www.honecable.com\/wp-content\/uploads\/2021\/04\/socket-panel.jpg 750w\" sizes=\"(min-width: 2200px) 100vw, (min-width: 1006px) 290px, (min-width: 884px) 387px, (min-width: 762px) 580px, (min-width: 640px) 762px, \" \/>\t\t\t<\/a>\n\t\t\t\t\t\t\t<\/div>\n<div class=\"fusion-portfolio-content\" style=\"background-color:rgba(255,255,255,0);\"><h2 class=\"entry-title fusion-post-title\"><a href=\"https:\/\/www.honecable.com\/pt-pt\/product\/fibra-terminal-box-2-cores-sc-parede-outlet-faceplate-socket\/\">Caixa de terminais de fibra 2 n\u00facleos SC painel de placa de placa de parede faceplate<\/a><\/h2><div class=\"fusion-post-content\"><\/div><\/div><\/div><\/article><article id=\"portfolio-1-post-13289\" class=\"fusion-portfolio-post caixa-de-terminacao-de-fibra solucoes-fttx fusion-col-spacing post-13289\"><div class=\"fusion-portfolio-content-wrapper\" style=\"border:1px solid rgba(242,243,245,0.8);border-bottom-width:3px;background-color:rgba(255,255,255,0);\"><span class=\"vcard rich-snippet-hidden\"><span class=\"fn\"><a href=\"https:\/\/www.honecable.com\/pt-pt\/author\/783015227qq-com\/\" title=\"Artigos de HOC\" rel=\"author\">HOC<\/a><\/span><\/span><span class=\"updated rich-snippet-hidden\">2022-06-28T17:07:46+08:00<\/span><div  class=\"fusion-image-wrapper\" aria-haspopup=\"true\">\n\t\t\t\t\t\t\t<a href=\"https:\/\/www.honecable.com\/pt-pt\/product\/fibra-rescisao-caixa-4-cores-ftb-customer-box-for-ftth-solutions\/\" aria-label=\"Caixa de Termina\u00e7\u00e3o de Fibra 4 Cores FTB Caixa de Cliente para Solu\u00e7\u00f5es FTTH\">\n\t\t\t\t\t\t\t<img width=\"750\" height=\"750\" src=\"https:\/\/www.honecable.com\/wp-content\/uploads\/2021\/04\/FTB-customer-box.jpg\" class=\"attachment-full size-full wp-post-image\" alt=\"Caixa terminal de 4 n\u00facleos de fibra equipada com adaptador e rabo de porco\" decoding=\"async\" srcset=\"https:\/\/www.honecable.com\/wp-content\/uploads\/2021\/04\/FTB-customer-box-200x200.jpg 200w, https:\/\/www.honecable.com\/wp-content\/uploads\/2021\/04\/FTB-customer-box-400x400.jpg 400w, https:\/\/www.honecable.com\/wp-content\/uploads\/2021\/04\/FTB-customer-box-600x600.jpg 600w, https:\/\/www.honecable.com\/wp-content\/uploads\/2021\/04\/FTB-customer-box.jpg 750w\" sizes=\"(min-width: 2200px) 100vw, (min-width: 1006px) 290px, (min-width: 884px) 387px, (min-width: 762px) 580px, (min-width: 640px) 762px, \" \/>\t\t\t<\/a>\n\t\t\t\t\t\t\t<\/div>\n<div class=\"fusion-portfolio-content\" style=\"background-color:rgba(255,255,255,0);\"><h2 class=\"entry-title fusion-post-title\"><a href=\"https:\/\/www.honecable.com\/pt-pt\/product\/fibra-rescisao-caixa-4-cores-ftb-customer-box-for-ftth-solutions\/\">Caixa de Termina\u00e7\u00e3o de Fibra 4 Cores FTB Caixa de Cliente para Solu\u00e7\u00f5es FTTH<\/a><\/h2><div class=\"fusion-post-content\"><\/div><\/div><\/div><\/article><\/div><\/div><\/div><\/div><\/div><\/div><\/p>\n","protected":false},"excerpt":{"rendered":"","protected":false},"author":1,"featured_media":0,"parent":12898,"menu_order":7,"comment_status":"closed","ping_status":"closed","template":"","meta":{"_seopress_robots_primary_cat":"","_seopress_titles_title":"","_seopress_titles_desc":"","_seopress_robots_index":"","footnotes":"","_vp_format_video_url":"","_vp_image_focal_point":[]},"_links":{"self":[{"href":"https:\/\/www.honecable.com\/pt-pt\/wp-json\/wp\/v2\/pages\/12913"}],"collection":[{"href":"https:\/\/www.honecable.com\/pt-pt\/wp-json\/wp\/v2\/pages"}],"about":[{"href":"https:\/\/www.honecable.com\/pt-pt\/wp-json\/wp\/v2\/types\/page"}],"author":[{"embeddable":true,"href":"https:\/\/www.honecable.com\/pt-pt\/wp-json\/wp\/v2\/users\/1"}],"replies":[{"embeddable":true,"href":"https:\/\/www.honecable.com\/pt-pt\/wp-json\/wp\/v2\/comments?post=12913"}],"version-history":[{"count":0,"href":"https:\/\/www.honecable.com\/pt-pt\/wp-json\/wp\/v2\/pages\/12913\/revisions"}],"up":[{"embeddable":true,"href":"https:\/\/www.honecable.com\/pt-pt\/wp-json\/wp\/v2\/pages\/12898"}],"wp:attachment":[{"href":"https:\/\/www.honecable.com\/pt-pt\/wp-json\/wp\/v2\/media?parent=12913"}],"curies":[{"name":"wp","href":"https:\/\/api.w.org\/{rel}","templated":true}]}}