{"id":12943,"date":"2021-10-11T15:01:22","date_gmt":"2021-10-11T07:01:22","guid":{"rendered":"http:\/\/honecable.com\/solucoes\/chave-da-mao-de-mao-ftth\/"},"modified":"2021-11-05T16:38:23","modified_gmt":"2021-11-05T08:38:23","slug":"chave-da-mao-de-mao-ftth","status":"publish","type":"page","link":"https:\/\/www.honecable.com\/pt-pt\/solucoes\/chave-da-mao-de-mao-ftth\/","title":{"rendered":"Chave de m\u00e3o FTTH"},"content":{"rendered":"<p><div class=\"fusion-fullwidth fullwidth-box fusion-builder-row-1 fusion-flex-container nonhundred-percent-fullwidth non-hundred-percent-height-scrolling\" style=\"--awb-border-radius-top-left:0px;--awb-border-radius-top-right:0px;--awb-border-radius-bottom-right:0px;--awb-border-radius-bottom-left:0px;--awb-flex-wrap:wrap;\" ><div class=\"fusion-builder-row fusion-row fusion-flex-align-items-flex-start fusion-flex-content-wrap\" style=\"max-width:1300px;margin-left: calc(-4% \/ 2 );margin-right: calc(-4% \/ 2 );\"><div class=\"fusion-layout-column fusion_builder_column fusion-builder-column-0 fusion_builder_column_1_1 1_1 fusion-flex-column\" style=\"--awb-bg-size:cover;--awb-width-large:100%;--awb-margin-top-large:0px;--awb-spacing-right-large:1.92%;--awb-margin-bottom-large:20px;--awb-spacing-left-large:1.92%;--awb-width-medium:100%;--awb-order-medium:0;--awb-spacing-right-medium:1.92%;--awb-spacing-left-medium:1.92%;--awb-width-small:100%;--awb-order-small:0;--awb-spacing-right-small:1.92%;--awb-spacing-left-small:1.92%;\"><div class=\"fusion-column-wrapper fusion-column-has-shadow fusion-flex-justify-content-flex-start fusion-content-layout-column\"><div class=\"fusion-text fusion-text-1\">\t\t\t<!-- Flexy Breadcrumb -->\r\n\t\t\t<div class=\"fbc fbc-page\">\r\n\r\n\t\t\t\t<!-- Breadcrumb wrapper -->\r\n\t\t\t\t<div class=\"fbc-wrap\">\r\n\r\n\t\t\t\t\t<!-- Ordered list-->\r\n\t\t\t\t\t<ol class=\"fbc-items\" itemscope itemtype=\"https:\/\/schema.org\/BreadcrumbList\">\r\n\t\t\t\t\t\t            <li itemprop=\"itemListElement\" itemscope itemtype=\"https:\/\/schema.org\/ListItem\">\r\n                <span itemprop=\"name\">\r\n                    <!-- Home Link -->\r\n                    <a itemprop=\"item\" href=\"https:\/\/www.honecable.com\">\r\n                    \r\n                                                    <i class=\"fa fa-home\" aria-hidden=\"true\"><\/i>Home                    <\/a>\r\n                <\/span>\r\n                <meta itemprop=\"position\" content=\"1\" \/><!-- Meta Position-->\r\n             <\/li><li><span class=\"fbc-separator\">\/<\/span><\/li><li class=\"active\" itemprop=\"itemListElement\" itemscope itemtype=\"https:\/\/schema.org\/ListItem\"><span itemprop=\"name\" title=\"Centro de Conhecimento\">Centro de Conhecimento<\/span><meta itemprop=\"position\" content=\"2\" \/><\/li>\t\t\t\t\t<\/ol>\r\n\t\t\t\t\t<div class=\"clearfix\"><\/div>\r\n\t\t\t\t<\/div>\r\n\t\t\t<\/div>\r\n\t\t\t\n<\/div><\/div><\/div><\/div><\/div><div class=\"fusion-fullwidth fullwidth-box fusion-builder-row-2 fusion-flex-container hundred-percent-fullwidth non-hundred-percent-height-scrolling\" style=\"--awb-border-color:#ffffff;--awb-border-radius-top-left:0px;--awb-border-radius-top-right:0px;--awb-border-radius-bottom-right:0px;--awb-border-radius-bottom-left:0px;--awb-flex-wrap:wrap;\" ><div class=\"fusion-builder-row fusion-row fusion-flex-align-items-stretch fusion-flex-align-content-flex-start fusion-flex-content-wrap\" style=\"width:104% !important;max-width:104% !important;margin-left: calc(-4% \/ 2 );margin-right: calc(-4% \/ 2 );\"><div class=\"fusion-layout-column fusion_builder_column fusion-builder-column-1 fusion_builder_column_1_1 1_1 fusion-flex-column fusion-flex-align-self-flex-start\" style=\"--awb-bg-size:cover;--awb-width-large:100%;--awb-margin-top-large:0px;--awb-spacing-right-large:1.92%;--awb-margin-bottom-large:10px;--awb-spacing-left-large:1.92%;--awb-width-medium:100%;--awb-order-medium:0;--awb-spacing-right-medium:1.92%;--awb-spacing-left-medium:1.92%;--awb-width-small:100%;--awb-order-small:0;--awb-spacing-right-small:1.92%;--awb-spacing-left-small:1.92%;\"><div class=\"fusion-column-wrapper fusion-column-has-shadow fusion-flex-justify-content-center fusion-content-layout-column\"><div class=\"fusion-text fusion-text-2\"><h4 style=\"font-size: 28px; text-align: left;\" data-fusion-font=\"true\">Solu\u00e7\u00e3o chave na m\u00e3o ftth<\/h4>\n<\/div><\/div><\/div><div class=\"fusion-layout-column fusion_builder_column fusion-builder-column-2 fusion_builder_column_3_5 3_5 fusion-flex-column\" style=\"--awb-bg-size:cover;--awb-width-large:60%;--awb-margin-top-large:0px;--awb-spacing-right-large:3.2%;--awb-margin-bottom-large:20px;--awb-spacing-left-large:3.2%;--awb-width-medium:60%;--awb-order-medium:0;--awb-spacing-right-medium:3.2%;--awb-spacing-left-medium:3.2%;--awb-width-small:100%;--awb-order-small:0;--awb-spacing-right-small:1.92%;--awb-spacing-left-small:1.92%;\"><div class=\"fusion-column-wrapper fusion-column-has-shadow fusion-flex-justify-content-flex-start fusion-content-layout-column\"><div class=\"fusion-text fusion-text-3\"><p>Fiber To The Home, uma solu\u00e7\u00e3o chave na m\u00e3o FTTH \u00e9 o melhor m\u00e9todo para o servi\u00e7o completo, rede de acesso de alta largura de banda at\u00e9 agora. Refere-se tamb\u00e9m \u00e0 instala\u00e7\u00e3o de um ONU (unidade de rede \u00f3tica) em casa ou em utilizadores corporativos. O FTTH n\u00e3o s\u00f3 fornece uma maior largura de banda, como tamb\u00e9m aumenta a transpar\u00eancia da rede para os formatos de dados, taxa de transmiss\u00e3o, comprimento de onda e protocolos. Relaxa os requisitos para as condi\u00e7\u00f5es ambientais e o fornecimento de energia, e simplifica a manuten\u00e7\u00e3o e instala\u00e7\u00e3o.<\/p>\n<p>A solu\u00e7\u00e3o chave na m\u00e3o hoc FTTH integra toda a rede de <a href=\"http:\/\/honecable.com\/ftth-how-optical-fiber-arrives-your-home\/\" target=\"_blank\" rel=\"noopener\">FTTH<\/a>e <a href=\"http:\/\/honecable.com\/odn-what-is-it-how-it-works\/\" target=\"_blank\" rel=\"noopener\">ODN<\/a> (rede de distribui\u00e7\u00e3o \u00f3tica) em conjunto, ajuda os clientes com uma solu\u00e7\u00e3o mais conveniente e completa de uma s\u00f3 vez.<\/p>\n<\/div><\/div><\/div><div class=\"fusion-layout-column fusion_builder_column fusion-builder-column-3 fusion_builder_column_1_3 1_3 fusion-flex-column\" style=\"--awb-bg-size:cover;--awb-width-large:33.333333333333%;--awb-margin-top-large:0px;--awb-spacing-right-large:5.76%;--awb-margin-bottom-large:20px;--awb-spacing-left-large:5.76%;--awb-width-medium:33.333333333333%;--awb-order-medium:0;--awb-spacing-right-medium:5.76%;--awb-spacing-left-medium:5.76%;--awb-width-small:100%;--awb-order-small:0;--awb-spacing-right-small:1.92%;--awb-spacing-left-small:1.92%;\"><div class=\"fusion-column-wrapper fusion-column-has-shadow fusion-flex-justify-content-flex-start fusion-content-layout-column\"><div class=\"fusion-image-element \" style=\"--awb-caption-title-font-family:var(--h2_typography-font-family);--awb-caption-title-font-weight:var(--h2_typography-font-weight);--awb-caption-title-font-style:var(--h2_typography-font-style);--awb-caption-title-size:var(--h2_typography-font-size);--awb-caption-title-transform:var(--h2_typography-text-transform);--awb-caption-title-line-height:var(--h2_typography-line-height);--awb-caption-title-letter-spacing:var(--h2_typography-letter-spacing);\"><span class=\" fusion-imageframe imageframe-none imageframe-1 hover-type-none\"><img decoding=\"async\" width=\"600\" height=\"400\" alt=\"ftth chave na m\u00e3o\" title=\"HOC-turnkey-ftth-solution\" src=\"http:\/\/honecable.com\/wp-content\/uploads\/2021\/06\/HOC-turnkey-ftth-solution.jpg\" class=\"img-responsive wp-image-5050\" srcset=\"https:\/\/www.honecable.com\/wp-content\/uploads\/2021\/06\/HOC-turnkey-ftth-solution-200x133.jpg 200w, https:\/\/www.honecable.com\/wp-content\/uploads\/2021\/06\/HOC-turnkey-ftth-solution-400x267.jpg 400w, https:\/\/www.honecable.com\/wp-content\/uploads\/2021\/06\/HOC-turnkey-ftth-solution.jpg 600w\" sizes=\"(max-width: 640px) 100vw, 400px\" \/><\/span><\/div><\/div><\/div><\/div><\/div><div class=\"fusion-fullwidth fullwidth-box fusion-builder-row-3 fusion-flex-container nonhundred-percent-fullwidth non-hundred-percent-height-scrolling\" style=\"--awb-border-radius-top-left:0px;--awb-border-radius-top-right:0px;--awb-border-radius-bottom-right:0px;--awb-border-radius-bottom-left:0px;--awb-flex-wrap:wrap;\" ><div class=\"fusion-builder-row fusion-row fusion-flex-align-items-flex-start fusion-flex-content-wrap\" style=\"max-width:1300px;margin-left: calc(-4% \/ 2 );margin-right: calc(-4% \/ 2 );\"><div class=\"fusion-layout-column fusion_builder_column fusion-builder-column-4 fusion_builder_column_1_1 1_1 fusion-flex-column\" style=\"--awb-padding-top:60px;--awb-bg-size:cover;--awb-width-large:100%;--awb-margin-top-large:0px;--awb-spacing-right-large:1.92%;--awb-margin-bottom-large:0px;--awb-spacing-left-large:1.92%;--awb-width-medium:100%;--awb-order-medium:0;--awb-spacing-right-medium:1.92%;--awb-spacing-left-medium:1.92%;--awb-width-small:100%;--awb-order-small:0;--awb-spacing-right-small:1.92%;--awb-spacing-left-small:1.92%;\"><div class=\"fusion-column-wrapper fusion-column-has-shadow fusion-flex-justify-content-flex-start fusion-content-layout-column\"><div class=\"fusion-text fusion-text-4\"><h4 style=\"font-size: 28px; text-align: left;\" data-fusion-font=\"true\">Produtos Relevantes<\/h4>\n<\/div><\/div><\/div><\/div><\/div><div class=\"fusion-fullwidth fullwidth-box fusion-builder-row-4 fusion-flex-container nonhundred-percent-fullwidth non-hundred-percent-height-scrolling\" style=\"--awb-border-radius-top-left:0px;--awb-border-radius-top-right:0px;--awb-border-radius-bottom-right:0px;--awb-border-radius-bottom-left:0px;--awb-flex-wrap:wrap;\" ><div class=\"fusion-builder-row fusion-row fusion-flex-align-items-flex-start fusion-flex-content-wrap\" style=\"max-width:1300px;margin-left: calc(-4% \/ 2 );margin-right: calc(-4% \/ 2 );\"><div class=\"fusion-layout-column fusion_builder_column fusion-builder-column-5 fusion_builder_column_1_1 1_1 fusion-flex-column\" style=\"--awb-bg-size:cover;--awb-width-large:100%;--awb-margin-top-large:0px;--awb-spacing-right-large:1.92%;--awb-margin-bottom-large:20px;--awb-spacing-left-large:1.92%;--awb-width-medium:100%;--awb-order-medium:0;--awb-spacing-right-medium:1.92%;--awb-spacing-left-medium:1.92%;--awb-width-small:100%;--awb-order-small:0;--awb-spacing-right-small:1.92%;--awb-spacing-left-small:1.92%;\"><div class=\"fusion-column-wrapper fusion-column-has-shadow fusion-flex-justify-content-flex-start fusion-content-layout-column\">\n<img src=\"https:\/\/www.honecable.com\/wp-content\/uploads\/2021\/06\/HOC-FTTH-solution-with-fiber-optic-cable-and-distribution-products-1.jpg\" alt=\"\" width=\"1250\" height=\"977\" usemap=\"#Map\">\n<map name=\"Map\">\n  <area shape=\"circle\" coords=\"354,277,23\" href=\"https:\/\/www.honecable.com\/pt-pt\/product\/cabo-blindado-de-fibra-otica-unitube-light-armored-cable\/\" target=\"_self\">\n  <area shape=\"rect\" coords=\"90,531,311,663\" href=\"https:\/\/www.honecable.com\/pt-pt\/product\/cabo-blindado-de-fibra-otica-unitube-light-armored-cable\/\" target=\"_self\">\n  <area shape=\"rect\" coords=\"359,531,569,663\" href=\"https:\/\/www.honecable.com\/pt-pt\/product\/gabinete-de-fibra-exterior-cruz-conectando-gabinete-de-distribuicao\/\" target=\"_self\">\n  <area shape=\"circle\" coords=\"464,245,24\" href=\"https:\/\/www.honecable.com\/pt-pt\/product\/gabinete-de-fibra-exterior-cruz-conectando-gabinete-de-distribuicao\/\" target=\"_self\">\n  <area shape=\"circle\" coords=\"562,212,25\" href=\"https:\/\/www.honecable.com\/pt-pt\/product\/divisor-de-fibra-1x16-sc-single-mode-abs-box-plc-divisor-optico\/\" target=\"_self\">\n  <area shape=\"rect\" coords=\"664,531,877,660\" href=\"https:\/\/www.honecable.com\/pt-pt\/product\/divisor-de-fibra-1x16-sc-single-mode-abs-box-plc-divisor-optico\/\" target=\"_self\">\n  <area shape=\"rect\" coords=\"933,533,1136,662\" href=\"https:\/\/www.honecable.com\/pt-pt\/product\/caixa-de-emenda-de-junta-de-cabo-de-fibra-horizontal-de-fechamento-de-emenda\/\" target=\"_self\">\n  <area shape=\"circle\" coords=\"684,213,22\" href=\"https:\/\/www.honecable.com\/pt-pt\/product\/caixa-de-emenda-de-junta-de-cabo-de-fibra-horizontal-de-fechamento-de-emenda\/\" target=\"_self\">\n  <area shape=\"circle\" coords=\"729,149,24\" href=\"https:\/\/www.honecable.com\/pt-pt\/product\/fecho-da-cupula-vertical-3-em-3-saida-de-fecho-de-fibra-otica\/\" target=\"_self\">\n  <area shape=\"rect\" coords=\"90,676,312,795\" href=\"https:\/\/www.honecable.com\/pt-pt\/product\/fecho-da-cupula-vertical-3-em-3-saida-de-fecho-de-fibra-otica\/\" target=\"_self\">\n  <area shape=\"rect\" coords=\"933,674,1143,800\" href=\"https:\/\/www.honecable.com\/pt-pt\/product\/caixa-de-terminacao-otica-de-fibra-otica-caixa-de-distribuicao-de-montagem-de-parede-exterior\/\" target=\"_self\">\n  <area shape=\"circle\" coords=\"432,83,19\" href=\"https:\/\/www.honecable.com\/pt-pt\/product\/caixa-de-terminacao-otica-de-fibra-otica-caixa-de-distribuicao-de-montagem-de-parede-exterior\/\" target=\"_self\">\n  <area shape=\"circle\" coords=\"781,264,23\" href=\"https:\/\/www.honecable.com\/pt-pt\/product\/caixa-de-fibra-optica-externa-8-16-portas-distribuicao-de-fibra-fdb\/\" target=\"_self\">\n  <area shape=\"rect\" coords=\"90,811,313,942\" href=\"https:\/\/www.honecable.com\/pt-pt\/product\/caixa-de-fibra-optica-externa-8-16-portas-distribuicao-de-fibra-fdb\/\" target=\"_self\">\n  <area shape=\"rect\" coords=\"359,679,569,796\" href=\"https:\/\/www.honecable.com\/pt-pt\/product\/cabo-de-fibra-otica-soprado-encalhado-micro-cabo-para-rede-metropolitana\/\" target=\"_self\">\n  <area shape=\"circle\" coords=\"652,130,21\" href=\"https:\/\/www.honecable.com\/pt-pt\/product\/cabo-de-fibra-otica-soprado-encalhado-micro-cabo-para-rede-metropolitana\/\" target=\"_self\">\n  <area shape=\"circle\" coords=\"853,306,20\" href=\"https:\/\/www.honecable.com\/pt-pt\/product\/cabo-de-fibra-otica-adss-ate-800-m-de-extensao-instalacao-aerea\/\" target=\"_self\">\n  <area shape=\"rect\" coords=\"359,814,571,942\" href=\"https:\/\/www.honecable.com\/pt-pt\/product\/cabo-de-fibra-otica-adss-ate-800-m-de-extensao-instalacao-aerea\/\" target=\"_self\">\n  <area shape=\"rect\" coords=\"932,816,1158,942\" href=\"https:\/\/www.honecable.com\/pt-pt\/product\/cabo-de-queda-de-fibra-frp-membro-auto-suporte-cabo-otico\/\" target=\"_self\">\n  <area shape=\"circle\" coords=\"542,362,22\" href=\"https:\/\/www.honecable.com\/pt-pt\/product\/cabo-de-queda-de-fibra-frp-membro-auto-suporte-cabo-otico\/\" target=\"_self\">\n  <area shape=\"circle\" coords=\"490,118,24\" href=\"https:\/\/www.honecable.com\/pt-pt\/product\/cabo-de-fuga-de-fibra-indoor-multi-core-micro-cabo-otico\/\" target=\"_self\">\n  <area shape=\"rect\" coords=\"664,678,880,800\" href=\"https:\/\/www.honecable.com\/pt-pt\/product\/cabo-de-fuga-de-fibra-indoor-multi-core-micro-cabo-otico\/\" target=\"_self\">\n  <area shape=\"rect\" coords=\"664,821,882,946\" href=\"https:\/\/www.honecable.com\/pt-pt\/product\/cabo-de-fibra-otica-aerea-unitube-nao-blindado-figura-8-cabo\/\" target=\"_self\">\n  <area shape=\"circle\" coords=\"685,296,23\" href=\"https:\/\/www.honecable.com\/pt-pt\/product\/cabo-de-fibra-otica-aerea-unitube-nao-blindado-figura-8-cabo\/\" target=\"_self\">\n<\/map>\n\n<\/html>\n<\/div><\/div><\/div><\/div><div class=\"fusion-fullwidth fullwidth-box fusion-builder-row-5 fusion-flex-container nonhundred-percent-fullwidth non-hundred-percent-height-scrolling\" style=\"--awb-border-radius-top-left:0px;--awb-border-radius-top-right:0px;--awb-border-radius-bottom-right:0px;--awb-border-radius-bottom-left:0px;--awb-flex-wrap:wrap;\" ><div class=\"fusion-builder-row fusion-row fusion-flex-align-items-flex-start fusion-flex-content-wrap\" style=\"max-width:1300px;margin-left: calc(-4% \/ 2 );margin-right: calc(-4% \/ 2 );\"><div class=\"fusion-layout-column fusion_builder_column fusion-builder-column-6 fusion_builder_column_1_1 1_1 fusion-flex-column\" style=\"--awb-bg-size:cover;--awb-width-large:100%;--awb-margin-top-large:0px;--awb-spacing-right-large:1.92%;--awb-margin-bottom-large:20px;--awb-spacing-left-large:1.92%;--awb-width-medium:100%;--awb-order-medium:0;--awb-spacing-right-medium:1.92%;--awb-spacing-left-medium:1.92%;--awb-width-small:100%;--awb-order-small:0;--awb-spacing-right-small:1.92%;--awb-spacing-left-small:1.92%;\"><div class=\"fusion-column-wrapper fusion-column-has-shadow fusion-flex-justify-content-flex-start fusion-content-layout-column\"><div class=\"fusion-text fusion-text-5\"><h4 style=\"font-size: 28px; text-align: left;\" data-fusion-font=\"true\">Mais Solu\u00e7\u00f5es<\/h4>\n<\/div><\/div><\/div><\/div><\/div><div class=\"fusion-fullwidth fullwidth-box fusion-builder-row-6 fusion-flex-container nonhundred-percent-fullwidth non-hundred-percent-height-scrolling\" style=\"--awb-border-radius-top-left:0px;--awb-border-radius-top-right:0px;--awb-border-radius-bottom-right:0px;--awb-border-radius-bottom-left:0px;--awb-flex-wrap:wrap;\" ><div class=\"fusion-builder-row fusion-row fusion-flex-align-items-flex-start fusion-flex-content-wrap\" style=\"max-width:1300px;margin-left: calc(-4% \/ 2 );margin-right: calc(-4% \/ 2 );\"><div class=\"fusion-layout-column fusion_builder_column fusion-builder-column-7 fusion_builder_column_1_4 1_4 fusion-flex-column fusion-column-inner-bg-wrapper\" style=\"--awb-overflow:hidden;--awb-inner-bg-size:cover;--awb-border-radius:10px 10px 10px 10px;--awb-inner-bg-border-radius:10px 10px 10px 10px;--awb-inner-bg-overflow:hidden;--awb-width-large:25%;--awb-margin-top-large:0px;--awb-spacing-right-large:7.68%;--awb-margin-bottom-large:20px;--awb-spacing-left-large:7.68%;--awb-width-medium:25%;--awb-order-medium:0;--awb-spacing-right-medium:7.68%;--awb-spacing-left-medium:7.68%;--awb-width-small:100%;--awb-order-small:0;--awb-spacing-right-small:1.92%;--awb-spacing-left-small:1.92%;\"><span class=\"fusion-column-inner-bg hover-type-zoomin\"><a class=\"fusion-column-anchor\" href=\"http:\/\/honecable.com\/solutions\/\" target=\"_blank\" rel=\"noopener\"><span class=\"fusion-column-inner-bg-image\"><\/span><\/a><\/span><div class=\"fusion-column-wrapper fusion-column-has-shadow fusion-flex-justify-content-flex-start fusion-content-layout-column\"><div class=\"fusion-image-element \" style=\"--awb-liftup-border-radius:0px;--awb-caption-title-font-family:var(--h2_typography-font-family);--awb-caption-title-font-weight:var(--h2_typography-font-weight);--awb-caption-title-font-style:var(--h2_typography-font-style);--awb-caption-title-size:var(--h2_typography-font-size);--awb-caption-title-transform:var(--h2_typography-text-transform);--awb-caption-title-line-height:var(--h2_typography-line-height);--awb-caption-title-letter-spacing:var(--h2_typography-letter-spacing);\"><div class=\"awb-image-frame awb-image-frame-2 imageframe-liftup\"><span class=\" fusion-imageframe imageframe-none imageframe-2\"><img decoding=\"async\" width=\"287\" height=\"206\" alt=\"hoc fiber optical solution reference\" title=\"solution reference\" src=\"http:\/\/honecable.com\/wp-content\/uploads\/2021\/04\/solution-reference.jpg\" class=\"img-responsive wp-image-3565\" srcset=\"https:\/\/www.honecable.com\/wp-content\/uploads\/2021\/04\/solution-reference-200x144.jpg 200w, https:\/\/www.honecable.com\/wp-content\/uploads\/2021\/04\/solution-reference.jpg 287w\" sizes=\"(max-width: 640px) 100vw, 287px\" \/><\/span><\/div><\/div><\/div><\/div><div class=\"fusion-layout-column fusion_builder_column fusion-builder-column-8 fusion_builder_column_1_4 1_4 fusion-flex-column fusion-column-inner-bg-wrapper\" style=\"--awb-overflow:hidden;--awb-inner-bg-size:cover;--awb-border-radius:10px 10px 10px 10px;--awb-inner-bg-border-radius:10px 10px 10px 10px;--awb-inner-bg-overflow:hidden;--awb-width-large:25%;--awb-margin-top-large:0px;--awb-spacing-right-large:7.68%;--awb-margin-bottom-large:20px;--awb-spacing-left-large:7.68%;--awb-width-medium:25%;--awb-order-medium:0;--awb-spacing-right-medium:7.68%;--awb-spacing-left-medium:7.68%;--awb-width-small:100%;--awb-order-small:0;--awb-spacing-right-small:1.92%;--awb-spacing-left-small:1.92%;\"><span class=\"fusion-column-inner-bg hover-type-none\"><a class=\"fusion-column-anchor\" href=\"http:\/\/honecable.com\/inquiry\/\" target=\"_blank\" rel=\"noopener\"><span class=\"fusion-column-inner-bg-image\"><\/span><\/a><\/span><div class=\"fusion-column-wrapper fusion-column-has-shadow fusion-flex-justify-content-flex-start fusion-content-layout-column\"><div class=\"fusion-image-element \" style=\"--awb-liftup-border-radius:0px;--awb-caption-title-font-family:var(--h2_typography-font-family);--awb-caption-title-font-weight:var(--h2_typography-font-weight);--awb-caption-title-font-style:var(--h2_typography-font-style);--awb-caption-title-size:var(--h2_typography-font-size);--awb-caption-title-transform:var(--h2_typography-text-transform);--awb-caption-title-line-height:var(--h2_typography-line-height);--awb-caption-title-letter-spacing:var(--h2_typography-letter-spacing);\"><div class=\"awb-image-frame awb-image-frame-3 imageframe-liftup\"><span class=\" fusion-imageframe imageframe-none imageframe-3\"><img decoding=\"async\" width=\"287\" height=\"206\" alt=\"HOC online service hone optical communications\" title=\"online service-2\" src=\"http:\/\/honecable.com\/wp-content\/uploads\/2021\/04\/online-service-2.jpg\" class=\"img-responsive wp-image-3557\" srcset=\"https:\/\/www.honecable.com\/wp-content\/uploads\/2021\/04\/online-service-2-200x144.jpg 200w, https:\/\/www.honecable.com\/wp-content\/uploads\/2021\/04\/online-service-2.jpg 287w\" sizes=\"(max-width: 640px) 100vw, 287px\" \/><\/span><\/div><\/div><\/div><\/div><div class=\"fusion-layout-column fusion_builder_column fusion-builder-column-9 fusion_builder_column_1_4 1_4 fusion-flex-column\" style=\"--awb-bg-size:cover;--awb-width-large:25%;--awb-margin-top-large:0px;--awb-spacing-right-large:7.68%;--awb-margin-bottom-large:20px;--awb-spacing-left-large:7.68%;--awb-width-medium:25%;--awb-order-medium:0;--awb-spacing-right-medium:7.68%;--awb-spacing-left-medium:7.68%;--awb-width-small:100%;--awb-order-small:0;--awb-spacing-right-small:1.92%;--awb-spacing-left-small:1.92%;\"><div class=\"fusion-column-wrapper fusion-column-has-shadow fusion-flex-justify-content-flex-start fusion-content-layout-column\"><\/div><\/div><div class=\"fusion-layout-column fusion_builder_column fusion-builder-column-10 fusion_builder_column_1_4 1_4 fusion-flex-column\" style=\"--awb-bg-size:cover;--awb-width-large:25%;--awb-margin-top-large:0px;--awb-spacing-right-large:7.68%;--awb-margin-bottom-large:20px;--awb-spacing-left-large:7.68%;--awb-width-medium:25%;--awb-order-medium:0;--awb-spacing-right-medium:7.68%;--awb-spacing-left-medium:7.68%;--awb-width-small:100%;--awb-order-small:0;--awb-spacing-right-small:1.92%;--awb-spacing-left-small:1.92%;\"><div class=\"fusion-column-wrapper fusion-column-has-shadow fusion-flex-justify-content-flex-start fusion-content-layout-column\"><\/div><\/div><\/div><\/div><\/p>\n","protected":false},"excerpt":{"rendered":"","protected":false},"author":1,"featured_media":0,"parent":12940,"menu_order":1,"comment_status":"closed","ping_status":"closed","template":"","meta":{"_seopress_robots_primary_cat":"","_seopress_titles_title":"","_seopress_titles_desc":"","_seopress_robots_index":"","footnotes":"","_vp_format_video_url":"","_vp_image_focal_point":[]},"_links":{"self":[{"href":"https:\/\/www.honecable.com\/pt-pt\/wp-json\/wp\/v2\/pages\/12943"}],"collection":[{"href":"https:\/\/www.honecable.com\/pt-pt\/wp-json\/wp\/v2\/pages"}],"about":[{"href":"https:\/\/www.honecable.com\/pt-pt\/wp-json\/wp\/v2\/types\/page"}],"author":[{"embeddable":true,"href":"https:\/\/www.honecable.com\/pt-pt\/wp-json\/wp\/v2\/users\/1"}],"replies":[{"embeddable":true,"href":"https:\/\/www.honecable.com\/pt-pt\/wp-json\/wp\/v2\/comments?post=12943"}],"version-history":[{"count":0,"href":"https:\/\/www.honecable.com\/pt-pt\/wp-json\/wp\/v2\/pages\/12943\/revisions"}],"up":[{"embeddable":true,"href":"https:\/\/www.honecable.com\/pt-pt\/wp-json\/wp\/v2\/pages\/12940"}],"wp:attachment":[{"href":"https:\/\/www.honecable.com\/pt-pt\/wp-json\/wp\/v2\/media?parent=12943"}],"curies":[{"name":"wp","href":"https:\/\/api.w.org\/{rel}","templated":true}]}}