{"id":12952,"date":"2021-10-11T17:00:18","date_gmt":"2021-10-11T09:00:18","guid":{"rendered":"http:\/\/honecable.com\/mapa-do-site\/"},"modified":"2021-10-11T17:12:27","modified_gmt":"2021-10-11T09:12:27","slug":"mapa-do-site","status":"publish","type":"page","link":"https:\/\/www.honecable.com\/pt-pt\/mapa-do-site\/","title":{"rendered":"Mapa do site"},"content":{"rendered":"<p><div class=\"fusion-fullwidth fullwidth-box fusion-builder-row-1 fusion-flex-container nonhundred-percent-fullwidth non-hundred-percent-height-scrolling\" style=\"--link_hover_color: #1e73be;--link_color: #2b54a9;--awb-border-radius-top-left:0px;--awb-border-radius-top-right:0px;--awb-border-radius-bottom-right:0px;--awb-border-radius-bottom-left:0px;--awb-padding-right:140px;--awb-padding-left:40px;--awb-padding-left-medium:0px;--awb-padding-right-small:0px;--awb-padding-left-small:0px;--awb-flex-wrap:wrap;\" ><div class=\"fusion-builder-row fusion-row fusion-flex-align-items-flex-start fusion-flex-content-wrap\" style=\"max-width:1300px;margin-left: calc(-4% \/ 2 );margin-right: calc(-4% \/ 2 );\"><div class=\"fusion-layout-column fusion_builder_column fusion-builder-column-0 fusion_builder_column_1_1 1_1 fusion-flex-column\" style=\"--awb-bg-size:cover;--awb-width-large:100%;--awb-margin-top-large:0px;--awb-spacing-right-large:1.92%;--awb-margin-bottom-large:20px;--awb-spacing-left-large:1.92%;--awb-width-medium:100%;--awb-order-medium:0;--awb-spacing-right-medium:1.92%;--awb-spacing-left-medium:1.92%;--awb-width-small:100%;--awb-order-small:0;--awb-spacing-right-small:1.92%;--awb-spacing-left-small:0%;\"><div class=\"fusion-column-wrapper fusion-column-has-shadow fusion-flex-justify-content-flex-start fusion-content-layout-column\"><div class=\"fusion-text fusion-text-1\"><h4 data-fontsize=\"28\" data-lineheight=\"38.08px\" class=\"fusion-responsive-typography-calculated\" style=\"--fontsize: 28; line-height: 1.36; --minfontsize: 28;\"><strong><a href=\"http:\/\/honecable.com\/products\/\" style=\"color: rgb(0, 0, 0); font-size: 34px;\" data-fusion-font=\"true\" target=\"_blank\" rel=\"noopener\">Bens<\/a><\/strong><\/h4>\n<\/div><\/div><\/div><div class=\"fusion-layout-column fusion_builder_column fusion-builder-column-1 fusion_builder_column_1_3 1_3 fusion-flex-column\" style=\"--awb-bg-size:cover;--awb-width-large:33.333333333333%;--awb-margin-top-large:0px;--awb-spacing-right-large:5.76%;--awb-margin-bottom-large:20px;--awb-spacing-left-large:5.76%;--awb-width-medium:100%;--awb-order-medium:0;--awb-spacing-right-medium:1.92%;--awb-spacing-left-medium:1.92%;--awb-width-small:100%;--awb-order-small:0;--awb-spacing-right-small:1.92%;--awb-spacing-left-small:0%;\"><div class=\"fusion-column-wrapper fusion-column-has-shadow fusion-flex-justify-content-flex-start fusion-content-layout-column\"><div class=\"fusion-text fusion-text-2\" style=\"--awb-font-size:18px;--awb-line-height:0.8;\"><p><a href=\"http:\/\/honecable.com\/products\/outdoor-fiber-optic-cable\/\" target=\"_blank\" rel=\"noopener\"><strong data-fusion-font=\"true\" style=\"font-size: 18px; line-height: 20px; color: rgb(0, 0, 0);\">Cabo de fibra \u00f3tica exterior<\/strong><\/a><\/p>\n<\/div><div class=\"fusion-text fusion-text-3\" style=\"--awb-font-size:18px;--awb-line-height:0.8;\"><p><a href=\"http:\/\/honecable.com\/pt-pt\/produtos\/cabo-de-fibra-optica-ao-ar-livre\/cabo-de-fibra-optica-blindado\/\" target=\"_blank\" rel=\"noopener\"><span style=\"font-size: 17px; color: #2b54a9; background-color: rgba(255, 255, 255, 0); font-family: var(--body_typography-font-family); font-style: var(--body_typography-font-style,normal); font-weight: var(--body_typography-font-weight); letter-spacing: var(--body_typography-letter-spacing);\" data-fusion-font=\"true\">Capa de fibra \u00f3tica blindada<\/span><\/a><\/p>\n<p><a href=\"http:\/\/honecable.com\/pt-pt\/produtos\/cabo-de-fibra-optica-ao-ar-livre\/cabo-de-fibra-optica-de-enterro-direto\/\" target=\"_blank\" rel=\"noopener\"><span style=\"color: #000000;\"><span style=\"font-size: 17px; color: #2b54a9;\" data-fusion-font=\"true\">Cabo \u00f3tico de fibra de enterro direto<\/span><\/span><\/a><\/p>\n<p><a href=\"http:\/\/honecable.com\/pt-pt\/produtos\/cabo-de-fibra-optica-ao-ar-livre\/cabo-de-fibra-otica-aerea\/\" target=\"_blank\" rel=\"noopener\"><span style=\"color: #000000;\"><span style=\"font-size: 17px; color: #2b54a9;\" data-fusion-font=\"true\">Cabo de fibra \u00f3tica a\u00e9rea<\/span><\/span><\/a><\/p>\n<p><a href=\"http:\/\/honecable.com\/pt-pt\/produtos\/cabo-de-fibra-optica-ao-ar-livre\/figura-8-cabo-de-fibra-otica\/\" target=\"_blank\" rel=\"noopener\"><span style=\"color: #000000;\"><span style=\"font-size: 17px; color: #2b54a9;\" data-fusion-font=\"true\">Figura 8 Cabo de fibra \u00f3tica<\/span><\/span><\/a><\/p>\n<p><a href=\"http:\/\/honecable.com\/pt-pt\/produtos\/cabo-de-fibra-optica-ao-ar-livre\/cabo-de-fibra-otica-para-duto\/\" target=\"_blank\" rel=\"noopener\"><span style=\"color: #000000;\"><span style=\"font-size: 17px; color: #2b54a9;\" data-fusion-font=\"true\">Cabo de fibra \u00f3tica para conduta<\/span><\/span><\/a><\/p>\n<\/div><\/div><\/div><div class=\"fusion-layout-column fusion_builder_column fusion-builder-column-2 fusion_builder_column_1_3 1_3 fusion-flex-column\" style=\"--awb-bg-size:cover;--awb-width-large:33.333333333333%;--awb-margin-top-large:0px;--awb-spacing-right-large:5.76%;--awb-margin-bottom-large:20px;--awb-spacing-left-large:5.76%;--awb-width-medium:100%;--awb-order-medium:0;--awb-spacing-right-medium:1.92%;--awb-spacing-left-medium:1.92%;--awb-width-small:100%;--awb-order-small:0;--awb-spacing-right-small:1.92%;--awb-spacing-left-small:0%;\"><div class=\"fusion-column-wrapper fusion-column-has-shadow fusion-flex-justify-content-flex-start fusion-content-layout-column\"><div class=\"fusion-text fusion-text-4\" style=\"--awb-line-height:0.8;\"><p><a href=\"http:\/\/honecable.com\/products\/indoor-fiber-optic-cable\/\" target=\"_blank\" rel=\"noopener\"><strong data-fusion-font=\"true\" style=\"font-size: 18px; line-height: 20px; color: rgb(0, 0, 0);\">Cabo de fibra \u00f3tica para ambientes interiores<\/strong><\/a><\/p>\n<p><a href=\"http:\/\/honecable.com\/products\/indoor-fiber-optic-cable\/ftth-cable\/\" style=\"color: rgb(43, 84, 169); font-size: 17px;\" data-fusion-font=\"true\" target=\"_blank\" rel=\"noopener\">Cabo FTTH<\/a><\/p>\n<p><a href=\"http:\/\/honecable.com\/products\/indoor-fiber-optic-cable\/ftth-drop-cable\/\" style=\"color: rgb(43, 84, 169); font-size: 17px;\" data-fusion-font=\"true\" target=\"_blank\" rel=\"noopener\">Cabo FTTH Drop<\/a><\/p>\n<p><a href=\"http:\/\/honecable.com\/products\/indoor-fiber-optic-cable\/ribbon-fiber-cable\/\" style=\"color: rgb(43, 84, 169); font-size: 17px;\" data-fusion-font=\"true\" target=\"_blank\" rel=\"noopener\">Cabo de fibra de fita<\/a><\/p>\n<p><a href=\"http:\/\/honecable.com\/products\/indoor-fiber-optic-cable\/duplex-fiber-optic-cable\/\" style=\"color: rgb(43, 84, 169); font-size: 17px;\" data-fusion-font=\"true\" target=\"_blank\" rel=\"noopener\">Cabo \u00f3tico de fibra duplex<\/a><\/p>\n<p><a href=\"http:\/\/honecable.com\/products\/indoor-fiber-optic-cable\/breakout-fiber-cable\/\" style=\"color: rgb(43, 84, 169); font-size: 17px;\" data-fusion-font=\"true\" target=\"_blank\" rel=\"noopener\">Capa de fibra de fuga<\/a><\/p>\n<p><a href=\"http:\/\/honecable.com\/products\/indoor-fiber-optic-cable\/simplex-fiber-optic-cable\/\" style=\"color: rgb(43, 84, 169); font-size: 17px;\" data-fusion-font=\"true\" target=\"_blank\" rel=\"noopener\">Cabo de fibra \u00f3tica simples<\/a><\/p>\n<p><a href=\"http:\/\/honecable.com\/products\/indoor-fiber-optic-cable\/flat-fiber-optic-cable\/\" style=\"color: rgb(43, 84, 169); font-size: 17px;\" data-fusion-font=\"true\" target=\"_blank\" rel=\"noopener\">Cabo \u00f3tico de fibra plana<\/a><\/p>\n<\/div><\/div><\/div><div class=\"fusion-layout-column fusion_builder_column fusion-builder-column-3 fusion_builder_column_1_3 1_3 fusion-flex-column\" style=\"--awb-bg-size:cover;--awb-width-large:33.333333333333%;--awb-margin-top-large:0px;--awb-spacing-right-large:5.76%;--awb-margin-bottom-large:20px;--awb-spacing-left-large:5.76%;--awb-width-medium:100%;--awb-order-medium:0;--awb-spacing-right-medium:1.92%;--awb-spacing-left-medium:1.92%;--awb-width-small:100%;--awb-order-small:0;--awb-spacing-right-small:1.92%;--awb-spacing-left-small:0%;\"><div class=\"fusion-column-wrapper fusion-column-has-shadow fusion-flex-justify-content-flex-start fusion-content-layout-column\"><div class=\"fusion-text fusion-text-5\" style=\"--awb-line-height:0.8;\"><p><a href=\"http:\/\/honecable.com\/products\/special-fiber-optic-cable\/\" target=\"_blank\" rel=\"noopener\"><strong data-fusion-font=\"true\" style=\"font-size: 18px; line-height: 20px; color: rgb(0, 0, 0);\">Cabo de fibra \u00f3tica especial<\/strong><\/a><\/p>\n<p><a href=\"http:\/\/honecable.com\/products\/special-fiber-optic-cable\/undersea-fiber-optic-cable\/\" style=\"color: rgb(43, 84, 169); font-size: 17px;\" data-fusion-font=\"true\" target=\"_blank\" rel=\"noopener\">Capa \u00f3tica de fibra submarina<\/a><\/p>\n<p><a href=\"http:\/\/honecable.com\/products\/special-fiber-optic-cable\/submarine-fiber-optic-cable\/\" style=\"color: rgb(43, 84, 169); font-size: 17px;\" data-fusion-font=\"true\" target=\"_blank\" rel=\"noopener\">Capa \u00f3tica de fibra submarina<\/a><\/p>\n<p><a href=\"http:\/\/honecable.com\/products\/special-fiber-optic-cable\/air-blown-fiber\/\" style=\"color: rgb(43, 84, 169); font-size: 17px;\" data-fusion-font=\"true\" target=\"_blank\" rel=\"noopener\">Fibra soprada pelo ar<\/a><\/p>\n<p><a href=\"http:\/\/honecable.com\/products\/special-fiber-optic-cable\/underwater-fiber-optic-cable\/\" style=\"color: rgb(43, 84, 169); font-size: 17px;\" data-fusion-font=\"true\" target=\"_blank\" rel=\"noopener\">Cabo de fibra \u00f3tica subaqu\u00e1tica<\/a><\/p>\n<p><a href=\"http:\/\/honecable.com\/products\/special-fiber-optic-cable\/hybrid-cable\/\" style=\"color: rgb(43, 84, 169); font-size: 17px;\" data-fusion-font=\"true\" target=\"_blank\" rel=\"noopener\">Cabo H\u00edbrido<\/a><\/p>\n<p><a href=\"http:\/\/honecable.com\/products\/special-fiber-optic-cable\/buried-fiber-optic-cable\/\" style=\"color: rgb(43, 84, 169); font-size: 17px;\" data-fusion-font=\"true\" target=\"_blank\" rel=\"noopener\">Cabo \u00f3tico de fibra enterrada<\/a><\/p>\n<p><a href=\"http:\/\/honecable.com\/products\/special-fiber-optic-cable\/tactical-fiber-optic-cable\/\" style=\"color: rgb(43, 84, 169); font-size: 17px;\" data-fusion-font=\"true\" target=\"_blank\" rel=\"noopener\">Cabo \u00f3tico de fibra t\u00e1tica<\/a><\/p>\n<p><a href=\"http:\/\/honecable.com\/products\/special-fiber-optic-cable\/mining-fiber-cable\/\" style=\"color: rgb(43, 84, 169); font-size: 17px;\" data-fusion-font=\"true\" target=\"_blank\" rel=\"noopener\">Cabo \u00f3tico de fibra de minera\u00e7\u00e3o<\/a><\/p>\n<p><a href=\"http:\/\/honecable.com\/products\/special-fiber-optic-cable\/protective-cable\/\" style=\"color: rgb(43, 84, 169); font-size: 17px;\" data-fusion-font=\"true\" target=\"_blank\" rel=\"noopener\">Cabo de prote\u00e7\u00e3o<\/a><\/p>\n<\/div><\/div><\/div><div class=\"fusion-layout-column fusion_builder_column fusion-builder-column-4 fusion_builder_column_1_3 1_3 fusion-flex-column\" style=\"--awb-bg-size:cover;--awb-width-large:33.333333333333%;--awb-margin-top-large:0px;--awb-spacing-right-large:5.76%;--awb-margin-bottom-large:20px;--awb-spacing-left-large:5.76%;--awb-width-medium:100%;--awb-order-medium:0;--awb-spacing-right-medium:1.92%;--awb-spacing-left-medium:1.92%;--awb-width-small:100%;--awb-order-small:0;--awb-spacing-right-small:1.92%;--awb-spacing-left-small:0%;\"><div class=\"fusion-column-wrapper fusion-column-has-shadow fusion-flex-justify-content-flex-start fusion-content-layout-column\"><div class=\"fusion-text fusion-text-6\" style=\"--awb-line-height:0.8;\"><p><a href=\"http:\/\/honecable.com\/products\/power-line-fiber-optic-cable\/\" target=\"_blank\" rel=\"noopener\"><strong data-fusion-font=\"true\" style=\"font-size: 18px; line-height: 20px; color: rgb(0, 0, 0);\">Cabo \u00f3tico de fibra de rede de energia<\/strong><\/a><\/p>\n<p><a href=\"http:\/\/honecable.com\/products\/power-line-fiber-optic-cable\/opgw-cable\/\" style=\"color: rgb(43, 84, 169); font-size: 17px;\" data-fusion-font=\"true\" target=\"_blank\" rel=\"noopener\">Cabo OPGW<\/a><\/p>\n<p><a href=\"http:\/\/honecable.com\/products\/power-line-fiber-optic-cable\/adss-cable\/\" style=\"color: rgb(43, 84, 169); font-size: 17px;\" data-fusion-font=\"true\" target=\"_blank\" rel=\"noopener\">Cabo ADSS<\/a><\/p>\n<p><a href=\"http:\/\/honecable.com\/products\/power-line-fiber-optic-cable\/cable-fittings\/\" style=\"color: rgb(43, 84, 169); font-size: 17px;\" data-fusion-font=\"true\" target=\"_blank\" rel=\"noopener\">Acess\u00f3rios para cabos<\/a><\/p>\n<\/div><\/div><\/div><div class=\"fusion-layout-column fusion_builder_column fusion-builder-column-5 fusion_builder_column_1_3 1_3 fusion-flex-column\" style=\"--awb-bg-size:cover;--awb-width-large:33.333333333333%;--awb-margin-top-large:0px;--awb-spacing-right-large:5.76%;--awb-margin-bottom-large:20px;--awb-spacing-left-large:5.76%;--awb-width-medium:100%;--awb-order-medium:0;--awb-spacing-right-medium:1.92%;--awb-spacing-left-medium:1.92%;--awb-width-small:100%;--awb-order-small:0;--awb-spacing-right-small:1.92%;--awb-spacing-left-small:0%;\"><div class=\"fusion-column-wrapper fusion-column-has-shadow fusion-flex-justify-content-flex-start fusion-content-layout-column\"><div class=\"fusion-text fusion-text-7\" style=\"--awb-line-height:0.8;\"><p><a href=\"http:\/\/honecable.com\/products\/fttx-solutions\/\" target=\"_blank\" rel=\"noopener\"><strong style=\"font-size: 18px; line-height: 20px; color: #000000;\" data-fusion-font=\"true\">Solu\u00e7\u00f5es FTTx<\/strong><\/a><\/p>\n<p><a href=\"http:\/\/honecable.com\/pt-pt\/produtos\/solucoes-fttx\/odf\/\" target=\"_blank\" rel=\"noopener\"><span style=\"color: #000000;\"><span style=\"font-size: 17px; color: #2b54a9;\" data-fusion-font=\"true\">ODF<\/span><\/span><\/a><\/p>\n<p><a href=\"http:\/\/honecable.com\/pt-pt\/produtos\/solucoes-fttx\/divisor-otico\/\" target=\"_blank\" rel=\"noopener\"><span style=\"color: #000000;\"><span style=\"font-size: 17px; color: #2b54a9;\" data-fusion-font=\"true\">Separador \u00f3tico<\/span><\/span><\/a><\/p>\n<p><a href=\"http:\/\/honecable.com\/pt-pt\/produtos\/solucoes-fttx\/cabo-de-patch-de-fibra\/\" target=\"_blank\" rel=\"noopener\"><span style=\"color: #000000;\"><span style=\"font-size: 17px; color: #2b54a9;\" data-fusion-font=\"true\">Cabo de patch de fibra<\/span><\/span><\/a><\/p>\n<p><a href=\"http:\/\/honecable.com\/pt-pt\/produtos\/solucoes-fttx\/painel-de-patch-de-fibra-otica\/\" target=\"_blank\" rel=\"noopener\"><span style=\"color: #000000;\"><span style=\"font-size: 17px; color: #2b54a9;\" data-fusion-font=\"true\">Painel de patch de fibra \u00f3tica<\/span><\/span><\/a><\/p>\n<p><a href=\"http:\/\/honecable.com\/pt-pt\/produtos\/solucoes-fttx\/caixa-de-terminacao-de-fibra\/\" target=\"_blank\" rel=\"noopener\"><span style=\"color: #000000;\"><span style=\"font-size: 17px; color: #2b54a9;\" data-fusion-font=\"true\">Caixa de Termina\u00e7\u00e3o de Fibras<\/span><\/span><\/a><\/p>\n<p><a href=\"http:\/\/honecable.com\/pt-pt\/produtos\/solucoes-fttx\/armario-de-fibra\/\" target=\"_blank\" rel=\"noopener\"><span style=\"color: #000000;\"><span style=\"font-size: 17px; color: #2b54a9;\" data-fusion-font=\"true\">Arm\u00e1rio de Fibra<\/span><\/span><\/a><\/p>\n<p><a href=\"http:\/\/honecable.com\/pt-pt\/produtos\/solucoes-fttx\/cabo-de-gota-de-fibra\/\" target=\"_blank\" rel=\"noopener\"><span style=\"color: #000000;\"><span style=\"font-size: 17px; color: #2b54a9;\" data-fusion-font=\"true\">Cabo de gota de fibra<\/span><\/span><\/a><\/p>\n<p><a href=\"http:\/\/honecable.com\/pt-pt\/produtos\/solucoes-fttx\/fechamento-de-emenda\/\" target=\"_blank\" rel=\"noopener\"><span style=\"color: #000000;\"><span style=\"font-size: 17px; color: #2b54a9;\" data-fusion-font=\"true\">Fecho do emenda<\/span><\/span><\/a><\/p>\n<p><a href=\"http:\/\/honecable.com\/pt-pt\/produtos\/solucoes-fttx\/equipamentos-e-ferramentas\/\" target=\"_blank\" rel=\"noopener\"><span style=\"color: #000000;\"><span style=\"font-size: 17px; color: #2b54a9;\" data-fusion-font=\"true\">Equipamentos e Ferramentas<\/span><\/span><\/a><\/p>\n<\/div><\/div><\/div><\/div><\/div><div class=\"fusion-fullwidth fullwidth-box fusion-builder-row-2 fusion-flex-container nonhundred-percent-fullwidth non-hundred-percent-height-scrolling\" style=\"--awb-border-radius-top-left:0px;--awb-border-radius-top-right:0px;--awb-border-radius-bottom-right:0px;--awb-border-radius-bottom-left:0px;--awb-padding-top:20px;--awb-padding-right:40px;--awb-padding-bottom:40px;--awb-padding-left:40px;--awb-padding-left-medium:0px;--awb-flex-wrap:wrap;\" ><div class=\"fusion-builder-row fusion-row fusion-flex-align-items-flex-start fusion-flex-content-wrap\" style=\"max-width:1300px;margin-left: calc(-4% \/ 2 );margin-right: calc(-4% \/ 2 );\"><div class=\"fusion-layout-column fusion_builder_column fusion-builder-column-6 fusion_builder_column_1_1 1_1 fusion-flex-column\" style=\"--awb-padding-left-small:0px;--awb-bg-size:cover;--awb-width-large:100%;--awb-margin-top-large:0px;--awb-spacing-right-large:1.92%;--awb-margin-bottom-large:20px;--awb-spacing-left-large:1.92%;--awb-width-medium:100%;--awb-order-medium:0;--awb-spacing-right-medium:1.92%;--awb-spacing-left-medium:1.92%;--awb-width-small:100%;--awb-order-small:0;--awb-spacing-right-small:1.92%;--awb-spacing-left-small:0;\"><div class=\"fusion-column-wrapper fusion-column-has-shadow fusion-flex-justify-content-flex-start fusion-content-layout-column\"><div class=\"fusion-separator fusion-full-width-sep\" style=\"align-self: center;margin-left: auto;margin-right: auto;width:100%;\"><div class=\"fusion-separator-border sep-single sep-solid\" style=\"--awb-height:20px;--awb-amount:20px;border-color:#e2e2e2;border-top-width:1px;\"><\/div><\/div><\/div><\/div><\/div><\/div><div class=\"fusion-fullwidth fullwidth-box fusion-builder-row-3 fusion-flex-container nonhundred-percent-fullwidth non-hundred-percent-height-scrolling\" style=\"--link_hover_color: #1e73be;--awb-border-radius-top-left:0px;--awb-border-radius-top-right:0px;--awb-border-radius-bottom-right:0px;--awb-border-radius-bottom-left:0px;--awb-padding-right:140px;--awb-padding-left:40px;--awb-padding-left-medium:0px;--awb-padding-right-small:0px;--awb-padding-left-small:0px;--awb-flex-wrap:wrap;\" ><div class=\"fusion-builder-row fusion-row fusion-flex-align-items-flex-start fusion-flex-content-wrap\" style=\"max-width:1300px;margin-left: calc(-4% \/ 2 );margin-right: calc(-4% \/ 2 );\"><div class=\"fusion-layout-column fusion_builder_column fusion-builder-column-7 fusion_builder_column_1_3 1_3 fusion-flex-column\" style=\"--awb-bg-size:cover;--awb-width-large:33.333333333333%;--awb-margin-top-large:0px;--awb-spacing-right-large:5.76%;--awb-margin-bottom-large:20px;--awb-spacing-left-large:5.76%;--awb-width-medium:100%;--awb-order-medium:0;--awb-spacing-right-medium:1.92%;--awb-spacing-left-medium:1.92%;--awb-width-small:100%;--awb-order-small:0;--awb-spacing-right-small:1.92%;--awb-spacing-left-small:0%;\"><div class=\"fusion-column-wrapper fusion-column-has-shadow fusion-flex-justify-content-flex-start fusion-content-layout-column\"><div class=\"fusion-text fusion-text-8\" style=\"--awb-line-height:0.8;\"><p><a href=\"http:\/\/honecable.com\/pt-pt\/solucoes\/\" target=\"_blank\" rel=\"noopener\"><span style=\"color: #000000;\"><b><span style=\"line-height: 20px;\" data-fusion-font=\"true\">Solu\u00e7\u00f5es<\/span><\/b><\/span><\/a><\/p>\n<p style=\"font-size: 17px; color: #2b54a9;\" data-fusion-font=\"true\"><a style=\"color: #2b54a9;\" href=\"http:\/\/honecable.com\/pt-pt\/solucoes\/chave-da-mao-de-mao-ftth\/\" target=\"_blank\" rel=\"noopener\">Chave da m\u00e3o-de-m\u00e3o FTTH<\/a><\/p>\n<p style=\"font-size: 17px; color: #2b54a9;\" data-fusion-font=\"true\"><a style=\"color: #2b54a9;\" href=\"http:\/\/honecable.com\/pt-pt\/solucoes\/centro-de-dados\/\" target=\"_blank\" rel=\"noopener\">Centro de Dados<\/a><\/p>\n<p style=\"font-size: 17px; color: #2b54a9;\" data-fusion-font=\"true\"><a style=\"color: #2b54a9;\" href=\"http:\/\/honecable.com\/pt-pt\/solucoes\/edificio-cbd\/\" target=\"_blank\" rel=\"noopener\">Edif\u00edcio CBD<\/a><\/p>\n<p style=\"font-size: 17px; color: #2b54a9;\" data-fusion-font=\"true\"><a style=\"color: #2b54a9;\" href=\"http:\/\/honecable.com\/pt-pt\/solucoes\/moradia-em-banda\/\" target=\"_blank\" rel=\"noopener\">Moradia em banda<\/a><\/p>\n<p style=\"font-size: 17px; color: #2b54a9;\" data-fusion-font=\"true\"><a style=\"color: #2b54a9;\" href=\"http:\/\/honecable.com\/pt-pt\/solucoes\/linha-de-energia\/\" target=\"_blank\" rel=\"noopener\">Linha de Energia<\/a><\/p>\n<\/div><\/div><\/div><div class=\"fusion-layout-column fusion_builder_column fusion-builder-column-8 fusion_builder_column_1_3 1_3 fusion-flex-column\" style=\"--awb-bg-size:cover;--awb-width-large:33.333333333333%;--awb-margin-top-large:0px;--awb-spacing-right-large:5.76%;--awb-margin-bottom-large:20px;--awb-spacing-left-large:5.76%;--awb-width-medium:100%;--awb-order-medium:0;--awb-spacing-right-medium:1.92%;--awb-spacing-left-medium:1.92%;--awb-width-small:100%;--awb-order-small:0;--awb-spacing-right-small:1.92%;--awb-spacing-left-small:0%;\"><div class=\"fusion-column-wrapper fusion-column-has-shadow fusion-flex-justify-content-flex-start fusion-content-layout-column\"><div class=\"fusion-text fusion-text-9\" style=\"--awb-line-height:0.8;\"><p><a href=\"http:\/\/honecable.com\/about-hone\/\" target=\"_blank\" rel=\"noopener\"><span style=\"color: #000000;\"><b>Sobre<\/b><\/span><\/a><\/p>\n<p style=\"font-size: 17px; color: #2b54a9;\" data-fusion-font=\"true\"><a style=\"color: #2b54a9;\" href=\"http:\/\/honecable.com\/about-hone\/\" target=\"_blank\" rel=\"noopener\">Sobre o HOC<\/a><\/p>\n<p style=\"font-size: 17px; color: #2b54a9;\" data-fusion-font=\"true\"><a style=\"color: #2b54a9;\" href=\"http:\/\/honecable.com\/about-hone\/#tab-872aaece358c4398079\" target=\"_blank\" rel=\"noopener\">Tour de f\u00e1brica<\/a><\/p>\n<p style=\"font-size: 17px; color: #2b54a9;\" data-fusion-font=\"true\">Downloads<\/p>\n<p style=\"font-size: 17px; color: #2b54a9;\" data-fusion-font=\"true\">Contacte-nos<\/p>\n<p data-fusion-font=\"true\" style=\"color: #2b54a9;\"><a href=\"http:\/\/honecable.com\/pt-pt\/\" style=\"color: rgb(43, 84, 169);\" target=\"_blank\" rel=\"noopener\">Casa<\/a><\/p>\n<\/div><\/div><\/div><div class=\"fusion-layout-column fusion_builder_column fusion-builder-column-9 fusion_builder_column_1_3 1_3 fusion-flex-column\" style=\"--awb-bg-size:cover;--awb-width-large:33.333333333333%;--awb-margin-top-large:0px;--awb-spacing-right-large:5.76%;--awb-margin-bottom-large:20px;--awb-spacing-left-large:5.76%;--awb-width-medium:100%;--awb-order-medium:0;--awb-spacing-right-medium:1.92%;--awb-spacing-left-medium:1.92%;--awb-width-small:100%;--awb-order-small:0;--awb-spacing-right-small:1.92%;--awb-spacing-left-small:0%;\"><div class=\"fusion-column-wrapper fusion-column-has-shadow fusion-flex-justify-content-flex-start fusion-content-layout-column\"><div class=\"fusion-text fusion-text-10 fusion-text-no-margin\" style=\"--awb-line-height:0.8;--awb-margin-bottom:40px;\"><p><a href=\"http:\/\/honecable.com\/pt-pt\/noticia\/\" target=\"_blank\" rel=\"noopener\"><span style=\"color: #000000;\"><b>Not\u00edcias &amp; Media<\/b><\/span><\/a><\/p>\n<p style=\"font-size: 17px; color: #2b54a9;\" data-fusion-font=\"true\"><a href=\"http:\/\/honecable.com\/pt-pt\/noticia\/\" style=\"color: #2b54a9;\" target=\"_blank\" rel=\"noopener\">Not\u00edcias<\/a><\/p>\n<p style=\"font-size: 17px; color: #2b54a9;\" data-fusion-font=\"true\">M\u00eddia Social<\/p>\n<\/div><div class=\"fusion-text fusion-text-11\" style=\"--awb-line-height:0.8;\"><p><a href=\"http:\/\/honecable.com\/pt-pt\/investigacao\/\" target=\"_blank\" rel=\"noopener\"><span style=\"color: #000000;\"><b>Inqu\u00e9rito<\/b><\/span><\/a><\/p>\n<p style=\"font-size: 17px; color: #2b54a9;\" data-fusion-font=\"true\"><a style=\"color: #2b54a9;\" href=\"http:\/\/honecable.com\/pt-pt\/investigacao\/\" target=\"_blank\" rel=\"noopener\">Obter uma cota\u00e7\u00e3o<\/a><\/p>\n<\/div><\/div><\/div><\/div><\/div><\/p>\n","protected":false},"excerpt":{"rendered":"","protected":false},"author":1,"featured_media":0,"parent":0,"menu_order":0,"comment_status":"closed","ping_status":"closed","template":"","meta":{"_seopress_robots_primary_cat":"","_seopress_titles_title":"","_seopress_titles_desc":"","_seopress_robots_index":"","footnotes":"","_vp_format_video_url":"","_vp_image_focal_point":[]},"_links":{"self":[{"href":"https:\/\/www.honecable.com\/pt-pt\/wp-json\/wp\/v2\/pages\/12952"}],"collection":[{"href":"https:\/\/www.honecable.com\/pt-pt\/wp-json\/wp\/v2\/pages"}],"about":[{"href":"https:\/\/www.honecable.com\/pt-pt\/wp-json\/wp\/v2\/types\/page"}],"author":[{"embeddable":true,"href":"https:\/\/www.honecable.com\/pt-pt\/wp-json\/wp\/v2\/users\/1"}],"replies":[{"embeddable":true,"href":"https:\/\/www.honecable.com\/pt-pt\/wp-json\/wp\/v2\/comments?post=12952"}],"version-history":[{"count":0,"href":"https:\/\/www.honecable.com\/pt-pt\/wp-json\/wp\/v2\/pages\/12952\/revisions"}],"wp:attachment":[{"href":"https:\/\/www.honecable.com\/pt-pt\/wp-json\/wp\/v2\/media?parent=12952"}],"curies":[{"name":"wp","href":"https:\/\/api.w.org\/{rel}","templated":true}]}}